{"id":11,"date":"2012-02-03T12:58:35","date_gmt":"2012-02-03T12:58:35","guid":{"rendered":"http:\/\/semmelweis-egyetem.hu\/neurologia\/?page_id=11"},"modified":"2018-09-26T13:46:52","modified_gmt":"2018-09-26T11:46:52","slug":"phd-kepzes-2","status":"publish","type":"page","link":"https:\/\/semmelweis.hu\/neurologia\/oktatas\/phd-kepzes-2\/","title":{"rendered":"PhD-k\u00e9pz\u00e9s"},"content":{"rendered":"<p style=\"text-align: justify\">A Neurol\u00f3giai Klinika a Szent\u00e1gothai J\u00e1nos Idegtudom\u00e1nyi Doktori Iskola 6. programj\u00e1nak keret\u00e9ben\u00a0Klinikai Neurol\u00f3giai kutat\u00e1sok t\u00e9m\u00e1ban folytat doktori k\u00e9pz\u00e9st.<\/p>\n<p><strong>F\u0151bb t\u00e9m\u00e1k:<\/strong><\/p>\n<ul>\n<li>A motoros p\u00e1ly\u00e1k vizsg\u00e1lata\u00a0transzkranialisan kiv\u00e1ltott motoros potenci\u00e1lok seg\u00edts\u00e9g\u00e9vel\u00a0<\/li>\n<li>Neuritis retrobulbaris \u00e9s sclerosis multiplex\u00a0kapcsolat\u00e1nak k\u00e9palkot\u00f3 \u00e9s elektrofiziol\u00f3giai vizsg\u00e1lata<\/li>\n<li>Funkcion\u00e1lis k\u00e9palkot\u00f3 vizsg\u00e1latok a neurol\u00f3giai betegs\u00e9gek\u00a0diagn\u00f3zis\u00e1ban<\/li>\n<li>Az agyk\u00e9rgi mozg\u00e1sszab\u00e1lyoz\u00e1s vizsg\u00e1lata EEG-vel \u00e9s transcranialis m\u00e1gneses ingerl\u00e9ssel<\/li>\n<li>A ritmusos mozg\u00e1stev\u00e9kenys\u00e9gek elektrofiziol\u00f3giai vizsg\u00e1lata mozg\u00e1szavarokban<\/li>\n<li>Kognit\u00edv funkci\u00f3k\u00a0vizsg\u00e1lata klinikai elektrofiziol\u00f3giai \u00e9s neuropszichol\u00f3giai m\u00f3dszerekkel<\/li>\n<li>Az EEG alfa-aktivit\u00e1s\u00e1nak elemz\u00e9se\u00a0kognit\u00edv folyamatokban \u00e9s neurol\u00f3giai betegs\u00e9gekben<\/li>\n<li>Esem\u00e9nyf\u00fcgg\u0151 v\u00e1laszok Parkinson-k\u00f3rban \u00e9s m\u00e1s\u00a0mozg\u00e1srendszeri betegs\u00e9gekben<\/li>\n<li>A vascularis idegrendszeri betegs\u00e9gek neuropatol\u00f3giai vizsg\u00e1lata<\/li>\n<li>Klinikomorfol\u00f3giai\u00a0vizsg\u00e1latok az idegrendszer degenerat\u00edv megbeteged\u00e9seiben<\/li>\n<li>Az idegrendszeri sziszt\u00e9m\u00e1s degener\u00e1ci\u00f3k\u00a0k\u00f3rsz\u00f6vettani vizsg\u00e1lata<\/li>\n<li>Leukoaraiosis klinikopatol\u00f3gi\u00e1ja<\/li>\n<li>Az EEG \u00e9s az agyi kering\u00e9sszab\u00e1lyoz\u00e1s\u00a0vizsg\u00e1lata kognit\u00edv feladatok alatt, polygraphi\u00e1s m\u00f3dszerrel<\/li>\n<li>\u00d6n\u00e1ll\u00f3 fejf\u00e1j\u00e1sok klinikum\u00e1nak \u00e9s patomechanizmus\u00e1nak\u00a0vizsg\u00e1lata<\/li>\n<li>A lacunaris agyinfarctusok jellegzetess\u00e9geinek vizsg\u00e1lata<\/li>\n<li>Cerebrovascularis k\u00f3rk\u00e9pek\u00a0klinikai-epidemiol\u00f3giai vizsg\u00e1lata<\/li>\n<li>Rheol\u00f3giai \/ v\u00e9ralvad\u00e1si param\u00e9terek v\u00e1ltoz\u00e1sa az agyi ischaemi\u00e1k acut\u00a0szakasz\u00e1ban \u00e9s a k\u00f3rlefoly\u00e1s sor\u00e1n<\/li>\n<li>Gondolkod\u00e1s, magatart\u00e1s \u00e9s besz\u00e9dzavarok agyi vascularis k\u00f3rk\u00e9pekben<\/li>\n<li>Optokinetikus nystagmus vizsg\u00e1lata neurol\u00f3giai betegs\u00e9gekben<\/li>\n<li>Mitokondri\u00e1lis diszfunkci\u00f3 vizsg\u00e1lata neurol\u00f3giai\u00a0betegs\u00e9gekben<\/li>\n<li>Monog\u00e9nes Parkinson-k\u00f3r genomik\u00e1j\u00e1nak vizsg\u00e1lata<\/li>\n<li>Mitochondri\u00e1lis diszfunkci\u00f3 vizsg\u00e1lata\u00a0pszichi\u00e1triai betegs\u00e9gekben<\/li>\n<li>Neurol\u00f3giai k\u00f3rk\u00e9pek molekul\u00e1ris ter\u00e1pi\u00e1ja<\/li>\n<li>Klinikofarmakol\u00f3giai korrel\u00e1ci\u00f3k\u00a0degenerat\u00edv idegrendszeri betegs\u00e9gekben<\/li>\n<li>Biomarker kutat\u00e1s Alzheimer-k\u00f3rban<\/li>\n<li>Genomikai elt\u00e9r\u00e9sek\u00a0hat\u00e1selemz\u00e9se a neurol\u00f3giai \u00e9s pszichi\u00e1triai k\u00f3rk\u00e9pek farmakoter\u00e1pi\u00e1ja<\/li>\n<li>\u00daj diagnosztikai elj\u00e1r\u00e1sok bevezet\u00e9se\u00a0a ritka neurol\u00f3giai betegs\u00e9gek diagnosztik\u00e1j\u00e1ban<\/li>\n<li>A perif\u00e9ri\u00e1s idegrendszer morfol\u00f3giai \u00e9s funkcion\u00e1lis jellegzetess\u00e9geinek\u00a0vizsg\u00e1lata<\/li>\n<\/ul>\n","protected":false},"excerpt":{"rendered":"<p>A Neurol\u00f3giai Klinika a Szent\u00e1gothai J\u00e1nos Idegtudom\u00e1nyi Doktori Iskola 6. programj\u00e1nak keret\u00e9ben\u00a0Klinikai Neurol\u00f3giai kutat\u00e1sok t\u00e9m\u00e1ban folytat doktori k\u00e9pz\u00e9st. F\u0151bb t\u00e9m\u00e1k: A motoros p\u00e1ly\u00e1k vizsg\u00e1lata\u00a0transzkranialisan kiv\u00e1ltott motoros potenci\u00e1lok seg\u00edts\u00e9g\u00e9vel\u00a0 Neuritis retrobulbaris \u00e9s sclerosis multiplex\u00a0kapcsolat\u00e1nak k\u00e9palkot\u00f3 \u00e9s elektrofiziol\u00f3giai vizsg\u00e1lata Funkcion\u00e1lis k\u00e9palkot\u00f3 vizsg\u00e1latok a neurol\u00f3giai betegs\u00e9gek\u00a0diagn\u00f3zis\u00e1ban Az agyk\u00e9rgi mozg\u00e1sszab\u00e1lyoz\u00e1s vizsg\u00e1lata EEG-vel \u00e9s transcranialis m\u00e1gneses ingerl\u00e9ssel A ritmusos mozg\u00e1stev\u00e9kenys\u00e9gek &hellip;<\/p>\n","protected":false},"author":101234,"featured_media":0,"parent":38,"menu_order":0,"comment_status":"open","ping_status":"open","template":"","meta":{"_acf_changed":false,"footnotes":""},"categories":[],"tags":[],"class_list":["post-11","page","type-page","status-publish","hentry"],"acf":[],"_links":{"self":[{"href":"https:\/\/semmelweis.hu\/neurologia\/wp-json\/wp\/v2\/pages\/11","targetHints":{"allow":["GET"]}}],"collection":[{"href":"https:\/\/semmelweis.hu\/neurologia\/wp-json\/wp\/v2\/pages"}],"about":[{"href":"https:\/\/semmelweis.hu\/neurologia\/wp-json\/wp\/v2\/types\/page"}],"author":[{"embeddable":true,"href":"https:\/\/semmelweis.hu\/neurologia\/wp-json\/wp\/v2\/users\/101234"}],"replies":[{"embeddable":true,"href":"https:\/\/semmelweis.hu\/neurologia\/wp-json\/wp\/v2\/comments?post=11"}],"version-history":[{"count":3,"href":"https:\/\/semmelweis.hu\/neurologia\/wp-json\/wp\/v2\/pages\/11\/revisions"}],"predecessor-version":[{"id":674,"href":"https:\/\/semmelweis.hu\/neurologia\/wp-json\/wp\/v2\/pages\/11\/revisions\/674"}],"up":[{"embeddable":true,"href":"https:\/\/semmelweis.hu\/neurologia\/wp-json\/wp\/v2\/pages\/38"}],"wp:attachment":[{"href":"https:\/\/semmelweis.hu\/neurologia\/wp-json\/wp\/v2\/media?parent=11"}],"wp:term":[{"taxonomy":"category","embeddable":true,"href":"https:\/\/semmelweis.hu\/neurologia\/wp-json\/wp\/v2\/categories?post=11"},{"taxonomy":"post_tag","embeddable":true,"href":"https:\/\/semmelweis.hu\/neurologia\/wp-json\/wp\/v2\/tags?post=11"}],"curies":[{"name":"wp","href":"https:\/\/api.w.org\/{rel}","templated":true}]}}