{"id":105,"date":"2012-08-30T09:35:38","date_gmt":"2012-08-30T09:35:38","guid":{"rendered":"http:\/\/semmelweis-egyetem.hu\/neurologia\/?page_id=105"},"modified":"2025-03-13T14:25:26","modified_gmt":"2025-03-13T13:25:26","slug":"dr-kovacs-tibor","status":"publish","type":"page","link":"https:\/\/semmelweis.hu\/neurologia\/munkatarsak\/dr-kovacs-tibor\/","title":{"rendered":"Dr. Kov\u00e1cs Tibor PhD, med. habil"},"content":{"rendered":"<p><span style=\"color: #000000\"><a href=\"https:\/\/semmelweis.hu\/neurologia\/files\/2021\/05\/KT.jpg\"><img loading=\"lazy\" decoding=\"async\" class=\"alignnone wp-image-1312 size-medium\" title=\"KovacsDr\" src=\"https:\/\/semmelweis.hu\/neurologia\/files\/2021\/05\/KT-300x234.jpg\" alt=\"\" width=\"300\" height=\"234\" srcset=\"https:\/\/semmelweis.hu\/neurologia\/files\/2021\/05\/KT-300x234.jpg 300w, https:\/\/semmelweis.hu\/neurologia\/files\/2021\/05\/KT.jpg 630w\" sizes=\"auto, (max-width: 300px) 100vw, 300px\" \/><\/a><\/span><\/p>\n<p><span style=\"color: #000000\">Egyetemi tan\u00e1r, igazgat\u00f3helyettes<\/span><\/p>\n<p><strong>El\u00e9rhet\u0151s\u00e9g:<\/strong><\/p>\n<p>Email: <a href=\"kovacs.tibor@semmelweis.hu\">kovacs.tibor@semmelweis.hu<\/a><\/p>\n<p>Tel: 1 210 0330 Fax: 1 210 1368<\/p>\n<p><a href=\"https:\/\/semmelweis.hu\/neurologia\/files\/2012\/08\/\u00d6n\u00e9letrajz1.pdf\">\u00d6n\u00e9letrajz<\/a><\/p>\n<p><a href=\"https:\/\/semmelweis.hu\/neurologia\/betegellatas\/jarobeteg-ellatas\/dementia-ambulancia\/\">Demencia Ambulancia<\/a><\/p>\n<p><a href=\"https:\/\/semmelweis.hu\/neurologia\/betegellatas\/jarobeteg-ellatas\/dystonia-ambulancia\/\">Dystonia Ambulancia<\/a><\/p>\n<p><a href=\"https:\/\/semmelweis.hu\/neurologia\/betegellatas\/fekvobeteg-osztalyok\/neurologiai-klinika-d-foldszinti-osztaly\/\">D f\u00f6ldszinti Oszt\u00e1ly<\/a><\/p>\n","protected":false},"excerpt":{"rendered":"<p><a href=\"https:\/\/semmelweis.hu\/neurologia\/files\/2021\/05\/KT.jpg\"><\/a><br \/>\nEgyetemi tan\u00e1r, igazgat\u00f3helyettes<br \/>\nEl\u00e9rhet\u0151s\u00e9g:<br \/>\nEmail: <a href=\"kovacs.tibor@semmelweis.hu\">kovacs.tibor@semmelweis.hu<\/a><br \/>\nTel: 1 210 0330 Fax: 1 210 1368<br \/>\n<a href=\"https:\/\/semmelweis.hu\/neurologia\/files\/2012\/08\/\u00d6n\u00e9letrajz1.pdf\">\u00d6n\u00e9letrajz<\/a><br \/>\n<a href=\"https:\/\/semmelweis.hu\/neurologia\/betegellatas\/jarobeteg-ellatas\/dementia-ambulancia\/\">Demencia Ambulancia<\/a><br \/>\n<a href=\"https:\/\/semmelweis.hu\/neurologia\/betegellatas\/jarobeteg-ellatas\/dystonia-ambulancia\/\">Dystonia Ambulancia<\/a><br \/>\n<a href=\"https:\/\/semmelweis.hu\/neurologia\/betegellatas\/fekvobeteg-osztalyok\/neurologiai-klinika-d-foldszinti-osztaly\/\">D f\u00f6ldszinti Oszt\u00e1ly<\/a><\/p>\n","protected":false},"author":80,"featured_media":0,"parent":57,"menu_order":0,"comment_status":"closed","ping_status":"closed","template":"","meta":{"_acf_changed":false,"footnotes":""},"categories":[],"tags":[],"class_list":["post-105","page","type-page","status-publish","hentry"],"acf":[],"_links":{"self":[{"href":"https:\/\/semmelweis.hu\/neurologia\/wp-json\/wp\/v2\/pages\/105","targetHints":{"allow":["GET"]}}],"collection":[{"href":"https:\/\/semmelweis.hu\/neurologia\/wp-json\/wp\/v2\/pages"}],"about":[{"href":"https:\/\/semmelweis.hu\/neurologia\/wp-json\/wp\/v2\/types\/page"}],"author":[{"embeddable":true,"href":"https:\/\/semmelweis.hu\/neurologia\/wp-json\/wp\/v2\/users\/80"}],"replies":[{"embeddable":true,"href":"https:\/\/semmelweis.hu\/neurologia\/wp-json\/wp\/v2\/comments?post=105"}],"version-history":[{"count":8,"href":"https:\/\/semmelweis.hu\/neurologia\/wp-json\/wp\/v2\/pages\/105\/revisions"}],"predecessor-version":[{"id":1669,"href":"https:\/\/semmelweis.hu\/neurologia\/wp-json\/wp\/v2\/pages\/105\/revisions\/1669"}],"up":[{"embeddable":true,"href":"https:\/\/semmelweis.hu\/neurologia\/wp-json\/wp\/v2\/pages\/57"}],"wp:attachment":[{"href":"https:\/\/semmelweis.hu\/neurologia\/wp-json\/wp\/v2\/media?parent=105"}],"wp:term":[{"taxonomy":"category","embeddable":true,"href":"https:\/\/semmelweis.hu\/neurologia\/wp-json\/wp\/v2\/categories?post=105"},{"taxonomy":"post_tag","embeddable":true,"href":"https:\/\/semmelweis.hu\/neurologia\/wp-json\/wp\/v2\/tags?post=105"}],"curies":[{"name":"wp","href":"https:\/\/api.w.org\/{rel}","templated":true}]}}