{"id":1000,"date":"2020-03-22T13:08:42","date_gmt":"2020-03-22T12:08:42","guid":{"rendered":"http:\/\/semmelweis.hu\/neurologia\/?page_id=1000"},"modified":"2020-04-13T22:58:14","modified_gmt":"2020-04-13T20:58:14","slug":"a-gyakorlati-kepzes-blokk-oktatas-anyaga","status":"publish","type":"page","link":"https:\/\/semmelweis.hu\/neurologia\/a-gyakorlati-kepzes-blokk-oktatas-anyaga\/","title":{"rendered":"A gyakorlati k\u00e9pz\u00e9s (blokk oktat\u00e1s) anyaga"},"content":{"rendered":"<p>Ezen az oldalon tal\u00e1lhat\u00f3ak a blokk oktat\u00e1s sor\u00e1n feldolgozott t\u00e9mak\u00f6r\u00f6k anyagai. Az anyagokat folyamatosan t\u00f6ltj\u00fck fel.<\/p>\n<p>Cerebrovascularis betegs\u00e9gek \u00a0 <em><a href=\"https:\/\/drive.google.com\/open?id=1vVLRST1KuI1ntDBIhPaEaJfDRahy6shX\">diasor<\/a> , <a href=\"https:\/\/drive.google.com\/open?id=1J0wUJJE8_Pms12plQSIdUecUA8tE-RJv\">el\u0151ad\u00e1s hanganyaggal<\/a><\/em><\/p>\n<p>Mozg\u00e1szavarok<em> \u00a0\u00a0\u00a0\u00a0\u00a0\u00a0\u00a0\u00a0\u00a0\u00a0\u00a0\u00a0\u00a0\u00a0 <a href=\"https:\/\/drive.google.com\/open?id=1PHdE_44w3dBMFnIawP2827V_YobIrBeK\">diasor<\/a>\u00a0<\/em><\/p>\n<p>Sclerosis multiplex<em> \u00a0\u00a0\u00a0\u00a0\u00a0\u00a0\u00a0\u00a0 <a href=\"https:\/\/drive.google.com\/open?id=1rRCiUPTspysW0bFXUY57oOaf9IFPHKqc\">diasor<\/a>\u00a0<\/em><\/p>\n<p>Periferi\u00e1s neurol\u00f3giai betegs\u00e9gek<em> \u00a0\u00a0\u00a0\u00a0\u00a0\u00a0\u00a0\u00a0\u00a0\u00a0 diasor linkje\u00a0 hang\/vide\u00f3 linkje<\/em><\/p>\n<p>Szellemi hanyatl\u00e1s<em> \u00a0\u00a0\u00a0\u00a0\u00a0\u00a0\u00a0\u00a0\u00a0 diasor linkje\u00a0 hang\/vide\u00f3 linkje<\/em><\/p>\n<p>Fejf\u00e1j\u00e1s<em> \u00a0\u00a0\u00a0\u00a0\u00a0\u00a0\u00a0\u00a0\u00a0\u00a0\u00a0\u00a0\u00a0\u00a0 <a href=\"https:\/\/drive.google.com\/open?id=14sw-jPNkbVudqgB4qzixzwEmjAHxrouC\">diasor<\/a><\/em><\/p>\n<p>Epilepszia \u00a0\u00a0\u00a0\u00a0\u00a0\u00a0\u00a0\u00a0\u00a0\u00a0 <em><a href=\"https:\/\/drive.google.com\/open?id=1gexNzBWU0NULz0u8CVEsqXgFlxezwPBu\">diasor<\/a>\u00a0<\/em><\/p>\n<p>S\u00fcrg\u0151ss\u00e9g a neurol\u00f3gi\u00e1ban \u00a0\u00a0\u00a0\u00a0\u00a0\u00a0\u00a0 <em>diasor linkje\u00a0 hang\/vide\u00f3 linkje<\/em><\/p>\n<p>Sz\u00e9d\u00fcl\u00e9s <em>\u00a0\u00a0\u00a0\u00a0\u00a0\u00a0\u00a0\u00a0\u00a0\u00a0\u00a0\u00a0 diasor linkje\u00a0 hang\/vide\u00f3 linkje\u00a0 <\/em><\/p>\n","protected":false},"excerpt":{"rendered":"<p>Ezen az oldalon tal\u00e1lhat\u00f3ak a blokk oktat\u00e1s sor\u00e1n feldolgozott t\u00e9mak\u00f6r\u00f6k anyagai. Az anyagokat folyamatosan t\u00f6ltj\u00fck fel. Cerebrovascularis betegs\u00e9gek \u00a0 <a href=\"https:\/\/drive.google.com\/open?id=1vVLRST1KuI1ntDBIhPaEaJfDRahy6shX\">diasor<\/a> , <a href=\"https:\/\/drive.google.com\/open?id=1J0wUJJE8_Pms12plQSIdUecUA8tE-RJv\">el\u0151ad\u00e1s hanganyaggal<\/a> Mozg\u00e1szavarok \u00a0\u00a0\u00a0\u00a0\u00a0\u00a0\u00a0\u00a0\u00a0\u00a0\u00a0\u00a0\u00a0\u00a0 <a href=\"https:\/\/drive.google.com\/open?id=1PHdE_44w3dBMFnIawP2827V_YobIrBeK\">diasor<\/a> \u00a0 Sclerosis multiplex \u00a0\u00a0\u00a0\u00a0\u00a0\u00a0\u00a0\u00a0 <a href=\"https:\/\/drive.google.com\/open?id=1rRCiUPTspysW0bFXUY57oOaf9IFPHKqc\">diasor<\/a> \u00a0 Periferi\u00e1s neurol\u00f3giai betegs\u00e9gek \u00a0\u00a0\u00a0\u00a0\u00a0\u00a0\u00a0\u00a0\u00a0\u00a0 diasor linkje\u00a0 hang\/vide\u00f3 linkje Szellemi hanyatl\u00e1s \u00a0\u00a0\u00a0\u00a0\u00a0\u00a0\u00a0\u00a0\u00a0 diasor linkje\u00a0 hang\/vide\u00f3 linkje Fejf\u00e1j\u00e1s \u00a0\u00a0\u00a0\u00a0\u00a0\u00a0\u00a0\u00a0\u00a0\u00a0\u00a0\u00a0\u00a0\u00a0 <a href=\"https:\/\/drive.google.com\/open?id=14sw-jPNkbVudqgB4qzixzwEmjAHxrouC\">diasor<\/a> Epilepszia \u00a0\u00a0\u00a0\u00a0\u00a0\u00a0\u00a0\u00a0\u00a0\u00a0 <a href=\"https:\/\/drive.google.com\/open?id=1gexNzBWU0NULz0u8CVEsqXgFlxezwPBu\">diasor<\/a> \u00a0 S\u00fcrg\u0151ss\u00e9g a neurol\u00f3gi\u00e1ban \u00a0\u00a0\u00a0\u00a0\u00a0\u00a0\u00a0 diasor linkje\u00a0 hang\/vide\u00f3 linkje &hellip;<\/p>\n","protected":false},"author":101622,"featured_media":0,"parent":0,"menu_order":0,"comment_status":"closed","ping_status":"closed","template":"","meta":{"_acf_changed":false,"footnotes":""},"categories":[],"tags":[],"class_list":["post-1000","page","type-page","status-publish","hentry"],"acf":[],"_links":{"self":[{"href":"https:\/\/semmelweis.hu\/neurologia\/wp-json\/wp\/v2\/pages\/1000","targetHints":{"allow":["GET"]}}],"collection":[{"href":"https:\/\/semmelweis.hu\/neurologia\/wp-json\/wp\/v2\/pages"}],"about":[{"href":"https:\/\/semmelweis.hu\/neurologia\/wp-json\/wp\/v2\/types\/page"}],"author":[{"embeddable":true,"href":"https:\/\/semmelweis.hu\/neurologia\/wp-json\/wp\/v2\/users\/101622"}],"replies":[{"embeddable":true,"href":"https:\/\/semmelweis.hu\/neurologia\/wp-json\/wp\/v2\/comments?post=1000"}],"version-history":[{"count":9,"href":"https:\/\/semmelweis.hu\/neurologia\/wp-json\/wp\/v2\/pages\/1000\/revisions"}],"predecessor-version":[{"id":1136,"href":"https:\/\/semmelweis.hu\/neurologia\/wp-json\/wp\/v2\/pages\/1000\/revisions\/1136"}],"wp:attachment":[{"href":"https:\/\/semmelweis.hu\/neurologia\/wp-json\/wp\/v2\/media?parent=1000"}],"wp:term":[{"taxonomy":"category","embeddable":true,"href":"https:\/\/semmelweis.hu\/neurologia\/wp-json\/wp\/v2\/categories?post=1000"},{"taxonomy":"post_tag","embeddable":true,"href":"https:\/\/semmelweis.hu\/neurologia\/wp-json\/wp\/v2\/tags?post=1000"}],"curies":[{"name":"wp","href":"https:\/\/api.w.org\/{rel}","templated":true}]}}