{"id":10,"date":"2012-02-03T12:53:10","date_gmt":"2012-02-03T11:53:10","guid":{"rendered":"http:\/\/semmelweis-egyetem.hu\/neurologia\/?page_id=10"},"modified":"2020-10-26T09:58:04","modified_gmt":"2020-10-26T08:58:04","slug":"kutatasi-teruletek","status":"publish","type":"page","link":"https:\/\/semmelweis.hu\/neurologia\/kutatasi-teruletek\/","title":{"rendered":"Kutat\u00e1s"},"content":{"rendered":"<p style=\"text-align: justify\"><strong>Kutat\u00e1si t\u00e9m\u00e1k<\/strong><\/p>\n<p style=\"text-align: justify\">Elektrofiziol\u00f3giai vizsg\u00e1latok \u00e9s kognit\u00edv tesztek dementi\u00e1kban, mozg\u00e1szavarokban\u00a0\u00e9s sclerosis multiplexben<\/p>\n<p style=\"text-align: justify\">Neurodegenerat\u00edv betegs\u00e9gek klinikai neuropatol\u00f3giai \u00e9s biok\u00e9miai vizsg\u00e1lata<\/p>\n<p style=\"text-align: justify\">Parkinson-betegek elektrofiziol\u00f3giai, patol\u00f3giai \u00e9s gy\u00f3gyszerhat\u00e1stani vizsg\u00e1lata<\/p>\n<p style=\"text-align: justify\">A tremorok vizsg\u00e1lata<\/p>\n<p style=\"text-align: justify\">Fiatalkori cerebrovascularis betegs\u00e9gek vizsg\u00e1lata<\/p>\n<p style=\"text-align: justify\">Cerebrovascularis betegs\u00e9gek klinikai \u00e9s epidemiol\u00f3giai\u00a0jellegzetess\u00e9geinek vizsg\u00e1lata<\/p>\n<p>Neuroepidemiol\u00f3gia<\/p>\n<p>Ideg ultrahang vizsg\u00e1latok<\/p>\n<p>Neuroszonol\u00f3gia<\/p>\n<p style=\"text-align: justify\">Az aphasi\u00e1k klinikai vizsg\u00e1lata<\/p>\n<p style=\"text-align: justify\">Agyi v\u00e9r\u00e1t\u00e1raml\u00e1s \u00e9s elektromos tev\u00e9kenys\u00e9g\u00a0egyidej\u0171 vizsg\u00e1lata<\/p>\n<p style=\"text-align: justify\">A primer fejf\u00e1j\u00e1sbetegs\u00e9gek klinikai \u00e9s biok\u00e9miai vizsg\u00e1lata<\/p>\n<p style=\"text-align: justify\">Charcot-Marie-Tooth \u00e9s autoimmun betegs\u00e9gek \u00f6sszef\u00fcgg\u00e9seinek vizsg\u00e1lata<\/p>\n<p style=\"text-align: justify\">\u00daj ter\u00e1pi\u00e1s targetek kutat\u00e1sa neurodegenerat\u00edv betegs\u00e9gekben<\/p>\n<p style=\"text-align: justify\">Szem\u00e9lyre\u00a0szabott orvosl\u00e1s a neurol\u00f3gi\u00e1ban<\/p>\n\n<!-- iframe plugin v.4.9 wordpress.org\/plugins\/iframe\/ -->\n<iframe loading=\"lazy\" src=\"https:\/\/www.youtube.com\/embed\/gKDCx1y7ugQ?rel=0\" width=\"560\" height=\"315\" frameborder=\"0\" scrolling=\"yes\" class=\"iframe-class\"><\/iframe>\n\n","protected":false},"excerpt":{"rendered":"<p>Kutat\u00e1si t\u00e9m\u00e1k Elektrofiziol\u00f3giai vizsg\u00e1latok \u00e9s kognit\u00edv tesztek dementi\u00e1kban, mozg\u00e1szavarokban\u00a0\u00e9s sclerosis multiplexben Neurodegenerat\u00edv betegs\u00e9gek klinikai neuropatol\u00f3giai \u00e9s biok\u00e9miai vizsg\u00e1lata Parkinson-betegek elektrofiziol\u00f3giai, patol\u00f3giai \u00e9s gy\u00f3gyszerhat\u00e1stani vizsg\u00e1lata A tremorok vizsg\u00e1lata Fiatalkori cerebrovascularis betegs\u00e9gek vizsg\u00e1lata Cerebrovascularis betegs\u00e9gek klinikai \u00e9s epidemiol\u00f3giai\u00a0jellegzetess\u00e9geinek vizsg\u00e1lata Neuroepidemiol\u00f3gia Ideg ultrahang vizsg\u00e1latok Neuroszonol\u00f3gia Az aphasi\u00e1k klinikai vizsg\u00e1lata Agyi v\u00e9r\u00e1t\u00e1raml\u00e1s \u00e9s elektromos tev\u00e9kenys\u00e9g\u00a0egyidej\u0171 vizsg\u00e1lata A primer fejf\u00e1j\u00e1sbetegs\u00e9gek &hellip;<\/p>\n","protected":false},"author":101234,"featured_media":0,"parent":0,"menu_order":3,"comment_status":"closed","ping_status":"closed","template":"","meta":{"_acf_changed":false,"footnotes":""},"categories":[],"tags":[],"class_list":["post-10","page","type-page","status-publish","hentry"],"acf":[],"_links":{"self":[{"href":"https:\/\/semmelweis.hu\/neurologia\/wp-json\/wp\/v2\/pages\/10","targetHints":{"allow":["GET"]}}],"collection":[{"href":"https:\/\/semmelweis.hu\/neurologia\/wp-json\/wp\/v2\/pages"}],"about":[{"href":"https:\/\/semmelweis.hu\/neurologia\/wp-json\/wp\/v2\/types\/page"}],"author":[{"embeddable":true,"href":"https:\/\/semmelweis.hu\/neurologia\/wp-json\/wp\/v2\/users\/101234"}],"replies":[{"embeddable":true,"href":"https:\/\/semmelweis.hu\/neurologia\/wp-json\/wp\/v2\/comments?post=10"}],"version-history":[{"count":12,"href":"https:\/\/semmelweis.hu\/neurologia\/wp-json\/wp\/v2\/pages\/10\/revisions"}],"predecessor-version":[{"id":1251,"href":"https:\/\/semmelweis.hu\/neurologia\/wp-json\/wp\/v2\/pages\/10\/revisions\/1251"}],"wp:attachment":[{"href":"https:\/\/semmelweis.hu\/neurologia\/wp-json\/wp\/v2\/media?parent=10"}],"wp:term":[{"taxonomy":"category","embeddable":true,"href":"https:\/\/semmelweis.hu\/neurologia\/wp-json\/wp\/v2\/categories?post=10"},{"taxonomy":"post_tag","embeddable":true,"href":"https:\/\/semmelweis.hu\/neurologia\/wp-json\/wp\/v2\/tags?post=10"}],"curies":[{"name":"wp","href":"https:\/\/api.w.org\/{rel}","templated":true}]}}