{"id":7,"date":"2025-06-10T08:30:41","date_gmt":"2025-06-10T06:30:41","guid":{"rendered":"https:\/\/semmelweis.hu\/neurointervencio\/?page_id=7"},"modified":"2025-09-30T17:13:56","modified_gmt":"2025-09-30T15:13:56","slug":"a-tanszekrol","status":"publish","type":"page","link":"https:\/\/semmelweis.hu\/neurointervencio\/a-tanszekrol\/","title":{"rendered":"A Tansz\u00e9kr\u0151l"},"content":{"rendered":"<div class=\"keretes w-100\">\n<p>A <strong>neurointervenci\u00f3 az orvostudom\u00e1ny egy gyorsan fejl\u0151d\u0151, magas szint\u0171 szakter\u00fclete<\/strong>, amely az agyat \u00e9s a gerincvel\u0151t ell\u00e1t\u00f3 erek betegs\u00e9geinek c\u00e9lzott, kat\u00e9teres \u00faton t\u00f6rt\u00e9n\u0151 kezel\u00e9s\u00e9vel foglalkozik. A laikus sz\u00e1m\u00e1ra legk\u00f6nnyebben \u00fagy \u00e9rthet\u0151 meg, mint egyfajta \u201eagyon bel\u00fcli \u00e9rseb\u00e9szet\u201d, amely sor\u00e1n az orvos nem v\u00e1gja fel a kopony\u00e1t, hanem egy apr\u00f3 sz\u00far\u00e1son kereszt\u00fcl, \u00e1ltal\u00e1ban a comb art\u00e9ri\u00e1j\u00e1n \u00e1t vezet be egy v\u00e9kony cs\u00f6vet (kat\u00e9tert) a szervezet ereibe, hogy eljusson eg\u00e9szen az agyig.<\/p>\n<\/div>\n<p>Ez a szakter\u00fclet \u00e9letment\u0151 lehet olyan v\u00e9szhelyzetekben, mint az agyi \u00e9rkatasztr\u00f3f\u00e1k, p\u00e9ld\u00e1ul az iszk\u00e9mi\u00e1s stroke (sz\u00e9l\u00fct\u00e9s), amely sor\u00e1n egy v\u00e9rr\u00f6g elz\u00e1rja az agy valamelyik er\u00e9t, \u00edgy az \u00e9rintett ter\u00fclet oxig\u00e9nhi\u00e1ny miatt gyorsan pusztulni kezd. A <strong>neurointervenci\u00f3s<\/strong> <strong>szakember ekkor egy speci\u00e1lis eszk\u00f6zzel mechanikusan elt\u00e1vol\u00edtja a v\u00e9rr\u00f6g\u00f6t az \u00e9r belsej\u00e9b\u0151l, gyakran \u00fagy, hogy a beteg k\u00f6zben \u00e9bren van.<\/strong> Ez az elj\u00e1r\u00e1s az ut\u00f3bbi \u00e9vekben forradalmas\u00edtotta a stroke-ell\u00e1t\u00e1st, mivel a megfelel\u0151 id\u0151ben v\u00e9gzett beavatkoz\u00e1s dr\u00e1maian jav\u00edtja a t\u00fal\u00e9l\u00e9s \u00e9s a fel\u00e9p\u00fcl\u00e9s es\u00e9ly\u00e9t.<\/p>\n<p>A neurointervenci\u00f3 azonban <strong>nem csak s\u00fcrg\u0151ss\u00e9gi helyzetekre korl\u00e1toz\u00f3dik.<\/strong> Olyan <strong>lassabban kialakul\u00f3 elv\u00e1ltoz\u00e1sok \u2013 mint p\u00e9ld\u00e1ul agyi aneurizm\u00e1k (\u00e9rkiboltosul\u00e1sok), \u00e9rdaganatok (AVM-ek) vagy gerincvel\u0151i \u00e9relv\u00e1ltoz\u00e1sok<\/strong> \u2013<strong> is<\/strong> <strong>kezelhet\u0151k kat\u00e9teres \u00faton.<\/strong> Ilyenkor az orvos mikroszkopikus spir\u00e1lokat vagy ragaszt\u00f3szer\u0171 anyagokat juttat az \u00e9rbe, hogy megel\u0151zze a k\u00e9s\u0151bbi agyv\u00e9rz\u00e9st vagy m\u00e1s sz\u00f6v\u0151dm\u00e9nyeket.<\/p>\n<p>A <strong>neurointervenci\u00f3 egyszerre k\u00edv\u00e1n kiv\u00e9teles k\u00e9z\u00fcgyess\u00e9get, anat\u00f3miai j\u00e1rtass\u00e1got, fejlett technol\u00f3giai tud\u00e1st \u00e9s gyors d\u00f6nt\u00e9shozatalt.<\/strong> Az orvosok a beavatkoz\u00e1sokat \u00e9l\u0151 r\u00f6ntgenk\u00e9pek (angiogr\u00e1fia) seg\u00edts\u00e9g\u00e9vel v\u00e9gzik, val\u00f3s id\u0151ben navig\u00e1lva a kat\u00e9tereket az agy rendk\u00edv\u00fcl finom \u00e9rrendszer\u00e9ben.<\/p>\n<p>\u00d6sszess\u00e9g\u00e9ben a neurointervenci\u00f3 <strong>a modern orvostudom\u00e1ny egyik legizgalmasabb \u00e9s legprec\u00edzebb ter\u00fclete,<\/strong> ahol a technol\u00f3gia, az orvosi szak\u00e9rtelem \u00e9s a gyors reakci\u00f3id\u0151 sz\u00f3 szerint az \u00e9let \u00e9s a hal\u00e1l k\u00f6z\u00f6tti k\u00fcl\u00f6nbs\u00e9get jelentheti. Egy olyan specializ\u00e1ci\u00f3, amely a j\u00f6v\u0151ben v\u00e1rhat\u00f3an m\u00e9g fontosabb szerepet fog j\u00e1tszani az idegrendszeri betegs\u00e9gek kezel\u00e9s\u00e9ben \u2013 m\u00e9ghozz\u00e1 min\u00e9l kevesebb f\u00e1jdalommal, min\u00e9l kevesebb heggel, \u00e9s a lehet\u0151 leggyorsabb gy\u00f3gyul\u00e1ssal.<\/p>\n<p>Magyarorsz\u00e1g els\u0151 \u00f6n\u00e1ll\u00f3 <strong>Neurointervenci\u00f3s Tansz\u00e9kek\u00e9nt<\/strong> <strong>a feladatunk ennek a kritikus fontoss\u00e1g\u00fa szaktud\u00e1snak az \u00e1tad\u00e1sa<\/strong><\/p>\n<ul>\n<li>az <a href=\"https:\/\/semmelweis.hu\/neurointervencio\/oktatas\/\"><strong>orvostanhallgat\u00f3k<\/strong><\/a> oktat\u00e1sa,<\/li>\n<li>a\u00a0<a href=\"https:\/\/semmelweis.hu\/neurointervencio\/kutatas\/\"><strong>szakorvosjel\u00f6ltek<\/strong>\u00a0k\u00e9pz\u00e9se<\/a>,<\/li>\n<li>\u00e9s a <strong><a href=\"https:\/\/semmelweis.hu\/neurointervencio\/szakorvosoknak\/\">szakorvosok folyamatos <\/a><\/strong><a href=\"https:\/\/semmelweis.hu\/neurointervencio\/kutatas\/\">tov\u00e1bbk\u00e9pz\u00e9se <\/a>sor\u00e1n.\u00a0<\/li>\n<\/ul>\n","protected":false},"excerpt":{"rendered":"<p>A neurointervenci\u00f3 egy modern orvosi szakter\u00fclet, amely az agy \u00e9s a gerincvel\u0151 \u00e9rbetegs\u00e9geit kezeli kat\u00e9teres \u00faton \u2013 vagyis seb\u00e9szi v\u00e1g\u00e1s n\u00e9lk\u00fcl, az ereken kereszt\u00fcl. Leggyakrabban stroke (sz\u00e9l\u00fct\u00e9s) eset\u00e9n alkalmazz\u00e1k, amikor egy v\u00e9rr\u00f6g elz\u00e1rja az agyi v\u00e9rkering\u00e9st: ilyenkor a beavatkoz\u00e1s sor\u00e1n egy v\u00e9kony cs\u00f6v\u00f6n \u00e1t mechanikusan elt\u00e1vol\u00edtj\u00e1k a v\u00e9rr\u00f6g\u00f6t, ezzel \u00e9letet \u00e9s agym\u0171k\u00f6d\u00e9st mentve.<\/p>\n<p>A m\u00f3dszer nemcsak s\u00fcrg\u0151ss\u00e9gi, hanem tervezett beavatkoz\u00e1sokra is alkalmas, p\u00e9ld\u00e1ul aneurizm\u00e1k (\u00e9rkiboltosul\u00e1sok) lez\u00e1r\u00e1s\u00e1ra. A neurointervenci\u00f3s orvosok r\u00f6ntgenk\u00e9pek seg\u00edts\u00e9g\u00e9vel, millim\u00e9teres pontoss\u00e1ggal dolgoznak az agy finom \u00e9rrendszer\u00e9ben. Ez a szakter\u00fclet \u00f6tv\u00f6zi a precizit\u00e1st, gyors d\u00f6nt\u00e9shozatalt \u00e9s cs\u00facstechnol\u00f3gi\u00e1t \u2013 lehet\u0151v\u00e9 t\u00e9ve, hogy s\u00falyos neurol\u00f3giai betegs\u00e9gek minim\u00e1lisan invaz\u00edv m\u00f3don, hat\u00e9konyan kezelhet\u0151k legyenek.<\/p>\n","protected":false},"author":102502,"featured_media":8,"parent":0,"menu_order":0,"comment_status":"closed","ping_status":"closed","template":"","meta":{"_acf_changed":false,"footnotes":""},"categories":[],"tags":[],"class_list":["post-7","page","type-page","status-publish","has-post-thumbnail","hentry"],"acf":[],"publishpress_future_action":{"enabled":false,"date":"1970-01-01 01:00:00","action":"","terms":[],"taxonomy":"","browser_timezone_offset":0},"_links":{"self":[{"href":"https:\/\/semmelweis.hu\/neurointervencio\/wp-json\/wp\/v2\/pages\/7","targetHints":{"allow":["GET"]}}],"collection":[{"href":"https:\/\/semmelweis.hu\/neurointervencio\/wp-json\/wp\/v2\/pages"}],"about":[{"href":"https:\/\/semmelweis.hu\/neurointervencio\/wp-json\/wp\/v2\/types\/page"}],"author":[{"embeddable":true,"href":"https:\/\/semmelweis.hu\/neurointervencio\/wp-json\/wp\/v2\/users\/102502"}],"replies":[{"embeddable":true,"href":"https:\/\/semmelweis.hu\/neurointervencio\/wp-json\/wp\/v2\/comments?post=7"}],"version-history":[{"count":10,"href":"https:\/\/semmelweis.hu\/neurointervencio\/wp-json\/wp\/v2\/pages\/7\/revisions"}],"predecessor-version":[{"id":334,"href":"https:\/\/semmelweis.hu\/neurointervencio\/wp-json\/wp\/v2\/pages\/7\/revisions\/334"}],"wp:featuredmedia":[{"embeddable":true,"href":"https:\/\/semmelweis.hu\/neurointervencio\/wp-json\/wp\/v2\/media\/8"}],"wp:attachment":[{"href":"https:\/\/semmelweis.hu\/neurointervencio\/wp-json\/wp\/v2\/media?parent=7"}],"wp:term":[{"taxonomy":"category","embeddable":true,"href":"https:\/\/semmelweis.hu\/neurointervencio\/wp-json\/wp\/v2\/categories?post=7"},{"taxonomy":"post_tag","embeddable":true,"href":"https:\/\/semmelweis.hu\/neurointervencio\/wp-json\/wp\/v2\/tags?post=7"}],"curies":[{"name":"wp","href":"https:\/\/api.w.org\/{rel}","templated":true}]}}