{"id":407,"date":"2025-11-23T10:14:14","date_gmt":"2025-11-23T09:14:14","guid":{"rendered":"https:\/\/semmelweis.hu\/neurointervencio\/?page_id=407"},"modified":"2025-11-24T10:40:56","modified_gmt":"2025-11-24T09:40:56","slug":"semmelweis-intervencios-es-vascularis-neurologiai-kalandozasok-se-ink-2025-12-18","status":"publish","type":"page","link":"https:\/\/semmelweis.hu\/neurointervencio\/tanfolyamaink\/semmelweis-intervencios-es-vascularis-neurologiai-kalandozasok-se-ink-2025-12-18\/","title":{"rendered":"Semmelweis Intervenci\u00f3s \u00e9s Vascularis Neurol\u00f3giai Kalandoz\u00e1sok (SE INK) &#8211; 2025.12.18."},"content":{"rendered":"<h4><strong>Semmelweis Intervenci\u00f3s \u00e9s Vascularis Neurol\u00f3giai Kalandoz\u00e1sok (SE INK) el\u0151ad\u00e1s sorozat III. r\u00e9sze rezidensek sz\u00e1m\u00e1ra<\/strong><\/h4>\n<p><strong>\u00a0\u201eK\u00e9t \u00e9let, egy kering\u00e9s &#8211; iszk\u00e9mi\u00e1s stroke v\u00e1rand\u00f3ss\u00e1gban.\u00a0\u201d<\/strong><\/p>\n<p><strong>A tanfolyam id\u0151pontja:<\/strong> 2025. december 18. ( cs\u00fct\u00f6rt\u00f6k) 13:00<br \/>\n<strong>Helysz\u00edn:<\/strong> 1145 Budapest, Laky Adolf utca 44\u201346. IV. emelet,\u00a0 t\u00e1rgyal\u00f3terem<\/p>\n<h3>El\u0151ad\u00e1sok<\/h3>\n<ul>\n<li><strong>Iszk\u00e9mi\u00e1s stroke diagnosztik\u00e1ja \u00e9s kezel\u00e9se v\u00e1rand\u00f3ss\u00e1gban.<\/strong> -Ifj. Dr. Bereczki D\u00e1niel, adjunktus &#8211;\u00a0<\/li>\n<li><strong>Neurointervenci\u00f3s technik\u00e1k vol. I., hands-on- <\/strong>Dr. B\u00f6jti P\u00e9ter P\u00e1l PhD. adjunktus\u00a0<\/li>\n<\/ul>\n<p>A tov\u00e1bbk\u00e9pz\u00e9s alatt lehet\u0151s\u00e9g lesz neurointervenci\u00f3s technik\u00e1kkal val\u00f3 k\u00f6zvetlen tapasztalatszerz\u00e9sre az angiogr\u00e1fi\u00e1s m\u0171t\u0151ben, ez\u00e9rt megfelel\u0151 \u00f6lt\u00f6zet visel\u00e9se vagy v\u00e1lt\u00f3ruha javasolt. L\u00e1bzs\u00e1k, hajh\u00e1l\u00f3, seb\u00e9szi maszk, egyszer haszn\u00e1latos k\u00f6peny biztos\u00edtott.\u00a0<\/p>\n<p><strong>Az el\u0151ad\u00e1son val\u00f3 r\u00e9szv\u00e9tel el\u0151zetes online regisztr\u00e1ci\u00f3hoz k\u00f6t\u00f6tt<\/strong><\/p>\n<p><strong><a class=\"btn btn-secondary\" target=\"_blank\">JELENTKEZ\u00c9S<\/a><\/strong><\/p>\n<p>A rendezv\u00e9nyen f\u00e9nyk\u00e9p &#8211; \u00e9s vide\u00f3felv\u00e9telek k\u00e9sz\u00fclnek, mely felv\u00e9teleken a rendezv\u00e9ny l\u00e1togat\u00f3i felismerhet\u0151ek lehetnek. A felv\u00e9teleket a rendezv\u00e9ny szervez\u0151je a rendezv\u00e9ny \u00e9s az egyetem n\u00e9pszer\u0171s\u00edt\u00e9se \u00e9rdek\u00e9ben k\u00edv\u00e1nja felhaszn\u00e1lni.<\/p>\n","protected":false},"excerpt":{"rendered":"<p>Semmelweis Intervenci\u00f3s \u00e9s Vascularis Neurol\u00f3giai Kalandoz\u00e1sok (SE INK) el\u0151ad\u00e1s sorozat III. r\u00e9sze rezidensek sz\u00e1m\u00e1ra \u00a0\u201eK\u00e9t \u00e9let, egy kering\u00e9s &#8211; iszk\u00e9mi\u00e1s stroke v\u00e1rand\u00f3ss\u00e1gban.\u00a0\u201d A tanfolyam id\u0151pontja: 2025. december 18. ( cs\u00fct\u00f6rt\u00f6k) 13:00 Helysz\u00edn: 1145 Budapest, Laky Adolf utca 44\u201346. IV. emelet,\u00a0 t\u00e1rgyal\u00f3terem El\u0151ad\u00e1sok Iszk\u00e9mi\u00e1s stroke diagnosztik\u00e1ja \u00e9s kezel\u00e9se v\u00e1rand\u00f3ss\u00e1gban. -Ifj. Dr. Bereczki D\u00e1niel, adjunktus &#8211;\u00a0 Neurointervenci\u00f3s &hellip;<\/p>\n","protected":false},"author":102419,"featured_media":0,"parent":195,"menu_order":2,"comment_status":"closed","ping_status":"closed","template":"","meta":{"_acf_changed":false,"footnotes":""},"categories":[3],"tags":[],"class_list":["post-407","page","type-page","status-publish","hentry","category-tanfolyamok"],"acf":[],"publishpress_future_action":{"enabled":false,"date":"1970-01-01 01:00:00","action":"","terms":[],"taxonomy":"","browser_timezone_offset":0},"_links":{"self":[{"href":"https:\/\/semmelweis.hu\/neurointervencio\/wp-json\/wp\/v2\/pages\/407","targetHints":{"allow":["GET"]}}],"collection":[{"href":"https:\/\/semmelweis.hu\/neurointervencio\/wp-json\/wp\/v2\/pages"}],"about":[{"href":"https:\/\/semmelweis.hu\/neurointervencio\/wp-json\/wp\/v2\/types\/page"}],"author":[{"embeddable":true,"href":"https:\/\/semmelweis.hu\/neurointervencio\/wp-json\/wp\/v2\/users\/102419"}],"replies":[{"embeddable":true,"href":"https:\/\/semmelweis.hu\/neurointervencio\/wp-json\/wp\/v2\/comments?post=407"}],"version-history":[{"count":1,"href":"https:\/\/semmelweis.hu\/neurointervencio\/wp-json\/wp\/v2\/pages\/407\/revisions"}],"predecessor-version":[{"id":409,"href":"https:\/\/semmelweis.hu\/neurointervencio\/wp-json\/wp\/v2\/pages\/407\/revisions\/409"}],"up":[{"embeddable":true,"href":"https:\/\/semmelweis.hu\/neurointervencio\/wp-json\/wp\/v2\/pages\/195"}],"wp:attachment":[{"href":"https:\/\/semmelweis.hu\/neurointervencio\/wp-json\/wp\/v2\/media?parent=407"}],"wp:term":[{"taxonomy":"category","embeddable":true,"href":"https:\/\/semmelweis.hu\/neurointervencio\/wp-json\/wp\/v2\/categories?post=407"},{"taxonomy":"post_tag","embeddable":true,"href":"https:\/\/semmelweis.hu\/neurointervencio\/wp-json\/wp\/v2\/tags?post=407"}],"curies":[{"name":"wp","href":"https:\/\/api.w.org\/{rel}","templated":true}]}}