{"id":344,"date":"2025-11-12T15:11:33","date_gmt":"2025-11-12T14:11:33","guid":{"rendered":"https:\/\/semmelweis.hu\/neurointervencio\/?page_id=344"},"modified":"2025-11-24T10:41:48","modified_gmt":"2025-11-24T09:41:48","slug":"agyi-vascularis-katasztrofak-intervencios-kezelese-i-okkluziv-korkepek","status":"publish","type":"page","link":"https:\/\/semmelweis.hu\/neurointervencio\/tanfolyamaink\/agyi-vascularis-katasztrofak-intervencios-kezelese-i-okkluziv-korkepek\/","title":{"rendered":"Agyi vascul\u00e1ris katasztr\u00f3f\u00e1k intervenci\u00f3s kezel\u00e9se I. &#8211; okkluziv k\u00f3rk\u00e9pek &#8211; 2026.03.20. (OFTEX)"},"content":{"rendered":"<p>&nbsp;<\/p>\n<div class=\"hidden-content\">\n<h4><b>Agyi vascul\u00e1ris katasztr\u00f3f\u00e1k intervenci\u00f3s kezel\u00e9se I. &#8211; okkluziv k\u00f3rk\u00e9pek<\/b><\/h4>\n<p><strong>A tanfolyam id\u0151pontja:<\/strong> 2026.m\u00e1rcius 20. ( p\u00e9ntek)<br \/>\n<strong>Helysz\u00edn:<\/strong>\u00a01145 Budapest, Laky Adolf utca 44\u201346. III. emelet, P\u00e1sztor Emil terem<br \/>\n<strong>R\u00e9szv\u00e9teli d\u00edj:<\/strong>\u00a019.000 Ft<br \/>\n<strong>OFTEX azonos\u00edt\u00f3:<\/strong> <b>SE-SZTOK\/2026.I.\/00210<\/b><\/p>\n<p>A tanfolyamon val\u00f3 r\u00e9szv\u00e9tel\u00a0<strong>el\u0151zetes regisztr\u00e1ci\u00f3hoz k\u00f6t\u00f6tt<\/strong>\u00a0az\u00a0<strong>OFTEX<\/strong> fel\u00fclet\u00e9n.<\/p>\n<p><a class=\"btn btn-secondary\" href=\"https:\/\/oftex.hu\/project_o\/actual_prg\/system\/launch.php?pg=.\/oftex\/TANF_Adatlap.php?msgid=92798&amp;tableid=0&amp;retcode=tanflist\" target=\"_blank\" rel=\"noopener\">jelentkez\u00e9s<\/a><\/p>\n<p>A tov\u00e1bbk\u00e9pz\u00e9s elv\u00e9gz\u00e9se eset\u00e9n\u00a0<b>12 kreditpont<\/b>\u00a0szerezhet\u0151 az al\u00e1bbi szakter\u00fcleteken szakvizsg\u00e1val rendelkez\u0151 orvosok sz\u00e1m\u00e1ra:<\/p>\n<ul>\n<li>aneszteziol\u00f3gia \u00e9s intenz\u00edv ter\u00e1pia<\/li>\n<li>h\u00e1ziorvostan<\/li>\n<li>idegseb\u00e9szet<\/li>\n<li>neurol\u00f3gia<\/li>\n<li>neuroradiol\u00f3gia<\/li>\n<li>oxyol\u00f3gia \u00e9s s\u00fcrg\u0151ss\u00e9gi orvostan<\/li>\n<li>rehabilit\u00e1ci\u00f3s medicina<\/li>\n<\/ul>\n<h3>El\u0151ad\u00e1sok<\/h3>\n<ul>\n<li>\n<p><b>Akut iszk\u00e9mi\u00e1s stroke k\u00e9palkot\u00f3diagnosztik\u00e1ja MI haszn\u00e1lat\u00e1val<\/b><br \/>\nDr. Szalm\u00e1s Orsolya szakorvos \u00e9s Dr. med. habil. Szikora Istv\u00e1n PhD.\u00a0<\/p>\n<\/li>\n<li>\n<p><strong>\u00a0Komplex k\u00e9palkot\u00e1s akut iszk\u00e9mi\u00e1s stroke-ban: CT perf\u00fazi\u00f3<br \/>\n<\/strong>Dr. Simony Zolt\u00e1n szakorvos \u00e9s Dr. Pozs\u00e1r Kinga<\/p>\n<\/li>\n<li>\n<p><strong>Komplex k\u00e9palkot\u00e1s akut iszk\u00e9mi\u00e1s stroke-ban: MR<br \/>\n<\/strong>Dr. Orosz P\u00e9ter szakorvos \u00e9s Dr. V\u00e1rallyay P\u00e9ter oszt\u00e1lyvezet\u0151 f\u0151orvos<\/p>\n<\/li>\n<li>\n<p><strong>k\u00e1v\u00e9sz\u00fcnet<br \/>\n<\/strong><\/p>\n<\/li>\n<li>\n<p>\u00a0<strong>A rekanaliz\u00e1ci\u00f3 intervenci\u00f3s m\u00f3dszerei<\/strong><br \/>\nDr. med. habil. Szikora Istv\u00e1n PhD.\u00a0<\/p>\n<\/li>\n<li>\n<p>\u00a0<strong>Akut rekanaliz\u00e1ci\u00f3 indik\u00e1c\u00f3ja \u00e9s eredm\u00e9nyei nagy\u00e9relz\u00e1r\u00f3d\u00e1s eset\u00e9n<\/strong><br \/>\nDr. K\u0151v\u00e1ri Zolt\u00e1n szakorvos<\/p>\n<\/li>\n<li>\n<p><strong>Akut rekanaliz\u00e1ci\u00f3 indik\u00e1c\u00f3ja \u00e9s eredm\u00e9nyei m\u00e1sod- \u00e9s harmadlagos \u00e9relz\u00e1r\u00f3d\u00e1s eset\u00e9n<\/strong><br \/>\nDr. Kondor M\u00e1t\u00e9 szakorvos<\/p>\n<\/li>\n<li>\n<p><strong>Akut rekanaliz\u00e1ci\u00f3 indik\u00e1c\u00f3ja \u00e9s eredm\u00e9nyei kiterjedt iszk\u00e9mia eset\u00e9n<\/strong><br \/>\nDr. B\u00f6jti P\u00e9ter\u00a0 P\u00e1l PhD. adjunktus<\/p>\n<\/li>\n<\/ul>\n<ul>\n<li>\n<p><strong>Akut rekanaliz\u00e1ci\u00f3 indik\u00e1c\u00f3ja \u00e9s eredm\u00e9nyei enyhe klinikum mellett<br \/>\n<\/strong>Dr. Czencz M\u00e1t\u00e9 szakorvos<\/p>\n<\/li>\n<li>\n<p><strong>Peri- \u00e9s postoperativ antitrombotikus ter\u00e1pia<\/strong><br \/>\n\u00a0dr. med.habil Nardai S\u00e1ndor PhD. tansz\u00e9kvezet\u0151 , egyetemi docens<\/p>\n<\/li>\n<li><strong>eb\u00e9dsz\u00fcnet<\/strong><\/li>\n<\/ul>\n<ul>\n<li><strong>Simus thrombozis: k\u00e9palkot\u00e1s \u00e9s intervenci\u00f3s ter\u00e1pia<br \/>\n<\/strong>Dr. Szalm\u00e1s Orsolya \u00e9s Dr. med. habil Nardai S\u00e1ndor PhD. tansz\u00e9kvezet\u0151 egyetemi docens<\/li>\n<\/ul>\n<ul>\n<li>\n<p><strong>Az idiopathi\u00e1s intracrani\u00e1lis hypertenzi\u00f3 k\u00f3reredete \u00e9s klinikuma<\/strong><br \/>\nDr. Orosz P\u00e9ter szakorvos \u00e9s Dr. Salomv\u00e1ry Beatrix szakorvos<\/p>\n<\/li>\n<li>\n<p>\u00a0<strong>Az idiopathi\u00e1s intracrani\u00e1lis hypertenzi\u00f3 k\u00e9palkot\u00f3 vizsg\u00e1lata \u00e9s intervenci\u00f3s kezel\u00e9se<\/strong><br \/>\nDr. Pozs\u00e1r Kinga szakorvos \u00e9s Dr. med. habil. Nardai S\u00e1ndor PhD. tansz\u00e9kvezet\u0151 egyetemi docens<\/p>\n<\/li>\n<li>\n<p>\u00a0<strong>Tanfolyam z\u00e1r\u00e1s<\/strong><\/p>\n<\/li>\n<\/ul>\n<\/div>\n","protected":false},"excerpt":{"rendered":"<p>Tanfolyamunkra az OFTEX fel\u00fclet\u00e9n lehet jelentkezni<\/p>\n","protected":false},"author":102419,"featured_media":0,"parent":195,"menu_order":3,"comment_status":"closed","ping_status":"closed","template":"","meta":{"_acf_changed":false,"footnotes":""},"categories":[3],"tags":[],"class_list":["post-344","page","type-page","status-publish","hentry","category-tanfolyamok"],"acf":[],"publishpress_future_action":{"enabled":false,"date":"1970-01-01 01:00:00","action":"","terms":[],"taxonomy":"","browser_timezone_offset":0},"_links":{"self":[{"href":"https:\/\/semmelweis.hu\/neurointervencio\/wp-json\/wp\/v2\/pages\/344","targetHints":{"allow":["GET"]}}],"collection":[{"href":"https:\/\/semmelweis.hu\/neurointervencio\/wp-json\/wp\/v2\/pages"}],"about":[{"href":"https:\/\/semmelweis.hu\/neurointervencio\/wp-json\/wp\/v2\/types\/page"}],"author":[{"embeddable":true,"href":"https:\/\/semmelweis.hu\/neurointervencio\/wp-json\/wp\/v2\/users\/102419"}],"replies":[{"embeddable":true,"href":"https:\/\/semmelweis.hu\/neurointervencio\/wp-json\/wp\/v2\/comments?post=344"}],"version-history":[{"count":10,"href":"https:\/\/semmelweis.hu\/neurointervencio\/wp-json\/wp\/v2\/pages\/344\/revisions"}],"predecessor-version":[{"id":395,"href":"https:\/\/semmelweis.hu\/neurointervencio\/wp-json\/wp\/v2\/pages\/344\/revisions\/395"}],"up":[{"embeddable":true,"href":"https:\/\/semmelweis.hu\/neurointervencio\/wp-json\/wp\/v2\/pages\/195"}],"wp:attachment":[{"href":"https:\/\/semmelweis.hu\/neurointervencio\/wp-json\/wp\/v2\/media?parent=344"}],"wp:term":[{"taxonomy":"category","embeddable":true,"href":"https:\/\/semmelweis.hu\/neurointervencio\/wp-json\/wp\/v2\/categories?post=344"},{"taxonomy":"post_tag","embeddable":true,"href":"https:\/\/semmelweis.hu\/neurointervencio\/wp-json\/wp\/v2\/tags?post=344"}],"curies":[{"name":"wp","href":"https:\/\/api.w.org\/{rel}","templated":true}]}}