{"id":29,"date":"2025-06-17T10:49:10","date_gmt":"2025-06-17T08:49:10","guid":{"rendered":"https:\/\/semmelweis.hu\/neurointervencio\/?page_id=29"},"modified":"2025-10-18T12:16:25","modified_gmt":"2025-10-18T10:16:25","slug":"kutatas","status":"publish","type":"page","link":"https:\/\/semmelweis.hu\/neurointervencio\/kutatas\/","title":{"rendered":"Rezidenseknek"},"content":{"rendered":"<h2>Szakorvos k\u00e9pz\u00e9s a Semmelweis Egyetem Stroke Centrum\u00e1ban<\/h2>\n<div class=\"keretes w-100\">\n<p>A Semmelweis Egyetem <strong>Neurointervenci\u00f3s Tansz\u00e9k\u00e9nek<\/strong> oktat\u00e1si b\u00e1zis\u00e1t jelent\u0151 <strong>Stroke Centrum<\/strong> az egyik legsokr\u00e9t\u0171bb gyakorlati terepet biztos\u00edtja az szakk\u00e9pz\u00e9sben r\u00e9sztvev\u0151 orvosok sz\u00e1m\u00e1ra. Az al\u00e1bbiakban szakter\u00fcletenk\u00e9nt bemutatjuk azokat az akkredit\u00e1lt gyakorlatokat, amelyeket k\u00f6zpontunkban lehet teljes\u00edteni, valamint azt is, hogy mi\u00e9rt \u00e9rdemes hozz\u00e1nk jelentkezni.<\/p>\n<h4><strong>Mi\u00e9rt \u00e9rdemes a Stroke Centrumot v\u00e1lasztani?<\/strong><\/h4>\n<ul>\n<li><strong>Interdiszciplin\u00e1ris k\u00f6rnyezet:<\/strong> szoros egy\u00fcttm\u0171k\u00f6d\u00e9s idegseb\u00e9szet, kardiol\u00f3gia, neurol\u00f3gia \u00e9s neuroradiol\u00f3gia ter\u00fclet\u00e9vel.<\/li>\n<li><strong>Nagy esetsz\u00e1m, val\u00f3di beteg\u00fat-\u00e9lm\u00e9ny:<\/strong> napi szinten akut ischaemi\u00e1s \u00e9s v\u00e9rz\u00e9ses stroke-ell\u00e1t\u00e1s.<\/li>\n<li><strong>T\u00e9nyleges gyakorlati k\u00e9pz\u00e9s:<\/strong> lehet\u0151s\u00e9g shadowingra, vizsg\u00e1latok, d\u00f6nt\u00e9sek k\u00f6vet\u00e9s\u00e9re.<\/li>\n<li><strong>Tudom\u00e1nyos h\u00e1tt\u00e9r:<\/strong> klinikai vizsg\u00e1latokba val\u00f3 bekapcsol\u00f3d\u00e1si lehet\u0151s\u00e9g.<\/li>\n<\/ul>\n<\/div>\n<div class=\"exp-col-content-holder\"><a class=\"expand-cnt-link\" href=\"#\"><strong>NEUROL\u00d3GIA<\/strong><\/a><\/p>\n<div class=\"hidden-content\">\n<p><strong>Let\u00f6lthet\u0151 gyakorlatok:<\/strong><\/p>\n<ul>\n<li>\u00c1ltal\u00e1nos neurol\u00f3giai oszt\u00e1lyos gyakorlat (13 h\u00f3nap)<\/li>\n<li>\u00c1ltal\u00e1nos neurol\u00f3giai ambulancia (3 h\u00f3nap)<\/li>\n<li>Cerebrovascularis betegseg gyakorlat (3,5 h\u00f3nap)<\/li>\n<li>S\u00fcrg\u0151ss\u00e9gi neurol\u00f3gia (3 h\u00f3nap)<\/li>\n<li>Neurosonol\u00f3gia (2 h\u00e9t)<\/li>\n<li>Neuroradiol\u00f3gia \/ neurointervenci\u00f3 (2 h\u00e9t)<\/li>\n<li>Stroke centrum specializ\u00e1lt gyakorlat (1 h\u00f3nap)<\/li>\n<\/ul>\n<p><strong>Az \u00e9rveink: <\/strong>A neurol\u00f3gus szakorvosjel\u00f6ltek n\u00e1lunk az orsz\u00e1g egyik legnagyobb stroke-betegforgalm\u00fa centrum\u00e1ban tanulhatnak. <strong>Teljesk\u00f6r\u0171 betekint\u00e9st<\/strong> nyernek az <strong>akut ell\u00e1t\u00e1st\u00f3l a korai rehabilit\u00e1ci\u00f3ig,<\/strong> mik\u00f6zben val\u00f3di multidiszciplin\u00e1ris csapat tagjak\u00e9nt dolgozhatnak.<\/p>\n<p>Meggy\u0151z\u0151d\u00e9s\u00fcnk, hogy a j\u00f6v\u0151 neurol\u00f3gusainak a k\u00e9pz\u00e9se nem k\u00e9pzelhet\u0151 el a neurointervenci\u00f3 ismeretanyag\u00e1nak \u00e1tad\u00e1sa n\u00e9lk\u00fcl, \u00edgy az akkredit\u00e1lt gyakorlataink mindegyike nyitva \u00e1ll a k\u00fcls\u0151 k\u00e9pz\u0151helyr\u0151l \u00e9rkez\u0151 szakorvosjel\u00f6ltek el\u0151tt!<\/p>\n<\/div>\n<\/div>\n<div class=\"exp-col-content-holder\"><a class=\"expand-cnt-link\" href=\"#\"><strong>OXYOL\u00d3GIA \u00c9S S\u00dcRG\u0150SS\u00c9GI ORVOSTAN<\/strong><\/a><\/p>\n<div class=\"hidden-content\">\n<p><strong>Let\u00f6lthet\u0151 gyakorlatok:<\/strong><\/p>\n<ul>\n<li>S\u00fcrg\u0151ss\u00e9gi neurol\u00f3giai oszt\u00e1lyos gyakorlat (1 h\u00f3nap)<\/li>\n<li>Stroke s\u00fcrg\u0151ss\u00e9gi els\u0151 ell\u00e1t\u00e1st is v\u00e9gz\u0151 oszt\u00e1lyos gyakorlat (1 h\u00f3nap)<\/li>\n<li>Neurol\u00f3giai\/stroke gyakorlat (2 h\u00f3nap)<\/li>\n<\/ul>\n<p><strong>Az \u00e9rveink: <\/strong>A stroke tipikusan &#8222;id\u0151-ablakos&#8221; s\u00fcrg\u0151ss\u00e9gi k\u00f3rk\u00e9p, ahol a gyors diagn\u00f3zis \u00e9s d\u00f6nt\u00e9s a beteg \u00e9let\u00e9t mentheti meg. Centrumunkban a s\u00fcrg\u0151ss\u00e9gi orvostanhallgat\u00f3k val\u00f3di \u00e9lethelyzetekben tanulhatj\u00e1k meg a <strong>stroke-ell\u00e1t\u00e1s dinamik\u00e1j\u00e1t, thrombol\u00edzis \u00e9s endovascularis stroke ter\u00e1pia pontos indik\u00e1ci\u00f3t a leg\u00fajabb evidenci\u00e1k alapj\u00e1n<\/strong>.<\/p>\n<\/div>\n<\/div>\n<div class=\"exp-col-content-holder\"><a class=\"expand-cnt-link\" href=\"#\"><strong>BELGY\u00d3GY\u00c1SZATI ANGIOL\u00d3GIA \u00c9S \u00c9RSEB\u00c9SZET<\/strong><\/a><\/p>\n<div class=\"hidden-content\">\n<p><strong>Let\u00f6lthet\u0151 gyakorlatok:<\/strong><\/p>\n<ul>\n<li>\n<p>Stroke oszt\u00e1lyos gyakorlat (1 h\u00f3nap)<\/p>\n<\/li>\n<\/ul>\n<p><strong>Az \u00e9rveink: <\/strong>A stroke \u00e9reredet\u0171 megbeteged\u00e9s, ahol a belgy\u00f3gy\u00e1szati \u00e9s \u00e9rseb\u00e9szeti szeml\u00e9let kulcsfontoss\u00e1g\u00fa. A gyakorlat sor\u00e1n a jel\u00f6ltek megismerkedhetnek a <strong>prevent\u00edv \u00e9rdiagnosztika, intervenci\u00f3 \u00e9s az ut\u00f3gondoz\u00e1s teljes spektrum\u00e1val.\u00a0<\/strong><\/p>\n<\/div>\n<\/div>\n<div class=\"exp-col-content-holder\"><a class=\"expand-cnt-link\" href=\"#\"><strong>GERI\u00c1TRIA<\/strong><\/a><\/p>\n<div class=\"hidden-content\">\n<p><strong>Let\u00f6lthet\u0151 gyakorlatok:<\/strong><\/p>\n<ul>\n<li>\n<p>Neurol\u00f3giai gyakorlat id\u0151s betegeken (2 h\u00f3nap)<\/p>\n<\/li>\n<\/ul>\n<p><strong>Ami\u00e9rt \u00e9rdemes: <\/strong>A stroke-betegek jelent\u0151s r\u00e9sze id\u0151skor\u00fa. A geri\u00e1triai szeml\u00e9let\u0171 ell\u00e1t\u00e1s a centrumban m<strong>agas szinten integr\u00e1lva van a h\u00e9tk\u00f6znapi m\u0171k\u00f6d\u00e9s\u00fcnkbe<\/strong>, lehet\u0151v\u00e9 t\u00e9ve a komplex, id\u0151s betegek multidiszciplin\u00e1ris gondoz\u00e1s\u00e1nak megismer\u00e9s\u00e9t.<\/p>\n<\/div>\n<\/div>\n<div class=\"exp-col-content-holder\"><a class=\"expand-cnt-link\" href=\"#\"><strong>H\u00c1ZIORVOSTAN<\/strong><\/a><\/p>\n<div class=\"hidden-content\">\n<p><strong>Let\u00f6lthet\u0151 gyakorlatok:<\/strong><\/p>\n<ul>\n<li>\n<p>Neurol\u00f3gia alapk\u00e9pz\u00e9s (1 h\u00f3nap, szakrendel\u00e9s minimum 2 h\u00e9t)<\/p>\n<\/li>\n<\/ul>\n<p><strong>Ami\u00e9rt \u00e9rdemes:<\/strong> A h\u00e1ziorvos szerepe kulcsfontoss\u00e1g\u00fa a stroke megel\u0151z\u00e9s\u00e9ben \u00e9s felismer\u00e9s\u00e9ben. Gyakorlataink seg\u00edtenek abban, hogy a <strong>jel\u00f6ltek magabiztosan ismerj\u00e9k fel a neurol\u00f3giai t\u00fcnet h\u00e1tter\u00e9t<\/strong> \u00e9s megtanulj\u00e1k az optim\u00e1lis <strong>betegir\u00e1ny\u00edt\u00e1si \u00fatvonalakat.<\/strong><\/p>\n<\/div>\n<\/div>\n<div class=\"exp-col-content-holder\"><a class=\"expand-cnt-link\" href=\"#\"><strong>RADIOL\u00d3GIA<\/strong><\/a><\/p>\n<div class=\"hidden-content\">\n<p><strong>Let\u00f6lthet\u0151 gyakorlatok:<\/strong><\/p>\n<ul>\n<li>\n<p><a>intervenci\u00f3s radiol\u00f3gia<\/a> (1,5 h\u00f3nap)<\/p>\n<\/li>\n<\/ul>\n<\/div>\n<\/div>\n<div class=\"exp-col-content-holder\"><a class=\"expand-cnt-link\" href=\"#\"><strong>REHABILIT\u00c1CI\u00d3S MEDICINA<\/strong><\/a><\/p>\n<div class=\"hidden-content\">\n<p><strong>Let\u00f6lthet\u0151 gyakorlatok:<\/strong><\/p>\n<ul>\n<li>\n<p>Akut Stroke kezel\u00e9s, etol\u00f3giakutat\u00e1s \u00e9s korai rehabilit\u00e1ci\u00f3 (4 h\u00f3nap)<\/p>\n<\/li>\n<\/ul>\n<p><strong>Ami\u00e9rt \u00e9rdemes: <\/strong>A stroke ut\u00e1ni rehabilit\u00e1ci\u00f3 sikeress\u00e9ge a korai \u00e9s komplex ell\u00e1t\u00e1son m\u00falik. Centrumunkban <br \/>\na gyakorlat r\u00e9sze a fizioter\u00e1pi\u00e1s, logop\u00e9diai \u00e9s pszichol\u00f3giai rehabilit\u00e1ci\u00f3s szakemberekkel val\u00f3 szoros teammunka, ugyanakkor a szakorvosjel\u00f6ltek <strong>betekint\u00e9st nyerhetnek a stroke hiperakut ell\u00e1t\u00e1s\u00e1ba<\/strong> is, amely egy rehabilit\u00e1ci\u00f3s oszt\u00e1lyon is nagyon hasznos tud\u00e1st jelenthet egy ki\u00fajul\u00f3 stroke akut ell\u00e1t\u00e1sa sor\u00e1n.<\/p>\n<\/div>\n<\/div>\n<div class=\"exp-col-content-holder\"><a class=\"expand-cnt-link\" href=\"#\"><strong>SZEM\u00c9SZET<\/strong><\/a><\/p>\n<div class=\"hidden-content\">\n<p><strong>Let\u00f6lthet\u0151 gyakorlatok:<\/strong><\/p>\n<ul>\n<li>\n<p>Neurol\u00f3giai \u00e9s neuroradiol\u00f3giai k\u00e9palkot\u00f3 vizsg\u00e1latok (3 h\u00e9t)<\/p>\n<\/li>\n<\/ul>\n<p><strong>Az \u00e9rveink: <\/strong>Sz\u00e1mos neurol\u00f3giai k\u00f3rk\u00e9p j\u00e1r szem\u00e9szeti panasszal. A gyakorlat sor\u00e1n a szem\u00e9sz rezidensek megtanulhatj\u00e1k, mikor \u00e9s hogyan kell neurol\u00f3giai ir\u00e1nyba tov\u00e1bbl\u00e9pni. K\u00fcl\u00f6n \u00e9rt\u00e9ke ennek a gyakorlatnak, hogy centrumunk nagy sz\u00e1mban l\u00e1t el olyan ritka <strong>vascularis k\u00f3rk\u00e9peket<\/strong> (si<strong>nus cavernosus duralis AV fistula, Sinus thrombosis, Idiopathi\u00e1s Intracrani\u00e1lis Hypertensio<\/strong>), amelyek komoly differenci\u00e1ldiagnosztikai kih\u00edv\u00e1st jelentenek a szem\u00e9szeti gyakorlatban, de ritkas\u00e1guk miatt m\u00e1shol \u00e9l\u0151ben szinte soha nem vizsg\u00e1lhat\u00f3ak.<\/p>\n<\/div>\n<\/div>\n<div class=\"exp-col-content-holder\"><a class=\"expand-cnt-link\" href=\"#\"><strong>IDEGSEB\u00c9SZET<\/strong><\/a><\/p>\n<div class=\"hidden-content\">\n<p><strong>Let\u00f6lthet\u0151 gyakorlatok:<\/strong><\/p>\n<ul>\n<li>Neuroanat\u00f3miai \u00e9s neurol\u00f3giai alapgyakorlat (4 h\u00f3nap)<\/li>\n<\/ul>\n<p><strong>Ami\u00e9rt \u00e9rdemes: <\/strong>Az idegseb\u00e9sz szakorvosjel\u00f6ltek sz\u00e1m\u00e1ra k\u00fcl\u00f6n\u00f6sen hasznos, hogy olyan k\u00f6rnyezetben dolgozhatnak, ahol a neurol\u00f3giai, k\u00e9palkot\u00f3 \u00e9s intervenci\u00f3s ismeretek egym\u00e1st er\u0151s\u00edtik. A Stroke Centrum ide\u00e1lis hely az <strong>agyi \u00e9rrendszeri betegs\u00e9gek ell\u00e1t\u00e1s\u00e1nak gyakorlati elsaj\u00e1t\u00edt\u00e1s\u00e1hoz<\/strong>.<\/p>\n<\/div>\n<\/div>\n<div class=\"keretes w-100\">\n<p>&nbsp;<\/p>\n<p><strong>K\u00e9pz\u00e9sfelel\u0151s: Kaszai-Nagy N\u00f3ra<\/strong><\/p>\n<p>\u2709\ufe0f Email: edu.neurointervencio.amerikaiut@semmelweis.hu<\/p>\n<p>\ud83d\udcde Tel: +36-30-877-3994<\/p>\n<\/div>\n","protected":false},"excerpt":{"rendered":"<p>Szakorvos k\u00e9pz\u00e9s a Semmelweis Egyetem Stroke Centrum\u00e1ban A Semmelweis Egyetem Neurointervenci\u00f3s Tansz\u00e9k\u00e9nek oktat\u00e1si b\u00e1zis\u00e1t jelent\u0151 Stroke Centrum az egyik legsokr\u00e9t\u0171bb gyakorlati terepet biztos\u00edtja az szakk\u00e9pz\u00e9sben r\u00e9sztvev\u0151 orvosok sz\u00e1m\u00e1ra. Az al\u00e1bbiakban szakter\u00fcletenk\u00e9nt bemutatjuk azokat az akkredit\u00e1lt gyakorlatokat, amelyeket k\u00f6zpontunkban lehet teljes\u00edteni, valamint azt is, hogy mi\u00e9rt \u00e9rdemes hozz\u00e1nk jelentkezni. Mi\u00e9rt \u00e9rdemes a Stroke Centrumot v\u00e1lasztani? Interdiszciplin\u00e1ris &hellip;<\/p>\n","protected":false},"author":102502,"featured_media":0,"parent":0,"menu_order":3,"comment_status":"closed","ping_status":"closed","template":"","meta":{"_acf_changed":false,"footnotes":""},"categories":[],"tags":[],"class_list":["post-29","page","type-page","status-publish","hentry"],"acf":[],"publishpress_future_action":{"enabled":false,"date":"1970-01-01 01:00:00","action":"","terms":[],"taxonomy":"","browser_timezone_offset":0},"_links":{"self":[{"href":"https:\/\/semmelweis.hu\/neurointervencio\/wp-json\/wp\/v2\/pages\/29","targetHints":{"allow":["GET"]}}],"collection":[{"href":"https:\/\/semmelweis.hu\/neurointervencio\/wp-json\/wp\/v2\/pages"}],"about":[{"href":"https:\/\/semmelweis.hu\/neurointervencio\/wp-json\/wp\/v2\/types\/page"}],"author":[{"embeddable":true,"href":"https:\/\/semmelweis.hu\/neurointervencio\/wp-json\/wp\/v2\/users\/102502"}],"replies":[{"embeddable":true,"href":"https:\/\/semmelweis.hu\/neurointervencio\/wp-json\/wp\/v2\/comments?post=29"}],"version-history":[{"count":10,"href":"https:\/\/semmelweis.hu\/neurointervencio\/wp-json\/wp\/v2\/pages\/29\/revisions"}],"predecessor-version":[{"id":347,"href":"https:\/\/semmelweis.hu\/neurointervencio\/wp-json\/wp\/v2\/pages\/29\/revisions\/347"}],"wp:attachment":[{"href":"https:\/\/semmelweis.hu\/neurointervencio\/wp-json\/wp\/v2\/media?parent=29"}],"wp:term":[{"taxonomy":"category","embeddable":true,"href":"https:\/\/semmelweis.hu\/neurointervencio\/wp-json\/wp\/v2\/categories?post=29"},{"taxonomy":"post_tag","embeddable":true,"href":"https:\/\/semmelweis.hu\/neurointervencio\/wp-json\/wp\/v2\/tags?post=29"}],"curies":[{"name":"wp","href":"https:\/\/api.w.org\/{rel}","templated":true}]}}