{"id":233,"date":"2025-08-26T13:53:58","date_gmt":"2025-08-26T11:53:58","guid":{"rendered":"https:\/\/semmelweis.hu\/neurointervencio\/?page_id=233"},"modified":"2025-10-01T08:57:10","modified_gmt":"2025-10-01T06:57:10","slug":"vascular-neurology-and-neurointervention","status":"publish","type":"page","link":"https:\/\/semmelweis.hu\/neurointervencio\/english\/vascular-neurology-and-neurointervention\/","title":{"rendered":"Vascular Neurology and Neurointervention"},"content":{"rendered":"<h1>Vascular Neurology and Neurointervention<\/h1>\n<div class=\"keretes w-100\">\n<p><strong>Credit value:\u00a0 \u00a0<\/strong>3<strong><br \/>\n<\/strong><strong>Semester:\u00a0 \u00a0 <\/strong>7-10 <em>(as defined in the curriculum)<\/em><strong><em><br \/>\n<\/em><\/strong><strong>Total number of classes \/ week:\u00a0\u00a0\u00a0\u00a0 <\/strong>3<br \/>\n<strong>Type of subject: <\/strong>elective<strong><br \/>\n<\/strong><strong>Course coordinator: <\/strong>S\u00e1ndor Nardai MD. PhD<br \/>\n<strong>\u00a0 <em>\u00a0Place of work: <\/em><\/strong><em>SE- Department of Neurosurgery and Neurointervention, Division of Neurointervention<\/em><br \/>\n<em><strong>\u00a0 \u00a0Position: <\/strong>Head of the Division of Neurointervention<\/em><\/p>\n<\/div>\n<h3>Objectives of the course and its place in the medical curriculum:<\/h3>\n<p>The purpose of the course is to introduce the dynamically developing methods for diagnosis and treatment of neurovascular disease, illustrated by case demonstrations. Minimally invasive treatment of both ischemic and hemorrhagic stroke is becoming more and more significant by the day and is expected to growth further in the coming years. This evolution generated an increased need for proper understanding of these conditions by the general medical community to secure timely diagnosis and proper patient orientation<\/p>\n<p><strong>Department of Neurosurgery, <\/strong>SE- Department of Neurosurgery and Neurointervention, 1145 Laky Adolf Street 44-46. Emil P\u00e1sztor Lecture Hall.<\/p>\n<h3>Competencies acquired through the completion of the course:<\/h3>\n<p>By the end of the course, students will be able to determine the optimal diagnostic strategy, choose the most appropriate therapeutic method and understand the expected outcome of invasive and conservative therapeutic approach<\/p>\n<h3>Prerequisites for course registration and completion:<\/h3>\n<p>Macroscopic Anatomy and Embryology II. <br \/>\nTranslational Medicine \u2013 Pathophysiology II.<br \/>\nMedical Imaging <br \/>\nEmergency Medicine and Oxyology <br \/>\nPermission to take parallel application in the case of Emergency Medicine and Oxyology subject<\/p>\n<h3>Detailed course description:<\/h3>\n<h6>Theoretic foundations &#8211; 2025.10.02., 14:00-18.00<\/h6>\n<ul>\n<li><strong data-start=\"40\" data-end=\"78\">Aneurysmal Subarachnoid Hemorrhage<\/strong> \u2013 <strong>Dr. Aldea Cristina<\/strong><br \/>\n&#8211; epidemiology, pathophysiology, and natural course<br \/>\n-diagnostics, primary and secondary prevention<br \/>\n&#8211; principles of establishing therapeutic indications<\/li>\n<li><strong data-start=\"275\" data-end=\"319\">Surgical Treatment of Cerebral Aneurysms<\/strong> <strong>Dr. G\u00e1bor Nagy<\/strong>,<br \/>\n&#8211; surgical indications, interdisciplinary decision-making<br \/>\n&#8211; surgical methods, outcomes<\/li>\n<li><strong data-start=\"444\" data-end=\"492\">Endovascular Treatment of Cerebral Aneurysms<\/strong>\u00a0<strong>Dr. S\u00e1ndor Nardai<\/strong><br \/>\n-surgical indications, interdisciplinary decision-making<br \/>\n-surgical methods, outcomes<\/li>\n<li data-start=\"588\" data-end=\"618\"><strong data-start=\"620\" data-end=\"691\">Aneurysms \u2013 Case Presentations and Simulator-Based Seminar Training<\/strong> <strong>Dr. S\u00e1ndor Nardai,<\/strong>\n<\/li>\n<\/ul>\n<h6>Aneurysms -2025.11.06., 14:00-18.00<\/h6>\n<ul>\n<li><strong>Functional and radiological neurovascular anatomy<\/strong> \u2013\u00a0<b>S\u00e1ndor Nardai MD, PhD, med.habil\u00a0<\/b><br \/>\n&#8211; <span data-olk-copy-source=\"MessageBody\">Cerebral arterial system<\/span><br \/>\n&#8211; <span data-olk-copy-source=\"MessageBody\">Cerebral venous system and cerebral sinuses, spinal arterial system<\/span><\/li>\n<li><strong>Pathophysiology of the cerebrovascular diseases<\/strong> \u2013\u00a0<b>Prof. emeritus Zolt\u00e1n Nagy<\/b><br \/>\n&#8211; <span data-olk-copy-source=\"MessageBody\">Ischemic core and penumbra, basic concepts of cerebral reperfusion therapy<\/span><br \/>\n&#8211; <span data-olk-copy-source=\"MessageBody\">Reperfusion injury of the blood-brain barrier\u00a0\u00a0<br \/>\n<\/span>&#8211;<span data-olk-copy-source=\"MessageBody\">The effect of venous drainage on cerebral function<\/span><\/li>\n<li><strong>Cross-sectional imaging methods in neurovascular disease<\/strong> \u2013\u00a0<b>P\u00e9ter V\u00e1rallyay, MD, PhD.\u00a0<\/b><br \/>\n&#8211; <span data-olk-copy-source=\"MessageBody\">CT, CTA<\/span><br \/>\n&#8211; <span data-olk-copy-source=\"MessageBody\">MR, MRA<\/span><br \/>\n&#8211;<span data-olk-copy-source=\"MessageBody\">Perfusion studies<\/span><\/li>\n<li><strong>Case-based discussion, case demonstration<br \/>\n&#8211;<\/strong>CT and MRI stroke protocol \u2013\u00a0P\u00e9ter V\u00e1rallyay, MD PhD<strong><br \/>\n&#8211;<\/strong>Catheter angiography \u2013 P\u00e9ter P\u00e1l B\u00f6jti, MD, PhD<strong><\/p>\n<p><\/strong><\/li>\n<\/ul>\n<h6>\u00a0Ischemic stroke -2025.11.27., 14:00-18.00<\/h6>\n<ul>\n<li><strong>Acute ischemic stroke Dr. Mate Czencz<\/strong> <br \/>\n&#8211; Etiology &#8211; Symptoms, <br \/>\n&#8211; NIHSS scale: <br \/>\n&#8211; systemic thrombolysis: indicaitions, contraindications <br \/>\n&#8211; Rehabalitation and secondary prevention<\/li>\n<li><strong>Endovascular treatment of acute ischemic stroke Dr. Mate Kondor<\/strong> <br \/>\n&#8211; Imaging studies and interpretation <br \/>\n&#8211; Endovascular revascularization techniques <br \/>\n&#8211; Results of endovascular revascularization<\/li>\n<li><strong>Treatment of vascular diseases of the neck Dr. Zsolt Berentei<\/strong> <br \/>\n&#8211; The role of vascular surgery and endovascular interventions<\/li>\n<li><strong>NIHSS scale, subITO, Dr. Mate Czencz\/Dr. Mate Kondor\/Dr. Adam Medvigy<\/strong><\/li>\n<\/ul>\n<h6><span style=\"color: #000000\">\u00a0Vascular malformations and venous disease \u2013 2025.12.04., 14:00-18.00<\/span><\/h6>\n<ul>\n<li><strong>Intracranial vascular malformations : Dr. Istv\u00e1n Szikora PhD.<\/strong> <br \/>\n&#8211; classification, pathology, diagnostics, treatment options <br \/>\n&#8211; Micro-neurosurgical treatment <br \/>\n&#8211; Radiosurgical treatment. <br \/>\n&#8211; Endovascular treatment<\/li>\n<li><strong>Dural arteriovenous fistulae: etiology, pathogenesis, imaging, treatment. Dr. S\u00e1ndor Nardai<\/strong><\/li>\n<li><strong>Endovascular treatment of the diseases of cerebral veins and sinuses Dr. Akos Kornfeld<\/strong> <br \/>\n&#8211; Treatment of pseudotumor cerebri by sinus stenting <br \/>\n&#8211; Hemodynamic and therapeutic effects of sinus thrombectomy<\/li>\n<li><strong>Practical exam<\/strong><\/li>\n<\/ul>\n<h3>List of course books, textbooks, study aids and literature facilitating the acquisition of knowledge<\/h3>\n<p>to complete the course and included in the assessment, precisely indicating which requirement<br \/>\neach item is related to (e.g., topic by topic) as well as a list of important technical and other applicable study aids:<\/p>\n<ul>\n<li>\u00a0<a href=\"https:\/\/semmelweis.hu\/idegsebeszet\/oktatas\/neurointervencios-tanszeki-csoport\/neurovascularis-korkepek-diagnosztikaja-es-minimalisan-invaziv-kezelese-eloadas-anyagok\/\" target=\"_blank\" rel=\"noopener\">online notes\u00a0<\/a><\/li>\n<li>S. Goldberg: Clinical Neuroanatomy Made Ridiculously Simple<\/li>\n<li>\u00a0M. Forsting: Intracranial Vascular Malformations and Aneurysms<\/li>\n<li>\u00a0J. Byrne: Tutorials in Endovascular Neurosurgery and Interventional Neuroradiology<\/li>\n<\/ul>\n","protected":false},"excerpt":{"rendered":"<p>Vascular Neurology and Neurointervention Credit value:\u00a0 \u00a03 Semester:\u00a0 \u00a0 7-10 (as defined in the curriculum) Total number of classes \/ week:\u00a0\u00a0\u00a0\u00a0 3 Type of subject: elective Course coordinator: S\u00e1ndor Nardai MD. PhD \u00a0 \u00a0Place of work: SE- Department of Neurosurgery and Neurointervention, Division of Neurointervention \u00a0 \u00a0Position: Head of the Division of Neurointervention Objectives of &hellip;<\/p>\n","protected":false},"author":102419,"featured_media":0,"parent":140,"menu_order":0,"comment_status":"closed","ping_status":"closed","template":"template-fullwidth.php","meta":{"_acf_changed":false,"footnotes":""},"categories":[],"tags":[],"class_list":["post-233","page","type-page","status-publish","hentry"],"acf":[],"publishpress_future_action":{"enabled":false,"date":"1970-01-01 01:00:00","action":"","terms":[],"taxonomy":"","browser_timezone_offset":0},"_links":{"self":[{"href":"https:\/\/semmelweis.hu\/neurointervencio\/wp-json\/wp\/v2\/pages\/233","targetHints":{"allow":["GET"]}}],"collection":[{"href":"https:\/\/semmelweis.hu\/neurointervencio\/wp-json\/wp\/v2\/pages"}],"about":[{"href":"https:\/\/semmelweis.hu\/neurointervencio\/wp-json\/wp\/v2\/types\/page"}],"author":[{"embeddable":true,"href":"https:\/\/semmelweis.hu\/neurointervencio\/wp-json\/wp\/v2\/users\/102419"}],"replies":[{"embeddable":true,"href":"https:\/\/semmelweis.hu\/neurointervencio\/wp-json\/wp\/v2\/comments?post=233"}],"version-history":[{"count":10,"href":"https:\/\/semmelweis.hu\/neurointervencio\/wp-json\/wp\/v2\/pages\/233\/revisions"}],"predecessor-version":[{"id":336,"href":"https:\/\/semmelweis.hu\/neurointervencio\/wp-json\/wp\/v2\/pages\/233\/revisions\/336"}],"up":[{"embeddable":true,"href":"https:\/\/semmelweis.hu\/neurointervencio\/wp-json\/wp\/v2\/pages\/140"}],"wp:attachment":[{"href":"https:\/\/semmelweis.hu\/neurointervencio\/wp-json\/wp\/v2\/media?parent=233"}],"wp:term":[{"taxonomy":"category","embeddable":true,"href":"https:\/\/semmelweis.hu\/neurointervencio\/wp-json\/wp\/v2\/categories?post=233"},{"taxonomy":"post_tag","embeddable":true,"href":"https:\/\/semmelweis.hu\/neurointervencio\/wp-json\/wp\/v2\/tags?post=233"}],"curies":[{"name":"wp","href":"https:\/\/api.w.org\/{rel}","templated":true}]}}