{"id":230,"date":"2025-09-30T09:51:06","date_gmt":"2025-09-30T07:51:06","guid":{"rendered":"https:\/\/semmelweis.hu\/neurointervencio\/?page_id=230"},"modified":"2025-09-30T15:18:16","modified_gmt":"2025-09-30T13:18:16","slug":"szakmai-gyakorlat","status":"publish","type":"page","link":"https:\/\/semmelweis.hu\/neurointervencio\/oktatas\/szakmai-gyakorlat\/","title":{"rendered":"Szakmai gyakorlat"},"content":{"rendered":"<div class=\"keretes w-100\">\n<h6><strong><span style=\"color: #ff6600\">Figyelem:<\/span> <\/strong>a Neurointervenci\u00f3s Tansz\u00e9ken t\u00f6lt\u00f6tt gyakorlat alatt k\u00e9rj\u00fck az al\u00e1bbiak betart\u00e1s\u00e1t:<\/h6>\n<p style=\"padding-left: 40px\">\u00c9rkez\u00e9s: <strong>08:30<\/strong> A \u00e9p\u00fclet (r\u00e9gi \u00e9p\u00fcletsz\u00e1rny) II. emelet <strong>K\u00f6nyvt\u00e1r &#8211;\u00a0<\/strong><\/p>\n<p style=\"padding-left: 40px\">Ruh\u00e1zat a gyakorlati elemekhez: <strong>k\u00f6peny<\/strong>, <strong>z\u00e1rt v\u00e1lt\u00f3 cip\u0151<\/strong> ( Nem utcai!)<\/p>\n<\/div>\n<h5>Oktat\u00e1si k\u00e9rd\u00e9sek eset\u00e9n kereshet\u0151:<\/h5>\n<p>Telefon: +36-30-877-3994<br \/>\nE-mail: <a href=\"mailto:edu.neurointervencio.amerikaiut@semmelweis.hu\">edu.neurointervencio.amerikaiut@semmelweis.hu<\/a><\/p>\n<h2 style=\"text-align: center\">V. \u00e9ves\u00a0 neurointervenci\u00f3val kapcsolatos el\u0151ad\u00e1sok<\/h2>\n<p style=\"text-align: left\"><em><strong>8:30-t\u00f3l<\/strong> az Idegseb\u00e9szeti Tansz\u00e9k el\u0151ad\u00e1saival kezd\u0151dik a gyakorlat<\/em><\/p>\n<hr \/>\n<p><strong>10:30-11:15 &#8211; <\/strong>K\u00f6zponti idegrendszeri \u00e9rbetegs\u00e9gek diagnosztik\u00e1ja, intervenci\u00f3s \u00e9s idegseb\u00e9szeti\u00a0 kezel\u00e9se<strong><br \/>\n<\/strong>Iscaemi\u00e1s Stroke I. &#8211; el\u0151ad\u00e1s<\/p>\n<p>sz\u00fcnet<\/p>\n<hr \/>\n<p><strong>11:30-12:15 &#8211; <\/strong>Ischaemi\u00e1s stroke II.\u00a0 &#8211; gyakorlat<\/p>\n<p>eb\u00e9dsz\u00fcnet<\/p>\n<hr \/>\n<p><strong>13:00-13:45 &#8211; <\/strong>A k\u00f6zponti idegrendszeri \u00e9rbetegs\u00e9gek diagnosztik\u00e1ja, intervenci\u00f3s \u00e9s idegseb\u00e9szeti kezel\u00e9se &#8211; V\u00e9rz\u00e9ses stroke I. &#8211; el\u0151ad\u00e1s<\/p>\n<p>sz\u00fcnet<\/p>\n<hr \/>\n<p><strong>14:00-14:45 &#8211; <\/strong>V\u00e9rz\u00e9ses Stroke II.\u00a0 &#8211; gyakorlat<\/p>\n<p>sz\u00fcnet<\/p>\n<hr \/>\n<p><strong>15:00-15:45 &#8211; <\/strong>Betegvizsg\u00e1lat, esetelemz\u00e9s<\/p>\n<p>&nbsp;<\/p>\n<h3 style=\"text-align: center\">El\u0151ad\u00e1sok id\u0151pontja<\/h3>\n<table style=\"border-collapse: collapse;width: 100%\">\n<thead>\n<tr>\n<td>id\u0151pontok (cs\u00fct\u00f6rt\u00f6k)<\/td>\n<td>csoportok\u00a0\u00a0<\/td>\n<\/tr>\n<\/thead>\n<tbody>\n<tr>\n<td>2025.09.18.<\/td>\n<td>\u00a07-8. csoport<\/td>\n<\/tr>\n<tr>\n<td><em>okt\u00f3ber- november<\/em><\/td>\n<td><em>nincs<\/em><\/td>\n<\/tr>\n<tr>\n<td>2025.12.18.<\/td>\n<td>11-12.csoport<\/td>\n<\/tr>\n<tr>\n<td>2026.01.29.<\/td>\n<td>13-14. csoport<\/td>\n<\/tr>\n<tr>\n<td>2026.02.26.<\/td>\n<td>15-16. csoport<\/td>\n<\/tr>\n<tr>\n<td>2026.03.26.<\/td>\n<td>1-2. csoport<\/td>\n<\/tr>\n<tr>\n<td><em>\u00e1prilis<\/em><\/td>\n<td><em>nincs<\/em><\/td>\n<\/tr>\n<tr>\n<td>2026.05.07.<\/td>\n<td>3-4. csoport<\/td>\n<\/tr>\n<tr>\n<td>2026.06.18.<\/td>\n<td>5-6. csoport<\/td>\n<\/tr>\n<\/tbody>\n<\/table>\n","protected":false},"excerpt":{"rendered":"<p>Figyelem: a Neurointervenci\u00f3s Tansz\u00e9ken t\u00f6lt\u00f6tt gyakorlat alatt k\u00e9rj\u00fck az al\u00e1bbiak betart\u00e1s\u00e1t: \u00c9rkez\u00e9s: 08:30 A \u00e9p\u00fclet (r\u00e9gi \u00e9p\u00fcletsz\u00e1rny) II. emelet K\u00f6nyvt\u00e1r &#8211;\u00a0 Ruh\u00e1zat a gyakorlati elemekhez: k\u00f6peny, z\u00e1rt v\u00e1lt\u00f3 cip\u0151 ( Nem utcai!) Oktat\u00e1si k\u00e9rd\u00e9sek eset\u00e9n kereshet\u0151: Telefon: +36-30-877-3994 E-mail: <a href=\"mailto:edu.neurointervencio.amerikaiut@semmelweis.hu\">edu.neurointervencio.amerikaiut@semmelweis.hu<\/a> V. \u00e9ves\u00a0 neurointervenci\u00f3val kapcsolatos el\u0151ad\u00e1sok 8:30-t\u00f3l az Idegseb\u00e9szeti Tansz\u00e9k el\u0151ad\u00e1saival kezd\u0151dik a gyakorlat 10:30-11:15 &#8211; K\u00f6zponti &hellip;<\/p>\n","protected":false},"author":102419,"featured_media":0,"parent":25,"menu_order":0,"comment_status":"closed","ping_status":"closed","template":"template-fullwidth.php","meta":{"_acf_changed":false,"footnotes":""},"categories":[],"tags":[],"class_list":["post-230","page","type-page","status-publish","hentry"],"acf":[],"publishpress_future_action":{"enabled":false,"date":"1970-01-01 01:00:00","action":"","terms":[],"taxonomy":"","browser_timezone_offset":0},"_links":{"self":[{"href":"https:\/\/semmelweis.hu\/neurointervencio\/wp-json\/wp\/v2\/pages\/230","targetHints":{"allow":["GET"]}}],"collection":[{"href":"https:\/\/semmelweis.hu\/neurointervencio\/wp-json\/wp\/v2\/pages"}],"about":[{"href":"https:\/\/semmelweis.hu\/neurointervencio\/wp-json\/wp\/v2\/types\/page"}],"author":[{"embeddable":true,"href":"https:\/\/semmelweis.hu\/neurointervencio\/wp-json\/wp\/v2\/users\/102419"}],"replies":[{"embeddable":true,"href":"https:\/\/semmelweis.hu\/neurointervencio\/wp-json\/wp\/v2\/comments?post=230"}],"version-history":[{"count":10,"href":"https:\/\/semmelweis.hu\/neurointervencio\/wp-json\/wp\/v2\/pages\/230\/revisions"}],"predecessor-version":[{"id":328,"href":"https:\/\/semmelweis.hu\/neurointervencio\/wp-json\/wp\/v2\/pages\/230\/revisions\/328"}],"up":[{"embeddable":true,"href":"https:\/\/semmelweis.hu\/neurointervencio\/wp-json\/wp\/v2\/pages\/25"}],"wp:attachment":[{"href":"https:\/\/semmelweis.hu\/neurointervencio\/wp-json\/wp\/v2\/media?parent=230"}],"wp:term":[{"taxonomy":"category","embeddable":true,"href":"https:\/\/semmelweis.hu\/neurointervencio\/wp-json\/wp\/v2\/categories?post=230"},{"taxonomy":"post_tag","embeddable":true,"href":"https:\/\/semmelweis.hu\/neurointervencio\/wp-json\/wp\/v2\/tags?post=230"}],"curies":[{"name":"wp","href":"https:\/\/api.w.org\/{rel}","templated":true}]}}