{"id":195,"date":"2025-08-15T11:16:43","date_gmt":"2025-08-15T09:16:43","guid":{"rendered":"https:\/\/semmelweis.hu\/neurointervencio\/?page_id=195"},"modified":"2025-11-24T11:27:32","modified_gmt":"2025-11-24T10:27:32","slug":"tanfolyamaink","status":"publish","type":"page","link":"https:\/\/semmelweis.hu\/neurointervencio\/tanfolyamaink\/","title":{"rendered":"Tanfolyamaink"},"content":{"rendered":"<style>\n           #page-grid .card-body > .line-clamp-box.excerpt{\n        width: inherit;\n        max-width: inherit;\n        display:flex;\n        min-height: 2.4em;\n        flex-direction: column;\n        justify-content: space-around;\n        background-color: #D6E4EA;\n        min-height: 3.4rem;\n        font-family: \"Montserrat\", sans-serif;\n    }\n\n    #page-grid a:hover .card-body > .line-clamp-box.excerpt {\n        background-color: #fff;\n        color: #313B40;\n    }\n\n    #page-grid .card-body .line-clamp-box.excerpt section{\n        max-width: inherit;\n        display: -webkit-box;\n        -webkit-line-clamp: 2;\n        -webkit-box-orient: vertical;\n        overflow: hidden;\n        text-overflow: ellipsis;\n        hyphens: auto;\n        margin: auto;\n        \n    }\n    .line-clamp-box.excerpt section, .line-clamp-box.excerpt section p{\n        font-size:0.8em;\n    }\n    \n<\/style>\n    <section id=\"page-grid\">\n        \n        <div class=\"row row-cols-1 row-cols-md-2 row-cols-lg-2 no-gutters mx-0 \">    <div class =\"col  mb-2 card-wrapper\">\n        <a class=\"d-flex flex-fill card-link-warapper m-md-1\" href=\"https:\/\/semmelweis.hu\/neurointervencio\/tanfolyamaink\/semmelweis-intervencios-es-vascularis-neurologiai-kalandozasok-se-ink-2025-12-18\/\">\n            <div class=\"card border border-secondary se-border flex-fill\">\n                <div class=\"row no-gutters mx-0 d-flex flex-nowrap flex-md-wrap align-items-center\">\n                    <div class =\"  col-5 col-md-12  d-none  d-md-none d-md-none  bg-image  card-image justify-content-center\">\n                        <img class='wp-post-image img-fluid landscape' src='https:\/\/semmelweis.hu\/neurointervencio\/wp-content\/themes\/se18\/dist\/images\/svg\/bg-image.svg' \/>\n                    <\/div>\n                    <div class=\"card-body  col flex-column  col-md-12 p-0\">\n                        <div class=\"line-clamp-box p-3\">\n                            <h5 class=\"ml-0 ml-sm-1 mt-2 align-items-center\"  >Semmelweis Intervenci\u00f3s \u00e9s Vascularis Neurol\u00f3giai Kalandoz\u00e1sok (SE INK) - 2025.12.18.<\/h5>\n                        <\/div>\n                            <div class= \"line-clamp-box excerpt m-0 p-2 pl-3\">\n        <section>\n            Semmelweis Intervenci\u00f3s \u00e9s Vascularis Neurol\u00f3giai Kalandoz\u00e1sok (SE INK) el\u0151ad\u00e1s sorozat III. r\u00e9sze rezidensek sz\u00e1m\u00e1ra\n\u00a0\u201eK\u00e9t \u00e9let, egy kering\u00e9s &#8211; iszk\u00e9mi\u00e1s stroke v\u00e1rand\u00f3ss\u00e1gban.\u00a0\u201d\nA tanfolyam id\u0151pontja: 2025. december 18. ( cs\u00fct\u00f6rt\u00f6k) 13:00\nHelysz\u00edn: 1145 Budapest, Laky Adolf utca 44\u201346. IV. emelet,\u00a0 t\u00e1rgyal\u00f3terem\nEl\u0151ad\u00e1sok\n\nIszk\u00e9mi\u00e1s stroke diagnosztik\u00e1ja \u00e9s kezel\u00e9se v\u00e1rand\u00f3ss\u00e1gban. -Ifj. Dr. Bereczki D\u00e1niel, adjunktus &#8211;\u00a0\n        <\/section>\n    <\/div>\n                    <\/div>\n                <\/div>\n\n            <\/div>\n        <\/a>\n    <\/div>    <div class =\"col  mb-2 card-wrapper\">\n        <a class=\"d-flex flex-fill card-link-warapper m-md-1\" href=\"https:\/\/semmelweis.hu\/neurointervencio\/tanfolyamaink\/agyi-vascularis-katasztrofak-intervencios-kezelese-i-okkluziv-korkepek\/\">\n            <div class=\"card border border-secondary se-border flex-fill\">\n                <div class=\"row no-gutters mx-0 d-flex flex-nowrap flex-md-wrap align-items-center\">\n                    <div class =\"  col-5 col-md-12  d-none  d-md-none d-md-none  bg-image  card-image justify-content-center\">\n                        <img class='wp-post-image img-fluid landscape' src='https:\/\/semmelweis.hu\/neurointervencio\/wp-content\/themes\/se18\/dist\/images\/svg\/bg-image.svg' \/>\n                    <\/div>\n                    <div class=\"card-body  col flex-column  col-md-12 p-0\">\n                        <div class=\"line-clamp-box p-3\">\n                            <h5 class=\"ml-0 ml-sm-1 mt-2 align-items-center\"  >Agyi vascul\u00e1ris katasztr\u00f3f\u00e1k intervenci\u00f3s kezel\u00e9se I. - okkluziv k\u00f3rk\u00e9pek - 2026.03.20. (OFTEX)<\/h5>\n                        <\/div>\n                            <div class= \"line-clamp-box excerpt m-0 p-2 pl-3\">\n        <section>\n            Tanfolyamunkra az OFTEX fel\u00fclet\u00e9n lehet jelentkezni\n        <\/section>\n    <\/div>\n                    <\/div>\n                <\/div>\n\n            <\/div>\n        <\/a>\n    <\/div>        <\/div>\n    <\/section>\n","protected":false},"excerpt":{"rendered":"","protected":false},"author":102419,"featured_media":0,"parent":0,"menu_order":4,"comment_status":"closed","ping_status":"closed","template":"template-fullwidth.php","meta":{"_acf_changed":false,"footnotes":""},"categories":[],"tags":[],"class_list":["post-195","page","type-page","status-publish","hentry"],"acf":[],"publishpress_future_action":{"enabled":false,"date":"1970-01-01 01:00:00","action":"","terms":[],"taxonomy":"","browser_timezone_offset":0},"_links":{"self":[{"href":"https:\/\/semmelweis.hu\/neurointervencio\/wp-json\/wp\/v2\/pages\/195","targetHints":{"allow":["GET"]}}],"collection":[{"href":"https:\/\/semmelweis.hu\/neurointervencio\/wp-json\/wp\/v2\/pages"}],"about":[{"href":"https:\/\/semmelweis.hu\/neurointervencio\/wp-json\/wp\/v2\/types\/page"}],"author":[{"embeddable":true,"href":"https:\/\/semmelweis.hu\/neurointervencio\/wp-json\/wp\/v2\/users\/102419"}],"replies":[{"embeddable":true,"href":"https:\/\/semmelweis.hu\/neurointervencio\/wp-json\/wp\/v2\/comments?post=195"}],"version-history":[{"count":12,"href":"https:\/\/semmelweis.hu\/neurointervencio\/wp-json\/wp\/v2\/pages\/195\/revisions"}],"predecessor-version":[{"id":416,"href":"https:\/\/semmelweis.hu\/neurointervencio\/wp-json\/wp\/v2\/pages\/195\/revisions\/416"}],"wp:attachment":[{"href":"https:\/\/semmelweis.hu\/neurointervencio\/wp-json\/wp\/v2\/media?parent=195"}],"wp:term":[{"taxonomy":"category","embeddable":true,"href":"https:\/\/semmelweis.hu\/neurointervencio\/wp-json\/wp\/v2\/categories?post=195"},{"taxonomy":"post_tag","embeddable":true,"href":"https:\/\/semmelweis.hu\/neurointervencio\/wp-json\/wp\/v2\/tags?post=195"}],"curies":[{"name":"wp","href":"https:\/\/api.w.org\/{rel}","templated":true}]}}