{"id":152,"date":"2025-07-09T15:00:02","date_gmt":"2025-07-09T13:00:02","guid":{"rendered":"https:\/\/semmelweis.hu\/neurointervencio\/?page_id=152"},"modified":"2025-09-30T14:05:29","modified_gmt":"2025-09-30T12:05:29","slug":"scientific-students-association","status":"publish","type":"page","link":"https:\/\/semmelweis.hu\/neurointervencio\/english\/scientific-students-association\/","title":{"rendered":"Scientific Students&#8217; Association"},"content":{"rendered":"<div class=\"lead\" style=\"text-align: center;\">\n<div class=\"keretes w-100\">\n<p>Please submit your application by filling out the questionnaire at the following link!<\/p>\n<p><a class=\"btn btn-secondary\" href=\"https:\/\/forms.office.com\/e\/BmqKFHrtKN\" target=\"_blank\" rel=\"noopener\">I apply<\/a><\/div>\n<\/div>\n<h2>Topics<\/h2>\n<p><strong>Impact of COVID-19 on ischemic stroke care<br \/>\n<\/strong>Assist. Prof. B\u00f6jti P\u00e9ter P\u00e1l, MD. PhD.<\/p>\n<hr \/>\n<p><strong>Impact of COVID-19 on acute neurointerventional procedures<br \/>\n<\/strong>Assist. Prof. B\u00f6jti P\u00e9ter P\u00e1l, MD. PhD.<\/p>\n<hr \/>\n<p><strong>Angiomorphological assessment of patients with intracranial atherosclerotic disease<br \/>\n<\/strong>\u00a0Assist. Prof. B\u00f6jti P\u00e9ter P\u00e1l, MD. PhD.<\/p>\n<hr \/>\n<p><strong>Epidemiology of chronic subduralis haematoma\u00a0<br \/>\n<\/strong>Assist. Prof. B\u00f6jti P\u00e9ter P\u00e1l, MD. PhD.<\/p>\n<hr \/>\n<p><strong>Efficiancy and safety of endovascular therapy in chronic subdural haematoma<\/strong><\/p>\n<p>\u00a0Assist. Prof. B\u00f6jti P\u00e9ter P\u00e1l, MD. PhD.<\/p>\n<hr \/>\n<p><strong>Inflammation and chronic subdural haematoma. Clinical analysis.<br \/>\n<\/strong>Assist. Prof. B\u00f6jti P\u00e9ter P\u00e1l, MD. PhD.<\/p>\n<hr \/>\n<p><strong>Safety of mechanical thrombectomy in acute ischemic stroke treated with large core.<br \/>\n<\/strong>Assist. Prof. B\u00f6jti P\u00e9ter P\u00e1l, MD. PhD.<\/p>\n<hr \/>\n<p><strong>Comperasion of stentretriever and aspiration thrombectomy in distal and middle vessel occlusion.<br \/>\n<\/strong>Assist. Prof. B\u00f6jti P\u00e9ter P\u00e1l, MD. PhD.<\/p>\n<hr \/>\n<p><strong>Endovascular therapy of carotid web.<br \/>\n<\/strong>\u00a0Assist. Prof. B\u00f6jti P\u00e9ter P\u00e1l, MD. PhD.<\/p>\n<hr \/>\n<p>\u00a0<strong>Meteorological correlations in the development of large cerebral artery occlusions<br \/>\n<\/strong> Dr. Zolt\u00e1n K\u0151v\u00e1ri<\/p>\n<hr \/>\n<p><strong>Significance of digital variance angiography in the diagnosis and treatment of cerebrovascular diseases<br \/>\n<\/strong><span style=\"font-size: 1rem;\">\u00a0Dr. M\u00e1t\u00e9 Kondor<\/span><\/p>\n<hr \/>\n<p><strong>Possibilities for interventional treatment of cerebral venous circulation disorders<\/strong> <br \/>\nDr. S\u00e1ndor Nardai MD. PhD.<\/p>\n<hr \/>\n<p><strong>\u00a0Outcomes of interventional treatment of parasellar carotid aneurysms<br \/>\n<\/strong> Dr. Cristina Caterina Aldea<\/p>\n<hr \/>\n<p><strong>The importance of access points in preventing hemorrhagic complications during neurointerventions<\/strong>\u00a0<br \/>\nDr. \u00c1kos Kornfeld<\/p>\n<hr \/>\n<p><strong>Study of changes in collateral circulation during ischemic stroke<\/strong>\u00a0<br \/>\nDr. M\u00e1t\u00e9 P\u00e1sztor<\/p>\n<hr \/>\n<p><strong>Clinical study of endovascular treatment of basilar artery occlusion<\/strong> <br \/>\nDr. Zolt\u00e1n Simony<\/p>\n<hr \/>\n<p>&nbsp;<\/p>\n","protected":false},"excerpt":{"rendered":"<p>Please submit your application by filling out the questionnaire at the following link! <a class=\"btn btn-secondary\" href=\"https:\/\/forms.office.com\/e\/BmqKFHrtKN\" target=\"_blank\" rel=\"noopener\">I apply<\/a> Topics Impact of COVID-19 on ischemic stroke care Assist. Prof. B\u00f6jti P\u00e9ter P\u00e1l, MD. PhD. Impact of COVID-19 on acute neurointerventional procedures Assist. Prof. B\u00f6jti P\u00e9ter P\u00e1l, MD. PhD. Angiomorphological assessment of patients with intracranial atherosclerotic disease \u00a0Assist. Prof. B\u00f6jti P\u00e9ter P\u00e1l, &hellip;<\/p>\n","protected":false},"author":102419,"featured_media":0,"parent":140,"menu_order":1,"comment_status":"closed","ping_status":"closed","template":"","meta":{"_acf_changed":false,"footnotes":""},"categories":[],"tags":[],"class_list":["post-152","page","type-page","status-publish","hentry"],"acf":[],"publishpress_future_action":{"enabled":false,"date":"1970-01-01 01:00:00","action":"","terms":[],"taxonomy":"","browser_timezone_offset":0},"_links":{"self":[{"href":"https:\/\/semmelweis.hu\/neurointervencio\/wp-json\/wp\/v2\/pages\/152","targetHints":{"allow":["GET"]}}],"collection":[{"href":"https:\/\/semmelweis.hu\/neurointervencio\/wp-json\/wp\/v2\/pages"}],"about":[{"href":"https:\/\/semmelweis.hu\/neurointervencio\/wp-json\/wp\/v2\/types\/page"}],"author":[{"embeddable":true,"href":"https:\/\/semmelweis.hu\/neurointervencio\/wp-json\/wp\/v2\/users\/102419"}],"replies":[{"embeddable":true,"href":"https:\/\/semmelweis.hu\/neurointervencio\/wp-json\/wp\/v2\/comments?post=152"}],"version-history":[{"count":10,"href":"https:\/\/semmelweis.hu\/neurointervencio\/wp-json\/wp\/v2\/pages\/152\/revisions"}],"predecessor-version":[{"id":309,"href":"https:\/\/semmelweis.hu\/neurointervencio\/wp-json\/wp\/v2\/pages\/152\/revisions\/309"}],"up":[{"embeddable":true,"href":"https:\/\/semmelweis.hu\/neurointervencio\/wp-json\/wp\/v2\/pages\/140"}],"wp:attachment":[{"href":"https:\/\/semmelweis.hu\/neurointervencio\/wp-json\/wp\/v2\/media?parent=152"}],"wp:term":[{"taxonomy":"category","embeddable":true,"href":"https:\/\/semmelweis.hu\/neurointervencio\/wp-json\/wp\/v2\/categories?post=152"},{"taxonomy":"post_tag","embeddable":true,"href":"https:\/\/semmelweis.hu\/neurointervencio\/wp-json\/wp\/v2\/tags?post=152"}],"curies":[{"name":"wp","href":"https:\/\/api.w.org\/{rel}","templated":true}]}}