{"id":106,"date":"2025-06-26T14:10:53","date_gmt":"2025-06-26T12:10:53","guid":{"rendered":"https:\/\/semmelweis.hu\/neurointervencio\/?page_id=106"},"modified":"2025-09-30T13:50:05","modified_gmt":"2025-09-30T11:50:05","slug":"tdk","status":"publish","type":"page","link":"https:\/\/semmelweis.hu\/neurointervencio\/oktatas\/tdk\/","title":{"rendered":"TDK, Rektori P\u00e1lyamunka"},"content":{"rendered":"<div class=\"keretes w-100\">\n<h6 style=\"text-align: left;\">TDK munk\u00e1ra val\u00f3 jelentkez\u00e9st az al\u00e1bbi\u00a0 online \u0171rlap kit\u00f6lt\u00e9s\u00e9vel lehet megtenni.\u00a0<\/h6>\n<p style=\"text-align: left;\"><a class=\"btn btn-secondary\" href=\"https:\/\/forms.office.com\/e\/ZxPsq6zdZd\">Jelentkezem<\/a><\/p>\n<h6 style=\"text-align: left;\">Rektori p\u00e1lyamunk\u00e1val kapcsolatos tov\u00e1bbi inform\u00e1ci\u00f3k\u00a0 \u00e9s let\u00f6lthet\u0151 dokumentumok<\/h6>\n<p style=\"text-align: left;\"><a class=\"btn btn-secondary\" href=\"https:\/\/semmelweis.hu\/tdk\/rektori-palyazat\/\" target=\"_blank\" rel=\"noopener\">REKTORI P\u00c1LYAMUNKA<\/a><\/p>\n<\/div>\n<h2>A Neurointervenci\u00f3 Tansz\u00e9k t\u00e9m\u00e1i<\/h2>\n<p><strong>Mobil\u00a0Stroke Unit K\u00f6z\u00e9p-magyarorsz\u00e1gi alkalmazhat\u00f3s\u00e1g\u00e1nak tudom\u00e1nyos vizsg\u00e1lata<\/strong><br \/>\nDr. med. habil. Nardai S\u00e1ndor PhD egyetemi docens, tansz\u00e9kvezet\u0151<\/p>\n<hr \/>\n<p><strong>Mesters\u00e9ges intelligencia alkalmaz\u00e1sa a betegir\u00e1ny\u00edt\u00e1sban az akut stroke ell\u00e1t\u00e1sa sor\u00e1n <\/strong><br \/>\nDr. med. habil. Nardai S\u00e1ndor PhD egyetemi docens, tansz\u00e9kvezet\u0151<\/p>\n<hr \/>\n<p><strong>Az agyi v\u00e9n\u00e1s kering\u00e9si zavarok intervenci\u00f3s kezel\u00e9s\u00e9nek lehet\u0151s\u00e9gei<\/strong><br \/>\nDr. med. habil. Nardai S\u00e1ndor PhD egyetemi docens, tansz\u00e9kvezet\u0151<\/p>\n<hr \/>\n<p><strong>Az intracranialis atherosclerosis(ICAD, intracranialis atherosclerotic disease)\u00a0 miatt kezelt betegek angiomorfol\u00f3giai vizsg\u00e1lata\u00a0<\/strong><strong><br \/>\n<\/strong>Dr. B\u00f6jti P\u00e9ter P\u00e1l, PhD , egyetemi adjunktus\u00a0<\/p>\n<hr \/>\n<p><strong>A chronicus subduralis haematoma epidemiol\u00f3iai vizsg\u00e1lata<\/strong> <strong>\u00a0<br \/>\n<\/strong>Dr. B\u00f6jti P\u00e9ter P\u00e1l, PhD , egyetemi adjunktus\u00a0<\/p>\n<hr \/>\n<p><strong>A chronicus subduralis haematoma endovascularis kezel\u00e9s\u00e9nek hat\u00e9konys\u00e1g\u00e1nak \u00e9s biztons\u00e1goss\u00e1g\u00e1nak vizsg\u00e1lata\u00a0<\/strong><span style=\"font-weight: bolder; font-size: 1rem;\"><br \/>\n<\/span>Dr. B\u00f6jti P\u00e9ter P\u00e1l, PhD , egyetemi adjunktus\u00a0<\/p>\n<hr \/>\n<p><strong>A chronicus subduralis haematoma \u00e9s a gyullad\u00e1s kapcsolat\u00e1nak vizsg\u00e1lata\u00a0<\/strong><span style=\"font-weight: bolder; font-size: 1rem;\"><br \/>\n<\/span>Dr. B\u00f6jti P\u00e9ter P\u00e1l, PhD , egyetemi adjunktus\u00a0<\/p>\n<hr \/>\n<p><strong>A kiterjedt agyi infarctusban v\u00e9gzett mechanikus thrombectomia biztons\u00e1goss\u00e1g\u00e1na vizsg\u00e1lata\u00a0<\/strong><span style=\"font-weight: bolder; font-size: 1rem;\"><br \/>\n<\/span>Dr. B\u00f6jti P\u00e9ter P\u00e1l, PhD , egyetemi adjunktus\u00a0<\/p>\n<hr \/>\n<p><strong>A distalis k\u00f6zepes agyi \u00e9relz\u00e1r\u00f3d\u00e1sok aspir\u00e1ci\u00f3val \u00e9s stent retrieverrel v\u00e9gzett thrombectomi\u00e1j\u00e1nak \u00f6sszehasonl\u00edt\u00e1sa\u00a0<\/strong><br \/>\nDr. B\u00f6jti P\u00e9ter P\u00e1l, PhD , egyetemi adjunktus\u00a0<\/p>\n<hr \/>\n<p><strong>A carotid web endovascularis kezel\u00e9s\u00e9nek vizsg\u00e1lata\u00a0<br \/>\n<\/strong>Dr. B\u00f6jti P\u00e9ter P\u00e1l, PhD , egyetemi adjunktus\u00a0<\/p>\n<hr \/>\n<p><strong>Az agyi nagy\u00e9r elz\u00e1r\u00f3d\u00e1sok kialakul\u00e1s\u00e1nak meteorol\u00f3giai \u00f6sszef\u00fcgg\u00e9sei<\/strong><br \/>\nDr. K\u0151v\u00e1ri Zolt\u00e1n szakorvos<\/p>\n<hr \/>\n<p><strong>Digitalis variancia angiogr\u00e1fia jelent\u00f5s\u00e9ge az agyi \u00e9rbetegs\u00e9gek diagnosztik\u00e1j\u00e1ban \u00e9s kezel\u00e9s\u00e9ben<\/strong><br \/>\nDr. Kondor M\u00e1t\u00e9 szakorvos<\/p>\n<hr \/>\n<p><strong>Agyalapi carotis aneuryms\u00e1k intervenci\u00f3s kezel\u00e9s\u00e9nek eredm\u00e9nyei<\/strong><br \/>\nDr. Aldea Cristina Caterina szakorvos<\/p>\n<hr \/>\n<p><strong>Behatol\u00e1si kapuk jelent\u0151s\u00e9ge a neurointervenci\u00f3 kapcs\u00e1n fell\u00e9p\u0151 v\u00e9rz\u00e9ses sz\u00f6v\u0151dm\u00e9nyek megel\u0151z\u00e9s\u00e9ben<\/strong><br \/>\nDr. Kornfeld \u00c1kos szakorvos<\/p>\n<hr \/>\n<p><strong>Kollater\u00e1lis kering\u00e9s v\u00e1ltoz\u00e1sainak vizsg\u00e1lata isch\u00e9mi\u00e1s stroke sor\u00e1n<\/strong><br \/>\nDr. P\u00e1sztor M\u00e1t\u00e9 szakorvos<\/p>\n<hr \/>\n<p><strong>Art\u00e9ria basil\u00e1ris occlusion endovascul\u00e1ris kezel\u00e9s\u00e9nek klinikai vizsg\u00e1lata\u00a0<\/strong><br \/>\nDr. Simony Zolt\u00e1n szakorvos<\/p>\n<hr \/>\n<p><b>\u00a0A primer transzport stroke t\u00fal\u00e9l\u00e9sre gyakorolt hat\u00e1s\u00e1nak\u00a0tudom\u00e1nyos vizsg\u00e1lat<\/b><\/p>\n<p>Dr. Orosz P\u00e9ter szakorvos<\/p>\n<hr \/>\n<p><b>Preoperat\u00edv szimul\u00e1ci\u00f3 alkalmaz\u00e1s\u00e1nak vizsg\u00e1lat agyi aneurizm\u00e1k endovascularis ell\u00e1t\u00e1sa sor\u00e1n<\/b><\/p>\n<p>Dr. Orosz P\u00e9ter szakorvos<\/p>\n<hr \/>\n<p><b>Konvencion\u00e1lis id\u0151ablakon (4,5 \u00f3r\u00e1n) t\u00fal v\u00e9gzett thrombol\u00edzis eredm\u00e9nyei endovascularis stroke ter\u00e1pi\u00e1val kezelt betegekben<\/b><\/p>\n<p>Dr. Szigeti L\u00e1szl\u00f3 szakorvos<\/p>\n","protected":false},"excerpt":{"rendered":"<p>TDK munk\u00e1ra val\u00f3 jelentkez\u00e9st az al\u00e1bbi\u00a0 online \u0171rlap kit\u00f6lt\u00e9s\u00e9vel lehet megtenni.\u00a0 <a class=\"btn btn-secondary\" href=\"https:\/\/forms.office.com\/e\/ZxPsq6zdZd\">Jelentkezem<\/a> Rektori p\u00e1lyamunk\u00e1val kapcsolatos tov\u00e1bbi inform\u00e1ci\u00f3k\u00a0 \u00e9s let\u00f6lthet\u0151 dokumentumok <a class=\"btn btn-secondary\" href=\"https:\/\/semmelweis.hu\/tdk\/rektori-palyazat\/\" target=\"_blank\" rel=\"noopener\">REKTORI P\u00c1LYAMUNKA<\/a> A Neurointervenci\u00f3 Tansz\u00e9k t\u00e9m\u00e1i Mobil\u00a0Stroke Unit K\u00f6z\u00e9p-magyarorsz\u00e1gi alkalmazhat\u00f3s\u00e1g\u00e1nak tudom\u00e1nyos vizsg\u00e1lata Dr. med. habil. Nardai S\u00e1ndor PhD egyetemi docens, tansz\u00e9kvezet\u0151 Mesters\u00e9ges intelligencia alkalmaz\u00e1sa a betegir\u00e1ny\u00edt\u00e1sban az akut stroke ell\u00e1t\u00e1sa sor\u00e1n Dr. med. habil. Nardai S\u00e1ndor PhD egyetemi &hellip;<\/p>\n","protected":false},"author":12,"featured_media":0,"parent":25,"menu_order":5,"comment_status":"closed","ping_status":"closed","template":"template-fullwidth.php","meta":{"_acf_changed":false,"footnotes":""},"categories":[],"tags":[],"class_list":["post-106","page","type-page","status-publish","hentry"],"acf":[],"publishpress_future_action":{"enabled":false,"date":"1970-01-01 01:00:00","action":"","terms":[],"taxonomy":"","browser_timezone_offset":0},"_links":{"self":[{"href":"https:\/\/semmelweis.hu\/neurointervencio\/wp-json\/wp\/v2\/pages\/106","targetHints":{"allow":["GET"]}}],"collection":[{"href":"https:\/\/semmelweis.hu\/neurointervencio\/wp-json\/wp\/v2\/pages"}],"about":[{"href":"https:\/\/semmelweis.hu\/neurointervencio\/wp-json\/wp\/v2\/types\/page"}],"author":[{"embeddable":true,"href":"https:\/\/semmelweis.hu\/neurointervencio\/wp-json\/wp\/v2\/users\/12"}],"replies":[{"embeddable":true,"href":"https:\/\/semmelweis.hu\/neurointervencio\/wp-json\/wp\/v2\/comments?post=106"}],"version-history":[{"count":10,"href":"https:\/\/semmelweis.hu\/neurointervencio\/wp-json\/wp\/v2\/pages\/106\/revisions"}],"predecessor-version":[{"id":279,"href":"https:\/\/semmelweis.hu\/neurointervencio\/wp-json\/wp\/v2\/pages\/106\/revisions\/279"}],"up":[{"embeddable":true,"href":"https:\/\/semmelweis.hu\/neurointervencio\/wp-json\/wp\/v2\/pages\/25"}],"wp:attachment":[{"href":"https:\/\/semmelweis.hu\/neurointervencio\/wp-json\/wp\/v2\/media?parent=106"}],"wp:term":[{"taxonomy":"category","embeddable":true,"href":"https:\/\/semmelweis.hu\/neurointervencio\/wp-json\/wp\/v2\/categories?post=106"},{"taxonomy":"post_tag","embeddable":true,"href":"https:\/\/semmelweis.hu\/neurointervencio\/wp-json\/wp\/v2\/tags?post=106"}],"curies":[{"name":"wp","href":"https:\/\/api.w.org\/{rel}","templated":true}]}}