{"id":10,"date":"2025-06-10T08:31:06","date_gmt":"2025-06-10T06:31:06","guid":{"rendered":"https:\/\/semmelweis.hu\/neurointervencio\/?page_id=10"},"modified":"2025-09-30T14:04:36","modified_gmt":"2025-09-30T12:04:36","slug":"szakorvosoknak","status":"publish","type":"page","link":"https:\/\/semmelweis.hu\/neurointervencio\/szakorvosoknak\/","title":{"rendered":"Szakorvosoknak"},"content":{"rendered":"<h2>Neurointervenci\u00f3 Licenc k\u00e9pz\u00e9s &#8211; T\u00e1j\u00e9koztat\u00f3 szakorvosok sz\u00e1m\u00e1ra<\/h2>\n<div class=\"keretes w-100\">\n<p>A neurointervenci\u00f3 a modern idegtudom\u00e1ny egyik legdinamikusabban fejl\u0151d\u0151 szakter\u00fclete. A licencprogram c\u00e9lja olyan szakemberek k\u00e9pz\u00e9se, akik k\u00e9pesek biztons\u00e1gosan \u00e9s hat\u00e9konyan elv\u00e9gezni az agy \u00e9s a gerinc \u00e9rrendszer\u00e9nek endovascul\u00e1ris diagnosztikus \u00e9s ter\u00e1pi\u00e1s beavatkoz\u00e1sait.<\/p>\n<p><a class=\"btn btn-secondary\" href=\"https:\/\/semmelweis.hu\/szak-es-tovabbkepzes\/files\/2025\/06\/Neurointervencio-jelentkezesi-lap.pdf\" target=\"_blank\" rel=\"noopener\">jelentkez\u00e9si lap<\/a><\/p>\n<\/div>\n<p>A Neurointervenci\u00f3s Tansz\u00e9k kiemelt szerepet j\u00e1tszik a magyar neurointervenci\u00f3s szakemberek k\u00e9pz\u00e9s\u00e9ben. <strong>Az Idegseb\u00e9szeti \u00e9s Neurointervenci\u00f3s Klinika megfelel a licence k\u00e9pz\u00e9s valamennyi infrastruktur\u00e1lis \u00e9s hum\u00e1n-er\u0151forr\u00e1s felt\u00e9tel\u00e9nek.<\/strong><\/p>\n<ul>\n<li>Rendelkez\u00e9s\u00fcnkre \u00e1ll a h\u00e9t minden napj\u00e1n 24 \u00f3r\u00e1ban neurointervenci\u00f3s m\u0171t\u0151, CT \u00e9s MRI k\u00e9palkot\u00e1s \u00e9s dedik\u00e1lt aneszteziol\u00f3giai h\u00e1tt\u00e9r.<\/li>\n<li>El\u00e9rhet\u0151 neurol\u00f3giai, neuroradiol\u00f3giai \u00e9s idegseb\u00e9szeti h\u00e1tt\u00e9r, valamint nagym\u00e9ret\u0171 neurointernz\u00edv oszt\u00e1ly.<\/li>\n<li>Az <strong>el\u0151\u00edrt 2-vel szemben 6 senior szakember\u00fcnk t\u00e1mogatja a k\u00e9pz\u00e9st<\/strong>, \u00e9s az \u00e9vi 200 el\u0151\u00edrt beavatkoz\u00e1ssal szemben <strong>t\u00f6bb mint 1200 intervenci\u00f3t v\u00e9gz\u00fcnk \u00e9vente<\/strong>. <strong>Valamennyi, a szakter\u00fclet\u00fcnk indik\u00e1ci\u00f3s k\u00f6r\u00e9be tartoz\u00f3 k\u00f3rk\u00e9pet kezel\u00fcnk<\/strong>: aneurysma, stroke, AVM, DAVF, spin\u00e1lis malform\u00e1ci\u00f3k, \u00e9s gerinc intervenci\u00f3k egyar\u00e1nt a ter\u00e1pi\u00e1s spektrumunk r\u00e9sz\u00e9t k\u00e9pezik.\u00a0<\/li>\n<\/ul>\n<h4><strong>1. A k\u00e9pz\u00e9sbe val\u00f3 bel\u00e9p\u00e9s felt\u00e9telei<\/strong><\/h4>\n<p>A jelentkez\u0151nek az al\u00e1bbi szakk\u00e9pes\u00edt\u00e9sek egyik\u00e9vel kell rendelkeznie:<\/p>\n<ul>\n<li>Radiol\u00f3giai szakk\u00e9pes\u00edt\u00e9s<\/li>\n<li>Neurol\u00f3giai szakk\u00e9pes\u00edt\u00e9s<\/li>\n<li>Idegseb\u00e9szeti szakk\u00e9pes\u00edt\u00e9s<\/li>\n<li>Kardiol\u00f3giai szakk\u00e9pes\u00edt\u00e9s \u00e9s legal\u00e1bb 2 \u00e9v intervenci\u00f3s kardiol\u00f3giai tapasztalat<\/li>\n<\/ul>\n<h4><strong>2. Licenc t\u00edpusa<\/strong><\/h4>\n<p>Beavatkoz\u00e1si licenc<\/p>\n<h4><strong>3. K\u00e9pz\u00e9si id\u0151tartam szakter\u00fclet szerint<\/strong><\/h4>\n<ul>\n<li><strong>Radiol\u00f3giai szakk\u00e9pes\u00edt\u00e9s:<\/strong> 24 h\u00f3nap<\/li>\n<li><strong>Radiol\u00f3gia + intervenci\u00f3s radiol\u00f3giai j\u00e1rtass\u00e1gi vizsga:<\/strong> 15 h\u00f3nap<\/li>\n<li><strong>Radiol\u00f3gia + neuroradiol\u00f3giai szakk\u00e9pes\u00edt\u00e9s:<\/strong> 18 h\u00f3nap<\/li>\n<li><strong>Idegseb\u00e9szeti szakk\u00e9pes\u00edt\u00e9s:<\/strong> 18 h\u00f3nap<\/li>\n<li><strong>Neurol\u00f3giai szakk\u00e9pes\u00edt\u00e9s:<\/strong> 24 h\u00f3nap<\/li>\n<li><strong>Kardiol\u00f3giai szakk\u00e9pes\u00edt\u00e9s + 2 \u00e9v intervenci\u00f3s gyakorlat:<\/strong> 18 h\u00f3nap<\/li>\n<\/ul>\n<h4><strong>4. K\u00e9pz\u00e9si program<\/strong><\/h4>\n<p>A teljes k\u00e9pz\u00e9si id\u0151 (15\u201324 h\u00f3nap) alatt a k\u00f6vetkez\u0151 tev\u00e9kenys\u00e9gekben kell r\u00e9szt venni:<\/p>\n<ul>\n<li>Neurol\u00f3giai, idegseb\u00e9szeti \u00e9s neuro-intenz\u00edv oszt\u00e1lyos munka<\/li>\n<li>Diagnosztikus neuroradiol\u00f3giai gyakorlat<\/li>\n<\/ul>\n<h4><strong>5. Elm\u00e9leti k\u00f6vetelm\u00e9nyek<\/strong><\/h4>\n<ul>\n<li>Neuroanat\u00f3mia, neurobiol\u00f3gia, neuroradiol\u00f3gia, klinikai idegtudom\u00e1nyok<\/li>\n<li>K\u00e9palkot\u00f3 diagnosztika \u00e9s beavatkoz\u00e1s-tervez\u00e9s<\/li>\n<li>Beavatkoz\u00e1sok indik\u00e1ci\u00f3ja, kontraindik\u00e1ci\u00f3ja, sz\u00f6v\u0151dm\u00e9nyek kezel\u00e9se<\/li>\n<li>Betegek pre- \u00e9s posztoperat\u00edv menedzsmentje<\/li>\n<\/ul>\n<h4><strong>6. Gyakorlati k\u00f6vetelm\u00e9nyek<\/strong><\/h4>\n<h5>Diagnosztikus neuroradiol\u00f3gia:<\/h5>\n<ul>\n<li>100 neuro-CT<\/li>\n<li>50 neuro-MR<\/li>\n<\/ul>\n<h5>Klinikai idegtudom\u00e1ny:<\/h5>\n<ul>\n<li>25 neurol\u00f3giai vagy idegseb\u00e9szeti k\u00f3rlap meg\u00edr\u00e1sa<\/li>\n<li>25 vascularis idegseb\u00e9szeti m\u0171t\u00e9tben val\u00f3 r\u00e9szv\u00e9tel asszisztensk\u00e9nt vagy megfigyel\u0151k\u00e9nt<\/li>\n<li>25 neurointenz\u00edv dekurzus dokument\u00e1l\u00e1sa<\/li>\n<\/ul>\n<h5>Neurointervenci\u00f3:<\/h5>\n<ul>\n<li>150 \u201en\u00e9gy-\u00e9r\u201d angiographia<\/li>\n<li>150 beavatkoz\u00e1s, ebb\u0151l legal\u00e1bb 55 operat\u0151ri szerepben:<\/li>\n<li>10 aneurysma<\/li>\n<li>5 AVM<\/li>\n<li>15 stroke-ter\u00e1pia<\/li>\n<li>10 fej-nyak emboliz\u00e1ci\u00f3<\/li>\n<li>10 percutan vertebroplasztika<\/li>\n<li>5 kis\u00edz\u00fcleti \u00e9s 5 gy\u00f6ki infiltr\u00e1ci\u00f3<\/li>\n<\/ul>\n<p>A neurointervenci\u00f3s licenc megszerz\u00e9se ut\u00e1n a szakorvosok jogosults\u00e1got kapnak neurointervenci\u00f3s laborat\u00f3rium \u00e9s oszt\u00e1ly vezet\u00e9s\u00e9re, a t\u00e9m\u00e1ban v\u00e9gzett konzult\u00e1ci\u00f3s tev\u00e9kenys\u00e9gre, valamint ischaemi\u00e1s stroke, subduralis hematoma, agyi \u00e9s gerincvel\u0151 vascularis m\u00e1lform\u00e1ci\u00f3k \u00e9s tumorok endovascularis kezel\u00e9s\u00e9re.<\/p>\n<h6><span style=\"font-size: 12pt;\"><em>Forr\u00e1s: <a href=\"https:\/\/net.jogtar.hu\/jogszabaly?docid=a1200023.emm\" target=\"_blank\" rel=\"noopener\">https:\/\/net.jogtar.hu\/jogszabaly?docid=a1200023.emm<\/a><\/em><\/span><\/h6>\n","protected":false},"excerpt":{"rendered":"<p>Neurointervenci\u00f3 Licenc k\u00e9pz\u00e9s &#8211; T\u00e1j\u00e9koztat\u00f3 szakorvosok sz\u00e1m\u00e1ra A neurointervenci\u00f3 a modern idegtudom\u00e1ny egyik legdinamikusabban fejl\u0151d\u0151 szakter\u00fclete. A licencprogram c\u00e9lja olyan szakemberek k\u00e9pz\u00e9se, akik k\u00e9pesek biztons\u00e1gosan \u00e9s hat\u00e9konyan elv\u00e9gezni az agy \u00e9s a gerinc \u00e9rrendszer\u00e9nek endovascul\u00e1ris diagnosztikus \u00e9s ter\u00e1pi\u00e1s beavatkoz\u00e1sait. <a class=\"btn btn-secondary\" href=\"https:\/\/semmelweis.hu\/szak-es-tovabbkepzes\/files\/2025\/06\/Neurointervencio-jelentkezesi-lap.pdf\" target=\"_blank\" rel=\"noopener\">jelentkez\u00e9si lap<\/a> A Neurointervenci\u00f3s Tansz\u00e9k kiemelt szerepet j\u00e1tszik a magyar neurointervenci\u00f3s szakemberek k\u00e9pz\u00e9s\u00e9ben. Az Idegseb\u00e9szeti \u00e9s Neurointervenci\u00f3s Klinika &hellip;<\/p>\n","protected":false},"author":12,"featured_media":0,"parent":0,"menu_order":3,"comment_status":"closed","ping_status":"closed","template":"","meta":{"_acf_changed":false,"footnotes":""},"categories":[],"tags":[],"class_list":["post-10","page","type-page","status-publish","hentry"],"acf":[],"publishpress_future_action":{"enabled":false,"date":"1970-01-01 01:00:00","action":"","terms":[],"taxonomy":"","browser_timezone_offset":0},"_links":{"self":[{"href":"https:\/\/semmelweis.hu\/neurointervencio\/wp-json\/wp\/v2\/pages\/10","targetHints":{"allow":["GET"]}}],"collection":[{"href":"https:\/\/semmelweis.hu\/neurointervencio\/wp-json\/wp\/v2\/pages"}],"about":[{"href":"https:\/\/semmelweis.hu\/neurointervencio\/wp-json\/wp\/v2\/types\/page"}],"author":[{"embeddable":true,"href":"https:\/\/semmelweis.hu\/neurointervencio\/wp-json\/wp\/v2\/users\/12"}],"replies":[{"embeddable":true,"href":"https:\/\/semmelweis.hu\/neurointervencio\/wp-json\/wp\/v2\/comments?post=10"}],"version-history":[{"count":11,"href":"https:\/\/semmelweis.hu\/neurointervencio\/wp-json\/wp\/v2\/pages\/10\/revisions"}],"predecessor-version":[{"id":308,"href":"https:\/\/semmelweis.hu\/neurointervencio\/wp-json\/wp\/v2\/pages\/10\/revisions\/308"}],"wp:attachment":[{"href":"https:\/\/semmelweis.hu\/neurointervencio\/wp-json\/wp\/v2\/media?parent=10"}],"wp:term":[{"taxonomy":"category","embeddable":true,"href":"https:\/\/semmelweis.hu\/neurointervencio\/wp-json\/wp\/v2\/categories?post=10"},{"taxonomy":"post_tag","embeddable":true,"href":"https:\/\/semmelweis.hu\/neurointervencio\/wp-json\/wp\/v2\/tags?post=10"}],"curies":[{"name":"wp","href":"https:\/\/api.w.org\/{rel}","templated":true}]}}