{"id":7,"date":"2017-10-27T11:19:13","date_gmt":"2017-10-27T09:19:13","guid":{"rendered":"http:\/\/semmelweis.hu\/net\/?page_id=7"},"modified":"2023-04-13T09:49:26","modified_gmt":"2023-04-13T07:49:26","slug":"elerhetoseg","status":"publish","type":"page","link":"https:\/\/semmelweis.hu\/net\/elerhetoseg\/","title":{"rendered":"El\u00e9rhet\u0151s\u00e9g"},"content":{"rendered":"<p><strong>C\u00edm:<\/strong>\u00a01089 Budapest,\u00a0Nagyv\u00e1rad t\u00e9r 4. II. emelet<br \/>\n<strong>Postac\u00edm:<\/strong> 1085 Budapest, \u00dcll\u0151i \u00fat 26.(\u00a0Orczy \u00fat 2-4.)<br \/>\n<strong>Vezet\u0151:<\/strong>\u00a0 Het\u00e9nyi Ferenc igazgat\u00f3 helyettes<br \/>\n<strong>Telefon:<\/strong>\u00a0210-2930, 459-1500\/56204<br \/>\n<strong>Fax:<\/strong>\u00a0210-2926<\/p>\n\n<!-- iframe plugin v.4.9 wordpress.org\/plugins\/iframe\/ -->\n<iframe loading=\"lazy\" src=\"https:\/\/www.google.com\/maps\/embed?pb=!1m18!1m12!1m3!1d2696.547848548168!2d19.08939011562607!3d47.479239879176426!2m3!1f0!2f0!3f0!3m2!1i1024!2i768!4f13.1!3m3!1m2!1s0x4741dce663d65943%3A0xf5391fc3337d063b!2zQnVkYXBlc3QsIE5hZ3l2w6FyYWQgdMOpciA0LCAxMDg5!5e0!3m2!1shu!2shu!4v1509095848214\" width=\"100%\" height=\"300\" scrolling=\"yes\" class=\"iframe-class\" frameborder=\"0\"><\/iframe>\n\n","protected":false},"excerpt":{"rendered":"<p>C\u00edm:\u00a01089 Budapest,\u00a0Nagyv\u00e1rad t\u00e9r 4. II. emelet<br \/>\nPostac\u00edm: 1085 Budapest, \u00dcll\u0151i \u00fat 26.(\u00a0Orczy \u00fat 2-4.)<br \/>\nVezet\u0151:\u00a0 Het\u00e9nyi Ferenc igazgat\u00f3 helyettes<br \/>\nTelefon:\u00a0210-2930, 459-1500\/56204<br \/>\nFax:\u00a0210-2926<\/p>\n","protected":false},"author":12,"featured_media":0,"parent":0,"menu_order":5,"comment_status":"closed","ping_status":"closed","template":"","meta":{"_acf_changed":false,"footnotes":""},"categories":[],"tags":[],"class_list":["post-7","page","type-page","status-publish","hentry"],"acf":[],"_links":{"self":[{"href":"https:\/\/semmelweis.hu\/net\/wp-json\/wp\/v2\/pages\/7","targetHints":{"allow":["GET"]}}],"collection":[{"href":"https:\/\/semmelweis.hu\/net\/wp-json\/wp\/v2\/pages"}],"about":[{"href":"https:\/\/semmelweis.hu\/net\/wp-json\/wp\/v2\/types\/page"}],"author":[{"embeddable":true,"href":"https:\/\/semmelweis.hu\/net\/wp-json\/wp\/v2\/users\/12"}],"replies":[{"embeddable":true,"href":"https:\/\/semmelweis.hu\/net\/wp-json\/wp\/v2\/comments?post=7"}],"version-history":[{"count":6,"href":"https:\/\/semmelweis.hu\/net\/wp-json\/wp\/v2\/pages\/7\/revisions"}],"predecessor-version":[{"id":16981,"href":"https:\/\/semmelweis.hu\/net\/wp-json\/wp\/v2\/pages\/7\/revisions\/16981"}],"wp:attachment":[{"href":"https:\/\/semmelweis.hu\/net\/wp-json\/wp\/v2\/media?parent=7"}],"wp:term":[{"taxonomy":"category","embeddable":true,"href":"https:\/\/semmelweis.hu\/net\/wp-json\/wp\/v2\/categories?post=7"},{"taxonomy":"post_tag","embeddable":true,"href":"https:\/\/semmelweis.hu\/net\/wp-json\/wp\/v2\/tags?post=7"}],"curies":[{"name":"wp","href":"https:\/\/api.w.org\/{rel}","templated":true}]}}