{"id":460,"date":"2019-09-12T13:39:15","date_gmt":"2019-09-12T11:39:15","guid":{"rendered":"http:\/\/semmelweis.hu\/net\/?page_id=460"},"modified":"2019-09-12T13:40:27","modified_gmt":"2019-09-12T11:40:27","slug":"a-net-tortenete","status":"publish","type":"page","link":"https:\/\/semmelweis.hu\/net\/nagyvarad-teri-elmeleti-tomb-tombigazgatosag\/a-net-tortenete\/","title":{"rendered":"A NET t\u00f6rt\u00e9nete"},"content":{"rendered":"<p>1978. febru\u00e1rj\u00e1ban fejez\u0151d\u00f6tt be a Nagyv\u00e1rad t\u00e9ri Elm\u00e9leti T\u00f6mb (NET), az orsz\u00e1g legmagasabb k\u00f6z\u00e9p\u00fclet\u00e9nek \u00e1tad\u00e1sa. A lak\u00f3- \u00e9s iroda\u00e9p\u00fcletek k\u00f6z\u00fcl 89 m\u00e9ter\u00e9vel a NET a legmagasabb. <em>(Magyarorsz\u00e1gon a legmagasabb, nem ipari c\u00e9l\u00fa \u00e9p\u00fcletek mind sz\u00e1z m\u00e9ter alattiak. A rend\u0151rpalota az antennatoronnyal egy\u00fctt \u00f6t m\u00e9terrel t\u00f6bb, an\u00e9lk\u00fcl viszont csak 62.)<\/em><\/p>\n<p>Az \u00e9p\u00fclet alapk\u00f6v\u00e9t 1971 \u00e1prilis 30-\u00e1n \u00fcnnep\u00e9lyes keretek k\u00f6z\u00f6tt helyezt\u00e9k el. A fejleszt\u00e9sre az\u00e9rt volt sz\u00fcks\u00e9g, mert az egyetem \u00e9p\u00fcleteinek jelent\u0151s r\u00e9sze m\u00e9g az 1880-as \u00e9vekben \u00e9p\u00fclt, 500 hallgat\u00f3 r\u00e9sz\u00e9re, m\u00edg 1962-ben m\u00e1r mintegy 3000 hallgat\u00f3 j\u00e1rt az int\u00e9zm\u00e9nybe. A korszer\u0171 egyetemi t\u00f6mb \u00e9p\u00edt\u00e9s\u00e9nek a lehet\u0151s\u00e9g\u00e9t az \u00c9p\u00edt\u00e9s\u00fcgyi Miniszt\u00e9rium \u00e9s az Eg\u00e9szs\u00e9g\u00fcgyi Miniszt\u00e9rium k\u00f6z\u00f6s, 1959-ben \u00f6ssze\u00e1ll\u00edtott programja teremtette meg. A nyilv\u00e1nos tervp\u00e1ly\u00e1zatot 1963-ban \u00edrt\u00e1k ki. A p\u00e1ly\u00e1zat I. d\u00edjas terv\u00e9nek \u00e9p\u00edt\u00e9szei: S\u00fcdi Ern\u0151, W\u00e1gner L\u00e1szl\u00f3 \u00e9s Gerl\u00f3czy Gedeon. Az \u00e9p\u00fclet v\u00e9g\u00fcl W\u00e1gner L\u00e1szl\u00f3 tervei alapj\u00e1n k\u00e9sz\u00fclt el, a kivitelez\u0151 a 21. sz. \u00c1llami \u00c9p\u00edt\u0151ipari V\u00e1llalat, mai nev\u00e9n Magyar \u00c9p\u00edt\u0151 Zrt. volt.<\/p>\n\r\n        [slb_exclude]\r\n        <div class=\"row galeria-wrapper mx-0 h-auto\">\r\n            <div class=\"col-9 pl-0 pr-2\">\r\n            <span class=\"gallery-item frame\">\r\n\t\t\t\t<div class=\"galeria-left-img\"><a href=\"https:\/\/semmelweis.hu\/net\/files\/2019\/09\/net-alapkoletetel.jpg\"><img src=https:\/\/semmelweis.hu\/net\/files\/2019\/09\/net-alapkoletetel.jpg  \r\n                            alt=\"\" \r\n                            class=\"attachment-sote-gallery-big size-sote-gallery-big\" \r\n                            srcset=\"https:\/\/semmelweis.hu\/net\/files\/2019\/09\/net-alapkoletetel-300x217.jpg 300w, https:\/\/semmelweis.hu\/net\/files\/2019\/09\/net-alapkoletetel-768x557.jpg 768w, https:\/\/semmelweis.hu\/net\/files\/2019\/09\/net-alapkoletetel-414x300.jpg 414w, https:\/\/semmelweis.hu\/net\/files\/2019\/09\/net-alapkoletetel.jpg 938w\" ><\/a><\/div>\r\n            <\/span>\r\n\r\n            <\/div>\r\n\r\n\t\t\t<div class=\"col-3 pl-0 pr-0\">\r\n\t\t\t\t<div class=\"galeria-right-img d-flex justify-content-between flex-column h-100 w-100 px-0 mx-0 \">\r\n                <div class=\"galeria-box\">\r\n\t\t\t\t\t<h3 class=\"galeria-title\">Gal\u00e9ria<\/h3>\r\n\t\t\t\t\t<div class=\"galeria-subtitle\">\r\n\r\n\t\t\t\t\t\t<div class=\"galeria-page-counter\"><span>6<\/span>k\u00e9p<\/div>\r\n                    <\/div> <\/div>\r\n                    <span class=\"gallery-item frame d-none d-md-flex\">\r\n\t\t\t\t\t<div class=\"galeria-small-img mt-0\"><a href=\"https:\/\/semmelweis.hu\/net\/files\/2019\/09\/sote_net_1974.jpg\"><img src=https:\/\/semmelweis.hu\/net\/files\/2019\/09\/sote_net_1974.jpg \r\n                                alt=\"\"  \r\n                                class=\"attachment-sote-gallery-small size-sote-gallery-small\" \r\n                                srcset=\"https:\/\/semmelweis.hu\/net\/files\/2019\/09\/sote_net_1974-275x300.jpg 275w, https:\/\/semmelweis.hu\/net\/files\/2019\/09\/sote_net_1974.jpg 605w\" ><\/a><\/div>\r\n                    <\/span>\r\n                    <span class=\"gallery-item frame d-none d-md-flex\">\r\n\t\t\t\t\t<div class=\"galeria-small-img mt-0\"><a href=\"https:\/\/semmelweis.hu\/net\/files\/2019\/09\/net-1978-fortepan.jpg\"><img src=https:\/\/semmelweis.hu\/net\/files\/2019\/09\/net-1978-fortepan.jpg \r\n                                alt=\"\" \r\n                                class=\"attachment-sote-gallery-small size-sote-gallery-small\" \r\n                                srcset=\"https:\/\/semmelweis.hu\/net\/files\/2019\/09\/net-1978-fortepan-300x228.jpg 300w, https:\/\/semmelweis.hu\/net\/files\/2019\/09\/net-1978-fortepan-395x300.jpg 395w, https:\/\/semmelweis.hu\/net\/files\/2019\/09\/net-1978-fortepan.jpg 701w\" ><\/a><\/div>\r\n                    <\/span>\r\n\r\n                <\/div>\r\n\r\n            <\/div>\r\n\r\n            <span class=\"gallery-item\"><div class=\"hidden\"><a href=\"https:\/\/semmelweis.hu\/net\/files\/2019\/09\/sote_net_1982.jpg\">\r\n        <img src=https:\/\/semmelweis.hu\/net\/files\/2019\/09\/sote_net_1982.jpg alt=\"\" class=\"attachment-sote-gallery-big size-sote-gallery-big\" srcset=\"https:\/\/semmelweis.hu\/net\/files\/2019\/09\/sote_net_1982-300x214.jpg 300w, https:\/\/semmelweis.hu\/net\/files\/2019\/09\/sote_net_1982-768x547.jpg 768w, https:\/\/semmelweis.hu\/net\/files\/2019\/09\/sote_net_1982-421x300.jpg 421w, https:\/\/semmelweis.hu\/net\/files\/2019\/09\/sote_net_1982.jpg 927w\" >\r\n        <\/a><\/div><\/span><span class=\"gallery-item\"><div class=\"hidden\"><a href=\"https:\/\/semmelweis.hu\/net\/files\/2019\/09\/sote_net_1984.jpg\">\r\n        <img src=https:\/\/semmelweis.hu\/net\/files\/2019\/09\/sote_net_1984.jpg alt=\"\" class=\"attachment-sote-gallery-big size-sote-gallery-big\" srcset=\"https:\/\/semmelweis.hu\/net\/files\/2019\/09\/sote_net_1984-300x220.jpg 300w, https:\/\/semmelweis.hu\/net\/files\/2019\/09\/sote_net_1984-768x563.jpg 768w, https:\/\/semmelweis.hu\/net\/files\/2019\/09\/sote_net_1984-409x300.jpg 409w, https:\/\/semmelweis.hu\/net\/files\/2019\/09\/sote_net_1984.jpg 900w\" >\r\n        <\/a><\/div><\/span><span class=\"gallery-item\"><div class=\"hidden\"><a href=\"https:\/\/semmelweis.hu\/net\/files\/2019\/09\/RS37943_20130426-IMG_8845-NET-kulso-scr.jpg\">\r\n        <img src=https:\/\/semmelweis.hu\/net\/files\/2019\/09\/RS37943_20130426-IMG_8845-NET-kulso-scr.jpg alt=\"\" class=\"attachment-sote-gallery-big size-sote-gallery-big\" srcset=\"https:\/\/semmelweis.hu\/net\/files\/2019\/09\/RS37943_20130426-IMG_8845-NET-kulso-scr-300x200.jpg 300w, https:\/\/semmelweis.hu\/net\/files\/2019\/09\/RS37943_20130426-IMG_8845-NET-kulso-scr-768x512.jpg 768w, https:\/\/semmelweis.hu\/net\/files\/2019\/09\/RS37943_20130426-IMG_8845-NET-kulso-scr-450x300.jpg 450w, https:\/\/semmelweis.hu\/net\/files\/2019\/09\/RS37943_20130426-IMG_8845-NET-kulso-scr.jpg 950w\" >\r\n        <\/a><\/div><\/span>\r\n            <\/div>\r\n\r\n            [\/slb_exclude]\r\n\t\n<p>Az \u00e9p\u00fclet 970 n\u00e9gyzetm\u00e9teres aul\u00e1j\u00e1ban Hincz Gyula fest\u0151m\u0171v\u00e9sz tervei alapj\u00e1n k\u00e9sz\u00fclt \u00f3lom\u00fcveg kompoz\u00edci\u00f3 l\u00e1that\u00f3. D\u00edszterme az egyetem sz\u00e1mos k\u00f6zponti \u00fcnneps\u00e9g\u00e9nek ad helysz\u00ednt, \u00edgy hagyom\u00e1nyosan itt tartj\u00e1k a frissen felvett hallgat\u00f3k sz\u00e1m\u00e1ra a G\u00f3lyab\u00e1lt, a m\u00e1rcius 15-i megeml\u00e9kez\u00e9st \u00e9s a Semmelweis-napi \u00fcnneps\u00e9get is.<\/p>\n<p>Az elm\u00e9leti t\u00f6mbben m\u00e9lt\u00f3 helyet kaptak a gy\u00f3gyszertani, mikrobiol\u00f3giai, biol\u00f3giai, kor\u00e9lettani int\u00e9zeteken k\u00edv\u00fcl az eg\u00e9szs\u00e9g\u00fcgyi szervez\u00e9si tansz\u00e9kek, az idegen nyelv\u0171 lektor\u00e1tus, valamint az oktat\u00e1si c\u00e9lokat szolg\u00e1l\u00f3 k\u00f6z\u00f6s el\u0151ad\u00f3termek, laborok, tov\u00e1bb\u00e1 reprezent\u00e1ci\u00f3s c\u00e9lra haszn\u00e1lhat\u00f3 k\u00f6z\u00f6ss\u00e9gi helys\u00e9gek is.\u00a0<\/p>\n<p>Az egyetem \u00e9p\u00fcletei k\u00f6z\u00fclt tal\u00e1n a NET a legismertebb, melyben orvosi kutat\u00f3int\u00e9zetek tal\u00e1lhat\u00f3k. 2003 \u00f3ta \u00faj liftek teszik lehet\u0151v\u00e9 a magasban elhelyezked\u0151 emeletek megk\u00f6zel\u00edt\u00e9s\u00e9t.<\/p>\n<figure id=\"attachment_9955\" aria-describedby=\"caption-attachment-9955\" style=\"width: 600px\" class=\"wp-caption aligncenter\"><a href=\"https:\/\/semmelweis.hu\/hirek\/files\/2012\/02\/sote_felhokarcolok.jpg\"><img loading=\"lazy\" decoding=\"async\" class=\"size-large wp-image-9955\" src=\"https:\/\/semmelweis.hu\/hirek\/files\/2012\/02\/sote_felhokarcolok-600x353.jpg\" alt=\"\" width=\"600\" height=\"353\" \/><\/a><figcaption id=\"caption-attachment-9955\" class=\"wp-caption-text\">Forr\u00e1s: koos.hu<\/figcaption><\/figure>\n<p>A 22 emeletes Nagyv\u00e1rad T\u00e9ri Elm\u00e9leti T\u00f6mbben rendezi meg az Orsz\u00e1gos Katasztr\u00f3fav\u00e9delmi Sportegyes\u00fclet minden \u00e9vben az Orsz\u00e1gos T\u0171zolt\u00f3 L\u00e9pcs\u0151fut\u00f3 Versenyt. A verseny igen n\u00e9pszer\u0171, a legt\u00f6bb megy\u00e9b\u0151l \u00e9rkeznek versenyz\u0151k. T\u00f6bb mint sz\u00e1z versenyz\u0151 m\u00e9reti meg mag\u00e1t a k\u00f6zel harminc kilogrammos t\u0171zolt\u00f3i felszerel\u00e9sben.<\/p>\n","protected":false},"excerpt":{"rendered":"<p>1978. febru\u00e1rj\u00e1ban fejez\u0151d\u00f6tt be a Nagyv\u00e1rad t\u00e9ri Elm\u00e9leti T\u00f6mb (NET), az orsz\u00e1g legmagasabb k\u00f6z\u00e9p\u00fclet\u00e9nek \u00e1tad\u00e1sa. A lak\u00f3- \u00e9s iroda\u00e9p\u00fcletek k\u00f6z\u00fcl 89 m\u00e9ter\u00e9vel a NET a legmagasabb. (Magyarorsz\u00e1gon a legmagasabb, nem ipari c\u00e9l\u00fa \u00e9p\u00fcletek mind sz\u00e1z m\u00e9ter alattiak. A rend\u0151rpalota az antennatoronnyal egy\u00fctt \u00f6t m\u00e9terrel t\u00f6bb, an\u00e9lk\u00fcl viszont csak 62.) Az \u00e9p\u00fclet alapk\u00f6v\u00e9t 1971 \u00e1prilis 30-\u00e1n &hellip;<\/p>\n","protected":false},"author":12,"featured_media":0,"parent":4,"menu_order":0,"comment_status":"closed","ping_status":"closed","template":"","meta":{"_acf_changed":false,"footnotes":""},"categories":[],"tags":[],"class_list":["post-460","page","type-page","status-publish","hentry"],"acf":[],"_links":{"self":[{"href":"https:\/\/semmelweis.hu\/net\/wp-json\/wp\/v2\/pages\/460","targetHints":{"allow":["GET"]}}],"collection":[{"href":"https:\/\/semmelweis.hu\/net\/wp-json\/wp\/v2\/pages"}],"about":[{"href":"https:\/\/semmelweis.hu\/net\/wp-json\/wp\/v2\/types\/page"}],"author":[{"embeddable":true,"href":"https:\/\/semmelweis.hu\/net\/wp-json\/wp\/v2\/users\/12"}],"replies":[{"embeddable":true,"href":"https:\/\/semmelweis.hu\/net\/wp-json\/wp\/v2\/comments?post=460"}],"version-history":[{"count":2,"href":"https:\/\/semmelweis.hu\/net\/wp-json\/wp\/v2\/pages\/460\/revisions"}],"predecessor-version":[{"id":469,"href":"https:\/\/semmelweis.hu\/net\/wp-json\/wp\/v2\/pages\/460\/revisions\/469"}],"up":[{"embeddable":true,"href":"https:\/\/semmelweis.hu\/net\/wp-json\/wp\/v2\/pages\/4"}],"wp:attachment":[{"href":"https:\/\/semmelweis.hu\/net\/wp-json\/wp\/v2\/media?parent=460"}],"wp:term":[{"taxonomy":"category","embeddable":true,"href":"https:\/\/semmelweis.hu\/net\/wp-json\/wp\/v2\/categories?post=460"},{"taxonomy":"post_tag","embeddable":true,"href":"https:\/\/semmelweis.hu\/net\/wp-json\/wp\/v2\/tags?post=460"}],"curies":[{"name":"wp","href":"https:\/\/api.w.org\/{rel}","templated":true}]}}