{"id":4,"date":"2017-10-27T11:15:47","date_gmt":"2017-10-27T09:15:47","guid":{"rendered":"http:\/\/semmelweis.hu\/net\/?page_id=4"},"modified":"2022-01-27T09:07:01","modified_gmt":"2022-01-27T08:07:01","slug":"nagyvarad-teri-elmeleti-tomb-tombigazgatosag","status":"publish","type":"page","link":"https:\/\/semmelweis.hu\/net\/nagyvarad-teri-elmeleti-tomb-tombigazgatosag\/","title":{"rendered":"Nagyv\u00e1rad t\u00e9ri Elm\u00e9leti T\u00f6mb"},"content":{"rendered":"<p style=\"text-align: left\"><img loading=\"lazy\" decoding=\"async\" class=\"alignright size-medium wp-image-5\" src=\"https:\/\/semmelweis.hu\/net\/files\/2017\/10\/20130426-IMG_8843-NET-kulso-web-300x200.jpg\" alt=\"\" width=\"300\" height=\"200\" srcset=\"https:\/\/semmelweis.hu\/net\/files\/2017\/10\/20130426-IMG_8843-NET-kulso-web-300x200.jpg 300w, https:\/\/semmelweis.hu\/net\/files\/2017\/10\/20130426-IMG_8843-NET-kulso-web-768x512.jpg 768w, https:\/\/semmelweis.hu\/net\/files\/2017\/10\/20130426-IMG_8843-NET-kulso-web.jpg 900w\" sizes=\"auto, (max-width: 300px) 100vw, 300px\" \/>A Nagyv\u00e1rad t\u00e9ri Elm\u00e9leti T\u00f6mbben, a Gazdas\u00e1gi F\u0151igazgat\u00f3s\u00e1g szakmai fel\u00fcgyelete alatt m\u0171k\u00f6d\u0151 NET feladata az \u00e9p\u00fcletben m\u0171k\u00f6d\u0151 int\u00e9zetek gazdas\u00e1gi tev\u00e9kenys\u00e9geinek szakmai t\u00e1mogat\u00e1sa, valamint a K\u00f6zponti \u00e1llath\u00e1z m\u0171k\u00f6dtet\u00e9se. Ezen fel\u00fcl feladata m\u00e9g ell\u00e1tni az Elm\u00e9leti T\u00f6mb \u00e9p\u00fclet\u00e9nek \u00fczemeltet\u00e9si, biztons\u00e1gi, vagyon- \u00e9s t\u0171zv\u00e9delmi tev\u00e9kenys\u00e9g\u00e9t, \u00e9s az \u00e9p\u00fclet oktat\u00f3-, illetve cerem\u00f3nia helyis\u00e9geiben megrendez\u00e9sre ker\u00fcl\u0151 programok technikai lebonyol\u00edt\u00e1s\u00e1t.<\/p>\n","protected":false},"excerpt":{"rendered":"<p>A Nagyv\u00e1rad t\u00e9ri Elm\u00e9leti T\u00f6mbben, a Gazdas\u00e1gi F\u0151igazgat\u00f3s\u00e1g szakmai fel\u00fcgyelete alatt m\u0171k\u00f6d\u0151 NET T\u00f6mbigazgat\u00f3s\u00e1g feladata az \u00e9p\u00fcletben m\u0171k\u00f6d\u0151 int\u00e9zetek gazdas\u00e1gi tev\u00e9kenys\u00e9geinek szakmai t\u00e1mogat\u00e1sa, valamint a K\u00f6zponti \u00e1llath\u00e1z m\u0171k\u00f6dtet\u00e9se. Ezen fel\u00fcl feladata m\u00e9g ell\u00e1tni az Elm\u00e9leti T\u00f6mb \u00e9p\u00fclet\u00e9nek \u00fczemeltet\u00e9si, biztons\u00e1gi, vagyon- \u00e9s t\u0171zv\u00e9delmi tev\u00e9kenys\u00e9g\u00e9t, \u00e9s az \u00e9p\u00fclet oktat\u00f3-, illetve cerem\u00f3nia helyis\u00e9geiben megrendez\u00e9sre ker\u00fcl\u0151 programok technikai lebonyol\u00edt\u00e1s\u00e1t.<\/p>\n","protected":false},"author":12,"featured_media":462,"parent":0,"menu_order":0,"comment_status":"closed","ping_status":"closed","template":"","meta":{"_acf_changed":false,"footnotes":""},"categories":[],"tags":[],"class_list":["post-4","page","type-page","status-publish","has-post-thumbnail","hentry"],"acf":[],"_links":{"self":[{"href":"https:\/\/semmelweis.hu\/net\/wp-json\/wp\/v2\/pages\/4","targetHints":{"allow":["GET"]}}],"collection":[{"href":"https:\/\/semmelweis.hu\/net\/wp-json\/wp\/v2\/pages"}],"about":[{"href":"https:\/\/semmelweis.hu\/net\/wp-json\/wp\/v2\/types\/page"}],"author":[{"embeddable":true,"href":"https:\/\/semmelweis.hu\/net\/wp-json\/wp\/v2\/users\/12"}],"replies":[{"embeddable":true,"href":"https:\/\/semmelweis.hu\/net\/wp-json\/wp\/v2\/comments?post=4"}],"version-history":[{"count":11,"href":"https:\/\/semmelweis.hu\/net\/wp-json\/wp\/v2\/pages\/4\/revisions"}],"predecessor-version":[{"id":16966,"href":"https:\/\/semmelweis.hu\/net\/wp-json\/wp\/v2\/pages\/4\/revisions\/16966"}],"wp:featuredmedia":[{"embeddable":true,"href":"https:\/\/semmelweis.hu\/net\/wp-json\/wp\/v2\/media\/462"}],"wp:attachment":[{"href":"https:\/\/semmelweis.hu\/net\/wp-json\/wp\/v2\/media?parent=4"}],"wp:term":[{"taxonomy":"category","embeddable":true,"href":"https:\/\/semmelweis.hu\/net\/wp-json\/wp\/v2\/categories?post=4"},{"taxonomy":"post_tag","embeddable":true,"href":"https:\/\/semmelweis.hu\/net\/wp-json\/wp\/v2\/tags?post=4"}],"curies":[{"name":"wp","href":"https:\/\/api.w.org\/{rel}","templated":true}]}}