{"id":324,"date":"2019-03-20T12:44:25","date_gmt":"2019-03-20T11:44:25","guid":{"rendered":"http:\/\/semmelweis.hu\/net\/?page_id=324"},"modified":"2026-02-02T09:29:49","modified_gmt":"2026-02-02T08:29:49","slug":"galeria","status":"publish","type":"page","link":"https:\/\/semmelweis.hu\/net\/nagyvaradteri-elmeleti-tomb\/termek-eszkozpark\/galeria\/","title":{"rendered":"Gal\u00e9ria"},"content":{"rendered":"<p><strong>Befogad\u00f3k\u00e9pess\u00e9g: <\/strong>325\u00a0m<sup>2<\/sup><\/p>\n<p><strong>Elrendez\u00e9s:<br \/>\n<\/strong>A helysz\u00edn alaphelyzetben \u00fcres.<\/p>\n<p><strong>Vil\u00e1g\u00edt\u00e1s:<\/strong><br \/>\nF\u00f6ldszintr\u0151l vez\u00e9relhet\u0151.<\/p>\n<p><strong>Internet:<\/strong><span class=\"Apple-converted-space\"><br \/>\n<\/span>Nincs internetkapcsolat.<\/p>\n<p><strong>Eszk\u00f6z\u00f6k ig\u00e9nyl\u00e9se \u00e9s be\u00fczemel\u00e9se k\u00fcl\u00f6n egyeztet\u00e9s alapj\u00e1n t\u00f6rt\u00e9nik!<\/strong><\/p>\n\r\n        [slb_exclude]\r\n        <div class=\"row galeria-wrapper mx-0 h-auto\">\r\n            <div class=\"col-9 pl-0 pr-2\">\r\n            <span class=\"gallery-item frame\">\r\n\t\t\t\t<div class=\"galeria-left-img\"><a href=\"https:\/\/semmelweis.hu\/net\/files\/2026\/02\/RS231246_0E1A0780_hl-scaled.jpg\"><img src=https:\/\/semmelweis.hu\/net\/files\/2026\/02\/RS231246_0E1A0780_hl-scaled.jpg  \r\n                            alt=\"\" \r\n                            class=\"attachment-sote-gallery-big size-sote-gallery-big\" \r\n                            srcset=\"https:\/\/semmelweis.hu\/net\/files\/2026\/02\/RS231246_0E1A0780_hl-300x200.jpg 300w, https:\/\/semmelweis.hu\/net\/files\/2026\/02\/RS231246_0E1A0780_hl-1024x683.jpg 1024w, https:\/\/semmelweis.hu\/net\/files\/2026\/02\/RS231246_0E1A0780_hl-768x512.jpg 768w, https:\/\/semmelweis.hu\/net\/files\/2026\/02\/RS231246_0E1A0780_hl-1536x1024.jpg 1536w, https:\/\/semmelweis.hu\/net\/files\/2026\/02\/RS231246_0E1A0780_hl-2048x1365.jpg 2048w, https:\/\/semmelweis.hu\/net\/files\/2026\/02\/RS231246_0E1A0780_hl-753x502.jpg 753w, https:\/\/semmelweis.hu\/net\/files\/2026\/02\/RS231246_0E1A0780_hl-203x135.jpg 203w\" ><\/a><\/div>\r\n            <\/span>\r\n\r\n            <\/div>\r\n\r\n\t\t\t<div class=\"col-3 pl-0 pr-0\">\r\n\t\t\t\t<div class=\"galeria-right-img d-flex justify-content-between flex-column h-100 w-100 px-0 mx-0 \">\r\n                <div class=\"galeria-box\">\r\n\t\t\t\t\t<h3 class=\"galeria-title\">Gal\u00e9ria<\/h3>\r\n\t\t\t\t\t<div class=\"galeria-subtitle\">\r\n\r\n\t\t\t\t\t\t<div class=\"galeria-page-counter\"><span>9<\/span>k\u00e9p<\/div>\r\n                    <\/div> <\/div>\r\n                    <span class=\"gallery-item frame d-none d-md-flex\">\r\n\t\t\t\t\t<div class=\"galeria-small-img mt-0\"><a href=\"https:\/\/semmelweis.hu\/net\/files\/2026\/02\/RS231239_0E1A0788_hl-scaled.jpg\"><img src=https:\/\/semmelweis.hu\/net\/files\/2026\/02\/RS231239_0E1A0788_hl-scaled.jpg \r\n                                alt=\"\"  \r\n                                class=\"attachment-sote-gallery-small size-sote-gallery-small\" \r\n                                srcset=\"https:\/\/semmelweis.hu\/net\/files\/2026\/02\/RS231239_0E1A0788_hl-300x200.jpg 300w, https:\/\/semmelweis.hu\/net\/files\/2026\/02\/RS231239_0E1A0788_hl-1024x683.jpg 1024w, https:\/\/semmelweis.hu\/net\/files\/2026\/02\/RS231239_0E1A0788_hl-768x512.jpg 768w, https:\/\/semmelweis.hu\/net\/files\/2026\/02\/RS231239_0E1A0788_hl-1536x1024.jpg 1536w, https:\/\/semmelweis.hu\/net\/files\/2026\/02\/RS231239_0E1A0788_hl-2048x1365.jpg 2048w, https:\/\/semmelweis.hu\/net\/files\/2026\/02\/RS231239_0E1A0788_hl-753x502.jpg 753w, https:\/\/semmelweis.hu\/net\/files\/2026\/02\/RS231239_0E1A0788_hl-203x135.jpg 203w\" ><\/a><\/div>\r\n                    <\/span>\r\n                    <span class=\"gallery-item frame d-none d-md-flex\">\r\n\t\t\t\t\t<div class=\"galeria-small-img mt-0\"><a href=\"https:\/\/semmelweis.hu\/net\/files\/2026\/02\/RS231243_0E1A0786_hl-scaled.jpg\"><img src=https:\/\/semmelweis.hu\/net\/files\/2026\/02\/RS231243_0E1A0786_hl-scaled.jpg \r\n                                alt=\"\" \r\n                                class=\"attachment-sote-gallery-small size-sote-gallery-small\" \r\n                                srcset=\"https:\/\/semmelweis.hu\/net\/files\/2026\/02\/RS231243_0E1A0786_hl-300x200.jpg 300w, https:\/\/semmelweis.hu\/net\/files\/2026\/02\/RS231243_0E1A0786_hl-1024x683.jpg 1024w, https:\/\/semmelweis.hu\/net\/files\/2026\/02\/RS231243_0E1A0786_hl-768x512.jpg 768w, https:\/\/semmelweis.hu\/net\/files\/2026\/02\/RS231243_0E1A0786_hl-1536x1024.jpg 1536w, https:\/\/semmelweis.hu\/net\/files\/2026\/02\/RS231243_0E1A0786_hl-2048x1365.jpg 2048w, https:\/\/semmelweis.hu\/net\/files\/2026\/02\/RS231243_0E1A0786_hl-753x502.jpg 753w, https:\/\/semmelweis.hu\/net\/files\/2026\/02\/RS231243_0E1A0786_hl-203x135.jpg 203w\" ><\/a><\/div>\r\n                    <\/span>\r\n\r\n                <\/div>\r\n\r\n            <\/div>\r\n\r\n            <span class=\"gallery-item\"><div class=\"hidden\"><a href=\"https:\/\/semmelweis.hu\/net\/files\/2026\/02\/RS231244_0E1A0783_hl-scaled.jpg\">\r\n        <img src=https:\/\/semmelweis.hu\/net\/files\/2026\/02\/RS231244_0E1A0783_hl-scaled.jpg alt=\"\" class=\"attachment-sote-gallery-big size-sote-gallery-big\" srcset=\"https:\/\/semmelweis.hu\/net\/files\/2026\/02\/RS231244_0E1A0783_hl-300x200.jpg 300w, https:\/\/semmelweis.hu\/net\/files\/2026\/02\/RS231244_0E1A0783_hl-1024x683.jpg 1024w, https:\/\/semmelweis.hu\/net\/files\/2026\/02\/RS231244_0E1A0783_hl-768x512.jpg 768w, https:\/\/semmelweis.hu\/net\/files\/2026\/02\/RS231244_0E1A0783_hl-1536x1024.jpg 1536w, https:\/\/semmelweis.hu\/net\/files\/2026\/02\/RS231244_0E1A0783_hl-2048x1365.jpg 2048w, https:\/\/semmelweis.hu\/net\/files\/2026\/02\/RS231244_0E1A0783_hl-753x502.jpg 753w, https:\/\/semmelweis.hu\/net\/files\/2026\/02\/RS231244_0E1A0783_hl-203x135.jpg 203w\" >\r\n        <\/a><\/div><\/span><span class=\"gallery-item\"><div class=\"hidden\"><a href=\"https:\/\/semmelweis.hu\/net\/files\/2026\/02\/RS231245_0E1A0781_hl-scaled.jpg\">\r\n        <img src=https:\/\/semmelweis.hu\/net\/files\/2026\/02\/RS231245_0E1A0781_hl-scaled.jpg alt=\"\" class=\"attachment-sote-gallery-big size-sote-gallery-big\" srcset=\"https:\/\/semmelweis.hu\/net\/files\/2026\/02\/RS231245_0E1A0781_hl-300x200.jpg 300w, https:\/\/semmelweis.hu\/net\/files\/2026\/02\/RS231245_0E1A0781_hl-1024x683.jpg 1024w, https:\/\/semmelweis.hu\/net\/files\/2026\/02\/RS231245_0E1A0781_hl-768x512.jpg 768w, https:\/\/semmelweis.hu\/net\/files\/2026\/02\/RS231245_0E1A0781_hl-1536x1024.jpg 1536w, https:\/\/semmelweis.hu\/net\/files\/2026\/02\/RS231245_0E1A0781_hl-2048x1365.jpg 2048w, https:\/\/semmelweis.hu\/net\/files\/2026\/02\/RS231245_0E1A0781_hl-753x502.jpg 753w, https:\/\/semmelweis.hu\/net\/files\/2026\/02\/RS231245_0E1A0781_hl-203x135.jpg 203w\" >\r\n        <\/a><\/div><\/span><span class=\"gallery-item\"><div class=\"hidden\"><a href=\"https:\/\/semmelweis.hu\/net\/files\/2026\/02\/RS231251_0E1A0769_hl-scaled.jpg\">\r\n        <img src=https:\/\/semmelweis.hu\/net\/files\/2026\/02\/RS231251_0E1A0769_hl-scaled.jpg alt=\"\" class=\"attachment-sote-gallery-big size-sote-gallery-big\" srcset=\"https:\/\/semmelweis.hu\/net\/files\/2026\/02\/RS231251_0E1A0769_hl-300x200.jpg 300w, https:\/\/semmelweis.hu\/net\/files\/2026\/02\/RS231251_0E1A0769_hl-1024x683.jpg 1024w, https:\/\/semmelweis.hu\/net\/files\/2026\/02\/RS231251_0E1A0769_hl-768x512.jpg 768w, https:\/\/semmelweis.hu\/net\/files\/2026\/02\/RS231251_0E1A0769_hl-1536x1024.jpg 1536w, https:\/\/semmelweis.hu\/net\/files\/2026\/02\/RS231251_0E1A0769_hl-2048x1365.jpg 2048w, https:\/\/semmelweis.hu\/net\/files\/2026\/02\/RS231251_0E1A0769_hl-753x502.jpg 753w, https:\/\/semmelweis.hu\/net\/files\/2026\/02\/RS231251_0E1A0769_hl-203x135.jpg 203w\" >\r\n        <\/a><\/div><\/span><span class=\"gallery-item\"><div class=\"hidden\"><a href=\"https:\/\/semmelweis.hu\/net\/files\/2026\/02\/RS231237_0E1A0796_hl-scaled.jpg\">\r\n        <img src=https:\/\/semmelweis.hu\/net\/files\/2026\/02\/RS231237_0E1A0796_hl-scaled.jpg alt=\"\" class=\"attachment-sote-gallery-big size-sote-gallery-big\" srcset=\"https:\/\/semmelweis.hu\/net\/files\/2026\/02\/RS231237_0E1A0796_hl-300x200.jpg 300w, https:\/\/semmelweis.hu\/net\/files\/2026\/02\/RS231237_0E1A0796_hl-1024x683.jpg 1024w, https:\/\/semmelweis.hu\/net\/files\/2026\/02\/RS231237_0E1A0796_hl-768x512.jpg 768w, https:\/\/semmelweis.hu\/net\/files\/2026\/02\/RS231237_0E1A0796_hl-1536x1024.jpg 1536w, https:\/\/semmelweis.hu\/net\/files\/2026\/02\/RS231237_0E1A0796_hl-2048x1365.jpg 2048w, https:\/\/semmelweis.hu\/net\/files\/2026\/02\/RS231237_0E1A0796_hl-753x502.jpg 753w, https:\/\/semmelweis.hu\/net\/files\/2026\/02\/RS231237_0E1A0796_hl-203x135.jpg 203w\" >\r\n        <\/a><\/div><\/span><span class=\"gallery-item\"><div class=\"hidden\"><a href=\"https:\/\/semmelweis.hu\/net\/files\/2026\/02\/RS231233_0E1A0799_hl-scaled.jpg\">\r\n        <img src=https:\/\/semmelweis.hu\/net\/files\/2026\/02\/RS231233_0E1A0799_hl-scaled.jpg alt=\"\" class=\"attachment-sote-gallery-big size-sote-gallery-big\" srcset=\"https:\/\/semmelweis.hu\/net\/files\/2026\/02\/RS231233_0E1A0799_hl-300x200.jpg 300w, https:\/\/semmelweis.hu\/net\/files\/2026\/02\/RS231233_0E1A0799_hl-1024x683.jpg 1024w, https:\/\/semmelweis.hu\/net\/files\/2026\/02\/RS231233_0E1A0799_hl-768x512.jpg 768w, https:\/\/semmelweis.hu\/net\/files\/2026\/02\/RS231233_0E1A0799_hl-1536x1024.jpg 1536w, https:\/\/semmelweis.hu\/net\/files\/2026\/02\/RS231233_0E1A0799_hl-2048x1365.jpg 2048w, https:\/\/semmelweis.hu\/net\/files\/2026\/02\/RS231233_0E1A0799_hl-753x502.jpg 753w, https:\/\/semmelweis.hu\/net\/files\/2026\/02\/RS231233_0E1A0799_hl-203x135.jpg 203w\" >\r\n        <\/a><\/div><\/span><span class=\"gallery-item\"><div class=\"hidden\"><a href=\"https:\/\/semmelweis.hu\/net\/files\/2026\/02\/RS231234_0E1A0797_hl-scaled.jpg\">\r\n        <img src=https:\/\/semmelweis.hu\/net\/files\/2026\/02\/RS231234_0E1A0797_hl-scaled.jpg alt=\"\" class=\"attachment-sote-gallery-big size-sote-gallery-big\" srcset=\"https:\/\/semmelweis.hu\/net\/files\/2026\/02\/RS231234_0E1A0797_hl-300x200.jpg 300w, https:\/\/semmelweis.hu\/net\/files\/2026\/02\/RS231234_0E1A0797_hl-1024x683.jpg 1024w, https:\/\/semmelweis.hu\/net\/files\/2026\/02\/RS231234_0E1A0797_hl-768x512.jpg 768w, https:\/\/semmelweis.hu\/net\/files\/2026\/02\/RS231234_0E1A0797_hl-1536x1024.jpg 1536w, https:\/\/semmelweis.hu\/net\/files\/2026\/02\/RS231234_0E1A0797_hl-2048x1365.jpg 2048w, https:\/\/semmelweis.hu\/net\/files\/2026\/02\/RS231234_0E1A0797_hl-753x502.jpg 753w, https:\/\/semmelweis.hu\/net\/files\/2026\/02\/RS231234_0E1A0797_hl-203x135.jpg 203w\" >\r\n        <\/a><\/div><\/span>\r\n            <\/div>\r\n\r\n            [\/slb_exclude]\r\n\t\n","protected":false},"excerpt":{"rendered":"<p>Befogad\u00f3k\u00e9pess\u00e9g: 325\u00a0m2<br \/>\nElrendez\u00e9s:<br \/>\nA helysz\u00edn alaphelyzetben \u00fcres.<br \/>\nVil\u00e1g\u00edt\u00e1s:<br \/>\nF\u00f6ldszintr\u0151l vez\u00e9relhet\u0151.<br \/>\nInternet:<br \/>\nNincs internetkapcsolat.<br \/>\nEszk\u00f6z\u00f6k ig\u00e9nyl\u00e9se \u00e9s be\u00fczemel\u00e9se k\u00fcl\u00f6n egyeztet\u00e9s alapj\u00e1n t\u00f6rt\u00e9nik!<\/p>\n","protected":false},"author":101345,"featured_media":0,"parent":257,"menu_order":4,"comment_status":"closed","ping_status":"closed","template":"","meta":{"_acf_changed":false,"footnotes":""},"categories":[],"tags":[],"class_list":["post-324","page","type-page","status-publish","hentry"],"acf":[],"_links":{"self":[{"href":"https:\/\/semmelweis.hu\/net\/wp-json\/wp\/v2\/pages\/324","targetHints":{"allow":["GET"]}}],"collection":[{"href":"https:\/\/semmelweis.hu\/net\/wp-json\/wp\/v2\/pages"}],"about":[{"href":"https:\/\/semmelweis.hu\/net\/wp-json\/wp\/v2\/types\/page"}],"author":[{"embeddable":true,"href":"https:\/\/semmelweis.hu\/net\/wp-json\/wp\/v2\/users\/101345"}],"replies":[{"embeddable":true,"href":"https:\/\/semmelweis.hu\/net\/wp-json\/wp\/v2\/comments?post=324"}],"version-history":[{"count":8,"href":"https:\/\/semmelweis.hu\/net\/wp-json\/wp\/v2\/pages\/324\/revisions"}],"predecessor-version":[{"id":17033,"href":"https:\/\/semmelweis.hu\/net\/wp-json\/wp\/v2\/pages\/324\/revisions\/17033"}],"up":[{"embeddable":true,"href":"https:\/\/semmelweis.hu\/net\/wp-json\/wp\/v2\/pages\/257"}],"wp:attachment":[{"href":"https:\/\/semmelweis.hu\/net\/wp-json\/wp\/v2\/media?parent=324"}],"wp:term":[{"taxonomy":"category","embeddable":true,"href":"https:\/\/semmelweis.hu\/net\/wp-json\/wp\/v2\/categories?post=324"},{"taxonomy":"post_tag","embeddable":true,"href":"https:\/\/semmelweis.hu\/net\/wp-json\/wp\/v2\/tags?post=324"}],"curies":[{"name":"wp","href":"https:\/\/api.w.org\/{rel}","templated":true}]}}