{"id":318,"date":"2019-03-20T12:40:25","date_gmt":"2019-03-20T11:40:25","guid":{"rendered":"http:\/\/semmelweis.hu\/net\/?page_id=318"},"modified":"2019-09-12T14:06:30","modified_gmt":"2019-09-12T12:06:30","slug":"aula","status":"publish","type":"page","link":"https:\/\/semmelweis.hu\/net\/nagyvaradteri-elmeleti-tomb\/termek-eszkozpark\/aula\/","title":{"rendered":"Aula"},"content":{"rendered":"<p><strong>Befogad\u00f3k\u00e9pess\u00e9g: <\/strong>777 m<sup>2<\/sup><\/p>\n<p><strong>Elrendez\u00e9s:<br \/>\n<\/strong>A helysz\u00ednen alaphelyzetben b\u00fcf\u00e9 \u00fczemel sz\u00e9kekkel, asztalokkal.<br \/>\nK\u00fcl\u00f6n k\u00e9r\u00e9sre kipakolhat\u00f3.<\/p>\n<p><strong>Vil\u00e1g\u00edt\u00e1s:<\/strong><br \/>\nPort\u00e1r\u00f3l vez\u00e9relhet\u0151.<\/p>\n<p><strong>Internet:<\/strong><span class=\"Apple-converted-space\"><br \/>\n<\/span>Nincs internetkapcsolat.<\/p>\n<p><strong>Eszk\u00f6z\u00f6k ig\u00e9nyl\u00e9se \u00e9s be\u00fczemel\u00e9se k\u00fcl\u00f6n egyeztet\u00e9s alapj\u00e1n t\u00f6rt\u00e9nik!<\/strong><\/p>\n\r\n        [slb_exclude]\r\n        <div class=\"row galeria-wrapper mx-0 h-auto\">\r\n            <div class=\"col-9 pl-0 pr-2\">\r\n            <span class=\"gallery-item frame\">\r\n\t\t\t\t<div class=\"galeria-left-img\"><a href=\"https:\/\/semmelweis.hu\/net\/files\/2019\/03\/aula6.jpg\"><img src=https:\/\/semmelweis.hu\/net\/files\/2019\/03\/aula6.jpg  \r\n                            alt=\"\" \r\n                            class=\"attachment-sote-gallery-big size-sote-gallery-big\" \r\n                            srcset=\"https:\/\/semmelweis.hu\/net\/files\/2019\/03\/aula6-300x193.jpg 300w, https:\/\/semmelweis.hu\/net\/files\/2019\/03\/aula6-768x493.jpg 768w, https:\/\/semmelweis.hu\/net\/files\/2019\/03\/aula6-1024x658.jpg 1024w, https:\/\/semmelweis.hu\/net\/files\/2019\/03\/aula6-467x300.jpg 467w\" ><\/a><\/div>\r\n            <\/span>\r\n\r\n            <\/div>\r\n\r\n\t\t\t<div class=\"col-3 pl-0 pr-0\">\r\n\t\t\t\t<div class=\"galeria-right-img d-flex justify-content-between flex-column h-100 w-100 px-0 mx-0 \">\r\n                <div class=\"galeria-box\">\r\n\t\t\t\t\t<h3 class=\"galeria-title\">Gal\u00e9ria<\/h3>\r\n\t\t\t\t\t<div class=\"galeria-subtitle\">\r\n\r\n\t\t\t\t\t\t<div class=\"galeria-page-counter\"><span>4<\/span>k\u00e9p<\/div>\r\n                    <\/div> <\/div>\r\n                    <span class=\"gallery-item frame d-none d-md-flex\">\r\n\t\t\t\t\t<div class=\"galeria-small-img mt-0\"><a href=\"https:\/\/semmelweis.hu\/net\/files\/2019\/03\/aula3.jpg\"><img src=https:\/\/semmelweis.hu\/net\/files\/2019\/03\/aula3.jpg \r\n                                alt=\"\"  \r\n                                class=\"attachment-sote-gallery-small size-sote-gallery-small\" \r\n                                srcset=\"https:\/\/semmelweis.hu\/net\/files\/2019\/03\/aula3-300x190.jpg 300w, https:\/\/semmelweis.hu\/net\/files\/2019\/03\/aula3-768x486.jpg 768w, https:\/\/semmelweis.hu\/net\/files\/2019\/03\/aula3-1024x648.jpg 1024w, https:\/\/semmelweis.hu\/net\/files\/2019\/03\/aula3-474x300.jpg 474w\" ><\/a><\/div>\r\n                    <\/span>\r\n                    <span class=\"gallery-item frame d-none d-md-flex\">\r\n\t\t\t\t\t<div class=\"galeria-small-img mt-0\"><a href=\"https:\/\/semmelweis.hu\/net\/files\/2019\/03\/aula1.jpg\"><img src=https:\/\/semmelweis.hu\/net\/files\/2019\/03\/aula1.jpg \r\n                                alt=\"\" \r\n                                class=\"attachment-sote-gallery-small size-sote-gallery-small\" \r\n                                srcset=\"https:\/\/semmelweis.hu\/net\/files\/2019\/03\/aula1-300x200.jpg 300w, https:\/\/semmelweis.hu\/net\/files\/2019\/03\/aula1-768x511.jpg 768w, https:\/\/semmelweis.hu\/net\/files\/2019\/03\/aula1-1024x682.jpg 1024w, https:\/\/semmelweis.hu\/net\/files\/2019\/03\/aula1-451x300.jpg 451w\" ><\/a><\/div>\r\n                    <\/span>\r\n\r\n                <\/div>\r\n\r\n            <\/div>\r\n\r\n            <span class=\"gallery-item\"><div class=\"hidden\"><a href=\"https:\/\/semmelweis.hu\/net\/files\/2019\/09\/RS20098_KA-20140630-IMG_9563-net-aula-scr.jpg\">\r\n        <img src=https:\/\/semmelweis.hu\/net\/files\/2019\/09\/RS20098_KA-20140630-IMG_9563-net-aula-scr.jpg alt=\"\" class=\"attachment-sote-gallery-big size-sote-gallery-big\" srcset=\"https:\/\/semmelweis.hu\/net\/files\/2019\/09\/RS20098_KA-20140630-IMG_9563-net-aula-scr-300x200.jpg 300w, https:\/\/semmelweis.hu\/net\/files\/2019\/09\/RS20098_KA-20140630-IMG_9563-net-aula-scr-768x512.jpg 768w, https:\/\/semmelweis.hu\/net\/files\/2019\/09\/RS20098_KA-20140630-IMG_9563-net-aula-scr-450x300.jpg 450w, https:\/\/semmelweis.hu\/net\/files\/2019\/09\/RS20098_KA-20140630-IMG_9563-net-aula-scr.jpg 950w\" >\r\n        <\/a><\/div><\/span>\r\n            <\/div>\r\n\r\n            [\/slb_exclude]\r\n\t\n","protected":false},"excerpt":{"rendered":"<p>Befogad\u00f3k\u00e9pess\u00e9g: 777 m2<br \/>\nElrendez\u00e9s:<br \/>\nA helysz\u00ednen alaphelyzetben b\u00fcf\u00e9 \u00fczemel sz\u00e9kekkel, asztalokkal.<br \/>\nK\u00fcl\u00f6n k\u00e9r\u00e9sre kipakolhat\u00f3.<br \/>\nVil\u00e1g\u00edt\u00e1s:<br \/>\nPort\u00e1r\u00f3l vez\u00e9relhet\u0151.<br \/>\nInternet:<br \/>\nNincs internetkapcsolat.<br \/>\nEszk\u00f6z\u00f6k ig\u00e9nyl\u00e9se \u00e9s be\u00fczemel\u00e9se k\u00fcl\u00f6n egyeztet\u00e9s alapj\u00e1n t\u00f6rt\u00e9nik!<\/p>\n","protected":false},"author":101345,"featured_media":0,"parent":257,"menu_order":8,"comment_status":"closed","ping_status":"closed","template":"","meta":{"_acf_changed":false,"footnotes":""},"categories":[],"tags":[],"class_list":["post-318","page","type-page","status-publish","hentry"],"acf":[],"_links":{"self":[{"href":"https:\/\/semmelweis.hu\/net\/wp-json\/wp\/v2\/pages\/318","targetHints":{"allow":["GET"]}}],"collection":[{"href":"https:\/\/semmelweis.hu\/net\/wp-json\/wp\/v2\/pages"}],"about":[{"href":"https:\/\/semmelweis.hu\/net\/wp-json\/wp\/v2\/types\/page"}],"author":[{"embeddable":true,"href":"https:\/\/semmelweis.hu\/net\/wp-json\/wp\/v2\/users\/101345"}],"replies":[{"embeddable":true,"href":"https:\/\/semmelweis.hu\/net\/wp-json\/wp\/v2\/comments?post=318"}],"version-history":[{"count":10,"href":"https:\/\/semmelweis.hu\/net\/wp-json\/wp\/v2\/pages\/318\/revisions"}],"predecessor-version":[{"id":16948,"href":"https:\/\/semmelweis.hu\/net\/wp-json\/wp\/v2\/pages\/318\/revisions\/16948"}],"up":[{"embeddable":true,"href":"https:\/\/semmelweis.hu\/net\/wp-json\/wp\/v2\/pages\/257"}],"wp:attachment":[{"href":"https:\/\/semmelweis.hu\/net\/wp-json\/wp\/v2\/media?parent=318"}],"wp:term":[{"taxonomy":"category","embeddable":true,"href":"https:\/\/semmelweis.hu\/net\/wp-json\/wp\/v2\/categories?post=318"},{"taxonomy":"post_tag","embeddable":true,"href":"https:\/\/semmelweis.hu\/net\/wp-json\/wp\/v2\/tags?post=318"}],"curies":[{"name":"wp","href":"https:\/\/api.w.org\/{rel}","templated":true}]}}