{"id":309,"date":"2019-03-20T12:35:23","date_gmt":"2019-03-20T11:35:23","guid":{"rendered":"http:\/\/semmelweis.hu\/net\/?page_id=309"},"modified":"2019-09-12T14:07:24","modified_gmt":"2019-09-12T12:07:24","slug":"zsibongo","status":"publish","type":"page","link":"https:\/\/semmelweis.hu\/net\/nagyvaradteri-elmeleti-tomb\/termek-eszkozpark\/zsibongo\/","title":{"rendered":"Zsibong\u00f3"},"content":{"rendered":"<p><strong>Befogad\u00f3k\u00e9pess\u00e9g: <\/strong>1723 m<sup>2<\/sup><\/p>\n<p><strong>Elrendez\u00e9s:<br \/>\n<\/strong>A helysz\u00edn alaphelyzetben \u00fcres, a fal mellett sz\u00e9ksorok vannak elhelyezve.<\/p>\n<p><strong>Vil\u00e1g\u00edt\u00e1s:<\/strong><br \/>\nPort\u00e1r\u00f3l vez\u00e9relhet\u0151.<\/p>\n<p><strong>Internet:<\/strong><span class=\"Apple-converted-space\"><br \/>\n<\/span>Nincs internetkapcsolat.<\/p>\n<p><strong>Eszk\u00f6z\u00f6k ig\u00e9nyl\u00e9se \u00e9s be\u00fczemel\u00e9se k\u00fcl\u00f6n egyeztet\u00e9s alapj\u00e1n t\u00f6rt\u00e9nik!<\/strong><\/p>\n\r\n        [slb_exclude]\r\n        <div class=\"row galeria-wrapper mx-0 h-auto\">\r\n            <div class=\"col-9 pl-0 pr-2\">\r\n            <span class=\"gallery-item frame\">\r\n\t\t\t\t<div class=\"galeria-left-img\"><a href=\"https:\/\/semmelweis.hu\/net\/files\/2019\/03\/zsibongo6.jpg\"><img src=https:\/\/semmelweis.hu\/net\/files\/2019\/03\/zsibongo6.jpg  \r\n                            alt=\"\" \r\n                            class=\"attachment-sote-gallery-big size-sote-gallery-big\" \r\n                            srcset=\"https:\/\/semmelweis.hu\/net\/files\/2019\/03\/zsibongo6-300x225.jpg 300w, https:\/\/semmelweis.hu\/net\/files\/2019\/03\/zsibongo6-768x576.jpg 768w, https:\/\/semmelweis.hu\/net\/files\/2019\/03\/zsibongo6.jpg 1024w, https:\/\/semmelweis.hu\/net\/files\/2019\/03\/zsibongo6-400x300.jpg 400w\" ><\/a><\/div>\r\n            <\/span>\r\n\r\n            <\/div>\r\n\r\n\t\t\t<div class=\"col-3 pl-0 pr-0\">\r\n\t\t\t\t<div class=\"galeria-right-img d-flex justify-content-between flex-column h-100 w-100 px-0 mx-0 \">\r\n                <div class=\"galeria-box\">\r\n\t\t\t\t\t<h3 class=\"galeria-title\">Gal\u00e9ria<\/h3>\r\n\t\t\t\t\t<div class=\"galeria-subtitle\">\r\n\r\n\t\t\t\t\t\t<div class=\"galeria-page-counter\"><span>5<\/span>k\u00e9p<\/div>\r\n                    <\/div> <\/div>\r\n                    <span class=\"gallery-item frame d-none d-md-flex\">\r\n\t\t\t\t\t<div class=\"galeria-small-img mt-0\"><a href=\"https:\/\/semmelweis.hu\/net\/files\/2019\/03\/zsibongo5.jpg\"><img src=https:\/\/semmelweis.hu\/net\/files\/2019\/03\/zsibongo5.jpg \r\n                                alt=\"\"  \r\n                                class=\"attachment-sote-gallery-small size-sote-gallery-small\" \r\n                                srcset=\"https:\/\/semmelweis.hu\/net\/files\/2019\/03\/zsibongo5-300x225.jpg 300w, https:\/\/semmelweis.hu\/net\/files\/2019\/03\/zsibongo5-768x576.jpg 768w, https:\/\/semmelweis.hu\/net\/files\/2019\/03\/zsibongo5.jpg 1024w, https:\/\/semmelweis.hu\/net\/files\/2019\/03\/zsibongo5-400x300.jpg 400w\" ><\/a><\/div>\r\n                    <\/span>\r\n                    <span class=\"gallery-item frame d-none d-md-flex\">\r\n\t\t\t\t\t<div class=\"galeria-small-img mt-0\"><a href=\"https:\/\/semmelweis.hu\/net\/files\/2019\/03\/zsibongo4.jpg\"><img src=https:\/\/semmelweis.hu\/net\/files\/2019\/03\/zsibongo4.jpg \r\n                                alt=\"\" \r\n                                class=\"attachment-sote-gallery-small size-sote-gallery-small\" \r\n                                srcset=\"https:\/\/semmelweis.hu\/net\/files\/2019\/03\/zsibongo4-300x225.jpg 300w, https:\/\/semmelweis.hu\/net\/files\/2019\/03\/zsibongo4-768x576.jpg 768w, https:\/\/semmelweis.hu\/net\/files\/2019\/03\/zsibongo4.jpg 1024w, https:\/\/semmelweis.hu\/net\/files\/2019\/03\/zsibongo4-400x300.jpg 400w\" ><\/a><\/div>\r\n                    <\/span>\r\n\r\n                <\/div>\r\n\r\n            <\/div>\r\n\r\n            <span class=\"gallery-item\"><div class=\"hidden\"><a href=\"https:\/\/semmelweis.hu\/net\/files\/2019\/03\/zsibongo2.jpg\">\r\n        <img src=https:\/\/semmelweis.hu\/net\/files\/2019\/03\/zsibongo2.jpg alt=\"\" class=\"attachment-sote-gallery-big size-sote-gallery-big\" srcset=\"https:\/\/semmelweis.hu\/net\/files\/2019\/03\/zsibongo2-300x225.jpg 300w, https:\/\/semmelweis.hu\/net\/files\/2019\/03\/zsibongo2-768x576.jpg 768w, https:\/\/semmelweis.hu\/net\/files\/2019\/03\/zsibongo2.jpg 1024w, https:\/\/semmelweis.hu\/net\/files\/2019\/03\/zsibongo2-400x300.jpg 400w\" >\r\n        <\/a><\/div><\/span><span class=\"gallery-item\"><div class=\"hidden\"><a href=\"https:\/\/semmelweis.hu\/net\/files\/2019\/03\/zsibongo1.jpg\">\r\n        <img src=https:\/\/semmelweis.hu\/net\/files\/2019\/03\/zsibongo1.jpg alt=\"\" class=\"attachment-sote-gallery-big size-sote-gallery-big\" srcset=\"https:\/\/semmelweis.hu\/net\/files\/2019\/03\/zsibongo1-300x195.jpg 300w, https:\/\/semmelweis.hu\/net\/files\/2019\/03\/zsibongo1-768x498.jpg 768w, https:\/\/semmelweis.hu\/net\/files\/2019\/03\/zsibongo1-1024x664.jpg 1024w, https:\/\/semmelweis.hu\/net\/files\/2019\/03\/zsibongo1-463x300.jpg 463w\" >\r\n        <\/a><\/div><\/span>\r\n            <\/div>\r\n\r\n            [\/slb_exclude]\r\n\t\n","protected":false},"excerpt":{"rendered":"<p>Befogad\u00f3k\u00e9pess\u00e9g: 1723 m2<br \/>\nElrendez\u00e9s:<br \/>\nA helysz\u00edn alaphelyzetben \u00fcres, a fal mellett sz\u00e9ksorok vannak elhelyezve.<br \/>\nVil\u00e1g\u00edt\u00e1s:<br \/>\nPort\u00e1r\u00f3l vez\u00e9relhet\u0151.<br \/>\nInternet:<br \/>\nNincs internetkapcsolat.<br \/>\nEszk\u00f6z\u00f6k ig\u00e9nyl\u00e9se \u00e9s be\u00fczemel\u00e9se k\u00fcl\u00f6n egyeztet\u00e9s alapj\u00e1n t\u00f6rt\u00e9nik!<\/p>\n","protected":false},"author":101345,"featured_media":0,"parent":257,"menu_order":9,"comment_status":"closed","ping_status":"closed","template":"","meta":{"_acf_changed":false,"footnotes":""},"categories":[],"tags":[],"class_list":["post-309","page","type-page","status-publish","hentry"],"acf":[],"_links":{"self":[{"href":"https:\/\/semmelweis.hu\/net\/wp-json\/wp\/v2\/pages\/309","targetHints":{"allow":["GET"]}}],"collection":[{"href":"https:\/\/semmelweis.hu\/net\/wp-json\/wp\/v2\/pages"}],"about":[{"href":"https:\/\/semmelweis.hu\/net\/wp-json\/wp\/v2\/types\/page"}],"author":[{"embeddable":true,"href":"https:\/\/semmelweis.hu\/net\/wp-json\/wp\/v2\/users\/101345"}],"replies":[{"embeddable":true,"href":"https:\/\/semmelweis.hu\/net\/wp-json\/wp\/v2\/comments?post=309"}],"version-history":[{"count":9,"href":"https:\/\/semmelweis.hu\/net\/wp-json\/wp\/v2\/pages\/309\/revisions"}],"predecessor-version":[{"id":16949,"href":"https:\/\/semmelweis.hu\/net\/wp-json\/wp\/v2\/pages\/309\/revisions\/16949"}],"up":[{"embeddable":true,"href":"https:\/\/semmelweis.hu\/net\/wp-json\/wp\/v2\/pages\/257"}],"wp:attachment":[{"href":"https:\/\/semmelweis.hu\/net\/wp-json\/wp\/v2\/media?parent=309"}],"wp:term":[{"taxonomy":"category","embeddable":true,"href":"https:\/\/semmelweis.hu\/net\/wp-json\/wp\/v2\/categories?post=309"},{"taxonomy":"post_tag","embeddable":true,"href":"https:\/\/semmelweis.hu\/net\/wp-json\/wp\/v2\/tags?post=309"}],"curies":[{"name":"wp","href":"https:\/\/api.w.org\/{rel}","templated":true}]}}