{"id":299,"date":"2019-03-20T12:15:51","date_gmt":"2019-03-20T11:15:51","guid":{"rendered":"http:\/\/semmelweis.hu\/net\/?page_id=299"},"modified":"2026-02-02T08:54:46","modified_gmt":"2026-02-02T07:54:46","slug":"szeminariumi-termek","status":"publish","type":"page","link":"https:\/\/semmelweis.hu\/net\/nagyvaradteri-elmeleti-tomb\/termek-eszkozpark\/szeminariumi-termek\/","title":{"rendered":"Szemin\u00e1riumi termek"},"content":{"rendered":"<p><strong>Befogad\u00f3k\u00e9pess\u00e9g:<\/strong><br \/>\n7 db szemin\u00e1riumi terem: 24 f\u0151\u00a0 ( 45 m<sup>2<\/sup>)<br \/>\n1 db szemin\u00e1riumi terem: 48 f\u0151 ( 90 m<sup>2<\/sup>)<\/p>\n<p><strong>Elrendez\u00e9s:<br \/>\n<\/strong>Iskolapados berendez\u00e9s.<\/p>\n<p><strong>Vet\u00edt\u00e9s, el\u0151ad\u00e1s:<br \/>\n<\/strong>A vet\u00edtett k\u00e9p alapfelbont\u00e1sa:\u00a0 1024 x 768 (4:3-as k\u00e9par\u00e1ny)<br \/>\n1 db Epson EB-X27\u00a0 \u00a02700 lumen (vet\u00edtett k\u00e9p m\u00e9rete: 200 x 150 cm),<br \/>\n1 db motoros projektorv\u00e1szon<br \/>\n1 db kinyithat\u00f3 m\u00e1gneses \u00edr\u00f3t\u00e1bla (feh\u00e9r sz\u00edn\u0171) A t\u00e1bl\u00e1ra csak alkoholmentes filctollal lehet \u00edrni, filctollat nem tudunk biztos\u00edtani.<\/p>\n<p><strong>El\u0151ad\u00f3i pulpitusn\u00e1l tal\u00e1lhat\u00f3 eszk\u00f6z\u00f6k:<br \/>\n<\/strong>1 db be\u00e9p\u00edtett asztali sz\u00e1m\u00edt\u00f3g\u00e9p (Windows 10 oper\u00e1ci\u00f3s rendszer, Office 365)<br \/>\n1 db HDMI csatlakoz\u00e1si lehet\u0151s\u00e9g hordozhat\u00f3 sz\u00e1m\u00edt\u00f3g\u00e9p (laptop) sz\u00e1m\u00e1ra<br \/>\n1 db mikrofon a pc-hez csatlakoztatva.<\/p>\n<p><strong>Hangos\u00edt\u00e1s:<\/strong><br \/>\nA szemin\u00e1riumi termekben a be\u00e9p\u00edtett asztali sz\u00e1m\u00edt\u00f3g\u00e9pen k\u00edv\u00fcl nincs lehet\u0151s\u00e9g hangos\u00edt\u00e1sra.<\/p>\n<p><strong>Vil\u00e1g\u00edt\u00e1s:<\/strong><br \/>\nFali kapcsol\u00f3 seg\u00edts\u00e9g\u00e9vel vez\u00e9relhet\u0151.<\/p>\n<p><strong>Internet:<\/strong><span class=\"Apple-converted-space\"><br \/>\n<\/span>A be\u00e9p\u00edtett asztali sz\u00e1m\u00edt\u00f3g\u00e9p rendelkezik vezet\u00e9kes internetkapcsolattal.<\/p>\n<p><strong>A fentieken fel\u00fcl tov\u00e1bbi eszk\u00f6z\u00f6k ig\u00e9nyl\u00e9se \u00e9s be\u00fczemel\u00e9se k\u00fcl\u00f6n egyeztet\u00e9s alapj\u00e1n t\u00f6rt\u00e9nik!<\/strong><\/p>\n\r\n        [slb_exclude]\r\n        <div class=\"row galeria-wrapper mx-0 h-auto\">\r\n            <div class=\"col-9 pl-0 pr-2\">\r\n            <span class=\"gallery-item frame\">\r\n\t\t\t\t<div class=\"galeria-left-img\"><a href=\"https:\/\/semmelweis.hu\/net\/files\/2026\/02\/RS231231_0E1A0802_hl-scaled.jpg\"><img src=https:\/\/semmelweis.hu\/net\/files\/2026\/02\/RS231231_0E1A0802_hl-scaled.jpg  \r\n                            alt=\"\" \r\n                            class=\"attachment-sote-gallery-big size-sote-gallery-big\" \r\n                            srcset=\"https:\/\/semmelweis.hu\/net\/files\/2026\/02\/RS231231_0E1A0802_hl-300x200.jpg 300w, https:\/\/semmelweis.hu\/net\/files\/2026\/02\/RS231231_0E1A0802_hl-1024x683.jpg 1024w, https:\/\/semmelweis.hu\/net\/files\/2026\/02\/RS231231_0E1A0802_hl-768x512.jpg 768w, https:\/\/semmelweis.hu\/net\/files\/2026\/02\/RS231231_0E1A0802_hl-1536x1024.jpg 1536w, https:\/\/semmelweis.hu\/net\/files\/2026\/02\/RS231231_0E1A0802_hl-2048x1365.jpg 2048w, https:\/\/semmelweis.hu\/net\/files\/2026\/02\/RS231231_0E1A0802_hl-753x502.jpg 753w, https:\/\/semmelweis.hu\/net\/files\/2026\/02\/RS231231_0E1A0802_hl-203x135.jpg 203w\" ><\/a><\/div>\r\n            <\/span>\r\n\r\n            <\/div>\r\n\r\n\t\t\t<div class=\"col-3 pl-0 pr-0\">\r\n\t\t\t\t<div class=\"galeria-right-img d-flex justify-content-between flex-column h-100 w-100 px-0 mx-0 \">\r\n                <div class=\"galeria-box\">\r\n\t\t\t\t\t<h3 class=\"galeria-title\">Gal\u00e9ria<\/h3>\r\n\t\t\t\t\t<div class=\"galeria-subtitle\">\r\n\r\n\t\t\t\t\t\t<div class=\"galeria-page-counter\"><span>4<\/span>k\u00e9p<\/div>\r\n                    <\/div> <\/div>\r\n                    <span class=\"gallery-item frame d-none d-md-flex\">\r\n\t\t\t\t\t<div class=\"galeria-small-img mt-0\"><a href=\"https:\/\/semmelweis.hu\/net\/files\/2026\/02\/RS231230_0E1A0801_hl-1-scaled.jpg\"><img src=https:\/\/semmelweis.hu\/net\/files\/2026\/02\/RS231230_0E1A0801_hl-1-scaled.jpg \r\n                                alt=\"\"  \r\n                                class=\"attachment-sote-gallery-small size-sote-gallery-small\" \r\n                                srcset=\"https:\/\/semmelweis.hu\/net\/files\/2026\/02\/RS231230_0E1A0801_hl-1-300x200.jpg 300w, https:\/\/semmelweis.hu\/net\/files\/2026\/02\/RS231230_0E1A0801_hl-1-1024x683.jpg 1024w, https:\/\/semmelweis.hu\/net\/files\/2026\/02\/RS231230_0E1A0801_hl-1-768x512.jpg 768w, https:\/\/semmelweis.hu\/net\/files\/2026\/02\/RS231230_0E1A0801_hl-1-1536x1024.jpg 1536w, https:\/\/semmelweis.hu\/net\/files\/2026\/02\/RS231230_0E1A0801_hl-1-2048x1365.jpg 2048w, https:\/\/semmelweis.hu\/net\/files\/2026\/02\/RS231230_0E1A0801_hl-1-753x502.jpg 753w, https:\/\/semmelweis.hu\/net\/files\/2026\/02\/RS231230_0E1A0801_hl-1-203x135.jpg 203w\" ><\/a><\/div>\r\n                    <\/span>\r\n                    <span class=\"gallery-item frame d-none d-md-flex\">\r\n\t\t\t\t\t<div class=\"galeria-small-img mt-0\"><a href=\"https:\/\/semmelweis.hu\/net\/files\/2026\/02\/RS231230_0E1A0801_hl-scaled.jpg\"><img src=https:\/\/semmelweis.hu\/net\/files\/2026\/02\/RS231230_0E1A0801_hl-scaled.jpg \r\n                                alt=\"\" \r\n                                class=\"attachment-sote-gallery-small size-sote-gallery-small\" \r\n                                srcset=\"https:\/\/semmelweis.hu\/net\/files\/2026\/02\/RS231230_0E1A0801_hl-300x200.jpg 300w, https:\/\/semmelweis.hu\/net\/files\/2026\/02\/RS231230_0E1A0801_hl-1024x683.jpg 1024w, https:\/\/semmelweis.hu\/net\/files\/2026\/02\/RS231230_0E1A0801_hl-768x512.jpg 768w, https:\/\/semmelweis.hu\/net\/files\/2026\/02\/RS231230_0E1A0801_hl-1536x1024.jpg 1536w, https:\/\/semmelweis.hu\/net\/files\/2026\/02\/RS231230_0E1A0801_hl-2048x1365.jpg 2048w, https:\/\/semmelweis.hu\/net\/files\/2026\/02\/RS231230_0E1A0801_hl-753x502.jpg 753w, https:\/\/semmelweis.hu\/net\/files\/2026\/02\/RS231230_0E1A0801_hl-203x135.jpg 203w\" ><\/a><\/div>\r\n                    <\/span>\r\n\r\n                <\/div>\r\n\r\n            <\/div>\r\n\r\n            <span class=\"gallery-item\"><div class=\"hidden\"><a href=\"https:\/\/semmelweis.hu\/net\/files\/2026\/02\/RS231228_0E1A0805_hl-scaled.jpg\">\r\n        <img src=https:\/\/semmelweis.hu\/net\/files\/2026\/02\/RS231228_0E1A0805_hl-scaled.jpg alt=\"\" class=\"attachment-sote-gallery-big size-sote-gallery-big\" srcset=\"https:\/\/semmelweis.hu\/net\/files\/2026\/02\/RS231228_0E1A0805_hl-300x200.jpg 300w, https:\/\/semmelweis.hu\/net\/files\/2026\/02\/RS231228_0E1A0805_hl-1024x683.jpg 1024w, https:\/\/semmelweis.hu\/net\/files\/2026\/02\/RS231228_0E1A0805_hl-768x512.jpg 768w, https:\/\/semmelweis.hu\/net\/files\/2026\/02\/RS231228_0E1A0805_hl-1536x1024.jpg 1536w, https:\/\/semmelweis.hu\/net\/files\/2026\/02\/RS231228_0E1A0805_hl-2048x1365.jpg 2048w, https:\/\/semmelweis.hu\/net\/files\/2026\/02\/RS231228_0E1A0805_hl-753x502.jpg 753w, https:\/\/semmelweis.hu\/net\/files\/2026\/02\/RS231228_0E1A0805_hl-203x135.jpg 203w\" >\r\n        <\/a><\/div><\/span>\r\n            <\/div>\r\n\r\n            [\/slb_exclude]\r\n\t\n","protected":false},"excerpt":{"rendered":"<p>Befogad\u00f3k\u00e9pess\u00e9g: 7 db szemin\u00e1riumi terem: 24 f\u0151\u00a0 ( 45 m2) 1 db szemin\u00e1riumi terem: 48 f\u0151 ( 90 m2) Elrendez\u00e9s: Iskolapados berendez\u00e9s. Vet\u00edt\u00e9s, el\u0151ad\u00e1s: A vet\u00edtett k\u00e9p alapfelbont\u00e1sa:\u00a0 1024 x 768 (4:3-as k\u00e9par\u00e1ny) 1 db Epson EB-X27\u00a0 \u00a02700 lumen (vet\u00edtett k\u00e9p m\u00e9rete: 200 x 150 cm), 1 db motoros projektorv\u00e1szon 1 db kinyithat\u00f3 m\u00e1gneses \u00edr\u00f3t\u00e1bla &hellip;<\/p>\n","protected":false},"author":101345,"featured_media":0,"parent":257,"menu_order":7,"comment_status":"closed","ping_status":"closed","template":"","meta":{"_acf_changed":false,"footnotes":""},"categories":[],"tags":[],"class_list":["post-299","page","type-page","status-publish","hentry"],"acf":[],"_links":{"self":[{"href":"https:\/\/semmelweis.hu\/net\/wp-json\/wp\/v2\/pages\/299","targetHints":{"allow":["GET"]}}],"collection":[{"href":"https:\/\/semmelweis.hu\/net\/wp-json\/wp\/v2\/pages"}],"about":[{"href":"https:\/\/semmelweis.hu\/net\/wp-json\/wp\/v2\/types\/page"}],"author":[{"embeddable":true,"href":"https:\/\/semmelweis.hu\/net\/wp-json\/wp\/v2\/users\/101345"}],"replies":[{"embeddable":true,"href":"https:\/\/semmelweis.hu\/net\/wp-json\/wp\/v2\/comments?post=299"}],"version-history":[{"count":10,"href":"https:\/\/semmelweis.hu\/net\/wp-json\/wp\/v2\/pages\/299\/revisions"}],"predecessor-version":[{"id":17007,"href":"https:\/\/semmelweis.hu\/net\/wp-json\/wp\/v2\/pages\/299\/revisions\/17007"}],"up":[{"embeddable":true,"href":"https:\/\/semmelweis.hu\/net\/wp-json\/wp\/v2\/pages\/257"}],"wp:attachment":[{"href":"https:\/\/semmelweis.hu\/net\/wp-json\/wp\/v2\/media?parent=299"}],"wp:term":[{"taxonomy":"category","embeddable":true,"href":"https:\/\/semmelweis.hu\/net\/wp-json\/wp\/v2\/categories?post=299"},{"taxonomy":"post_tag","embeddable":true,"href":"https:\/\/semmelweis.hu\/net\/wp-json\/wp\/v2\/tags?post=299"}],"curies":[{"name":"wp","href":"https:\/\/api.w.org\/{rel}","templated":true}]}}