{"id":286,"date":"2019-03-20T12:04:07","date_gmt":"2019-03-20T11:04:07","guid":{"rendered":"http:\/\/semmelweis.hu\/net\/?page_id=286"},"modified":"2023-04-13T09:47:24","modified_gmt":"2023-04-13T07:47:24","slug":"zold-eloado-selye-janos-terem","status":"publish","type":"page","link":"https:\/\/semmelweis.hu\/net\/nagyvaradteri-elmeleti-tomb\/termek-eszkozpark\/zold-eloado-selye-janos-terem\/","title":{"rendered":"Z\u00f6ld el\u0151ad\u00f3 (Selye J\u00e1nos Terem)"},"content":{"rendered":"<p><strong>Befogad\u00f3k\u00e9pess\u00e9g:<\/strong> 358 f\u0151\u00a0 (352 m<sup>2<\/sup>)<\/p>\n<p><strong>Elrendez\u00e9s:\u00a0<\/strong>Sz\u00ednh\u00e1z jelleg\u0171, r\u00f6gz\u00edtett iskolai sz\u00e9ksorokkal.<\/p>\n<p><strong>Vet\u00edt\u00e9s, el\u0151ad\u00e1s:<br \/>\n<\/strong>A vet\u00edtett k\u00e9p alapfelbont\u00e1sa:\u00a0 1280 x 960 (4:3-as k\u00e9par\u00e1ny)<br \/>\n1 db Panasonic PT-EX800ZL projektor 7500 lumen (vet\u00edtett k\u00e9p: 400&#215;300 cm),<br \/>\n1 db motoros projektorv\u00e1szon<br \/>\n2 db hagyom\u00e1nyos t\u00e1bla (kr\u00e9t\u00e1s, fekete sz\u00edn\u0171)<\/p>\n<p><strong>El\u0151ad\u00f3i pulpitusn\u00e1l tal\u00e1lhat\u00f3 eszk\u00f6z\u00f6k:<br \/>\n<\/strong>1 db be\u00e9p\u00edtett asztali sz\u00e1m\u00edt\u00f3g\u00e9p (Windows 10 oper\u00e1ci\u00f3s rendszer, Office 365)<br \/>\n1 db HDMI csatlakoz\u00e1si lehet\u0151s\u00e9g hordozhat\u00f3 sz\u00e1m\u00edt\u00f3g\u00e9p (laptop) sz\u00e1m\u00e1ra<\/p>\n<p><strong>Hangos\u00edt\u00e1s (alap):<\/strong><br \/>\nEl\u0151zetes megbesz\u00e9l\u00e9st k\u00f6vet\u0151en mobil \u00e9s vezet\u00e9kes mikrofonokat tudunk biztos\u00edtani.<\/p>\n<p><strong>Vil\u00e1g\u00edt\u00e1s:<\/strong><br \/>\nFali kapcsol\u00f3 seg\u00edts\u00e9g\u00e9vel vez\u00e9relhet\u0151.<\/p>\n<p><strong>Internet:<\/strong><span class=\"Apple-converted-space\"><br \/>\n<\/span>A be\u00e9p\u00edtett asztali sz\u00e1m\u00edt\u00f3g\u00e9p rendelkezik vezet\u00e9kes internetkapcsolattal.<\/p>\n<p><strong>A fentieken fel\u00fcl tov\u00e1bbi eszk\u00f6z\u00f6k ig\u00e9nyl\u00e9se \u00e9s be\u00fczemel\u00e9se k\u00fcl\u00f6n egyeztet\u00e9s alapj\u00e1n t\u00f6rt\u00e9nik!<\/strong><\/p>\n<p>&nbsp;<\/p>\n\r\n        [slb_exclude]\r\n        <div class=\"row galeria-wrapper mx-0 h-auto\">\r\n            <div class=\"col-9 pl-0 pr-2\">\r\n            <span class=\"gallery-item frame\">\r\n\t\t\t\t<div class=\"galeria-left-img\"><a href=\"https:\/\/semmelweis.hu\/net\/files\/2019\/03\/zold6.jpg\"><img src=https:\/\/semmelweis.hu\/net\/files\/2019\/03\/zold6.jpg  \r\n                            alt=\"\" \r\n                            class=\"attachment-sote-gallery-big size-sote-gallery-big\" \r\n                            srcset=\"https:\/\/semmelweis.hu\/net\/files\/2019\/03\/zold6-300x225.jpg 300w, https:\/\/semmelweis.hu\/net\/files\/2019\/03\/zold6-768x576.jpg 768w, https:\/\/semmelweis.hu\/net\/files\/2019\/03\/zold6.jpg 1024w, https:\/\/semmelweis.hu\/net\/files\/2019\/03\/zold6-400x300.jpg 400w\" ><\/a><\/div>\r\n            <\/span>\r\n\r\n            <\/div>\r\n\r\n\t\t\t<div class=\"col-3 pl-0 pr-0\">\r\n\t\t\t\t<div class=\"galeria-right-img d-flex justify-content-between flex-column h-100 w-100 px-0 mx-0 \">\r\n                <div class=\"galeria-box\">\r\n\t\t\t\t\t<h3 class=\"galeria-title\">Gal\u00e9ria<\/h3>\r\n\t\t\t\t\t<div class=\"galeria-subtitle\">\r\n\r\n\t\t\t\t\t\t<div class=\"galeria-page-counter\"><span>6<\/span>k\u00e9p<\/div>\r\n                    <\/div> <\/div>\r\n                    <span class=\"gallery-item frame d-none d-md-flex\">\r\n\t\t\t\t\t<div class=\"galeria-small-img mt-0\"><a href=\"https:\/\/semmelweis.hu\/net\/files\/2019\/03\/zold5.jpg\"><img src=https:\/\/semmelweis.hu\/net\/files\/2019\/03\/zold5.jpg \r\n                                alt=\"\"  \r\n                                class=\"attachment-sote-gallery-small size-sote-gallery-small\" \r\n                                srcset=\"https:\/\/semmelweis.hu\/net\/files\/2019\/03\/zold5-300x225.jpg 300w, https:\/\/semmelweis.hu\/net\/files\/2019\/03\/zold5-768x576.jpg 768w, https:\/\/semmelweis.hu\/net\/files\/2019\/03\/zold5.jpg 1024w, https:\/\/semmelweis.hu\/net\/files\/2019\/03\/zold5-400x300.jpg 400w\" ><\/a><\/div>\r\n                    <\/span>\r\n                    <span class=\"gallery-item frame d-none d-md-flex\">\r\n\t\t\t\t\t<div class=\"galeria-small-img mt-0\"><a href=\"https:\/\/semmelweis.hu\/net\/files\/2019\/03\/zold4.jpg\"><img src=https:\/\/semmelweis.hu\/net\/files\/2019\/03\/zold4.jpg \r\n                                alt=\"\" \r\n                                class=\"attachment-sote-gallery-small size-sote-gallery-small\" \r\n                                srcset=\"https:\/\/semmelweis.hu\/net\/files\/2019\/03\/zold4-300x225.jpg 300w, https:\/\/semmelweis.hu\/net\/files\/2019\/03\/zold4-768x576.jpg 768w, https:\/\/semmelweis.hu\/net\/files\/2019\/03\/zold4.jpg 1024w, https:\/\/semmelweis.hu\/net\/files\/2019\/03\/zold4-400x300.jpg 400w\" ><\/a><\/div>\r\n                    <\/span>\r\n\r\n                <\/div>\r\n\r\n            <\/div>\r\n\r\n            <span class=\"gallery-item\"><div class=\"hidden\"><a href=\"https:\/\/semmelweis.hu\/net\/files\/2019\/03\/zold3.jpg\">\r\n        <img src=https:\/\/semmelweis.hu\/net\/files\/2019\/03\/zold3.jpg alt=\"\" class=\"attachment-sote-gallery-big size-sote-gallery-big\" srcset=\"https:\/\/semmelweis.hu\/net\/files\/2019\/03\/zold3-300x225.jpg 300w, https:\/\/semmelweis.hu\/net\/files\/2019\/03\/zold3-768x576.jpg 768w, https:\/\/semmelweis.hu\/net\/files\/2019\/03\/zold3-1024x768.jpg 1024w, https:\/\/semmelweis.hu\/net\/files\/2019\/03\/zold3-400x300.jpg 400w, https:\/\/semmelweis.hu\/net\/files\/2019\/03\/zold3.jpg 1040w\" >\r\n        <\/a><\/div><\/span><span class=\"gallery-item\"><div class=\"hidden\"><a href=\"https:\/\/semmelweis.hu\/net\/files\/2019\/03\/zold2.jpg\">\r\n        <img src=https:\/\/semmelweis.hu\/net\/files\/2019\/03\/zold2.jpg alt=\"\" class=\"attachment-sote-gallery-big size-sote-gallery-big\" srcset=\"https:\/\/semmelweis.hu\/net\/files\/2019\/03\/zold2-300x225.jpg 300w, https:\/\/semmelweis.hu\/net\/files\/2019\/03\/zold2-768x576.jpg 768w, https:\/\/semmelweis.hu\/net\/files\/2019\/03\/zold2.jpg 1024w, https:\/\/semmelweis.hu\/net\/files\/2019\/03\/zold2-400x300.jpg 400w\" >\r\n        <\/a><\/div><\/span><span class=\"gallery-item\"><div class=\"hidden\"><a href=\"https:\/\/semmelweis.hu\/net\/files\/2019\/03\/zold1.jpg\">\r\n        <img src=https:\/\/semmelweis.hu\/net\/files\/2019\/03\/zold1.jpg alt=\"\" class=\"attachment-sote-gallery-big size-sote-gallery-big\" srcset=\"https:\/\/semmelweis.hu\/net\/files\/2019\/03\/zold1-300x225.jpg 300w, https:\/\/semmelweis.hu\/net\/files\/2019\/03\/zold1-768x576.jpg 768w, https:\/\/semmelweis.hu\/net\/files\/2019\/03\/zold1-1024x768.jpg 1024w, https:\/\/semmelweis.hu\/net\/files\/2019\/03\/zold1-400x300.jpg 400w, https:\/\/semmelweis.hu\/net\/files\/2019\/03\/zold1.jpg 1040w\" >\r\n        <\/a><\/div><\/span>\r\n            <\/div>\r\n\r\n            [\/slb_exclude]\r\n\t\n","protected":false},"excerpt":{"rendered":"<p>Befogad\u00f3k\u00e9pess\u00e9g: 358 f\u0151\u00a0 (352 m2) Elrendez\u00e9s:\u00a0Sz\u00ednh\u00e1z jelleg\u0171, r\u00f6gz\u00edtett iskolai sz\u00e9ksorokkal. Vet\u00edt\u00e9s, el\u0151ad\u00e1s: A vet\u00edtett k\u00e9p alapfelbont\u00e1sa:\u00a0 1280 x 960 (4:3-as k\u00e9par\u00e1ny) 1 db Panasonic PT-EX800ZL projektor 7500 lumen (vet\u00edtett k\u00e9p: 400&#215;300 cm), 1 db motoros projektorv\u00e1szon 2 db hagyom\u00e1nyos t\u00e1bla (kr\u00e9t\u00e1s, fekete sz\u00edn\u0171) El\u0151ad\u00f3i pulpitusn\u00e1l tal\u00e1lhat\u00f3 eszk\u00f6z\u00f6k: 1 db be\u00e9p\u00edtett asztali sz\u00e1m\u00edt\u00f3g\u00e9p (Windows 10 oper\u00e1ci\u00f3s &hellip;<\/p>\n","protected":false},"author":101345,"featured_media":0,"parent":257,"menu_order":5,"comment_status":"closed","ping_status":"closed","template":"","meta":{"_acf_changed":false,"footnotes":""},"categories":[],"tags":[],"class_list":["post-286","page","type-page","status-publish","hentry"],"acf":[],"_links":{"self":[{"href":"https:\/\/semmelweis.hu\/net\/wp-json\/wp\/v2\/pages\/286","targetHints":{"allow":["GET"]}}],"collection":[{"href":"https:\/\/semmelweis.hu\/net\/wp-json\/wp\/v2\/pages"}],"about":[{"href":"https:\/\/semmelweis.hu\/net\/wp-json\/wp\/v2\/types\/page"}],"author":[{"embeddable":true,"href":"https:\/\/semmelweis.hu\/net\/wp-json\/wp\/v2\/users\/101345"}],"replies":[{"embeddable":true,"href":"https:\/\/semmelweis.hu\/net\/wp-json\/wp\/v2\/comments?post=286"}],"version-history":[{"count":10,"href":"https:\/\/semmelweis.hu\/net\/wp-json\/wp\/v2\/pages\/286\/revisions"}],"predecessor-version":[{"id":16979,"href":"https:\/\/semmelweis.hu\/net\/wp-json\/wp\/v2\/pages\/286\/revisions\/16979"}],"up":[{"embeddable":true,"href":"https:\/\/semmelweis.hu\/net\/wp-json\/wp\/v2\/pages\/257"}],"wp:attachment":[{"href":"https:\/\/semmelweis.hu\/net\/wp-json\/wp\/v2\/media?parent=286"}],"wp:term":[{"taxonomy":"category","embeddable":true,"href":"https:\/\/semmelweis.hu\/net\/wp-json\/wp\/v2\/categories?post=286"},{"taxonomy":"post_tag","embeddable":true,"href":"https:\/\/semmelweis.hu\/net\/wp-json\/wp\/v2\/tags?post=286"}],"curies":[{"name":"wp","href":"https:\/\/api.w.org\/{rel}","templated":true}]}}