{"id":278,"date":"2019-03-20T11:55:49","date_gmt":"2019-03-20T10:55:49","guid":{"rendered":"http:\/\/semmelweis.hu\/net\/?page_id=278"},"modified":"2026-02-02T09:15:58","modified_gmt":"2026-02-02T08:15:58","slug":"tanacsterem-koch-sandor-terem","status":"publish","type":"page","link":"https:\/\/semmelweis.hu\/net\/nagyvaradteri-elmeleti-tomb\/termek-eszkozpark\/tanacsterem-koch-sandor-terem\/","title":{"rendered":"Tan\u00e1csterem (Koch S\u00e1ndor Terem)"},"content":{"rendered":"<p><strong>Befogad\u00f3k\u00e9pess\u00e9g:<\/strong> 150 f\u0151 (420 m<sup>2<\/sup>)<\/p>\n<p><strong>Elrendez\u00e9s:<br \/>\n<\/strong>A terem alaphelyzetben \u00fcres.<\/p>\n<p><strong>Vet\u00edt\u00e9s, el\u0151ad\u00e1s:<br \/>\n<\/strong>A vet\u00edtett k\u00e9p alapfelbont\u00e1sa:\u00a0 1024 x 768 (4:3-as k\u00e9par\u00e1ny)<br \/>\n1 db Hitachi CP-X1250 \u00a0projektor (vet\u00edtett k\u00e9p m\u00e9rete: 300 x 225 cm),<br \/>\n1 db motoros projektorv\u00e1szon<\/p>\n<p><strong>El\u0151ad\u00f3i pulpitusn\u00e1l tal\u00e1lhat\u00f3 eszk\u00f6z\u00f6k:<br \/>\n<\/strong>1 db be\u00e9p\u00edtett asztali sz\u00e1m\u00edt\u00f3g\u00e9p (Windows 10 oper\u00e1ci\u00f3s rendszer, Office 365)<br \/>\n1 db HDMI csatlakoz\u00e1si lehet\u0151s\u00e9g hordozhat\u00f3 sz\u00e1m\u00edt\u00f3g\u00e9p (laptop) sz\u00e1m\u00e1ra<\/p>\n<p><strong>Hangos\u00edt\u00e1s (alap):<\/strong><br \/>\nEl\u0151zetes megbesz\u00e9l\u00e9st k\u00f6vet\u0151en mobil \u00e9s vezet\u00e9kes mikrofonokat tudunk biztos\u00edtani.<\/p>\n<p><strong>Internet:<\/strong><span class=\"Apple-converted-space\"><br \/>\n<\/span>A be\u00e9p\u00edtett asztali sz\u00e1m\u00edt\u00f3g\u00e9p rendelkezik vezet\u00e9kes internetkapcsolattal.<\/p>\n<p><strong>A fentieken fel\u00fcl tov\u00e1bbi eszk\u00f6z\u00f6k ig\u00e9nyl\u00e9se \u00e9s be\u00fczemel\u00e9se k\u00fcl\u00f6n egyeztet\u00e9s alapj\u00e1n t\u00f6rt\u00e9nik!<\/strong><\/p>\n\r\n        [slb_exclude]\r\n        <div class=\"row galeria-wrapper mx-0 h-auto\">\r\n            <div class=\"col-9 pl-0 pr-2\">\r\n            <span class=\"gallery-item frame\">\r\n\t\t\t\t<div class=\"galeria-left-img\"><a href=\"https:\/\/semmelweis.hu\/net\/files\/2026\/02\/RS231247_0E1A0775_hl-scaled.jpg\"><img src=https:\/\/semmelweis.hu\/net\/files\/2026\/02\/RS231247_0E1A0775_hl-scaled.jpg  \r\n                            alt=\"\" \r\n                            class=\"attachment-sote-gallery-big size-sote-gallery-big\" \r\n                            srcset=\"https:\/\/semmelweis.hu\/net\/files\/2026\/02\/RS231247_0E1A0775_hl-300x200.jpg 300w, https:\/\/semmelweis.hu\/net\/files\/2026\/02\/RS231247_0E1A0775_hl-1024x683.jpg 1024w, https:\/\/semmelweis.hu\/net\/files\/2026\/02\/RS231247_0E1A0775_hl-768x512.jpg 768w, https:\/\/semmelweis.hu\/net\/files\/2026\/02\/RS231247_0E1A0775_hl-1536x1024.jpg 1536w, https:\/\/semmelweis.hu\/net\/files\/2026\/02\/RS231247_0E1A0775_hl-2048x1365.jpg 2048w, https:\/\/semmelweis.hu\/net\/files\/2026\/02\/RS231247_0E1A0775_hl-753x502.jpg 753w, https:\/\/semmelweis.hu\/net\/files\/2026\/02\/RS231247_0E1A0775_hl-203x135.jpg 203w\" ><\/a><\/div>\r\n            <\/span>\r\n\r\n            <\/div>\r\n\r\n\t\t\t<div class=\"col-3 pl-0 pr-0\">\r\n\t\t\t\t<div class=\"galeria-right-img d-flex justify-content-between flex-column h-100 w-100 px-0 mx-0 \">\r\n                <div class=\"galeria-box\">\r\n\t\t\t\t\t<h3 class=\"galeria-title\">Gal\u00e9ria<\/h3>\r\n\t\t\t\t\t<div class=\"galeria-subtitle\">\r\n\r\n\t\t\t\t\t\t<div class=\"galeria-page-counter\"><span>5<\/span>k\u00e9p<\/div>\r\n                    <\/div> <\/div>\r\n                    <span class=\"gallery-item frame d-none d-md-flex\">\r\n\t\t\t\t\t<div class=\"galeria-small-img mt-0\"><a href=\"https:\/\/semmelweis.hu\/net\/files\/2026\/02\/RS231248_0E1A0776_hl-scaled.jpg\"><img src=https:\/\/semmelweis.hu\/net\/files\/2026\/02\/RS231248_0E1A0776_hl-scaled.jpg \r\n                                alt=\"\"  \r\n                                class=\"attachment-sote-gallery-small size-sote-gallery-small\" \r\n                                srcset=\"https:\/\/semmelweis.hu\/net\/files\/2026\/02\/RS231248_0E1A0776_hl-300x200.jpg 300w, https:\/\/semmelweis.hu\/net\/files\/2026\/02\/RS231248_0E1A0776_hl-1024x683.jpg 1024w, https:\/\/semmelweis.hu\/net\/files\/2026\/02\/RS231248_0E1A0776_hl-768x512.jpg 768w, https:\/\/semmelweis.hu\/net\/files\/2026\/02\/RS231248_0E1A0776_hl-1536x1024.jpg 1536w, https:\/\/semmelweis.hu\/net\/files\/2026\/02\/RS231248_0E1A0776_hl-2048x1365.jpg 2048w, https:\/\/semmelweis.hu\/net\/files\/2026\/02\/RS231248_0E1A0776_hl-753x502.jpg 753w, https:\/\/semmelweis.hu\/net\/files\/2026\/02\/RS231248_0E1A0776_hl-203x135.jpg 203w\" ><\/a><\/div>\r\n                    <\/span>\r\n                    <span class=\"gallery-item frame d-none d-md-flex\">\r\n\t\t\t\t\t<div class=\"galeria-small-img mt-0\"><a href=\"https:\/\/semmelweis.hu\/net\/files\/2026\/02\/RS231249_0E1A0770_hl-scaled.jpg\"><img src=https:\/\/semmelweis.hu\/net\/files\/2026\/02\/RS231249_0E1A0770_hl-scaled.jpg \r\n                                alt=\"\" \r\n                                class=\"attachment-sote-gallery-small size-sote-gallery-small\" \r\n                                srcset=\"https:\/\/semmelweis.hu\/net\/files\/2026\/02\/RS231249_0E1A0770_hl-300x200.jpg 300w, https:\/\/semmelweis.hu\/net\/files\/2026\/02\/RS231249_0E1A0770_hl-1024x683.jpg 1024w, https:\/\/semmelweis.hu\/net\/files\/2026\/02\/RS231249_0E1A0770_hl-768x512.jpg 768w, https:\/\/semmelweis.hu\/net\/files\/2026\/02\/RS231249_0E1A0770_hl-1536x1024.jpg 1536w, https:\/\/semmelweis.hu\/net\/files\/2026\/02\/RS231249_0E1A0770_hl-2048x1365.jpg 2048w, https:\/\/semmelweis.hu\/net\/files\/2026\/02\/RS231249_0E1A0770_hl-753x502.jpg 753w, https:\/\/semmelweis.hu\/net\/files\/2026\/02\/RS231249_0E1A0770_hl-203x135.jpg 203w\" ><\/a><\/div>\r\n                    <\/span>\r\n\r\n                <\/div>\r\n\r\n            <\/div>\r\n\r\n            <span class=\"gallery-item\"><div class=\"hidden\"><a href=\"https:\/\/semmelweis.hu\/net\/files\/2026\/02\/RS231250_0E1A0772_hl-scaled.jpg\">\r\n        <img src=https:\/\/semmelweis.hu\/net\/files\/2026\/02\/RS231250_0E1A0772_hl-scaled.jpg alt=\"\" class=\"attachment-sote-gallery-big size-sote-gallery-big\" srcset=\"https:\/\/semmelweis.hu\/net\/files\/2026\/02\/RS231250_0E1A0772_hl-300x200.jpg 300w, https:\/\/semmelweis.hu\/net\/files\/2026\/02\/RS231250_0E1A0772_hl-1024x683.jpg 1024w, https:\/\/semmelweis.hu\/net\/files\/2026\/02\/RS231250_0E1A0772_hl-768x512.jpg 768w, https:\/\/semmelweis.hu\/net\/files\/2026\/02\/RS231250_0E1A0772_hl-1536x1024.jpg 1536w, https:\/\/semmelweis.hu\/net\/files\/2026\/02\/RS231250_0E1A0772_hl-2048x1365.jpg 2048w, https:\/\/semmelweis.hu\/net\/files\/2026\/02\/RS231250_0E1A0772_hl-753x502.jpg 753w, https:\/\/semmelweis.hu\/net\/files\/2026\/02\/RS231250_0E1A0772_hl-203x135.jpg 203w\" >\r\n        <\/a><\/div><\/span><span class=\"gallery-item\"><div class=\"hidden\"><a href=\"https:\/\/semmelweis.hu\/net\/files\/2026\/02\/RS231251_0E1A0769_hl-scaled.jpg\">\r\n        <img src=https:\/\/semmelweis.hu\/net\/files\/2026\/02\/RS231251_0E1A0769_hl-scaled.jpg alt=\"\" class=\"attachment-sote-gallery-big size-sote-gallery-big\" srcset=\"https:\/\/semmelweis.hu\/net\/files\/2026\/02\/RS231251_0E1A0769_hl-300x200.jpg 300w, https:\/\/semmelweis.hu\/net\/files\/2026\/02\/RS231251_0E1A0769_hl-1024x683.jpg 1024w, https:\/\/semmelweis.hu\/net\/files\/2026\/02\/RS231251_0E1A0769_hl-768x512.jpg 768w, https:\/\/semmelweis.hu\/net\/files\/2026\/02\/RS231251_0E1A0769_hl-1536x1024.jpg 1536w, https:\/\/semmelweis.hu\/net\/files\/2026\/02\/RS231251_0E1A0769_hl-2048x1365.jpg 2048w, https:\/\/semmelweis.hu\/net\/files\/2026\/02\/RS231251_0E1A0769_hl-753x502.jpg 753w, https:\/\/semmelweis.hu\/net\/files\/2026\/02\/RS231251_0E1A0769_hl-203x135.jpg 203w\" >\r\n        <\/a><\/div><\/span>\r\n            <\/div>\r\n\r\n            [\/slb_exclude]\r\n\t\n","protected":false},"excerpt":{"rendered":"<p>Befogad\u00f3k\u00e9pess\u00e9g: 150 f\u0151 (420 m2) Elrendez\u00e9s: A terem alaphelyzetben \u00fcres. Vet\u00edt\u00e9s, el\u0151ad\u00e1s: A vet\u00edtett k\u00e9p alapfelbont\u00e1sa:\u00a0 1024 x 768 (4:3-as k\u00e9par\u00e1ny) 1 db Hitachi CP-X1250 \u00a0projektor (vet\u00edtett k\u00e9p m\u00e9rete: 300 x 225 cm), 1 db motoros projektorv\u00e1szon El\u0151ad\u00f3i pulpitusn\u00e1l tal\u00e1lhat\u00f3 eszk\u00f6z\u00f6k: 1 db be\u00e9p\u00edtett asztali sz\u00e1m\u00edt\u00f3g\u00e9p (Windows 10 oper\u00e1ci\u00f3s rendszer, Office 365) 1 db HDMI &hellip;<\/p>\n","protected":false},"author":101345,"featured_media":0,"parent":257,"menu_order":3,"comment_status":"closed","ping_status":"closed","template":"","meta":{"_acf_changed":false,"footnotes":""},"categories":[],"tags":[],"class_list":["post-278","page","type-page","status-publish","hentry"],"acf":[],"_links":{"self":[{"href":"https:\/\/semmelweis.hu\/net\/wp-json\/wp\/v2\/pages\/278","targetHints":{"allow":["GET"]}}],"collection":[{"href":"https:\/\/semmelweis.hu\/net\/wp-json\/wp\/v2\/pages"}],"about":[{"href":"https:\/\/semmelweis.hu\/net\/wp-json\/wp\/v2\/types\/page"}],"author":[{"embeddable":true,"href":"https:\/\/semmelweis.hu\/net\/wp-json\/wp\/v2\/users\/101345"}],"replies":[{"embeddable":true,"href":"https:\/\/semmelweis.hu\/net\/wp-json\/wp\/v2\/comments?post=278"}],"version-history":[{"count":11,"href":"https:\/\/semmelweis.hu\/net\/wp-json\/wp\/v2\/pages\/278\/revisions"}],"predecessor-version":[{"id":17022,"href":"https:\/\/semmelweis.hu\/net\/wp-json\/wp\/v2\/pages\/278\/revisions\/17022"}],"up":[{"embeddable":true,"href":"https:\/\/semmelweis.hu\/net\/wp-json\/wp\/v2\/pages\/257"}],"wp:attachment":[{"href":"https:\/\/semmelweis.hu\/net\/wp-json\/wp\/v2\/media?parent=278"}],"wp:term":[{"taxonomy":"category","embeddable":true,"href":"https:\/\/semmelweis.hu\/net\/wp-json\/wp\/v2\/categories?post=278"},{"taxonomy":"post_tag","embeddable":true,"href":"https:\/\/semmelweis.hu\/net\/wp-json\/wp\/v2\/tags?post=278"}],"curies":[{"name":"wp","href":"https:\/\/api.w.org\/{rel}","templated":true}]}}