{"id":270,"date":"2019-03-20T11:06:59","date_gmt":"2019-03-20T10:06:59","guid":{"rendered":"http:\/\/semmelweis.hu\/net\/?page_id=270"},"modified":"2026-02-02T09:08:03","modified_gmt":"2026-02-02T08:08:03","slug":"diszterem-markusovszky-lajos-terem","status":"publish","type":"page","link":"https:\/\/semmelweis.hu\/net\/nagyvaradteri-elmeleti-tomb\/termek-eszkozpark\/diszterem-markusovszky-lajos-terem\/","title":{"rendered":"D\u00edszterem (Markusovszky Lajos terem)"},"content":{"rendered":"<p><strong>Befogad\u00f3k\u00e9pess\u00e9g:<\/strong> 426 f\u0151\u00a0 (616 m<sup>2<\/sup>)<\/p>\n<p><strong>Elrendez\u00e9s: <\/strong>Sz\u00ednh\u00e1z jelleg\u0171.<\/p>\n<p><strong>Vet\u00edt\u00e9s, el\u0151ad\u00e1s:<br \/>\n<\/strong>A vet\u00edtett k\u00e9p alapfelbont\u00e1sa:\u00a0 1280 x 960 (4:3-as k\u00e9par\u00e1ny)<br \/>\n1 db Panasonic PT-DZ16KU Full HD DLP projektor 16000 lumen<br \/>\n(vet\u00edtett k\u00e9p m\u00e9rete: 600 x 450 cm),<br \/>\n1 db motoros projektorv\u00e1szon<br \/>\n(K\u00e9r\u00e9sre: kontroll monitort tudunk biztos\u00edtani)<\/p>\n<p><strong>El\u0151ad\u00f3i pulpitusn\u00e1l tal\u00e1lhat\u00f3 eszk\u00f6z\u00f6k:<br \/>\n<\/strong>1 db be\u00e9p\u00edtett asztali sz\u00e1m\u00edt\u00f3g\u00e9p (Windows 10 oper\u00e1ci\u00f3s rendszer, Office 365)<br \/>\n1 db HDMI csatlakoz\u00e1si lehet\u0151s\u00e9g hordozhat\u00f3 sz\u00e1m\u00edt\u00f3g\u00e9p (laptop) sz\u00e1m\u00e1ra<\/p>\n<p><strong>Hangos\u00edt\u00e1s (alap):<\/strong><br \/>\nEl\u0151zetes megbesz\u00e9l\u00e9st k\u00f6vet\u0151en mobil \u00e9s vezet\u00e9kes mikrofonokat tudunk biztos\u00edtani.<\/p>\n<p><strong>Vil\u00e1g\u00edt\u00e1s:<\/strong><br \/>\nT\u00e1vkapcsol\u00f3 seg\u00edts\u00e9g\u00e9vel vez\u00e9relhet\u0151.<\/p>\n<p><strong>Internet:<\/strong><span class=\"Apple-converted-space\"><br \/>\n<\/span>A be\u00e9p\u00edtett asztali sz\u00e1m\u00edt\u00f3g\u00e9p rendelkezik vezet\u00e9kes internetkapcsolattal. Sz\u00fcks\u00e9g eset\u00e9n el\u0151zetes egyeztet\u00e9st k\u00f6vet\u0151en wifi h\u00e1l\u00f3zat ki\u00e9p\u00edt\u00e9se megoldhat\u00f3.<\/p>\n<p><strong>A fentieken fel\u00fcl tov\u00e1bbi eszk\u00f6z\u00f6k ig\u00e9nyl\u00e9se \u00e9s be\u00fczemel\u00e9se k\u00fcl\u00f6n egyeztet\u00e9s alapj\u00e1n t\u00f6rt\u00e9nik!<\/strong><\/p>\n\r\n        [slb_exclude]\r\n        <div class=\"row galeria-wrapper mx-0 h-auto\">\r\n            <div class=\"col-9 pl-0 pr-2\">\r\n            <span class=\"gallery-item frame\">\r\n\t\t\t\t<div class=\"galeria-left-img\"><a href=\"https:\/\/semmelweis.hu\/net\/files\/2026\/02\/RS231236_0E1A0795_hl1-scaled.jpg\"><img src=https:\/\/semmelweis.hu\/net\/files\/2026\/02\/RS231236_0E1A0795_hl1-scaled.jpg  \r\n                            alt=\"\" \r\n                            class=\"attachment-sote-gallery-big size-sote-gallery-big\" \r\n                            srcset=\"https:\/\/semmelweis.hu\/net\/files\/2026\/02\/RS231236_0E1A0795_hl1-300x200.jpg 300w, https:\/\/semmelweis.hu\/net\/files\/2026\/02\/RS231236_0E1A0795_hl1-1024x683.jpg 1024w, https:\/\/semmelweis.hu\/net\/files\/2026\/02\/RS231236_0E1A0795_hl1-768x512.jpg 768w, https:\/\/semmelweis.hu\/net\/files\/2026\/02\/RS231236_0E1A0795_hl1-1536x1024.jpg 1536w, https:\/\/semmelweis.hu\/net\/files\/2026\/02\/RS231236_0E1A0795_hl1-2048x1365.jpg 2048w, https:\/\/semmelweis.hu\/net\/files\/2026\/02\/RS231236_0E1A0795_hl1-753x502.jpg 753w, https:\/\/semmelweis.hu\/net\/files\/2026\/02\/RS231236_0E1A0795_hl1-203x135.jpg 203w\" ><\/a><\/div>\r\n            <\/span>\r\n\r\n            <\/div>\r\n\r\n\t\t\t<div class=\"col-3 pl-0 pr-0\">\r\n\t\t\t\t<div class=\"galeria-right-img d-flex justify-content-between flex-column h-100 w-100 px-0 mx-0 \">\r\n                <div class=\"galeria-box\">\r\n\t\t\t\t\t<h3 class=\"galeria-title\">Gal\u00e9ria<\/h3>\r\n\t\t\t\t\t<div class=\"galeria-subtitle\">\r\n\r\n\t\t\t\t\t\t<div class=\"galeria-page-counter\"><span>7<\/span>k\u00e9p<\/div>\r\n                    <\/div> <\/div>\r\n                    <span class=\"gallery-item frame d-none d-md-flex\">\r\n\t\t\t\t\t<div class=\"galeria-small-img mt-0\"><a href=\"https:\/\/semmelweis.hu\/net\/files\/2026\/02\/RS231263_0E1A0746_hl-scaled.jpg\"><img src=https:\/\/semmelweis.hu\/net\/files\/2026\/02\/RS231263_0E1A0746_hl-scaled.jpg \r\n                                alt=\"\"  \r\n                                class=\"attachment-sote-gallery-small size-sote-gallery-small\" \r\n                                srcset=\"https:\/\/semmelweis.hu\/net\/files\/2026\/02\/RS231263_0E1A0746_hl-300x200.jpg 300w, https:\/\/semmelweis.hu\/net\/files\/2026\/02\/RS231263_0E1A0746_hl-1024x683.jpg 1024w, https:\/\/semmelweis.hu\/net\/files\/2026\/02\/RS231263_0E1A0746_hl-768x512.jpg 768w, https:\/\/semmelweis.hu\/net\/files\/2026\/02\/RS231263_0E1A0746_hl-1536x1024.jpg 1536w, https:\/\/semmelweis.hu\/net\/files\/2026\/02\/RS231263_0E1A0746_hl-2048x1365.jpg 2048w, https:\/\/semmelweis.hu\/net\/files\/2026\/02\/RS231263_0E1A0746_hl-753x502.jpg 753w, https:\/\/semmelweis.hu\/net\/files\/2026\/02\/RS231263_0E1A0746_hl-203x135.jpg 203w\" ><\/a><\/div>\r\n                    <\/span>\r\n                    <span class=\"gallery-item frame d-none d-md-flex\">\r\n\t\t\t\t\t<div class=\"galeria-small-img mt-0\"><a href=\"https:\/\/semmelweis.hu\/net\/files\/2026\/02\/RS231262_0E1A0748_hl-scaled.jpg\"><img src=https:\/\/semmelweis.hu\/net\/files\/2026\/02\/RS231262_0E1A0748_hl-scaled.jpg \r\n                                alt=\"\" \r\n                                class=\"attachment-sote-gallery-small size-sote-gallery-small\" \r\n                                srcset=\"https:\/\/semmelweis.hu\/net\/files\/2026\/02\/RS231262_0E1A0748_hl-300x200.jpg 300w, https:\/\/semmelweis.hu\/net\/files\/2026\/02\/RS231262_0E1A0748_hl-1024x683.jpg 1024w, https:\/\/semmelweis.hu\/net\/files\/2026\/02\/RS231262_0E1A0748_hl-768x512.jpg 768w, https:\/\/semmelweis.hu\/net\/files\/2026\/02\/RS231262_0E1A0748_hl-1536x1024.jpg 1536w, https:\/\/semmelweis.hu\/net\/files\/2026\/02\/RS231262_0E1A0748_hl-2048x1365.jpg 2048w, https:\/\/semmelweis.hu\/net\/files\/2026\/02\/RS231262_0E1A0748_hl-753x502.jpg 753w, https:\/\/semmelweis.hu\/net\/files\/2026\/02\/RS231262_0E1A0748_hl-203x135.jpg 203w\" ><\/a><\/div>\r\n                    <\/span>\r\n\r\n                <\/div>\r\n\r\n            <\/div>\r\n\r\n            <span class=\"gallery-item\"><div class=\"hidden\"><a href=\"https:\/\/semmelweis.hu\/net\/files\/2026\/02\/RS231266_0E1A0741_hl-scaled.jpg\">\r\n        <img src=https:\/\/semmelweis.hu\/net\/files\/2026\/02\/RS231266_0E1A0741_hl-scaled.jpg alt=\"\" class=\"attachment-sote-gallery-big size-sote-gallery-big\" srcset=\"https:\/\/semmelweis.hu\/net\/files\/2026\/02\/RS231266_0E1A0741_hl-300x200.jpg 300w, https:\/\/semmelweis.hu\/net\/files\/2026\/02\/RS231266_0E1A0741_hl-1024x683.jpg 1024w, https:\/\/semmelweis.hu\/net\/files\/2026\/02\/RS231266_0E1A0741_hl-768x512.jpg 768w, https:\/\/semmelweis.hu\/net\/files\/2026\/02\/RS231266_0E1A0741_hl-1536x1024.jpg 1536w, https:\/\/semmelweis.hu\/net\/files\/2026\/02\/RS231266_0E1A0741_hl-2048x1365.jpg 2048w, https:\/\/semmelweis.hu\/net\/files\/2026\/02\/RS231266_0E1A0741_hl-753x502.jpg 753w, https:\/\/semmelweis.hu\/net\/files\/2026\/02\/RS231266_0E1A0741_hl-203x135.jpg 203w\" >\r\n        <\/a><\/div><\/span><span class=\"gallery-item\"><div class=\"hidden\"><a href=\"https:\/\/semmelweis.hu\/net\/files\/2026\/02\/RS231260_0E1A0751_hl-scaled.jpg\">\r\n        <img src=https:\/\/semmelweis.hu\/net\/files\/2026\/02\/RS231260_0E1A0751_hl-scaled.jpg alt=\"\" class=\"attachment-sote-gallery-big size-sote-gallery-big\" srcset=\"https:\/\/semmelweis.hu\/net\/files\/2026\/02\/RS231260_0E1A0751_hl-300x200.jpg 300w, https:\/\/semmelweis.hu\/net\/files\/2026\/02\/RS231260_0E1A0751_hl-1024x683.jpg 1024w, https:\/\/semmelweis.hu\/net\/files\/2026\/02\/RS231260_0E1A0751_hl-768x512.jpg 768w, https:\/\/semmelweis.hu\/net\/files\/2026\/02\/RS231260_0E1A0751_hl-1536x1024.jpg 1536w, https:\/\/semmelweis.hu\/net\/files\/2026\/02\/RS231260_0E1A0751_hl-2048x1365.jpg 2048w, https:\/\/semmelweis.hu\/net\/files\/2026\/02\/RS231260_0E1A0751_hl-753x502.jpg 753w, https:\/\/semmelweis.hu\/net\/files\/2026\/02\/RS231260_0E1A0751_hl-203x135.jpg 203w\" >\r\n        <\/a><\/div><\/span><span class=\"gallery-item\"><div class=\"hidden\"><a href=\"https:\/\/semmelweis.hu\/net\/files\/2026\/02\/RS231257_0E1A0756_hl-scaled.jpg\">\r\n        <img src=https:\/\/semmelweis.hu\/net\/files\/2026\/02\/RS231257_0E1A0756_hl-scaled.jpg alt=\"\" class=\"attachment-sote-gallery-big size-sote-gallery-big\" srcset=\"https:\/\/semmelweis.hu\/net\/files\/2026\/02\/RS231257_0E1A0756_hl-300x200.jpg 300w, https:\/\/semmelweis.hu\/net\/files\/2026\/02\/RS231257_0E1A0756_hl-1024x683.jpg 1024w, https:\/\/semmelweis.hu\/net\/files\/2026\/02\/RS231257_0E1A0756_hl-768x512.jpg 768w, https:\/\/semmelweis.hu\/net\/files\/2026\/02\/RS231257_0E1A0756_hl-1536x1024.jpg 1536w, https:\/\/semmelweis.hu\/net\/files\/2026\/02\/RS231257_0E1A0756_hl-2048x1365.jpg 2048w, https:\/\/semmelweis.hu\/net\/files\/2026\/02\/RS231257_0E1A0756_hl-753x502.jpg 753w, https:\/\/semmelweis.hu\/net\/files\/2026\/02\/RS231257_0E1A0756_hl-203x135.jpg 203w\" >\r\n        <\/a><\/div><\/span><span class=\"gallery-item\"><div class=\"hidden\"><a href=\"https:\/\/semmelweis.hu\/net\/files\/2026\/02\/RS231241_0E1A0790_hl-scaled.jpg\">\r\n        <img src=https:\/\/semmelweis.hu\/net\/files\/2026\/02\/RS231241_0E1A0790_hl-scaled.jpg alt=\"\" class=\"attachment-sote-gallery-big size-sote-gallery-big\" srcset=\"https:\/\/semmelweis.hu\/net\/files\/2026\/02\/RS231241_0E1A0790_hl-300x200.jpg 300w, https:\/\/semmelweis.hu\/net\/files\/2026\/02\/RS231241_0E1A0790_hl-1024x683.jpg 1024w, https:\/\/semmelweis.hu\/net\/files\/2026\/02\/RS231241_0E1A0790_hl-768x512.jpg 768w, https:\/\/semmelweis.hu\/net\/files\/2026\/02\/RS231241_0E1A0790_hl-1536x1024.jpg 1536w, https:\/\/semmelweis.hu\/net\/files\/2026\/02\/RS231241_0E1A0790_hl-2048x1365.jpg 2048w, https:\/\/semmelweis.hu\/net\/files\/2026\/02\/RS231241_0E1A0790_hl-753x502.jpg 753w, https:\/\/semmelweis.hu\/net\/files\/2026\/02\/RS231241_0E1A0790_hl-203x135.jpg 203w\" >\r\n        <\/a><\/div><\/span>\r\n            <\/div>\r\n\r\n            [\/slb_exclude]\r\n\t\n","protected":false},"excerpt":{"rendered":"<p>Befogad\u00f3k\u00e9pess\u00e9g: 426 f\u0151\u00a0 (616 m2) Elrendez\u00e9s: Sz\u00ednh\u00e1z jelleg\u0171. Vet\u00edt\u00e9s, el\u0151ad\u00e1s: A vet\u00edtett k\u00e9p alapfelbont\u00e1sa:\u00a0 1280 x 960 (4:3-as k\u00e9par\u00e1ny) 1 db Panasonic PT-DZ16KU Full HD DLP projektor 16000 lumen (vet\u00edtett k\u00e9p m\u00e9rete: 600 x 450 cm), 1 db motoros projektorv\u00e1szon (K\u00e9r\u00e9sre: kontroll monitort tudunk biztos\u00edtani) El\u0151ad\u00f3i pulpitusn\u00e1l tal\u00e1lhat\u00f3 eszk\u00f6z\u00f6k: 1 db be\u00e9p\u00edtett asztali sz\u00e1m\u00edt\u00f3g\u00e9p (Windows &hellip;<\/p>\n","protected":false},"author":101345,"featured_media":0,"parent":257,"menu_order":2,"comment_status":"closed","ping_status":"closed","template":"","meta":{"_acf_changed":false,"footnotes":""},"categories":[],"tags":[],"class_list":["post-270","page","type-page","status-publish","hentry"],"acf":[],"_links":{"self":[{"href":"https:\/\/semmelweis.hu\/net\/wp-json\/wp\/v2\/pages\/270","targetHints":{"allow":["GET"]}}],"collection":[{"href":"https:\/\/semmelweis.hu\/net\/wp-json\/wp\/v2\/pages"}],"about":[{"href":"https:\/\/semmelweis.hu\/net\/wp-json\/wp\/v2\/types\/page"}],"author":[{"embeddable":true,"href":"https:\/\/semmelweis.hu\/net\/wp-json\/wp\/v2\/users\/101345"}],"replies":[{"embeddable":true,"href":"https:\/\/semmelweis.hu\/net\/wp-json\/wp\/v2\/comments?post=270"}],"version-history":[{"count":10,"href":"https:\/\/semmelweis.hu\/net\/wp-json\/wp\/v2\/pages\/270\/revisions"}],"predecessor-version":[{"id":17015,"href":"https:\/\/semmelweis.hu\/net\/wp-json\/wp\/v2\/pages\/270\/revisions\/17015"}],"up":[{"embeddable":true,"href":"https:\/\/semmelweis.hu\/net\/wp-json\/wp\/v2\/pages\/257"}],"wp:attachment":[{"href":"https:\/\/semmelweis.hu\/net\/wp-json\/wp\/v2\/media?parent=270"}],"wp:term":[{"taxonomy":"category","embeddable":true,"href":"https:\/\/semmelweis.hu\/net\/wp-json\/wp\/v2\/categories?post=270"},{"taxonomy":"post_tag","embeddable":true,"href":"https:\/\/semmelweis.hu\/net\/wp-json\/wp\/v2\/tags?post=270"}],"curies":[{"name":"wp","href":"https:\/\/api.w.org\/{rel}","templated":true}]}}