{"id":257,"date":"2019-03-20T08:57:34","date_gmt":"2019-03-20T07:57:34","guid":{"rendered":"http:\/\/semmelweis.hu\/net\/?page_id=257"},"modified":"2022-10-27T10:32:11","modified_gmt":"2022-10-27T08:32:11","slug":"termek-eszkozpark","status":"publish","type":"page","link":"https:\/\/semmelweis.hu\/net\/nagyvaradteri-elmeleti-tomb\/termek-eszkozpark\/","title":{"rendered":"Termek, eszk\u00f6zpark"},"content":{"rendered":"<p>Amennyiben rendezv\u00e9nyszervez\u00e9ssel kapcsolatban \u00e9rdekl\u0151dik,<br \/>\nk\u00e9rj\u00fck keresse koll\u00e9g\u00e1inkat az al\u00e1bbi el\u00e9rhet\u0151s\u00e9geken:<\/p>\n<p><span style=\"font-size: 18pt\"><span style=\"font-size: 14pt\">S\u00e1ndor Nat\u00e1lia<\/span><br \/>\n<\/span><em>Rendezv\u00e9nyszervez\u0151<\/em><\/p>\n<p>E-mail: net.rendezveny[kukac]semmelweis-univ.hu<br \/>\nTelefon: +36-20-825-0416<\/p>\n<p><span style=\"font-size: 18pt\"><span style=\"font-size: 14pt\">Szab\u00f3 Dezs\u0151<\/span><br \/>\n<\/span><em>Technikus<\/em><\/p>\n<p>E-mail: net.rendezveny[kukac]semmelweis-univ.hu<br \/>\n<em>Telefon: +36-20-666-3489<\/em><\/p>\n<ul>\n<li><strong><a href=\"https:\/\/semmelweis.hu\/net\/diszterem-markusovszky-lajos-terem\/\">D\u00edszterem (Markusovszky Lajos Terem)<\/a> <\/strong><\/li>\n<li><strong><a href=\"https:\/\/semmelweis.hu\/net\/tanacsterem-koch-sandor-terem\/\">Tan\u00e1csterem (Koch S\u00e1ndor Terem)<\/a>\u00a0\u00a0<\/strong><\/li>\n<li><strong><a href=\"https:\/\/semmelweis.hu\/net\/zold-eloado-selye-janos-terem\/\">Z\u00f6ld el\u0151ad\u00f3 (Selye J\u00e1nos Terem)<\/a>\u00a0 \u00a0 \u00a0 \u00a0 \u00a0 \u00a0 \u00a0 \u00a0 <\/strong><\/li>\n<li><strong><a href=\"https:\/\/semmelweis.hu\/net\/barna-eloado-issekutz-bela-terem\/ \u200e\">Barna el\u0151ad\u00f3 (Issekutz B\u00e9la Terem)<\/a><\/strong><\/li>\n<li><strong><a href=\"https:\/\/semmelweis.hu\/net\/szeminariumi-termek\/\">Szemin\u00e1riumi termek (9 db)<\/a>\u00a0 \u00a0 \u00a0 \u00a0 \u00a0 \u00a0 \u00a0 <\/strong><\/li>\n<li><strong><a href=\"https:\/\/semmelweis.hu\/net\/zsibongo\/\">Zsibong\u00f3<\/a>\u00a0 \u00a0 \u00a0 \u00a0 \u00a0 \u00a0 \u00a0 \u00a0 \u00a0<\/strong><\/li>\n<li><strong><a href=\"https:\/\/semmelweis.hu\/net\/aula\/\">Aula<\/a>\u00a0 \u00a0 \u00a0 \u00a0 \u00a0 \u00a0 \u00a0 \u00a0 \u00a0 \u00a0 \u00a0<\/strong><\/li>\n<li><strong><a href=\"https:\/\/semmelweis.hu\/net\/galeria\/\">Gal\u00e9ria<\/a><\/strong><\/li>\n<\/ul>\n","protected":false},"excerpt":{"rendered":"<p>Amennyiben rendezv\u00e9nyszervez\u00e9ssel kapcsolatban \u00e9rdekl\u0151dik, k\u00e9rj\u00fck keresse koll\u00e9g\u00e1inkat az al\u00e1bbi el\u00e9rhet\u0151s\u00e9geken: S\u00e1ndor Nat\u00e1lia Rendezv\u00e9nyszervez\u0151 E-mail: net.rendezveny[kukac]semmelweis-univ.hu Telefon: +36-20-825-0416 Szab\u00f3 Dezs\u0151 Technikus E-mail: net.rendezveny[kukac]semmelweis-univ.hu Telefon: +36-20-666-3489 <a href=\"https:\/\/semmelweis.hu\/net\/diszterem-markusovszky-lajos-terem\/\">D\u00edszterem (Markusovszky Lajos Terem)<\/a> <a href=\"https:\/\/semmelweis.hu\/net\/tanacsterem-koch-sandor-terem\/\">Tan\u00e1csterem (Koch S\u00e1ndor Terem)<\/a> \u00a0\u00a0 <a href=\"https:\/\/semmelweis.hu\/net\/zold-eloado-selye-janos-terem\/\">Z\u00f6ld el\u0151ad\u00f3 (Selye J\u00e1nos Terem)<\/a> \u00a0 \u00a0 \u00a0 \u00a0 \u00a0 \u00a0 \u00a0 \u00a0 <a href=\"https:\/\/semmelweis.hu\/net\/barna-eloado-issekutz-bela-terem\/ \u200e\">Barna el\u0151ad\u00f3 (Issekutz B\u00e9la Terem)<\/a> <a href=\"https:\/\/semmelweis.hu\/net\/szeminariumi-termek\/\">Szemin\u00e1riumi termek (9 db)<\/a> \u00a0 \u00a0 \u00a0 \u00a0 \u00a0 \u00a0 \u00a0 <a href=\"https:\/\/semmelweis.hu\/net\/zsibongo\/\">Zsibong\u00f3<\/a> \u00a0 \u00a0 \u00a0 \u00a0 \u00a0 \u00a0 \u00a0 \u00a0 \u00a0 <a href=\"https:\/\/semmelweis.hu\/net\/aula\/\">Aula<\/a> \u00a0 \u00a0 \u00a0 \u00a0 \u00a0 \u00a0 &hellip;<\/p>\n","protected":false},"author":101345,"featured_media":0,"parent":16830,"menu_order":1,"comment_status":"closed","ping_status":"closed","template":"","meta":{"_acf_changed":false,"footnotes":""},"categories":[],"tags":[],"class_list":["post-257","page","type-page","status-publish","hentry"],"acf":[],"_links":{"self":[{"href":"https:\/\/semmelweis.hu\/net\/wp-json\/wp\/v2\/pages\/257","targetHints":{"allow":["GET"]}}],"collection":[{"href":"https:\/\/semmelweis.hu\/net\/wp-json\/wp\/v2\/pages"}],"about":[{"href":"https:\/\/semmelweis.hu\/net\/wp-json\/wp\/v2\/types\/page"}],"author":[{"embeddable":true,"href":"https:\/\/semmelweis.hu\/net\/wp-json\/wp\/v2\/users\/101345"}],"replies":[{"embeddable":true,"href":"https:\/\/semmelweis.hu\/net\/wp-json\/wp\/v2\/comments?post=257"}],"version-history":[{"count":10,"href":"https:\/\/semmelweis.hu\/net\/wp-json\/wp\/v2\/pages\/257\/revisions"}],"predecessor-version":[{"id":16967,"href":"https:\/\/semmelweis.hu\/net\/wp-json\/wp\/v2\/pages\/257\/revisions\/16967"}],"up":[{"embeddable":true,"href":"https:\/\/semmelweis.hu\/net\/wp-json\/wp\/v2\/pages\/16830"}],"wp:attachment":[{"href":"https:\/\/semmelweis.hu\/net\/wp-json\/wp\/v2\/media?parent=257"}],"wp:term":[{"taxonomy":"category","embeddable":true,"href":"https:\/\/semmelweis.hu\/net\/wp-json\/wp\/v2\/categories?post=257"},{"taxonomy":"post_tag","embeddable":true,"href":"https:\/\/semmelweis.hu\/net\/wp-json\/wp\/v2\/tags?post=257"}],"curies":[{"name":"wp","href":"https:\/\/api.w.org\/{rel}","templated":true}]}}