{"id":16830,"date":"2016-09-23T15:39:28","date_gmt":"2016-09-23T13:39:28","guid":{"rendered":"http:\/\/semmelweis.hu\/rendezvenyhelyszin\/?page_id=16830"},"modified":"2026-02-03T08:42:40","modified_gmt":"2026-02-03T07:42:40","slug":"nagyvaradteri-elmeleti-tomb","status":"publish","type":"page","link":"https:\/\/semmelweis.hu\/net\/nagyvaradteri-elmeleti-tomb\/","title":{"rendered":"Nagyv\u00e1radt\u00e9ri Elm\u00e9leti T\u00f6mb &#8211; rendezv\u00e9nyhelysz\u00ednek"},"content":{"rendered":"<p><a href=\"https:\/\/semmelweis.hu\/net\/files\/2015\/09\/RS20102_KA-20140630-IMG_9557-net-aula-scr.png\"><img loading=\"lazy\" decoding=\"async\" class=\"aligncenter size-full wp-image-16841\" src=\"https:\/\/semmelweis.hu\/net\/files\/2015\/09\/RS20102_KA-20140630-IMG_9557-net-aula-scr.png\" alt=\"RS20102_KA-20140630-IMG_9557-net-aula-scr\" width=\"922\" height=\"326\" srcset=\"https:\/\/semmelweis.hu\/net\/files\/2015\/09\/RS20102_KA-20140630-IMG_9557-net-aula-scr.png 922w, https:\/\/semmelweis.hu\/net\/files\/2015\/09\/RS20102_KA-20140630-IMG_9557-net-aula-scr-300x106.png 300w, https:\/\/semmelweis.hu\/net\/files\/2015\/09\/RS20102_KA-20140630-IMG_9557-net-aula-scr-768x272.png 768w, https:\/\/semmelweis.hu\/net\/files\/2015\/09\/RS20102_KA-20140630-IMG_9557-net-aula-scr-580x205.png 580w, https:\/\/semmelweis.hu\/net\/files\/2015\/09\/RS20102_KA-20140630-IMG_9557-net-aula-scr-753x266.png 753w\" sizes=\"auto, (max-width: 922px) 100vw, 922px\" \/><\/a><\/p>\n<p style=\"text-align: justify\">1976-ban adt\u00e1k \u00e1t a Gerl\u00f3czy Gedeon, S\u00fcdi Ern\u0151 \u00e9s Wagner L\u00e1szl\u00f3 \u00e1ltal tervezett \u00e9p\u00fcletet. A torony 86 m\u00e9teres magass\u00e1g\u00e1val Budapest egyik legmagasabb \u00e9p\u00edtm\u00e9nye a nem ipari c\u00e9l\u00fa \u00e9p\u00fcletek k\u00f6z\u00f6tt. Az egyetem l\u00e9tes\u00edtm\u00e9nyei k\u00f6z\u00fcl tal\u00e1n a Nagyv\u00e1rad t\u00e9ri a legismertebb, amelyben orvosi kutat\u00f3int\u00e9zetek m\u0171k\u00f6dnek.<\/p>\n<p style=\"text-align: center\"><strong>Az al\u00e1bbi ig\u00e9nyfelm\u00e9r\u0151 kit\u00f6lt\u00e9se el\u0151tt, k\u00e9rj\u00fck, egyeztesse a tervezett rendezv\u00e9ny lehets\u00e9ges id\u0151pontj\u00e1t!<\/strong><\/p>\n<p style=\"text-align: center\"><a class=\"btn btn-danger\" href=\"https:\/\/forms.office.com\/e\/BWshWTE3Yn\" target=\"new\" rel=\"noopener\">Technikai ig\u00e9nyfelm\u00e9r\u0151 \u0171rlap<\/a><\/p>\n<p style=\"text-align: center\"><a class=\"button\" href=\"https:\/\/semmelweis.hu\/net\/files\/2023\/04\/NET-BETELEPULESI-TAJEKOZTATO_v4_20230516.pdf\">Betelep\u00fcl\u00e9si t\u00e1j\u00e9koztat\u00f3 rendezv\u00e9nyekhez<\/a><\/p>\n<p style=\"text-align: center\"><strong>Kapcsolat: net.rendezveny@semmelweis.hu<\/strong><\/p>\n<hr \/>\n<p style=\"padding-left: 60px\"><strong>Adatok<\/strong><\/p>\n<p style=\"padding-left: 60px\">C\u00edm: 1089 Budapest, Nagyv\u00e1rad t\u00e9r 4. <br \/>\n<a href=\"https:\/\/goo.gl\/maps\/9Xce8satFP92\" target=\"_blank\" rel=\"noopener noreferrer\">Megk\u00f6zel\u00edthet\u0151s\u00e9g: j\u00f3<\/a> <br \/>\nParkol\u00e1s: korl\u00e1tozott f\u00e9r\u0151hellyel saj\u00e1t fizet\u0151s parkol\u00f3 \/ utca <br \/>\nInternet: WIFI (k\u00fcl\u00f6n k\u00e9r\u00e9sre) <br \/>\nTermek sz\u00e1ma: 3<\/p>\n\n<!-- iframe plugin v.4.9 wordpress.org\/plugins\/iframe\/ -->\n<iframe loading=\"lazy\" src=\"https:\/\/www.google.com\/maps\/embed?pb=!1m18!1m12!1m3!1d2696.547847479427!2d19.091578799999997!3d47.479239899999996!2m3!1f0!2f0!3f0!3m2!1i1024!2i768!4f13.1!3m3!1m2!1s0x4741dce663d65943%3A0xf5391fc3337d063b!2zTmFneXbDoXJhZCB0w6lyIDQsIEJ1ZGFwZXN0LCAxMDg5!5e0!3m2!1shu!2shu!4v1443016324090\" width=\"100%\" height=\"220\" scrolling=\"yes\" class=\"iframe-class\" frameborder=\"0\"><\/iframe>\n\n<p><strong>Termek:\u00a0<\/strong><\/p>\n<table width=\"100%\" cellspacing=\"10\" cellpadding=\"5\">\n<tbody>\n<tr>\n<td style=\"width: 40%;background-color: #cceaed\">\u00a0<\/td>\n<td style=\"width: 30%;text-align: center;background-color: #cceaed\"><strong>D\u00edszterem<\/strong><\/td>\n<td style=\"width: 30%;text-align: center;background-color: #cceaed\"><strong>Tan\u00e1csterem<\/strong><\/td>\n<\/tr>\n<tr>\n<td style=\"background-color: #ffffff\"><strong>Alapter\u00fclet:<\/strong><\/td>\n<td style=\"text-align: center;background-color: #ffffff\">640m<sup>2<\/sup><\/td>\n<td style=\"text-align: center;background-color: #ffffff\">435m<sup>2<\/sup><\/td>\n<\/tr>\n<tr>\n<td><strong>F\u00e9r\u0151hely:<\/strong><\/td>\n<td style=\"text-align: center\">\u00a0600 f\u0151<\/td>\n<td style=\"text-align: center\">150 f\u0151<\/td>\n<\/tr>\n<tr>\n<td style=\"background-color: #ffffff\"><strong>Elrendez\u00e9s:<\/strong><\/td>\n<td style=\"text-align: center;background-color: #ffffff\" colspan=\"2\">szabadon mozgathat\u00f3, sz\u00e9ksoros<\/td>\n<\/tr>\n<tr>\n<td><strong>Felszerelts\u00e9g:<\/strong><\/td>\n<td style=\"text-align: center\" colspan=\"2\">hangos\u00edt\u00e1s, vet\u00edt\u00e9stechnika, be\u00e9p\u00edtett asztali sz\u00e1m\u00edt\u00f3g\u00e9p<\/td>\n<\/tr>\n<\/tbody>\n<\/table>\n<hr \/>\n<p><strong>Egy\u00e9b inform\u00e1ci\u00f3k<\/strong> A terem haszn\u00e1lat\u00e1hoz ig\u00e9nyelhet\u0151 \u2013 a terem b\u00e9rleti d\u00edj\u00e1ban nem szerepl\u0151 \u2013 szolg\u00e1ltat\u00e1s: catering (nincs kiz\u00e1r\u00f3lagoss\u00e1g) \u00a0<\/p>\n\r\n        [slb_exclude]\r\n        <div class=\"row galeria-wrapper mx-0 h-auto\">\r\n            <div class=\"col-9 pl-0 pr-2\">\r\n            <span class=\"gallery-item frame\">\r\n\t\t\t\t<div class=\"galeria-left-img\"><a href=\"https:\/\/semmelweis.hu\/net\/files\/2026\/02\/RS231260_0E1A0751_hl-scaled.jpg\"><img src=https:\/\/semmelweis.hu\/net\/files\/2026\/02\/RS231260_0E1A0751_hl-scaled.jpg  \r\n                            alt=\"\" \r\n                            class=\"attachment-sote-gallery-big size-sote-gallery-big\" \r\n                            srcset=\"https:\/\/semmelweis.hu\/net\/files\/2026\/02\/RS231260_0E1A0751_hl-300x200.jpg 300w, https:\/\/semmelweis.hu\/net\/files\/2026\/02\/RS231260_0E1A0751_hl-1024x683.jpg 1024w, https:\/\/semmelweis.hu\/net\/files\/2026\/02\/RS231260_0E1A0751_hl-768x512.jpg 768w, https:\/\/semmelweis.hu\/net\/files\/2026\/02\/RS231260_0E1A0751_hl-1536x1024.jpg 1536w, https:\/\/semmelweis.hu\/net\/files\/2026\/02\/RS231260_0E1A0751_hl-2048x1365.jpg 2048w, https:\/\/semmelweis.hu\/net\/files\/2026\/02\/RS231260_0E1A0751_hl-753x502.jpg 753w, https:\/\/semmelweis.hu\/net\/files\/2026\/02\/RS231260_0E1A0751_hl-203x135.jpg 203w\" ><\/a><\/div>\r\n            <\/span>\r\n\r\n            <\/div>\r\n\r\n\t\t\t<div class=\"col-3 pl-0 pr-0\">\r\n\t\t\t\t<div class=\"galeria-right-img d-flex justify-content-between flex-column h-100 w-100 px-0 mx-0 \">\r\n                <div class=\"galeria-box\">\r\n\t\t\t\t\t<h3 class=\"galeria-title\">Gal\u00e9ria<\/h3>\r\n\t\t\t\t\t<div class=\"galeria-subtitle\">\r\n\r\n\t\t\t\t\t\t<div class=\"galeria-page-counter\"><span>11<\/span>k\u00e9p<\/div>\r\n                    <\/div> <\/div>\r\n                    <span class=\"gallery-item frame d-none d-md-flex\">\r\n\t\t\t\t\t<div class=\"galeria-small-img mt-0\"><a href=\"https:\/\/semmelweis.hu\/net\/files\/2026\/02\/RS231246_0E1A0780_hl-scaled.jpg\"><img src=https:\/\/semmelweis.hu\/net\/files\/2026\/02\/RS231246_0E1A0780_hl-scaled.jpg \r\n                                alt=\"\"  \r\n                                class=\"attachment-sote-gallery-small size-sote-gallery-small\" \r\n                                srcset=\"https:\/\/semmelweis.hu\/net\/files\/2026\/02\/RS231246_0E1A0780_hl-300x200.jpg 300w, https:\/\/semmelweis.hu\/net\/files\/2026\/02\/RS231246_0E1A0780_hl-1024x683.jpg 1024w, https:\/\/semmelweis.hu\/net\/files\/2026\/02\/RS231246_0E1A0780_hl-768x512.jpg 768w, https:\/\/semmelweis.hu\/net\/files\/2026\/02\/RS231246_0E1A0780_hl-1536x1024.jpg 1536w, https:\/\/semmelweis.hu\/net\/files\/2026\/02\/RS231246_0E1A0780_hl-2048x1365.jpg 2048w, https:\/\/semmelweis.hu\/net\/files\/2026\/02\/RS231246_0E1A0780_hl-753x502.jpg 753w, https:\/\/semmelweis.hu\/net\/files\/2026\/02\/RS231246_0E1A0780_hl-203x135.jpg 203w\" ><\/a><\/div>\r\n                    <\/span>\r\n                    <span class=\"gallery-item frame d-none d-md-flex\">\r\n\t\t\t\t\t<div class=\"galeria-small-img mt-0\"><a href=\"https:\/\/semmelweis.hu\/net\/files\/2015\/09\/RS33321_KA-20150714-IMG_2967-scr.jpg\"><img src=https:\/\/semmelweis.hu\/net\/files\/2015\/09\/RS33321_KA-20150714-IMG_2967-scr.jpg \r\n                                alt=\"\" \r\n                                class=\"attachment-sote-gallery-small size-sote-gallery-small\" \r\n                                srcset=\"https:\/\/semmelweis.hu\/net\/files\/2015\/09\/RS33321_KA-20150714-IMG_2967-scr-300x200.jpg 300w, https:\/\/semmelweis.hu\/net\/files\/2015\/09\/RS33321_KA-20150714-IMG_2967-scr-768x512.jpg 768w, https:\/\/semmelweis.hu\/net\/files\/2015\/09\/RS33321_KA-20150714-IMG_2967-scr-450x300.jpg 450w, https:\/\/semmelweis.hu\/net\/files\/2015\/09\/RS33321_KA-20150714-IMG_2967-scr-753x502.jpg 753w, https:\/\/semmelweis.hu\/net\/files\/2015\/09\/RS33321_KA-20150714-IMG_2967-scr-203x135.jpg 203w, https:\/\/semmelweis.hu\/net\/files\/2015\/09\/RS33321_KA-20150714-IMG_2967-scr.jpg 950w\" ><\/a><\/div>\r\n                    <\/span>\r\n\r\n                <\/div>\r\n\r\n            <\/div>\r\n\r\n            <span class=\"gallery-item\"><div class=\"hidden\"><a href=\"https:\/\/semmelweis.hu\/net\/files\/2015\/09\/RS31829_KA-20150611-IMG_7980-net-scr.jpg\">\r\n        <img src=https:\/\/semmelweis.hu\/net\/files\/2015\/09\/RS31829_KA-20150611-IMG_7980-net-scr.jpg alt=\"\" class=\"attachment-sote-gallery-big size-sote-gallery-big\" srcset=\"https:\/\/semmelweis.hu\/net\/files\/2015\/09\/RS31829_KA-20150611-IMG_7980-net-scr-300x200.jpg 300w, https:\/\/semmelweis.hu\/net\/files\/2015\/09\/RS31829_KA-20150611-IMG_7980-net-scr-768x512.jpg 768w, https:\/\/semmelweis.hu\/net\/files\/2015\/09\/RS31829_KA-20150611-IMG_7980-net-scr-450x300.jpg 450w, https:\/\/semmelweis.hu\/net\/files\/2015\/09\/RS31829_KA-20150611-IMG_7980-net-scr-753x502.jpg 753w, https:\/\/semmelweis.hu\/net\/files\/2015\/09\/RS31829_KA-20150611-IMG_7980-net-scr-203x135.jpg 203w, https:\/\/semmelweis.hu\/net\/files\/2015\/09\/RS31829_KA-20150611-IMG_7980-net-scr.jpg 950w\" >\r\n        <\/a><\/div><\/span><span class=\"gallery-item\"><div class=\"hidden\"><a href=\"https:\/\/semmelweis.hu\/net\/files\/2015\/09\/RS20102_KA-20140630-IMG_9557-net-aula-scr.jpg\">\r\n        <img src=https:\/\/semmelweis.hu\/net\/files\/2015\/09\/RS20102_KA-20140630-IMG_9557-net-aula-scr.jpg alt=\"\" class=\"attachment-sote-gallery-big size-sote-gallery-big\" srcset=\"https:\/\/semmelweis.hu\/net\/files\/2015\/09\/RS20102_KA-20140630-IMG_9557-net-aula-scr-300x200.jpg 300w, https:\/\/semmelweis.hu\/net\/files\/2015\/09\/RS20102_KA-20140630-IMG_9557-net-aula-scr-768x512.jpg 768w, https:\/\/semmelweis.hu\/net\/files\/2015\/09\/RS20102_KA-20140630-IMG_9557-net-aula-scr-450x300.jpg 450w, https:\/\/semmelweis.hu\/net\/files\/2015\/09\/RS20102_KA-20140630-IMG_9557-net-aula-scr-753x502.jpg 753w, https:\/\/semmelweis.hu\/net\/files\/2015\/09\/RS20102_KA-20140630-IMG_9557-net-aula-scr-203x135.jpg 203w, https:\/\/semmelweis.hu\/net\/files\/2015\/09\/RS20102_KA-20140630-IMG_9557-net-aula-scr.jpg 950w\" >\r\n        <\/a><\/div><\/span><span class=\"gallery-item\"><div class=\"hidden\"><a href=\"https:\/\/semmelweis.hu\/net\/files\/2015\/09\/RS33362_KA-20150714-IMG_2978-scr.jpg\">\r\n        <img src=https:\/\/semmelweis.hu\/net\/files\/2015\/09\/RS33362_KA-20150714-IMG_2978-scr.jpg alt=\"\" class=\"attachment-sote-gallery-big size-sote-gallery-big\" srcset=\"https:\/\/semmelweis.hu\/net\/files\/2015\/09\/RS33362_KA-20150714-IMG_2978-scr-200x300.jpg 200w, https:\/\/semmelweis.hu\/net\/files\/2015\/09\/RS33362_KA-20150714-IMG_2978-scr.jpg 500w\" >\r\n        <\/a><\/div><\/span><span class=\"gallery-item\"><div class=\"hidden\"><a href=\"https:\/\/semmelweis.hu\/net\/files\/2026\/02\/RS231249_0E1A0770_hl-scaled.jpg\">\r\n        <img src=https:\/\/semmelweis.hu\/net\/files\/2026\/02\/RS231249_0E1A0770_hl-scaled.jpg alt=\"\" class=\"attachment-sote-gallery-big size-sote-gallery-big\" srcset=\"https:\/\/semmelweis.hu\/net\/files\/2026\/02\/RS231249_0E1A0770_hl-300x200.jpg 300w, https:\/\/semmelweis.hu\/net\/files\/2026\/02\/RS231249_0E1A0770_hl-1024x683.jpg 1024w, https:\/\/semmelweis.hu\/net\/files\/2026\/02\/RS231249_0E1A0770_hl-768x512.jpg 768w, https:\/\/semmelweis.hu\/net\/files\/2026\/02\/RS231249_0E1A0770_hl-1536x1024.jpg 1536w, https:\/\/semmelweis.hu\/net\/files\/2026\/02\/RS231249_0E1A0770_hl-2048x1365.jpg 2048w, https:\/\/semmelweis.hu\/net\/files\/2026\/02\/RS231249_0E1A0770_hl-753x502.jpg 753w, https:\/\/semmelweis.hu\/net\/files\/2026\/02\/RS231249_0E1A0770_hl-203x135.jpg 203w\" >\r\n        <\/a><\/div><\/span><span class=\"gallery-item\"><div class=\"hidden\"><a href=\"https:\/\/semmelweis.hu\/net\/files\/2015\/09\/RS33332_KA-20150714-IMG_2918-scr.jpg\">\r\n        <img src=https:\/\/semmelweis.hu\/net\/files\/2015\/09\/RS33332_KA-20150714-IMG_2918-scr.jpg alt=\"\" class=\"attachment-sote-gallery-big size-sote-gallery-big\" srcset=\"https:\/\/semmelweis.hu\/net\/files\/2015\/09\/RS33332_KA-20150714-IMG_2918-scr-300x200.jpg 300w, https:\/\/semmelweis.hu\/net\/files\/2015\/09\/RS33332_KA-20150714-IMG_2918-scr-768x512.jpg 768w, https:\/\/semmelweis.hu\/net\/files\/2015\/09\/RS33332_KA-20150714-IMG_2918-scr-450x300.jpg 450w, https:\/\/semmelweis.hu\/net\/files\/2015\/09\/RS33332_KA-20150714-IMG_2918-scr-753x502.jpg 753w, https:\/\/semmelweis.hu\/net\/files\/2015\/09\/RS33332_KA-20150714-IMG_2918-scr-203x135.jpg 203w, https:\/\/semmelweis.hu\/net\/files\/2015\/09\/RS33332_KA-20150714-IMG_2918-scr.jpg 950w\" >\r\n        <\/a><\/div><\/span><span class=\"gallery-item\"><div class=\"hidden\"><a href=\"https:\/\/semmelweis.hu\/net\/files\/2026\/02\/RS231257_0E1A0756_hl-1-scaled.jpg\">\r\n        <img src=https:\/\/semmelweis.hu\/net\/files\/2026\/02\/RS231257_0E1A0756_hl-1-scaled.jpg alt=\"\" class=\"attachment-sote-gallery-big size-sote-gallery-big\" srcset=\"https:\/\/semmelweis.hu\/net\/files\/2026\/02\/RS231257_0E1A0756_hl-1-300x200.jpg 300w, https:\/\/semmelweis.hu\/net\/files\/2026\/02\/RS231257_0E1A0756_hl-1-1024x683.jpg 1024w, https:\/\/semmelweis.hu\/net\/files\/2026\/02\/RS231257_0E1A0756_hl-1-768x512.jpg 768w, https:\/\/semmelweis.hu\/net\/files\/2026\/02\/RS231257_0E1A0756_hl-1-1536x1024.jpg 1536w, https:\/\/semmelweis.hu\/net\/files\/2026\/02\/RS231257_0E1A0756_hl-1-2048x1365.jpg 2048w, https:\/\/semmelweis.hu\/net\/files\/2026\/02\/RS231257_0E1A0756_hl-1-753x502.jpg 753w, https:\/\/semmelweis.hu\/net\/files\/2026\/02\/RS231257_0E1A0756_hl-1-203x135.jpg 203w\" >\r\n        <\/a><\/div><\/span><span class=\"gallery-item\"><div class=\"hidden\"><a href=\"https:\/\/semmelweis.hu\/net\/files\/2026\/02\/RS231266_0E1A0741_hl-scaled.jpg\">\r\n        <img src=https:\/\/semmelweis.hu\/net\/files\/2026\/02\/RS231266_0E1A0741_hl-scaled.jpg alt=\"\" class=\"attachment-sote-gallery-big size-sote-gallery-big\" srcset=\"https:\/\/semmelweis.hu\/net\/files\/2026\/02\/RS231266_0E1A0741_hl-300x200.jpg 300w, https:\/\/semmelweis.hu\/net\/files\/2026\/02\/RS231266_0E1A0741_hl-1024x683.jpg 1024w, https:\/\/semmelweis.hu\/net\/files\/2026\/02\/RS231266_0E1A0741_hl-768x512.jpg 768w, https:\/\/semmelweis.hu\/net\/files\/2026\/02\/RS231266_0E1A0741_hl-1536x1024.jpg 1536w, https:\/\/semmelweis.hu\/net\/files\/2026\/02\/RS231266_0E1A0741_hl-2048x1365.jpg 2048w, https:\/\/semmelweis.hu\/net\/files\/2026\/02\/RS231266_0E1A0741_hl-753x502.jpg 753w, https:\/\/semmelweis.hu\/net\/files\/2026\/02\/RS231266_0E1A0741_hl-203x135.jpg 203w\" >\r\n        <\/a><\/div><\/span><span class=\"gallery-item\"><div class=\"hidden\"><a href=\"https:\/\/semmelweis.hu\/net\/files\/2026\/02\/RS231263_0E1A0746_hl-scaled.jpg\">\r\n        <img src=https:\/\/semmelweis.hu\/net\/files\/2026\/02\/RS231263_0E1A0746_hl-scaled.jpg alt=\"\" class=\"attachment-sote-gallery-big size-sote-gallery-big\" srcset=\"https:\/\/semmelweis.hu\/net\/files\/2026\/02\/RS231263_0E1A0746_hl-300x200.jpg 300w, https:\/\/semmelweis.hu\/net\/files\/2026\/02\/RS231263_0E1A0746_hl-1024x683.jpg 1024w, https:\/\/semmelweis.hu\/net\/files\/2026\/02\/RS231263_0E1A0746_hl-768x512.jpg 768w, https:\/\/semmelweis.hu\/net\/files\/2026\/02\/RS231263_0E1A0746_hl-1536x1024.jpg 1536w, https:\/\/semmelweis.hu\/net\/files\/2026\/02\/RS231263_0E1A0746_hl-2048x1365.jpg 2048w, https:\/\/semmelweis.hu\/net\/files\/2026\/02\/RS231263_0E1A0746_hl-753x502.jpg 753w, https:\/\/semmelweis.hu\/net\/files\/2026\/02\/RS231263_0E1A0746_hl-203x135.jpg 203w\" >\r\n        <\/a><\/div><\/span>\r\n            <\/div>\r\n\r\n            [\/slb_exclude]\r\n\t\n","protected":false},"excerpt":{"rendered":"<p><a href=\"https:\/\/semmelweis.hu\/net\/files\/2015\/09\/RS20102_KA-20140630-IMG_9557-net-aula-scr.png\"><\/a> 1976-ban adt\u00e1k \u00e1t a Gerl\u00f3czy Gedeon, S\u00fcdi Ern\u0151 \u00e9s Wagner L\u00e1szl\u00f3 \u00e1ltal tervezett \u00e9p\u00fcletet. A torony 86 m\u00e9teres magass\u00e1g\u00e1val Budapest egyik legmagasabb \u00e9p\u00edtm\u00e9nye a nem ipari c\u00e9l\u00fa \u00e9p\u00fcletek k\u00f6z\u00f6tt. Az egyetem l\u00e9tes\u00edtm\u00e9nyei k\u00f6z\u00fcl tal\u00e1n a Nagyv\u00e1rad t\u00e9ri a legismertebb, amelyben orvosi kutat\u00f3int\u00e9zetek m\u0171k\u00f6dnek. Az al\u00e1bbi ig\u00e9nyfelm\u00e9r\u0151 kit\u00f6lt\u00e9se el\u0151tt, k\u00e9rj\u00fck, egyeztesse a tervezett rendezv\u00e9ny lehets\u00e9ges id\u0151pontj\u00e1t! &hellip;<\/p>\n","protected":false},"author":12,"featured_media":0,"parent":0,"menu_order":3,"comment_status":"closed","ping_status":"closed","template":"template-fullwidth.php","meta":{"_acf_changed":false,"footnotes":""},"categories":[],"tags":[],"class_list":["post-16830","page","type-page","status-publish","hentry"],"acf":[],"_links":{"self":[{"href":"https:\/\/semmelweis.hu\/net\/wp-json\/wp\/v2\/pages\/16830","targetHints":{"allow":["GET"]}}],"collection":[{"href":"https:\/\/semmelweis.hu\/net\/wp-json\/wp\/v2\/pages"}],"about":[{"href":"https:\/\/semmelweis.hu\/net\/wp-json\/wp\/v2\/types\/page"}],"author":[{"embeddable":true,"href":"https:\/\/semmelweis.hu\/net\/wp-json\/wp\/v2\/users\/12"}],"replies":[{"embeddable":true,"href":"https:\/\/semmelweis.hu\/net\/wp-json\/wp\/v2\/comments?post=16830"}],"version-history":[{"count":9,"href":"https:\/\/semmelweis.hu\/net\/wp-json\/wp\/v2\/pages\/16830\/revisions"}],"predecessor-version":[{"id":17040,"href":"https:\/\/semmelweis.hu\/net\/wp-json\/wp\/v2\/pages\/16830\/revisions\/17040"}],"wp:attachment":[{"href":"https:\/\/semmelweis.hu\/net\/wp-json\/wp\/v2\/media?parent=16830"}],"wp:term":[{"taxonomy":"category","embeddable":true,"href":"https:\/\/semmelweis.hu\/net\/wp-json\/wp\/v2\/categories?post=16830"},{"taxonomy":"post_tag","embeddable":true,"href":"https:\/\/semmelweis.hu\/net\/wp-json\/wp\/v2\/tags?post=16830"}],"curies":[{"name":"wp","href":"https:\/\/api.w.org\/{rel}","templated":true}]}}