{"id":555,"date":"2016-05-31T15:38:31","date_gmt":"2016-05-31T13:38:31","guid":{"rendered":"http:\/\/semmelweis.hu\/neptun\/?page_id=555"},"modified":"2020-09-10T13:39:18","modified_gmt":"2020-09-10T11:39:18","slug":"abfrage","status":"publish","type":"page","link":"https:\/\/semmelweis.hu\/neptun\/de\/abfrage\/","title":{"rendered":"Abfrage"},"content":{"rendered":"<p>\n<!-- iframe plugin v.4.9 wordpress.org\/plugins\/iframe\/ -->\n<iframe loading=\"lazy\" src=\"http:\/\/neptun.semmelweis.hu\/query\" width=\"100%\" height=\"600\" scrolling=\"yes\" class=\"iframe-class\" frameborder=\"0\"><\/iframe>\n Ha nem jelenik meg,a b\u00f6ng\u00e9sz\u0151je nem t\u00e1mogatja a megjelen\u00edt\u00e9st!<\/p>\n","protected":false},"excerpt":{"rendered":"<p> Ha nem jelenik meg,a b\u00f6ng\u00e9sz\u0151je nem t\u00e1mogatja a megjelen\u00edt\u00e9st!<\/p>\n","protected":false},"author":101118,"featured_media":0,"parent":0,"menu_order":0,"comment_status":"closed","ping_status":"closed","template":"","meta":{"_acf_changed":false,"footnotes":""},"categories":[],"tags":[],"class_list":["post-555","page","type-page","status-publish","hentry"],"acf":[],"_links":{"self":[{"href":"https:\/\/semmelweis.hu\/neptun\/wp-json\/wp\/v2\/pages\/555","targetHints":{"allow":["GET"]}}],"collection":[{"href":"https:\/\/semmelweis.hu\/neptun\/wp-json\/wp\/v2\/pages"}],"about":[{"href":"https:\/\/semmelweis.hu\/neptun\/wp-json\/wp\/v2\/types\/page"}],"author":[{"embeddable":true,"href":"https:\/\/semmelweis.hu\/neptun\/wp-json\/wp\/v2\/users\/101118"}],"replies":[{"embeddable":true,"href":"https:\/\/semmelweis.hu\/neptun\/wp-json\/wp\/v2\/comments?post=555"}],"version-history":[{"count":6,"href":"https:\/\/semmelweis.hu\/neptun\/wp-json\/wp\/v2\/pages\/555\/revisions"}],"predecessor-version":[{"id":969,"href":"https:\/\/semmelweis.hu\/neptun\/wp-json\/wp\/v2\/pages\/555\/revisions\/969"}],"wp:attachment":[{"href":"https:\/\/semmelweis.hu\/neptun\/wp-json\/wp\/v2\/media?parent=555"}],"wp:term":[{"taxonomy":"category","embeddable":true,"href":"https:\/\/semmelweis.hu\/neptun\/wp-json\/wp\/v2\/categories?post=555"},{"taxonomy":"post_tag","embeddable":true,"href":"https:\/\/semmelweis.hu\/neptun\/wp-json\/wp\/v2\/tags?post=555"}],"curies":[{"name":"wp","href":"https:\/\/api.w.org\/{rel}","templated":true}]}}