{"id":53,"date":"2016-03-31T00:00:00","date_gmt":"2016-03-30T22:00:00","guid":{"rendered":"http:\/\/semmelweis.hu\/neptun\/tanulmanyi-informaciok\/"},"modified":"2016-07-13T15:15:55","modified_gmt":"2016-07-13T13:15:55","slug":"tanulmanyi-informaciok","status":"publish","type":"page","link":"https:\/\/semmelweis.hu\/neptun\/hu\/informaciok\/tanulmanyi-informaciok\/","title":{"rendered":"Tanulm\u00e1nyi inform\u00e1ci\u00f3k"},"content":{"rendered":"<p><a class=\"button-big\" href=\"https:\/\/semmelweis.hu\/neptun\/hu\/tanulmanyi-informaciokjogszabalyok\/\">Jogszab\u00e1lyok<\/a><\/p>\n<p><a class=\"button-big\" href=\"https:\/\/semmelweis.hu\/neptun\/hu\/tanevbeosztas\/\">Tan\u00e9vbeoszt\u00e1s<\/a><\/p>\n<p><a class=\"button-big\" href=\"https:\/\/semmelweis.hu\/neptun\/hu\/karok-intezetek-anyagai\/\">Karok, int\u00e9zetek<br \/>\nanyagai<\/a><\/p>\n","protected":false},"excerpt":{"rendered":"<p><a class=\"button-big\" href=\"https:\/\/semmelweis.hu\/neptun\/hu\/tanulmanyi-informaciokjogszabalyok\/\">Jogszab\u00e1lyok<\/a><br \/>\n<a class=\"button-big\" href=\"https:\/\/semmelweis.hu\/neptun\/hu\/tanevbeosztas\/\">Tan\u00e9vbeoszt\u00e1s<\/a><br \/>\n<a class=\"button-big\" href=\"https:\/\/semmelweis.hu\/neptun\/hu\/karok-intezetek-anyagai\/\">Karok, int\u00e9zetek<br \/>\nanyagai<\/a><\/p>\n","protected":false},"author":158,"featured_media":0,"parent":275,"menu_order":0,"comment_status":"closed","ping_status":"closed","template":"","meta":{"_acf_changed":false,"footnotes":""},"categories":[],"tags":[],"class_list":["post-53","page","type-page","status-publish","hentry"],"acf":[],"_links":{"self":[{"href":"https:\/\/semmelweis.hu\/neptun\/wp-json\/wp\/v2\/pages\/53","targetHints":{"allow":["GET"]}}],"collection":[{"href":"https:\/\/semmelweis.hu\/neptun\/wp-json\/wp\/v2\/pages"}],"about":[{"href":"https:\/\/semmelweis.hu\/neptun\/wp-json\/wp\/v2\/types\/page"}],"author":[{"embeddable":true,"href":"https:\/\/semmelweis.hu\/neptun\/wp-json\/wp\/v2\/users\/158"}],"replies":[{"embeddable":true,"href":"https:\/\/semmelweis.hu\/neptun\/wp-json\/wp\/v2\/comments?post=53"}],"version-history":[{"count":9,"href":"https:\/\/semmelweis.hu\/neptun\/wp-json\/wp\/v2\/pages\/53\/revisions"}],"predecessor-version":[{"id":538,"href":"https:\/\/semmelweis.hu\/neptun\/wp-json\/wp\/v2\/pages\/53\/revisions\/538"}],"up":[{"embeddable":true,"href":"https:\/\/semmelweis.hu\/neptun\/wp-json\/wp\/v2\/pages\/275"}],"wp:attachment":[{"href":"https:\/\/semmelweis.hu\/neptun\/wp-json\/wp\/v2\/media?parent=53"}],"wp:term":[{"taxonomy":"category","embeddable":true,"href":"https:\/\/semmelweis.hu\/neptun\/wp-json\/wp\/v2\/categories?post=53"},{"taxonomy":"post_tag","embeddable":true,"href":"https:\/\/semmelweis.hu\/neptun\/wp-json\/wp\/v2\/tags?post=53"}],"curies":[{"name":"wp","href":"https:\/\/api.w.org\/{rel}","templated":true}]}}