{"id":52,"date":"2016-03-31T00:00:00","date_gmt":"2016-03-30T22:00:00","guid":{"rendered":"http:\/\/semmelweis.hu\/neptun\/neptun-anleitung-faq\/"},"modified":"2016-05-12T15:30:05","modified_gmt":"2016-05-12T13:30:05","slug":"neptun-anleitung-faq","status":"publish","type":"page","link":"https:\/\/semmelweis.hu\/neptun\/de\/neptun-anleitung-faq\/","title":{"rendered":"Neptun Anleitung &#8211; FAQ"},"content":{"rendered":"<h3>Neptun Anleitung &#8211; FAQ<\/h3>\n<p>Wir sind bem\u00fcht, Ihnen mittels dieser Seite alle solche Informationen zur Verf\u00fcgung zu stellen, die Ihnen die Orientierung und die Nutzung des neuen NEPTUN.Net &#8211; Portals erleichtern und den Zugang zu allen Themenkreisen des NEPTUN.Net erm\u00f6glichen.<\/p>\n<p>Deshalb bitten wir Sie, wenn Sie Ideen oder Anregungen haben, schreiben Sie uns an: <a href=\"mailto:neptun@ik.usn.hu\">neptun@ik.usn.hu<\/a><\/p>\n<p>&nbsp;<\/p>\n<p><u>Technische Fragen:<\/u><\/p>\n<p style=\"background-color: #ff4444;\">Neptun.Net System<\/p>\n<blockquote>\n<p align=\"justify\">Das Neptun.Net ist das Verwaltungs- und Administrationssystem der Semmelweis &#8211; Universit\u00e4t. \u00dcber dieses werden Aufgaben des Hochschulbetriebes abgewickelt, wie die Registrierung und Administration von Studenten, die Unterrichts- und unterrichtsorganisatorischen Aufgaben der Hochschuleinrichtungen (Universit\u00e4ten, Hochschulen, Institute) sowie deren Informationssystem bereitstellt und geregelt.<\/p>\n<\/blockquote>\n<p style=\"background-color: #ffff00;\">Zug\u00e4nge zum Neptun.Net f\u00fcr Studenten:<\/p>\n<blockquote>\n<p align=\"justify\">Das Neptun.Net &#8211; System ist \u00f6ffentlich \u00fcber das Internet (Zuhause, B\u00fcro, &#8230;) und \u00fcber das Universit\u00e4tsnetzwerk bzw. &#8211; Intranet zu erreichen. Als Student hat man Zugang zum Universit\u00e4tsnetzwerk bzw. -intranet \u00fcber die in den Geb\u00e4uden der Institute bereitgestellten Computer und\/oder die WLAN Accesspoints innerhalb dieser und deren jeweiligen \u00d6ffnungszeiten.<\/p>\n<\/blockquote>\n<p><span style=\"background-color: #ffff00;\"> Au\u00dferhalb des Universit\u00e4tsnetzes (Arbeitsstelle, Internet Dienstleistender) erreiche ich das System \/ die Internetseite www.net.neptun.sote.hu nicht?<\/span><\/p>\n<blockquote>\n<p align=\"justify\">In diesem Fall ist ein Verbindungsproblem Ihres Rechners am wahrscheinlichsten. Pr\u00fcfen Sie, ob die Internetverbindung aktiv ist und Du z.B. die Internetseite des Emailproviders (Web.de, gmx.de, &#8230; ) zu erreichen ist. \u00dcberpr\u00fcfen Sie, ob Ihre &#8222;Firewall&#8221; sowohl die &#8222;www.net.neptun.sote.hu&#8221; Adresse als auch den 80-er und 81-er Port durchl\u00e4sst.<\/p>\n<\/blockquote>\n<p style=\"background-color: #ffff00;\">Probleme mit dem &#8222;Browser&#8221;<\/p>\n<blockquote><p>Zum Neptun.Net empfohlener Browser ist der Internet Explorer ab 6.x, sowie Mozilla FireFox.<\/p><\/blockquote>\n<blockquote><p>Bei der Nutzung von Opera l\u00e4uft auch ein Anwendungsprogramm, in diesem Fall kann es Probleme beim Anzeigen geben. In diesem Fall kann man im Men\u00fcpunkt &#8222;Ansicht&#8221; unter Instandhaltung&#8230;. eine Feinabstimmung vornehmen.<br \/>\n<u>Fragen zur Bedienung:<\/u><\/p><\/blockquote>\n<p style=\"background-color: #ffff00;\">Erstes Einloggen und Benutzung<\/p>\n<blockquote><p>1. Der Neptuncode zum Neptun Zugang ist der alte 6-stellige Code, den Sie unter \u201eAzonos\u00edt\u00f3&#8221; eintragen.<\/p>\n<p>2. Das Passwort (=Jelsz\u00f3) ist das Geburtsdatum des Benutzers in dieser Form JJJJMMTT( z.B.:19850521)<\/p>\n<p>3. Dann w\u00e4hlen Sie unter \u201eNyelv&#8221; bitte \u201eDeutsch&#8221; aus und best\u00e4tigen mit Klicken auf den Knopf: \u201eBejelentkez\u00e9s&#8221;<\/p>\n<p>4. Nach Anmeldung wird man aufgefordert, das Passwort zu \u00e4ndern.<\/p>\n<p>5. Danach sollte die Neptunoberfl\u00e4che erscheinen.<\/p><\/blockquote>\n<p style=\"background-color: #ffff00;\">Benutzung und Einloggen:<\/p>\n<blockquote><p>1. Der Neptuncode zum Neptun Zugang ist der alte 6-stellige Code, den Sie unter \u201eAzonos\u00edt\u00f3&#8221; eintragen.<\/p>\n<p>2. Das Passwort tr\u00e4gt man unter \u201eJelsz\u00f3&#8221; ein.<\/p>\n<p>3. Dann w\u00e4hlen Sie unter \u201eNyelv&#8221; bitte \u201eDeutsch&#8221; aus und best\u00e4tigen mit Klicken auf den Knopf: \u201eBejelentkez\u00e9s&#8221;.<\/p>\n<p>4. Danach sollte die Neptunoberfl\u00e4che erscheinen.<\/p><\/blockquote>\n<p style=\"background-color: #ffff00;\">Wo erfahre ich meinen Neptuncode?<\/p>\n<blockquote><p>Man erh\u00e4lt als Student seinen Neptun-Code im Studentensekretariat.<\/p><\/blockquote>\n<p style=\"background-color: #ffff00;\">Wo erfahre ich mein Passwort, wenn ich es vergessen habe oder es nicht mehr funktioniert?<\/p>\n<blockquote><p>Man erh\u00e4lt sein Passwort im Studentensekratariat bzw. kann es dort erfragen.<\/p><\/blockquote>\n<p><u>Wichtiger Hinweis:<\/u><\/p>\n<p style=\"background-color: #ffff00;\">Wir bitten alle Ihre pers\u00f6nlichen Angaben zu kontrollieren, besonders im Hinblick auf folgende Angaben:<\/p>\n<blockquote><p>1. Name<\/p>\n<p>2. Geburtsdatum<\/p>\n<p>3. Geburtsname der Mutter<\/p>\n<p>4. Staatsb\u00fcrgerschaft<\/p>\n<p>5. Passnummer<\/p>\n<p>6. Nummer der Krankenversicherung<\/p>\n<p>7. Nummer der Aufenthaltsgenehmigung<\/p><\/blockquote>\n<p style=\"background-color: #ffff00;\">Wohin wende ich mich bei falschen pers\u00f6nlichen oder Studienangaben?<\/p>\n<blockquote><p>An das Studentensekretariat. Die Mitarbeiter des Studentensekretariates sind zur direkten Daten\u00e4nderung berechtigt. Als Lehrkraft und Student kann man \u00fcber das Internet nur die \u00c4nderung beantragen.<\/p><\/blockquote>\n<p><u>Einschreibung:<\/u><\/p>\n<blockquote><p>Sie k\u00f6nnen sich \u00fcber das Internet in das Neptun.Net System mit Ihrem eigenen Neptuncode und Passwort einloggen. Die elektronische Einschreibung ins Neptun.Net System ist dann m\u00f6glich, wenn Sie das letzte Semester beendet und keine finanziellen Schulden\/Au\u00dfenst\u00e4nde haben.<\/p><\/blockquote>\n<p><u>Schritte zur Einschreibung:<\/u><\/p>\n<blockquote><p>1. W\u00e4hlen Sie den Men\u00fcpunkt &#8222;Bearbeitung &#8211; Einschreibung&#8221;.(In Zukunft wird der Men\u00fcpunkt &#8222;Einschreibung&#8221; nur innerhalb des Registrierungs- &#8211; bzw. Einschreibungszeitraumes erscheinen)<\/p>\n<p>2. Geben Sie an, ob Sie an diesem Semester den Status &#8222;aktiv&#8221; oder &#8222;passiv&#8221; teilnehmen werden.<\/p>\n<p>3. Dr\u00fccken Sie auf den &#8230;. Knopf.<\/p><\/blockquote>\n<p><u>Schritte f\u00fcr die Anmeldung zur Pr\u00fcfung:<\/u><\/p>\n<blockquote><p>1. W\u00e4hlen Sie den Men\u00fcpunkt &#8222;Pr\u00fcfungen &#8211; Anmeldung zu den Pr\u00fcfungen&#8221;.<\/p>\n<p>2. Bei Filterung geben sie das Fach und das aktuelle Semester an.<\/p>\n<p>3. Klicken Sie auf &#8222;Auflistung der Pr\u00fcfungen&#8221;. Aus der Liste w\u00e4hlen Sie den f\u00fcr Sie ihren gew\u00fcnschten Pr\u00fcfungstermin.<\/p>\n<p>4. Pr\u00fcfen Sie, ob die Anzahl der angemeldeten Studenten das h\u00f6chste Limit noch nicht erreicht hat. Wenn Sie m\u00f6chten, k\u00f6nnen Sie sich die Liste der angemeldeten Studenten ansehen.<\/p>\n<p>5. Wenn Sie sich f\u00fcr die ausgew\u00e4hlte Pr\u00fcfung anmelden m\u00f6chten, dann klicken Sie auf &#8222;Anmeldung&#8221; in derselben Reihe, und best\u00e4tigen nochmals mit &#8222;Ok&#8221; &#8230;.<\/p>\n<p>6. Kontrollieren Sie die korrekte Aufnahme der Pr\u00fcfungen durch den Men\u00fcpunkt &#8222;Aufgenommene F\u00e4cher&#8221;.<\/p>\n<p align=\"right\">(<em>Das Studentensekretariat<\/em>)<\/p>\n<\/blockquote>\n<p>&nbsp;<\/p>\n","protected":false},"excerpt":{"rendered":"<p>Neptun Anleitung &#8211; FAQ Wir sind bem\u00fcht, Ihnen mittels dieser Seite alle solche Informationen zur Verf\u00fcgung zu stellen, die Ihnen die Orientierung und die Nutzung des neuen NEPTUN.Net &#8211; Portals erleichtern und den Zugang zu allen Themenkreisen des NEPTUN.Net erm\u00f6glichen. Deshalb bitten wir Sie, wenn Sie Ideen oder Anregungen haben, schreiben Sie uns an: <a href=\"mailto:neptun@ik.usn.hu\">neptun@ik.usn.hu<\/a> &nbsp; &hellip;<\/p>\n","protected":false},"author":158,"featured_media":0,"parent":0,"menu_order":0,"comment_status":"closed","ping_status":"closed","template":"onecolumn-page.php","meta":{"_acf_changed":false,"footnotes":""},"categories":[],"tags":[],"class_list":["post-52","page","type-page","status-publish","hentry"],"acf":[],"_links":{"self":[{"href":"https:\/\/semmelweis.hu\/neptun\/wp-json\/wp\/v2\/pages\/52","targetHints":{"allow":["GET"]}}],"collection":[{"href":"https:\/\/semmelweis.hu\/neptun\/wp-json\/wp\/v2\/pages"}],"about":[{"href":"https:\/\/semmelweis.hu\/neptun\/wp-json\/wp\/v2\/types\/page"}],"author":[{"embeddable":true,"href":"https:\/\/semmelweis.hu\/neptun\/wp-json\/wp\/v2\/users\/158"}],"replies":[{"embeddable":true,"href":"https:\/\/semmelweis.hu\/neptun\/wp-json\/wp\/v2\/comments?post=52"}],"version-history":[{"count":4,"href":"https:\/\/semmelweis.hu\/neptun\/wp-json\/wp\/v2\/pages\/52\/revisions"}],"predecessor-version":[{"id":406,"href":"https:\/\/semmelweis.hu\/neptun\/wp-json\/wp\/v2\/pages\/52\/revisions\/406"}],"wp:attachment":[{"href":"https:\/\/semmelweis.hu\/neptun\/wp-json\/wp\/v2\/media?parent=52"}],"wp:term":[{"taxonomy":"category","embeddable":true,"href":"https:\/\/semmelweis.hu\/neptun\/wp-json\/wp\/v2\/categories?post=52"},{"taxonomy":"post_tag","embeddable":true,"href":"https:\/\/semmelweis.hu\/neptun\/wp-json\/wp\/v2\/tags?post=52"}],"curies":[{"name":"wp","href":"https:\/\/api.w.org\/{rel}","templated":true}]}}