{"id":462,"date":"2016-05-17T09:46:26","date_gmt":"2016-05-17T07:46:26","guid":{"rendered":"http:\/\/semmelweis.hu\/neptun\/?page_id=462"},"modified":"2016-05-17T09:56:14","modified_gmt":"2016-05-17T07:56:14","slug":"karok-intezetek-anyagai-2","status":"publish","type":"page","link":"https:\/\/semmelweis.hu\/neptun\/hu\/karok-intezetek-anyagai-2\/","title":{"rendered":"Karok, int\u00e9zetek anyagai"},"content":{"rendered":"<table border=\"0\" width=\"98%\" cellpadding=\"4\" align=\"center\">\n<tbody>\n<tr style=\"background-color: #77b9f2\">\n<th>\n<h3>Int\u00e9zet<\/h3>\n<\/th>\n<th>\n<h3>\u00c1llom\u00e1ny<\/h3>\n<\/th>\n<\/tr>\n<tr>\n<td>\u00c1OK &#8211; K\u00eds\u00e9rletes \u00e9s Seb\u00e9szeti M\u0171t\u00e9ttani Int\u00e9zet<\/td>\n<td>M\u0171t\u00e9ttani alapismeretek &#8211; DVD<\/td>\n<\/tr>\n<tr>\n<td>\u00c1OK &#8211; K\u00eds\u00e9rletes \u00e9s Seb\u00e9szeti M\u0171t\u00e9ttani Int\u00e9zet<\/td>\n<td><a href=\"http:\/\/neptun.semmelweis.hu\/Portal2\/KarokAnyagai\/DVD_melleklet.docx\">M\u0171t\u00e9ttani alapismeretek &#8211; DVD mell\u00e9klet<\/a><\/td>\n<\/tr>\n<tr>\n<td>\u00c1ltal\u00e1nos Orvostudom\u00e1nyi Kar<\/td>\n<td><a href=\"http:\/\/neptun.semmelweis.hu\/Portal2\/KarokAnyagai\/Jelentes_es_Jegyzokonyv.doc\">\u00c1OK szakdolgozat v\u00e9d\u00e9si jegyz\u0151k\u00f6nyv<\/a><\/td>\n<\/tr>\n<tr>\n<td>\u00c1ltal\u00e1nos Orvostudom\u00e1nyi Kar<\/td>\n<td><a href=\"http:\/\/neptun.semmelweis.hu\/Portal2\/KarokAnyagai\/TURNUS_Idopont.doc\">Turnus id\u0151pont 2013\/2014<\/a><br \/>\n<a href=\"http:\/\/neptun.semmelweis.hu\/Portal2\/KarokAnyagai\/TURNUS_Idopont_reszletes.doc\">Turnus id\u0151pont r\u00e9szletes 2013\/2014<\/a><br \/>\n<a href=\"http:\/\/neptun.semmelweis.hu\/Portal2\/KarokAnyagai\/turnus_jelenkezesi_lap.doc\">Turnus jelentkez\u00e9si lap<\/a><\/td>\n<\/tr>\n<tr>\n<td>\u00c1ltal\u00e1nos Orvostudom\u00e1nyi Kar<\/td>\n<td><a href=\"http:\/\/neptun.semmelweis.hu\/Portal2\/KarokAnyagai\/VI_eves_gyakorlati_helyek.doc\">VI. \u00e9ves gyakorlati helyek 2013\/2014<\/a><\/td>\n<\/tr>\n<tr>\n<td>\u00c1ltal\u00e1nos Orvostudom\u00e1nyi Kar<\/td>\n<td><a href=\"http:\/\/neptun.semmelweis.hu\/Portal2\/KarokAnyagai\/Szakdolgozat_elkeszitesenek_rendje.doc\">Szakdolgozat elk\u00e9sz\u00edt\u00e9s\u00e9nek rendje<\/a><br \/>\n<a href=\"http:\/\/neptun.semmelweis.hu\/Portal2\/KarokAnyagai\/Szakdolgozati_cimbejelento_lap.doc\">Szakdolgozati t\u00e9mav\u00e1laszt\u00e1st bejelent\u0151 lap<\/a><\/td>\n<\/tr>\n<tr>\n<td>\u00c1ltal\u00e1nos Orvostudom\u00e1nyi Kar<\/td>\n<td><a href=\"http:\/\/neptun.semmelweis.hu\/Portal2\/KarokAnyagai\/tajekozt6_ev.doc\">VI. \u00e9ves t\u00e1j\u00e9koztat\u00f3 2013\/2014<\/a><\/td>\n<\/tr>\n<tr>\n<td>\u00c1ltal\u00e1nos Orvostudom\u00e1nyi Kar<\/td>\n<td><a href=\"http:\/\/neptun.semmelweis.hu\/Portal2\/KarokAnyagai\/nem_kijelolt_helyen_nyomtatvany.doc\">Szakmai gyakorlat<\/a><\/td>\n<\/tr>\n<tr>\n<td>\u00c1ltal\u00e1nos Orvostudom\u00e1nyi Kar<\/td>\n<td><a href=\"http:\/\/neptun.semmelweis.hu\/Portal2\/KarokAnyagai\/Gyakorlat_jelentkezes_Neptunon.doc\">Gyakorlat jelentkez\u00e9s Neptunon<\/a><\/td>\n<\/tr>\n<tr>\n<td>\u00c1OK , \u00c9rseb\u00e9szeti Klinika<\/td>\n<td><a href=\"http:\/\/neptun.semmelweis.hu\/Portal2\/KarokAnyagai\/Kollokviumi_tetelsor.doc\">Seb\u00e9szet I. tant\u00e1rgy kollokviumi t\u00e9telsora<\/a><\/td>\n<\/tr>\n<\/tbody>\n<\/table>\n","protected":false},"excerpt":{"rendered":"<p>Int\u00e9zet \u00c1llom\u00e1ny \u00c1OK &#8211; K\u00eds\u00e9rletes \u00e9s Seb\u00e9szeti M\u0171t\u00e9ttani Int\u00e9zet M\u0171t\u00e9ttani alapismeretek &#8211; DVD \u00c1OK &#8211; K\u00eds\u00e9rletes \u00e9s Seb\u00e9szeti M\u0171t\u00e9ttani Int\u00e9zet <a href=\"http:\/\/neptun.semmelweis.hu\/Portal2\/KarokAnyagai\/DVD_melleklet.docx\">M\u0171t\u00e9ttani alapismeretek &#8211; DVD mell\u00e9klet<\/a> \u00c1ltal\u00e1nos Orvostudom\u00e1nyi Kar <a href=\"http:\/\/neptun.semmelweis.hu\/Portal2\/KarokAnyagai\/Jelentes_es_Jegyzokonyv.doc\">\u00c1OK szakdolgozat v\u00e9d\u00e9si jegyz\u0151k\u00f6nyv<\/a> \u00c1ltal\u00e1nos Orvostudom\u00e1nyi Kar <a href=\"http:\/\/neptun.semmelweis.hu\/Portal2\/KarokAnyagai\/TURNUS_Idopont.doc\">Turnus id\u0151pont 2013\/2014<\/a> <a href=\"http:\/\/neptun.semmelweis.hu\/Portal2\/KarokAnyagai\/TURNUS_Idopont_reszletes.doc\">Turnus id\u0151pont r\u00e9szletes 2013\/2014<\/a> <a href=\"http:\/\/neptun.semmelweis.hu\/Portal2\/KarokAnyagai\/turnus_jelenkezesi_lap.doc\">Turnus jelentkez\u00e9si lap<\/a> \u00c1ltal\u00e1nos Orvostudom\u00e1nyi Kar <a href=\"http:\/\/neptun.semmelweis.hu\/Portal2\/KarokAnyagai\/VI_eves_gyakorlati_helyek.doc\">VI. \u00e9ves gyakorlati helyek 2013\/2014<\/a> \u00c1ltal\u00e1nos Orvostudom\u00e1nyi Kar <a href=\"http:\/\/neptun.semmelweis.hu\/Portal2\/KarokAnyagai\/Szakdolgozat_elkeszitesenek_rendje.doc\">Szakdolgozat elk\u00e9sz\u00edt\u00e9s\u00e9nek rendje<\/a> <a href=\"http:\/\/neptun.semmelweis.hu\/Portal2\/KarokAnyagai\/Szakdolgozati_cimbejelento_lap.doc\">Szakdolgozati t\u00e9mav\u00e1laszt\u00e1st bejelent\u0151 lap<\/a> \u00c1ltal\u00e1nos Orvostudom\u00e1nyi Kar <a href=\"http:\/\/neptun.semmelweis.hu\/Portal2\/KarokAnyagai\/tajekozt6_ev.doc\">VI. \u00e9ves t\u00e1j\u00e9koztat\u00f3 2013\/2014<\/a> \u00c1ltal\u00e1nos Orvostudom\u00e1nyi Kar <a href=\"http:\/\/neptun.semmelweis.hu\/Portal2\/KarokAnyagai\/nem_kijelolt_helyen_nyomtatvany.doc\">Szakmai gyakorlat<\/a> \u00c1ltal\u00e1nos Orvostudom\u00e1nyi Kar <a href=\"http:\/\/neptun.semmelweis.hu\/Portal2\/KarokAnyagai\/Gyakorlat_jelentkezes_Neptunon.doc\">Gyakorlat jelentkez\u00e9s Neptunon<\/a> \u00c1OK , \u00c9rseb\u00e9szeti Klinika &hellip;<\/p>\n","protected":false},"author":101118,"featured_media":0,"parent":0,"menu_order":0,"comment_status":"closed","ping_status":"closed","template":"","meta":{"_acf_changed":false,"footnotes":""},"categories":[],"tags":[],"class_list":["post-462","page","type-page","status-publish","hentry"],"acf":[],"_links":{"self":[{"href":"https:\/\/semmelweis.hu\/neptun\/wp-json\/wp\/v2\/pages\/462","targetHints":{"allow":["GET"]}}],"collection":[{"href":"https:\/\/semmelweis.hu\/neptun\/wp-json\/wp\/v2\/pages"}],"about":[{"href":"https:\/\/semmelweis.hu\/neptun\/wp-json\/wp\/v2\/types\/page"}],"author":[{"embeddable":true,"href":"https:\/\/semmelweis.hu\/neptun\/wp-json\/wp\/v2\/users\/101118"}],"replies":[{"embeddable":true,"href":"https:\/\/semmelweis.hu\/neptun\/wp-json\/wp\/v2\/comments?post=462"}],"version-history":[{"count":5,"href":"https:\/\/semmelweis.hu\/neptun\/wp-json\/wp\/v2\/pages\/462\/revisions"}],"predecessor-version":[{"id":470,"href":"https:\/\/semmelweis.hu\/neptun\/wp-json\/wp\/v2\/pages\/462\/revisions\/470"}],"wp:attachment":[{"href":"https:\/\/semmelweis.hu\/neptun\/wp-json\/wp\/v2\/media?parent=462"}],"wp:term":[{"taxonomy":"category","embeddable":true,"href":"https:\/\/semmelweis.hu\/neptun\/wp-json\/wp\/v2\/categories?post=462"},{"taxonomy":"post_tag","embeddable":true,"href":"https:\/\/semmelweis.hu\/neptun\/wp-json\/wp\/v2\/tags?post=462"}],"curies":[{"name":"wp","href":"https:\/\/api.w.org\/{rel}","templated":true}]}}