{"id":425,"date":"2016-05-12T20:15:00","date_gmt":"2016-05-12T18:15:00","guid":{"rendered":"http:\/\/semmelweis.hu\/neptun\/events\/"},"modified":"2019-05-21T12:11:56","modified_gmt":"2019-05-21T10:11:56","slug":"neptun-esemeny-naptar","status":"publish","type":"page","link":"https:\/\/semmelweis.hu\/neptun\/informaciok\/neptun-esemeny-naptar\/","title":{"rendered":"Neptun esem\u00e9ny napt\u00e1r"},"content":{"rendered":"<h2>2015\/2016. tan\u00e9v II. f\u00e9l\u00e9v<\/h2>\n<table>\n<tbody>\n<tr style=\"background-color: #77b9f2\">\n<td>H\u00f3<\/td>\n<td>Mikor<\/td>\n<td>Feladat<\/td>\n<td>\u00c9rintett<\/td>\n<\/tr>\n<tr>\n<td>m\u00e1jus<\/td>\n<td>2-31<\/td>\n<td>Vizsgajelentkez\u00e9sek (folyamatos \u2013 eg\u00e9sz h\u00f3napban)<\/td>\n<td>Hallgat\u00f3<\/td>\n<\/tr>\n<tr>\n<td>m\u00e1jus<\/td>\n<td>2-31<\/td>\n<td>Oklev\u00e9lmell\u00e9klet adatok ellen\u0151rz\u00e9se a j\u00faniusi\/augusztusi v\u00e9gz\u0151s\u00f6kn\u00e9l (folyamatos \u2013 eg\u00e9sz h\u00f3napban)<\/td>\n<td>Tanulm\u00e1nyi Oszt\u00e1ly<\/td>\n<\/tr>\n<tr>\n<td>&nbsp;<\/td>\n<td>&nbsp;<\/td>\n<td>&nbsp;<\/td>\n<td>&nbsp;<\/td>\n<\/tr>\n<\/tbody>\n<\/table>\n","protected":false},"excerpt":{"rendered":"<p>2015\/2016. tan\u00e9v II. f\u00e9l\u00e9v<\/p>\n<p>H\u00f3<br \/>\nMikor<br \/>\nFeladat<br \/>\n\u00c9rintett<\/p>\n<p>m\u00e1jus<br \/>\n2-31<br \/>\nVizsgajelentkez\u00e9sek (folyamatos \u2013 eg\u00e9sz h\u00f3napban)<br \/>\nHallgat\u00f3<\/p>\n<p>m\u00e1jus<br \/>\n2-31<br \/>\nOklev\u00e9lmell\u00e9klet adatok ellen\u0151rz\u00e9se a j\u00faniusi\/augusztusi v\u00e9gz\u0151s\u00f6kn\u00e9l (folyamatos \u2013 eg\u00e9sz h\u00f3napban)<br \/>\nTanulm\u00e1nyi Oszt\u00e1ly<\/p>\n<p>&nbsp;<br \/>\n&nbsp;<br \/>\n&nbsp;<br \/>\n&nbsp;<\/p>\n","protected":false},"author":101118,"featured_media":0,"parent":275,"menu_order":0,"comment_status":"closed","ping_status":"closed","template":"","meta":{"_acf_changed":false,"footnotes":""},"categories":[],"tags":[],"class_list":["post-425","page","type-page","status-publish","hentry"],"acf":[],"_links":{"self":[{"href":"https:\/\/semmelweis.hu\/neptun\/wp-json\/wp\/v2\/pages\/425","targetHints":{"allow":["GET"]}}],"collection":[{"href":"https:\/\/semmelweis.hu\/neptun\/wp-json\/wp\/v2\/pages"}],"about":[{"href":"https:\/\/semmelweis.hu\/neptun\/wp-json\/wp\/v2\/types\/page"}],"author":[{"embeddable":true,"href":"https:\/\/semmelweis.hu\/neptun\/wp-json\/wp\/v2\/users\/101118"}],"replies":[{"embeddable":true,"href":"https:\/\/semmelweis.hu\/neptun\/wp-json\/wp\/v2\/comments?post=425"}],"version-history":[{"count":4,"href":"https:\/\/semmelweis.hu\/neptun\/wp-json\/wp\/v2\/pages\/425\/revisions"}],"predecessor-version":[{"id":817,"href":"https:\/\/semmelweis.hu\/neptun\/wp-json\/wp\/v2\/pages\/425\/revisions\/817"}],"up":[{"embeddable":true,"href":"https:\/\/semmelweis.hu\/neptun\/wp-json\/wp\/v2\/pages\/275"}],"wp:attachment":[{"href":"https:\/\/semmelweis.hu\/neptun\/wp-json\/wp\/v2\/media?parent=425"}],"wp:term":[{"taxonomy":"category","embeddable":true,"href":"https:\/\/semmelweis.hu\/neptun\/wp-json\/wp\/v2\/categories?post=425"},{"taxonomy":"post_tag","embeddable":true,"href":"https:\/\/semmelweis.hu\/neptun\/wp-json\/wp\/v2\/tags?post=425"}],"curies":[{"name":"wp","href":"https:\/\/api.w.org\/{rel}","templated":true}]}}