{"id":42,"date":"2016-03-31T00:00:00","date_gmt":"2016-03-30T22:00:00","guid":{"rendered":"http:\/\/semmelweis.hu\/neptun\/starting-neptun\/"},"modified":"2023-11-07T12:51:05","modified_gmt":"2023-11-07T11:51:05","slug":"starting-neptun-0","status":"publish","type":"page","link":"https:\/\/semmelweis.hu\/neptun\/en\/starting-neptun-0\/","title":{"rendered":"Starting Neptun-o"},"content":{"rendered":"<div class=\"keretes\" style=\"float: left !important;border: 1px solid #fff !important;background-color: #ffff !important\"><a href=\"https:\/\/neptunweb.semmelweis.hu\/hallgato\" target=\"_blank\" rel=\"noopener noreferrer\"><img decoding=\"async\" class=\"aligncenter wp-image-261 \" src=\"https:\/\/semmelweis.hu\/neptun\/files\/2016\/03\/hallgat\u00f3i_k\u00e9p.jpg\" alt=\"Hallgat\u00f3i bel\u00e9p\u00e9s\" width=\"350\" srcset=\"https:\/\/semmelweis.hu\/neptun\/files\/2016\/03\/hallgat\u00f3i_k\u00e9p.jpg 451w, https:\/\/semmelweis.hu\/neptun\/files\/2016\/03\/hallgat\u00f3i_k\u00e9p-300x171.jpg 300w\" sizes=\"(max-width: 451px) 100vw, 451px\" \/><\/a><\/p>\n<p style=\"text-align: center\"><a class=\"button\" href=\"https:\/\/neptunweb.semmelweis.hu\/hallgato\" target=\"null\" rel=\"noopener\">Students access<\/a><\/p>\n<\/div>\n<div class=\"keretes\" style=\"float: left !important;border: 1px solid #fff !important;background-color: #ffff !important\"><a href=\"https:\/\/neptunweb.semmelweis.hu\/oktato\" target=\"_blank\" rel=\"noopener noreferrer\"><img decoding=\"async\" class=\"aligncenter wp-image-262 \" src=\"https:\/\/semmelweis.hu\/neptun\/files\/2016\/03\/oktatoi_kep.jpg\" alt=\"Oktat\u00f3i bel\u00e9p\u00e9s\" width=\"350\" srcset=\"https:\/\/semmelweis.hu\/neptun\/files\/2016\/03\/oktatoi_kep.jpg 445w, https:\/\/semmelweis.hu\/neptun\/files\/2016\/03\/oktatoi_kep-300x171.jpg 300w\" sizes=\"(max-width: 445px) 100vw, 445px\" \/><\/a><\/p>\n<p style=\"text-align: center\"><a class=\"button\" href=\"https:\/\/neptunweb.semmelweis.hu\/oktato\" target=\"null\" rel=\"noopener\">Lecturers access<\/a><\/p>\n<\/div>\n<hr \/>\n<h2>How to start Neptun<\/h2>\n<p>Neptun Identification identifies the user of the system in a unique way. The system generates the ID by using the user\u2019s name, mother\u2019s name, date of birth. You cannot change it, and you can not request another one. The password is usually created in the following way: the word \u201eNe\u201d and the user\u2019s date of birth in a YYYYMMDD format, where Y stands for: \u201eyear\u201d, M stands for \u201eMonth\u201d and D stands for \u201eDay\u201d.<\/p>\n<p>After logging in for the first time, the data are protected; therefore, the user must create a new password for future use. University students will receive their Neptun identification from the Registrar\u2019s Office or from the Dean\u2019s office.<\/p>\n<p>Employees of the university (such as teachers, administrators who work for the offices, etc., see the Neptun Rules and Regulations manual) may only require their Neptun ID and their Neptun rights via email from the Neptun team by filling in the <a href=\"https:\/\/semmelweis.hu\/neptun\/files\/2019\/10\/Jogosults\u00e1g-ig\u00e9nyl\u0151-adatlap-a-Neptun-rendszerhez-\u00faj.docx\">following form.<\/a><\/p>\n<h2>What happens if you forget your password?<\/h2>\n<p>If you have forgotten your password in any case, please send an <a href=\"mailto:pekli.andrea@semmelweis.hu;horvath.ildiko@semmelweis.hu;scheicher.judit@semmelweis.hu\">email<\/a> to the Neptun Group.<\/p>\n<p>When you send an email, please put the following information in the email message:<\/p>\n<p>Your date of birth, your mother\u2019s name and the education that you take part in if you are a student. If you are an employee of Semmelweis University, then please send the name of the department where you are employed at. These data are essential for identifying the individual. This is how we can avoid another person to request a change of your password or ID. Please send the email from the email address that you have registered in Neptun.<\/p>\n<p>Those students who were admitted to Semmelweis University from the year 2020\/ 2021 are only allowed to send an email from the university email address. We will notify you of the changes with regard to getting access to Neptun within one working day.<\/p>\n","protected":false},"excerpt":{"rendered":"<p><a href=\"https:\/\/neptunweb.semmelweis.hu\/hallgato\" target=\"_blank\" rel=\"noopener noreferrer\"><\/a> <a class=\"button\" href=\"https:\/\/neptunweb.semmelweis.hu\/hallgato\" target=\"null\" rel=\"noopener\">Students access<\/a> <a href=\"https:\/\/neptunweb.semmelweis.hu\/oktato\" target=\"_blank\" rel=\"noopener noreferrer\"><\/a> <a class=\"button\" href=\"https:\/\/neptunweb.semmelweis.hu\/oktato\" target=\"null\" rel=\"noopener\">Lecturers access<\/a> How to start Neptun Neptun Identification identifies the user of the system in a unique way. The system generates the ID by using the user\u2019s name, mother\u2019s name, date of birth. You cannot change it, and you can not request another one. The password is usually created in the following way: the word \u201eNe\u201d and &hellip;<\/p>\n","protected":false},"author":158,"featured_media":0,"parent":0,"menu_order":0,"comment_status":"closed","ping_status":"closed","template":"","meta":{"_acf_changed":false,"footnotes":""},"categories":[],"tags":[],"class_list":["post-42","page","type-page","status-publish","hentry"],"acf":[],"_links":{"self":[{"href":"https:\/\/semmelweis.hu\/neptun\/wp-json\/wp\/v2\/pages\/42","targetHints":{"allow":["GET"]}}],"collection":[{"href":"https:\/\/semmelweis.hu\/neptun\/wp-json\/wp\/v2\/pages"}],"about":[{"href":"https:\/\/semmelweis.hu\/neptun\/wp-json\/wp\/v2\/types\/page"}],"author":[{"embeddable":true,"href":"https:\/\/semmelweis.hu\/neptun\/wp-json\/wp\/v2\/users\/158"}],"replies":[{"embeddable":true,"href":"https:\/\/semmelweis.hu\/neptun\/wp-json\/wp\/v2\/comments?post=42"}],"version-history":[{"count":11,"href":"https:\/\/semmelweis.hu\/neptun\/wp-json\/wp\/v2\/pages\/42\/revisions"}],"predecessor-version":[{"id":1106,"href":"https:\/\/semmelweis.hu\/neptun\/wp-json\/wp\/v2\/pages\/42\/revisions\/1106"}],"wp:attachment":[{"href":"https:\/\/semmelweis.hu\/neptun\/wp-json\/wp\/v2\/media?parent=42"}],"wp:term":[{"taxonomy":"category","embeddable":true,"href":"https:\/\/semmelweis.hu\/neptun\/wp-json\/wp\/v2\/categories?post=42"},{"taxonomy":"post_tag","embeddable":true,"href":"https:\/\/semmelweis.hu\/neptun\/wp-json\/wp\/v2\/tags?post=42"}],"curies":[{"name":"wp","href":"https:\/\/api.w.org\/{rel}","templated":true}]}}