{"id":35,"date":"2016-03-31T00:00:00","date_gmt":"2016-03-30T22:00:00","guid":{"rendered":"http:\/\/semmelweis.hu\/neptun\/fir-adatszolgaltatas\/"},"modified":"2016-03-31T16:47:56","modified_gmt":"2016-03-31T14:47:56","slug":"fir-adatszolgaltatas","status":"publish","type":"page","link":"https:\/\/semmelweis.hu\/neptun\/hu\/fir-adatszolgaltatas\/","title":{"rendered":"FIR adatszolgaltatas"},"content":{"rendered":"<br \/>\n<tr>\n<td width='150px' valign='top'>  \t\t\t<a class=\"almenu\" href=\"default.asp?oldal=38&amp;nyelv=hu\" title=\"\">Hibakodok<\/a><\/p>\n<p>    \t\t\t<a class=\"almenu\" href=\"default.asp?oldal=39&amp;nyelv=hu\" title=\"\">Hibak<\/a><\/p>\n<\/td>\n<td valign=\"top\" style=\"padding-left:30px;text-align:justify\">\n<h3>FIR adatszolgaltatas<\/h3>\n<p>  <a href=\"\/Portal2\/default.asp?oldal=38&amp;nyelv=hu\">HIBAK\u00d3DOK CSOPORTOS\u00cdTVA<\/a><br \/>  <a href=\"\/Portal2\/files\/FIR\/FIR_szotar.pdf\">FIR sz\u00f3t\u00e1r<\/a><br \/>  <a href=\"\/Portal2\/files\/FIR\/FIR_fogalomtar.pdf\">FIR fogalomt\u00e1r<\/a><br \/>  <a href=\"\/Portal2\/files\/FIR\/FIR2_Leggyakoribb_hibakodok_es_javitasuk.xls\">Leggyakoribb hib\u00e1k \u00e9s jav\u00edt\u00e1suk<\/a><\/p>\n<p>  <a href=\"\/Portal2\/files\/FIR\/FIR2_elofordulo_hibakodok_javitasa_lekerdezeshez.htm\">Segitseg a &#8222;FIR2_elofordulo_hibakodok_ javitasa&#8221;  lekerdezeshez<\/a><\/p>\n<p>  <a href=\"\/Portal2\/files\/FIR\/Egyetemi_Neptun_Forum_2015_aprilis.pptx\">Egyetemi Neptun F\u00f3rum (ppt)<\/a><\/p>\n<p>  <\/p>\n<h4>FIR F\u00f3rum eloadasai \u2013 2014. szeptember 16.<\/h4>\n<p>  <a href=\"\/Portal2\/files\/FIR\/140916\/03_OSAP_statisztika_FIRForum_20140916.pptx\">OSAP statisztika (ppt)<\/a><br \/>  <a href=\"\/Portal2\/files\/FIR\/140916\/04_Tamido_szamitas_FIRForum_20140916.pptx\">T\u00e1mogat\u00e1si id\u0151 sz\u00e1m\u00edt\u00e1sa (ppt)<\/a><br \/>  <a href=\"\/Portal2\/files\/FIR\/140916\/04a_Parhuzamossagi_esetek_20140910.pdf\">P\u00e1rhuzamoss\u00e1gi esetek (pdf)<\/a><br \/>  <a href=\"\/Portal2\/files\/FIR\/140916\/05_Adatellenorzesi_szabalyok_FIRForum_20140916.pptx\">Adatellen\u0151rz\u00e9si szab\u00e1lyook (ppt)<\/a><br \/>  <a href=\"\/Portal2\/files\/FIR\/140916\/06_IT_aktualitasok__FIRForum_20140916.pptx\">Aktualit\u00e1sok (ppt)<\/a><br \/>  <a href=\"\/Portal2\/files\/FIR\/140916\/07_Magyar_Allami_Osztondij_FIRForum_20140916.ppt\">Magyar \u00c1llami \u00d6szt\u00f6nd\u00edj (ppt)<\/a><br \/>  <a href=\"\/Portal2\/files\/FIR\/140916\/08_HOSZ_automatizmusok_FIRForum_20140916.ppt\">Automatizmusok a H\u00d6SZ rendszerben (ppt)<\/a><\/p>\n<h4>FIR F\u00f3rum eloadasai \u2013 2014. j\u00fanius 12.<\/h4>\n<p>  <a href=\"\/Portal2\/files\/FIR\/4_Tamido_szamitas_FIRforum.pptx\">T\u00e1mogat\u00e1si ido sz\u00e1m\u00edt\u00e1sa (ppt)<\/a><br \/>  <a href=\"\/Portal2\/files\/FIR\/5_Finanszirozasi_kerdesek_FIRforum.pptx\">Finansz\u00edroz\u00e1si k\u00e9rd\u00e9sek (ppt)<\/a><br \/>  <a href=\"\/Portal2\/files\/FIR\/8_HOSZ_fejlesztesek_FIRforum.pptx\">H\u00d6SZ rendszer fejleszt\u00e9sek (ppt)<\/a><br \/>  <a href=\"\/Portal2\/files\/FIR\/9_Magyar_allami_osztondij_FIRforum.pptx\">A magyar \u00e1llami \u00f6szt\u00f6nd\u00edj adminisztr\u00e1ci\u00f3j\u00e1nak egyes k\u00e9rd\u00e9sei (ppt)<\/a>                                  <\/td>\n<\/tr>\n","protected":false},"excerpt":{"rendered":"<p>  \t\t\t<a class=\"almenu\" href=\"default.asp?oldal=38&amp;nyelv=hu\" title=\"\">Hibakodok<\/a><br \/>\n    \t\t\t<a class=\"almenu\" href=\"default.asp?oldal=39&amp;nyelv=hu\" title=\"\">Hibak<\/a><\/p>\n<p>FIR adatszolgaltatas<br \/>\n  <a href=\"\/Portal2\/default.asp?oldal=38&amp;nyelv=hu\">HIBAK\u00d3DOK CSOPORTOS\u00cdTVA<\/a>  <a href=\"\/Portal2\/files\/FIR\/FIR_szotar.pdf\">FIR sz\u00f3t\u00e1r<\/a>  <a href=\"\/Portal2\/files\/FIR\/FIR_fogalomtar.pdf\">FIR fogalomt\u00e1r<\/a>  <a href=\"\/Portal2\/files\/FIR\/FIR2_Leggyakoribb_hibakodok_es_javitasuk.xls\">Leggyakoribb hib\u00e1k \u00e9s jav\u00edt\u00e1suk<\/a><br \/>\n  <a href=\"\/Portal2\/files\/FIR\/FIR2_elofordulo_hibakodok_javitasa_lekerdezeshez.htm\">Segitseg a &#8222;FIR2_elofordulo_hibakodok_ javitasa&#8221;  lekerdezeshez<\/a><br \/>\n  <a href=\"\/Portal2\/files\/FIR\/Egyetemi_Neptun_Forum_2015_aprilis.pptx\">Egyetemi Neptun F\u00f3rum (ppt)<\/a><\/p>\n<p>FIR F\u00f3rum eloadasai \u2013 2014. szeptember 16.<br \/>\n  <a href=\"\/Portal2\/files\/FIR\/140916\/03_OSAP_statisztika_FIRForum_20140916.pptx\">OSAP statisztika (ppt)<\/a>  <a href=\"\/Portal2\/files\/FIR\/140916\/04_Tamido_szamitas_FIRForum_20140916.pptx\">T\u00e1mogat\u00e1si id\u0151 sz\u00e1m\u00edt\u00e1sa (ppt)<\/a>  <a href=\"\/Portal2\/files\/FIR\/140916\/04a_Parhuzamossagi_esetek_20140910.pdf\">P\u00e1rhuzamoss\u00e1gi esetek (pdf)<\/a>  <a href=\"\/Portal2\/files\/FIR\/140916\/05_Adatellenorzesi_szabalyok_FIRForum_20140916.pptx\">Adatellen\u0151rz\u00e9si szab\u00e1lyook (ppt)<\/a>  <a href=\"\/Portal2\/files\/FIR\/140916\/06_IT_aktualitasok__FIRForum_20140916.pptx\">Aktualit\u00e1sok (ppt)<\/a>  <a href=\"\/Portal2\/files\/FIR\/140916\/07_Magyar_Allami_Osztondij_FIRForum_20140916.ppt\">Magyar \u00c1llami \u00d6szt\u00f6nd\u00edj (ppt)<\/a>  <a href=\"\/Portal2\/files\/FIR\/140916\/08_HOSZ_automatizmusok_FIRForum_20140916.ppt\">Automatizmusok a H\u00d6SZ rendszerben (ppt)<\/a><br \/>\nFIR F\u00f3rum eloadasai \u2013 2014. j\u00fanius 12.<br \/>\n  <a href=\"\/Portal2\/files\/FIR\/4_Tamido_szamitas_FIRforum.pptx\">T\u00e1mogat\u00e1si ido sz\u00e1m\u00edt\u00e1sa (ppt)<\/a>  <a href=\"\/Portal2\/files\/FIR\/5_Finanszirozasi_kerdesek_FIRforum.pptx\">Finansz\u00edroz\u00e1si k\u00e9rd\u00e9sek (ppt)<\/a>  <a href=\"\/Portal2\/files\/FIR\/8_HOSZ_fejlesztesek_FIRforum.pptx\">H\u00d6SZ rendszer fejleszt\u00e9sek (ppt)<\/a>  <a href=\"\/Portal2\/files\/FIR\/9_Magyar_allami_osztondij_FIRforum.pptx\">A magyar \u00e1llami \u00f6szt\u00f6nd\u00edj adminisztr\u00e1ci\u00f3j\u00e1nak egyes k\u00e9rd\u00e9sei (ppt)<\/a>                                  <\/p>\n","protected":false},"author":158,"featured_media":0,"parent":0,"menu_order":0,"comment_status":"closed","ping_status":"closed","template":"","meta":{"_acf_changed":false,"footnotes":""},"categories":[],"tags":[],"class_list":["post-35","page","type-page","status-publish","hentry"],"acf":[],"_links":{"self":[{"href":"https:\/\/semmelweis.hu\/neptun\/wp-json\/wp\/v2\/pages\/35","targetHints":{"allow":["GET"]}}],"collection":[{"href":"https:\/\/semmelweis.hu\/neptun\/wp-json\/wp\/v2\/pages"}],"about":[{"href":"https:\/\/semmelweis.hu\/neptun\/wp-json\/wp\/v2\/types\/page"}],"author":[{"embeddable":true,"href":"https:\/\/semmelweis.hu\/neptun\/wp-json\/wp\/v2\/users\/158"}],"replies":[{"embeddable":true,"href":"https:\/\/semmelweis.hu\/neptun\/wp-json\/wp\/v2\/comments?post=35"}],"version-history":[{"count":1,"href":"https:\/\/semmelweis.hu\/neptun\/wp-json\/wp\/v2\/pages\/35\/revisions"}],"predecessor-version":[{"id":81,"href":"https:\/\/semmelweis.hu\/neptun\/wp-json\/wp\/v2\/pages\/35\/revisions\/81"}],"wp:attachment":[{"href":"https:\/\/semmelweis.hu\/neptun\/wp-json\/wp\/v2\/media?parent=35"}],"wp:term":[{"taxonomy":"category","embeddable":true,"href":"https:\/\/semmelweis.hu\/neptun\/wp-json\/wp\/v2\/categories?post=35"},{"taxonomy":"post_tag","embeddable":true,"href":"https:\/\/semmelweis.hu\/neptun\/wp-json\/wp\/v2\/tags?post=35"}],"curies":[{"name":"wp","href":"https:\/\/api.w.org\/{rel}","templated":true}]}}