{"id":34,"date":"2016-03-31T00:00:00","date_gmt":"2016-03-30T22:00:00","guid":{"rendered":"http:\/\/semmelweis.hu\/neptun\/evfolyam-felelosok\/"},"modified":"2026-01-30T14:03:42","modified_gmt":"2026-01-30T13:03:42","slug":"evfolyam-felelosok","status":"publish","type":"page","link":"https:\/\/semmelweis.hu\/neptun\/hu\/a-neptun-csoport-elerhetosegei\/evfolyam-felelosok\/","title":{"rendered":"Tanulm\u00e1nyi \u00fcgyint\u00e9z\u0151k"},"content":{"rendered":"<p>&nbsp;<\/p>\n<table style=\"width: 100.452%;margin-left: 3.5pt;border-collapse: collapse;border: 1px none;height: 2684px\" cellspacing=\"80\" cellpadding=\"10\">\n<tbody>\n<tr style=\"background-color: #77b9f2;height: 70px\">\n<th style=\"text-align: center;height: 70px;width: 59.4844%\">\n<h3><strong>Tanulm\u00e1nyi \u00fcgyint\u00e9z\u0151k<\/strong><\/h3>\n<\/th>\n<th style=\"text-align: center;height: 70px;width: 6.80045%\">\n<h3><strong>Telefonsz\u00e1m<\/strong><\/h3>\n<\/th>\n<th style=\"text-align: center;height: 70px;width: 58.2908%\">\n<h3><strong>Email<\/strong><\/h3>\n<\/th>\n<\/tr>\n<tr style=\"background-color: #5599ff;height: 18px\">\n<th style=\"height: 18px;width: 124.576%\" colspan=\"3\"><em>\u00c1ltal\u00e1nos Orvostudom\u00e1nyi Kar<\/em><\/th>\n<\/tr>\n<tr style=\"height: 48px\">\n<td style=\"height: 48px;width: 59.4844%\">B\u00e1rsony Klaudia Csilla<\/td>\n<td style=\"height: 48px;width: 6.80045%\">459-1500\/56588<\/td>\n<td style=\"height: 48px;width: 58.2908%\"><a href=\"mailto:barsony.klaudia.csilla@semmelweis.hu\">barsony.klaudia.csilla@semmelweis.hu<\/a><\/td>\n<\/tr>\n<tr style=\"height: 48px\">\n<td style=\"height: 48px;width: 59.4844%\">Frittmann Anik\u00f3<\/td>\n<td style=\"height: 48px;width: 6.80045%\">459-1500\/56592<\/td>\n<td style=\"height: 48px;width: 58.2908%\"><a href=\"mailto:frittmann.aniko@semmelweis.hu\">frittmann.aniko@semmelweis.hu<\/a><\/td>\n<\/tr>\n<tr style=\"height: 48px\">\n<td style=\"height: 48px;width: 59.4844%\">F\u00fclekin\u00e9 M\u00e9sz\u00e1ros Zita<\/td>\n<td style=\"height: 48px;width: 6.80045%\">459-1500\/56591<\/td>\n<td style=\"height: 48px;width: 58.2908%\"><a href=\"mailto:fulekine.meszaros.zita@semmelweis.hu\">fulekine.meszaros.zita@semmelweis.hu<\/a><\/td>\n<\/tr>\n<tr style=\"height: 48px\">\n<td style=\"height: 48px;width: 59.4844%\">Bert\u00f3k Nikolett<\/td>\n<td style=\"height: 48px;width: 6.80045%\">459-1500\/56587<\/td>\n<td style=\"height: 48px;width: 58.2908%\"><a href=\"mailto:bertok.nikolett@semmelweis.hu\">bertok.nikolett@semmelweis.hu<\/a><\/td>\n<\/tr>\n<tr style=\"height: 48px\">\n<td style=\"height: 48px;width: 59.4844%\">Izs\u00f3 Ildik\u00f3<\/td>\n<td style=\"height: 48px;width: 6.80045%\">459-1500\/56590<\/td>\n<td style=\"height: 48px;width: 58.2908%\"><a href=\"mailto:izso.ildiko@semmelweis.hu\">izso.ildiko@semmelweis.hu<\/a><\/td>\n<\/tr>\n<tr style=\"height: 24px\">\n<td style=\"height: 24px;width: 59.4844%\">P\u00e1zm\u00e1ny Katalin<\/td>\n<td style=\"height: 24px;width: 6.80045%\">459-1500\/56590<\/td>\n<td style=\"height: 24px;width: 58.2908%\"><a href=\"mailto:pazmany.katalin@semmelweis.hu\">pazmany.katalin@semmelweis.hu<\/a><\/td>\n<\/tr>\n<tr style=\"height: 48px\">\n<td style=\"height: 48px;width: 59.4844%\">Borsosn\u00e9 Mitru Margit<\/td>\n<td style=\"height: 48px;width: 6.80045%\">459-1500\/56598<\/td>\n<td style=\"height: 48px;width: 58.2908%\"><a href=\"mailto:borsosne.mitru.margit@semmelweis.hu\">borsosne.mitru.margit@semmelweis.hu<\/a><\/td>\n<\/tr>\n<tr style=\"height: 48px\">\n<td style=\"height: 48px;width: 59.4844%\">T\u00f3thn\u00e9 Varga Melitta<\/td>\n<td style=\"height: 48px;width: 6.80045%\">459-1500\/56557<\/td>\n<td style=\"height: 48px;width: 58.2908%\"><a href=\"mailto:tothne-varga.melitta@semmelweis.hu\">tothne-varga.melitta@semmelweis.hu<\/a><\/td>\n<\/tr>\n<tr style=\"height: 72px\">\n<td style=\"height: 65px;width: 59.4844%\">Simonn\u00e9 S\u00e1rk\u00f6zi Val\u00e9ria<\/td>\n<td style=\"height: 65px;width: 6.80045%\">459-1500\/56594<\/td>\n<td style=\"height: 65px;width: 58.2908%\"><a href=\"mailto:sarkozi.valeria@semmelweis.hu\">sarkozi.valeria@semmelweis.hu<\/a><\/td>\n<\/tr>\n<tr style=\"background-color: #5599ff;height: 18px\">\n<th style=\"height: 18px;width: 124.576%\" colspan=\"3\"><em>Eg\u00e9szs\u00e9gtudom\u00e1nyi Kar<\/em><\/th>\n<\/tr>\n<tr style=\"height: 24px\">\n<td style=\"height: 24px;width: 59.4844%\">Pet\u0151-Szab\u00f3 Zsuzsanna<\/td>\n<td style=\"height: 24px;width: 6.80045%\">486-5942<\/td>\n<td style=\"height: 24px;width: 58.2908%\"><a href=\"mailto:szabo.zsuzsanna@semmelweis.hu\">szabo.zsuzsanna@semmelweis.hu<\/a><\/td>\n<\/tr>\n<tr style=\"height: 48px\">\n<td style=\"height: 48px;width: 59.4844%\">B\u00e1nki Andrea<\/td>\n<td style=\"height: 48px;width: 6.80045%\">486-5948<\/td>\n<td style=\"height: 48px;width: 58.2908%\"><a href=\"mailto:banki.andrea@semmelweis.hu\">banki.andrea@semmelweis.hu<\/a><\/td>\n<\/tr>\n<tr style=\"height: 48px\">\n<td style=\"height: 48px;width: 59.4844%\">N\u00e1gel J\u00f3zsefn\u00e9<\/td>\n<td style=\"height: 48px;width: 6.80045%\">486-5930<\/td>\n<td style=\"height: 48px;width: 58.2908%\"><a href=\"mailto:nagel.jozsefne@semmelweis.hu\">nagel.jozsefne@semmelweis.hu<\/a><\/td>\n<\/tr>\n<tr style=\"height: 48px\">\n<td style=\"height: 48px;width: 59.4844%\">Bagi Krist\u00f3f<\/td>\n<td style=\"height: 48px;width: 6.80045%\">486-5916<\/td>\n<td style=\"height: 48px;width: 58.2908%\"><a href=\"mailto:bagi.kristof@semmelweis.hu\">bagi.kristof@semmelweis.hu<\/a><\/td>\n<\/tr>\n<tr style=\"height: 24px\">\n<td style=\"height: 10px;width: 59.4844%\">Bosk\u00f3-N\u00e9meth Eszter<\/td>\n<td style=\"height: 10px;width: 6.80045%\">486-5943<\/td>\n<td style=\"height: 10px;width: 58.2908%\"><a href=\"mailto:borko-nemeth.eszter@semmelweis.hu\">bosko-nemeth.eszter@semmelweis.hu<\/a><\/td>\n<\/tr>\n<tr style=\"height: 24px\">\n<td style=\"height: 10px;width: 59.4844%\">Fodor P\u00e9ter J\u00f3zsefn\u00e9<\/td>\n<td style=\"height: 10px;width: 6.80045%\">486-5956<\/td>\n<td style=\"height: 10px;width: 58.2908%\"><a href=\"mailto:fodor.krisztina@semmelweis.hu\">fodor.krisztina@semmelweis.hu<\/a><\/td>\n<\/tr>\n<tr style=\"height: 24px\">\n<td style=\"height: 10px;width: 59.4844%\">Kov\u00e1cs N\u00f3ra<\/td>\n<td style=\"height: 10px;width: 6.80045%\">486-5935<\/td>\n<td style=\"height: 10px;width: 58.2908%\"><a href=\"mailto:kovacs.nora1@semmelweis.hu\">kovacs.nora1@semmelweis.hu<\/a><\/td>\n<\/tr>\n<tr style=\"background-color: #5599ff;height: 18px\">\n<th style=\"height: 18px;width: 124.576%\" colspan=\"3\"><em>Eg\u00e9szs\u00e9g\u00fcgyi K\u00f6zszolg\u00e1lati Kar<\/em><\/th>\n<\/tr>\n<tr style=\"height: 18px\">\n<td style=\"height: 18px;width: 124.576%\" colspan=\"3\"><span style=\"text-decoration: underline\"><em>Digit\u00e1lis Eg\u00e9szs\u00e9gtudom\u00e1nyi Int\u00e9zet<\/em><\/span><\/td>\n<\/tr>\n<tr style=\"height: 48px\">\n<td style=\"height: 22px;width: 59.4844%\">Gyurkovics Zolt\u00e1nn\u00e9<\/td>\n<td style=\"height: 22px;width: 6.80045%\">\u00a0<\/td>\n<td style=\"height: 22px;width: 58.2908%\"><a href=\"mailto:gyurkovics.zoltanne@semmelweis.hu\">gyurkovics.zoltanne@semmelweis.hu<\/a><\/td>\n<\/tr>\n<tr style=\"height: 18px\">\n<td style=\"height: 18px;width: 124.576%\" colspan=\"3\"><span style=\"text-decoration: underline\"><em>Ment\u00e1lhigi\u00e9n\u00e9 Int\u00e9zet<\/em><\/span><\/td>\n<\/tr>\n<tr style=\"height: 24px\">\n<td style=\"width: 59.4844%;height: 24px\">Kormos Zsuzsanna<\/td>\n<td style=\"width: 6.80045%;height: 24px\">459-1500\/56549<\/td>\n<td style=\"width: 58.2908%;height: 24px\"><a href=\"mailto:kormos.zsuzsanna@semmelweis.hu\">kormos.zsuzsanna@semmelweis.hu<\/a><\/td>\n<\/tr>\n<tr style=\"height: 24px\">\n<td style=\"width: 59.4844%;height: 24px\">M\u00e9sz\u00e1ros \u00c9va<\/td>\n<td style=\"width: 6.80045%;height: 24px\">459-1500\/56545<\/td>\n<td style=\"width: 58.2908%;height: 24px\"><a href=\"mailto:meszaros.eva@semmelweis.hu\">meszaros.eva@semmelweis.hu<\/a><\/td>\n<\/tr>\n<tr style=\"height: 24px\">\n<td style=\"width: 59.4844%;height: 24px\">G\u00e1rdonyi Tibor L\u00e1szl\u00f3n\u00e9 (Gy\u00f6rgyi)<\/td>\n<td style=\"width: 6.80045%;height: 24px\">459-1500\/56549<\/td>\n<td style=\"width: 58.2908%;height: 24px\"><a href=\"mailto:gardonyi.gyongyi@semmelweis.hu\">gardonyi.gyongyi@semmelweis.hu<\/a><\/td>\n<\/tr>\n<tr style=\"height: 18px\">\n<td style=\"height: 18px;width: 124.576%\" colspan=\"3\"><span style=\"text-decoration: underline\"><em>Eg\u00e9szs\u00e9g\u00fcgyi Menedzserk\u00e9pz\u0151 K\u00f6zpont<br \/>\n<\/em><\/span><\/td>\n<\/tr>\n<tr style=\"height: 24px\">\n<td style=\"height: 24px;width: 59.4844%\">Szab\u00f3 Dalma<\/td>\n<td style=\"height: 24px;width: 6.80045%\">488-7600\/619<\/td>\n<td style=\"width: 58.2908%;height: 24px\"><a href=\"mailto:szabo.dalma@emk.semmelweis.hu\">szabo.dalma@emk.semmelweis.hu<\/a><\/td>\n<\/tr>\n<tr style=\"height: 24px\">\n<td style=\"height: 24px;width: 59.4844%\">K\u00f3r\u00f3di Rita<\/td>\n<td style=\"height: 24px;width: 6.80045%\">+36 20 825 8373<\/td>\n<td style=\"width: 58.2908%;height: 24px\"><a href=\"mailto:korodi.rita@emk.semmelweis.hu\">korodi.rita@emk.semmelweis.hu<\/a><\/td>\n<\/tr>\n<tr style=\"height: 63px\">\n<td style=\"width: 59.4844%;height: 58px\">G\u00f6nd\u00f6csn\u00e9 Horkai Vikt\u00f3ria<\/td>\n<td style=\"width: 6.80045%;height: 58px\">488-7600\/57606<\/td>\n<td style=\"width: 58.2908%;height: 58px\">\u00a0<a href=\"mailto:horkai.viktoria@emk.semmelweis.hu\">horkai.viktoria@emk.semmelweis.hu<\/a><\/td>\n<\/tr>\n<tr style=\"background-color: #5599ff;height: 18px\">\n<th style=\"height: 18px;width: 124.576%\" colspan=\"3\"><em>Fogorvostudom\u00e1nyi Kar<\/em><\/th>\n<\/tr>\n<tr style=\"height: 48px\">\n<td style=\"height: 48px;width: 59.4844%\">Blah\u00f3n\u00e9 Sviderszky Erika<\/td>\n<td style=\"height: 48px;width: 6.80045%\">459-1500\/55336<\/td>\n<td style=\"height: 48px;width: 58.2908%\">\n<p><a href=\"mailto:blaho.erika@semmelweis.hu\">blaho.erika@semmelweis.hu<\/a><\/p>\n<\/td>\n<\/tr>\n<tr style=\"height: 48px\">\n<td style=\"height: 48px;width: 59.4844%\">Tepl\u00e1n-G\u00e1l Orsolya<\/td>\n<td style=\"height: 48px;width: 6.80045%\">459-1500\/55338<\/td>\n<td style=\"height: 48px;width: 58.2908%\"><a href=\"mailto:teplan-gal.orsolya@semmelweis.hu\">teplan-gal.orsolya@semmelweis.hu<\/a><\/td>\n<\/tr>\n<tr style=\"height: 72px\">\n<td style=\"height: 72px;width: 59.4844%\">Szerencsi Anaszt\u00e1zia<\/td>\n<td style=\"height: 72px;width: 6.80045%\">459-1500\/55344<\/td>\n<td style=\"height: 72px;width: 58.2908%\"><a href=\"mailto:szerencsi.anasztazia@semmelweis.hu\">szerencsi.anasztazia@semmelweis.hu<\/a><\/td>\n<\/tr>\n<tr style=\"background-color: #5599ff;height: 18px\">\n<th style=\"height: 18px;width: 124.576%\" colspan=\"3\"><em>Gy\u00f3gyszer\u00e9sztudom\u00e1nyi Kar<\/em><\/th>\n<\/tr>\n<tr style=\"height: 24px\">\n<td style=\"height: 24px;width: 59.4844%\">Kocsis Erika<\/td>\n<td style=\"height: 24px;width: 6.80045%\">459-1500\/55319<\/td>\n<td style=\"height: 24px;width: 58.2908%\"><a href=\"mailto:kocsis.erika@semmelweis.hu\">kocsis.erika@semmelweis.hu<\/a><\/td>\n<\/tr>\n<tr style=\"height: 72px\">\n<td style=\"height: 72px;width: 59.4844%\">Czirj\u00e1kin\u00e9 B\u00e1nlaki T\u00edmea<\/td>\n<td style=\"height: 72px;width: 6.80045%\">459-1500\/55329<\/td>\n<td style=\"height: 72px;width: 58.2908%\"><a href=\"mailto:banlaki.timea@semmelweis.hu\">banlaki.timea@semmelweis.hu<\/a><\/td>\n<\/tr>\n<tr style=\"height: 72px\">\n<td style=\"height: 72px;width: 59.4844%\">Vajvod\u00e1n\u00e9 P\u00e9nzes Eszter<\/td>\n<td style=\"height: 72px;width: 6.80045%\">459-1500\/55323<\/td>\n<td style=\"height: 72px;width: 58.2908%\"><a href=\"mailto:penzes.eszter@semmelweis.hu\">penzes.eszter@semmelweis.hu<\/a><\/td>\n<\/tr>\n<tr style=\"background-color: #5599ff;height: 18px\">\n<th style=\"height: 18px;width: 124.576%\" colspan=\"3\"><em>K\u00fclf\u00f6ldi Hallgat\u00f3k Titk\u00e1rs\u00e1ga<\/em><\/th>\n<\/tr>\n<tr style=\"height: 24px\">\n<td style=\"height: 24px;width: 124.576%\" colspan=\"3\"><u><em>Angol k\u00e9pz\u00e9s<\/em><\/u><\/td>\n<\/tr>\n<tr style=\"height: 48px\">\n<td style=\"height: 48px;width: 59.4844%\">Zsad\u00e1nyi Andrea<\/td>\n<td style=\"height: 48px;width: 6.80045%\">459-1500\/60495<\/td>\n<td style=\"height: 48px;width: 58.2908%\"><a href=\"mailto:zsadanyi.andrea@semmelweis.hu\">zsadanyi.andrea@semmelweis.hu<\/a><\/td>\n<\/tr>\n<tr style=\"height: 48px\">\n<td style=\"height: 48px;width: 59.4844%\">Pa\u00e1l Balamb\u00e9r<\/td>\n<td style=\"height: 48px;width: 6.80045%\">459-1500\/60077<\/td>\n<td style=\"height: 48px;width: 58.2908%\"><a href=\"mailto:paal.balamber@semmelweis.hu\">paal.balamber@semmelweis.hu<\/a><\/td>\n<\/tr>\n<tr style=\"height: 48px\">\n<td style=\"height: 48px;width: 59.4844%\">B\u00e1lint Vikt\u00f3ria<\/td>\n<td style=\"height: 48px;width: 6.80045%\">459-1500\/60479<\/td>\n<td style=\"height: 48px;width: 58.2908%\"><a href=\"mailto:balinth.viktoria@semmelweis.hu\">balinth.viktoria@semmelweis.hu<\/a><\/td>\n<\/tr>\n<tr style=\"height: 48px\">\n<td style=\"height: 48px;width: 59.4844%\">Dib\u00f3 Szilvia<\/td>\n<td style=\"height: 48px;width: 6.80045%\">459-1500\/60068<\/td>\n<td style=\"height: 48px;width: 58.2908%\"><a href=\"mailto:dibo.szilvia@semmelweis.hu\">dibo.szilvia@semmelweis.hu<\/a><\/td>\n<\/tr>\n<tr style=\"height: 24px\">\n<td style=\"height: 24px;width: 59.4844%\">Gonda Alexandra<\/td>\n<td style=\"height: 24px;width: 6.80045%\">459-1500\/60481<\/td>\n<td style=\"height: 24px;width: 58.2908%\"><a href=\"mailto:gonda.alexandra@semmelweis.hu\">gonda.alexandra@semmelweis.hu<\/a><\/td>\n<\/tr>\n<tr style=\"height: 48px\">\n<td style=\"height: 48px;width: 59.4844%\">Szab\u00f3 Krisztina Emese<\/td>\n<td style=\"height: 48px;width: 6.80045%\">459-1500\/60070<\/td>\n<td style=\"height: 48px;width: 58.2908%\"><a href=\"mailto:kokavecz.sarolta@semmelweis.hu\">szabo.krisztina.emese@semmelweis.hu<\/a><\/td>\n<\/tr>\n<tr style=\"height: 48.3999px\">\n<td style=\"height: 48px;width: 59.4844%\">Horv\u00e1th Bal\u00e1zs<\/td>\n<td style=\"height: 48px;width: 6.80045%\">459-1500\/60079<\/td>\n<td style=\"height: 48px;width: 58.2908%\"><a href=\"mailto:horvath.balazs1@semmelweis.hu\">horvath.balazs1@semmelweis.hu<\/a><\/td>\n<\/tr>\n<tr style=\"height: 28px\">\n<td style=\"width: 59.4844%;height: 28px\">Ecsedi Imre<\/td>\n<td style=\"width: 6.80045%;height: 28px\">459-1500\/60078<\/td>\n<td style=\"width: 58.2908%;height: 28px\"><a href=\"mailto:ecsedi.imre@semmelweis.hu\">ecsedi.imre@semmelweis.hu<\/a><\/td>\n<\/tr>\n<tr style=\"height: 51px\">\n<td style=\"width: 59.4844%;height: 51px\">Han\u00e1k Borb\u00e1la<\/td>\n<td style=\"width: 6.80045%;height: 51px\">459-1500\/60487<\/td>\n<td style=\"width: 58.2908%;height: 51px\"><a href=\"mailto:hanak.borbala@semmelweis.hu\">hanak.borbala@semmelweis.hu<\/a><\/td>\n<\/tr>\n<tr style=\"height: 51px\">\n<td style=\"width: 59.4844%;height: 51px\">Lieszkovszki Anik\u00f3<\/td>\n<td style=\"width: 6.80045%;height: 51px\">459-1500\/60071<\/td>\n<td style=\"width: 58.2908%;height: 51px\"><a href=\"mailto:lieszkovszki.aniko@semmelweis.hu\">lieszkovszki.aniko@semmelweis.hu<\/a><\/td>\n<\/tr>\n<tr style=\"height: 51px\">\n<td style=\"width: 59.4844%;height: 51px\">M\u00e9sz\u00e1ros M\u00e1rta<\/td>\n<td style=\"width: 6.80045%;height: 51px\">459-1500\/60077<\/td>\n<td style=\"width: 58.2908%;height: 51px\"><a href=\"mailto:meszaros.marta@semmelweis.hu\">meszaros.marta@semmelweis.hu<\/a><\/td>\n<\/tr>\n<tr style=\"height: 51px\">\n<td style=\"width: 59.4844%;height: 51px\">Szab\u00f3 Petronella<\/td>\n<td style=\"width: 6.80045%;height: 51px\">459-1500\/60485<\/td>\n<td style=\"width: 58.2908%;height: 51px\"><a href=\"mailto:szabo.petra@semmelweis.hu\">szabo.petra@semmelweis.hu<\/a><\/td>\n<\/tr>\n<tr style=\"height: 24px\">\n<td style=\"height: 24px;width: 124.576%\" colspan=\"3\"><u><em>N\u00e9met k\u00e9pz\u00e9s<\/em><\/u><\/td>\n<\/tr>\n<tr style=\"height: 48px\">\n<td style=\"height: 48px;width: 59.4844%\">Cz\u00f6vek Kl\u00e1ra<\/td>\n<td style=\"height: 48px;width: 6.80045%\">459-1500\/60083<\/td>\n<td style=\"height: 48px;width: 58.2908%\"><a href=\"mailto:czovek.klari@semmelweis.hu\">czovek.klari@semmelweis.hu<\/a><\/td>\n<\/tr>\n<tr style=\"height: 48px\">\n<td style=\"height: 48px;width: 59.4844%\">Merkein\u00e9 Sz\u0151ke M\u00e1ria<\/td>\n<td style=\"height: 48px;width: 6.80045%\">459-1500\/60082<\/td>\n<td style=\"height: 48px;width: 58.2908%\"><a href=\"mailto:merkei.maria@semmelweis.hu\">merkei.maria@semmelweis.hu<\/a><\/td>\n<\/tr>\n<tr style=\"height: 24px\">\n<td style=\"height: 24px;width: 59.4844%\">D\u00e1vid Fanni Katinka<\/td>\n<td style=\"height: 24px;width: 6.80045%\">459-1500\/60489<\/td>\n<td style=\"height: 24px;width: 58.2908%\"><a href=\"mailto:david.fanni@semmelweis.hu\">david.fanni@semmelweis.hu<\/a><\/td>\n<\/tr>\n<tr style=\"height: 48px\">\n<td style=\"height: 48px;width: 59.4844%\">Fekete Andrea<\/td>\n<td style=\"height: 48px;width: 6.80045%\">459-1500\/60085<\/td>\n<td style=\"height: 48px;width: 58.2908%\"><a href=\"mailto:fekete.andrea@semmelweis.hu\">fekete.andrea@semmelweis.hu<\/a><\/td>\n<\/tr>\n<tr style=\"height: 48px\">\n<td style=\"height: 48px;width: 59.4844%\">Szabados T\u00fcnde<\/td>\n<td style=\"height: 48px;width: 6.80045%\">459-1500\/60084<\/td>\n<td style=\"height: 48px;width: 58.2908%\"><a href=\"mailto:szabados.tunde@semmelweis.hu\">szabados.tunde@semmelweis.hu<\/a><\/td>\n<\/tr>\n<tr style=\"height: 48px\">\n<td style=\"height: 48px;width: 59.4844%\">Bariczn\u00e9 Hal\u00e1sz Ad\u00e9l<\/td>\n<td style=\"height: 48px;width: 6.80045%\">459-1500\/60177<\/td>\n<td style=\"height: 48px;width: 58.2908%\"><a href=\"mailto:halasz.adel@semmelweis.hu\">halasz.adel@semmelweis.hu<\/a><\/td>\n<\/tr>\n<tr style=\"height: 46px\">\n<td style=\"width: 59.4844%;height: 46px\">Jordanov-S\u00e1ndor Edina<\/td>\n<td style=\"width: 6.80045%;height: 46px\">459-1500\/60089<\/td>\n<td style=\"width: 58.2908%;height: 46px\"><a href=\"mailto:sandor.edina@semmelweis.hu\">sandor.edina@semmelweis.hu<\/a><\/td>\n<\/tr>\n<tr style=\"background-color: #5599ff;height: 18px\">\n<th style=\"height: 18px;width: 124.576%\" colspan=\"3\"><em>Doktori Iskola<\/em><\/th>\n<\/tr>\n<tr style=\"height: 48px\">\n<td style=\"height: 48px;width: 59.4844%\">Kalm\u00e1r Zsuzsa<\/td>\n<td style=\"height: 48px;width: 6.80045%\">459-1500\/55286<\/td>\n<td style=\"height: 48px;width: 58.2908%\"><a href=\"mailto:kalmar.zsuzsa@phd.semmelweis-univ.hu\">kalmar.zsuzsa@semmelweis.hu<\/a><\/td>\n<\/tr>\n<tr style=\"height: 48px\">\n<td style=\"height: 48px;width: 59.4844%\">Marosfalvi Anita<\/td>\n<td style=\"height: 48px;width: 6.80045%\">459-1500\/55162<\/td>\n<td style=\"height: 48px;width: 58.2908%\"><a href=\"mailto:marosfalvi.anita@phd.semmelweis-univ.hu\">marosfalvi.anita@semmelweis.hu<\/a><\/td>\n<\/tr>\n<tr style=\"height: 72px\">\n<td style=\"height: 72px;width: 59.4844%\">T\u00f6lgyesi-Lov\u00e1sz Krisztina<\/td>\n<td style=\"height: 72px;width: 6.80045%\">459-1500\/55373<\/td>\n<td style=\"height: 72px;width: 58.2908%\"><a href=\"mailto:tolgyesi.lovasz.krisztina@semmelweis.hu\">tolgyesi.lovasz.krisztina@semmelweis.hu<\/a><\/td>\n<\/tr>\n<tr style=\"height: 24px\">\n<td style=\"width: 59.4844%;height: 24px\">Kelemen D\u00e1vid M\u00e1rk<\/td>\n<td style=\"width: 6.80045%;height: 24px\">459-1500\/55321<\/td>\n<td style=\"width: 58.2908%;height: 24px\"><a href=\"mailto:kelemen.david@semmelweis-univ.hu\">kelemen.david@semmelweis.hu<\/a><\/td>\n<\/tr>\n<tr style=\"height: 51px\">\n<td style=\"width: 59.4844%;height: 51px\">Kov\u00e1csn\u00e9 Oll\u00e9 T\u00edmea<\/td>\n<td style=\"width: 6.80045%;height: 51px\">459-1500\/55262<\/td>\n<td style=\"width: 58.2908%;height: 51px\"><a href=\"mailto:olle.timea@semmelweis.hu\">olle.timea@semmelweis.hu<\/a><\/td>\n<\/tr>\n<tr style=\"background-color: #5599ff;height: 18px\">\n<th style=\"height: 18px;width: 124.576%\" colspan=\"3\"><em>Pet\u0151 Andr\u00e1s Kar<\/em><\/th>\n<\/tr>\n<tr style=\"height: 48px\">\n<td style=\"height: 48px;width: 59.4844%\">Balogh Istv\u00e1n L\u00e1szl\u00f3n\u00e9<\/td>\n<td style=\"height: 48px;width: 6.80045%\">224-1500\/62557<\/td>\n<td style=\"height: 48px;width: 58.2908%\"><a href=\"mailto:balogh.istvan_laszlone@semmelweis-univ.hu\">balogh.istvan.laszlone@semmelweis.hu<\/a><\/td>\n<\/tr>\n<tr style=\"height: 48px\">\n<td style=\"height: 48px;width: 59.4844%\">Kov\u00e1cs Hajnalka<\/td>\n<td style=\"height: 48px;width: 6.80045%\">224-1500\/62446<\/td>\n<td style=\"height: 48px;width: 58.2908%\"><a href=\"mailto:kovacs.hajnalka2@semmelweis-univ.hu\">kovacs.hajnalka2@semmelweis.hu<\/a><\/td>\n<\/tr>\n<tr style=\"height: 72px\">\n<td style=\"height: 64px;width: 59.4844%\">Kendi R\u00e9ka Rebeka<\/td>\n<td style=\"height: 64px;width: 6.80045%\">224-1500\/62409<\/td>\n<td style=\"height: 64px;width: 58.2908%\"><a href=\"hajdu.zita@semmelweis-univ.hu\">kendi.reka@semmelweis.hu<\/a><\/td>\n<\/tr>\n<\/tbody>\n<\/table>\n<p>&nbsp;<\/p>\n","protected":false},"excerpt":{"rendered":"<p>&nbsp; Tanulm\u00e1nyi \u00fcgyint\u00e9z\u0151k Telefonsz\u00e1m Email \u00c1ltal\u00e1nos Orvostudom\u00e1nyi Kar B\u00e1rsony Klaudia Csilla 459-1500\/56588 <a href=\"mailto:barsony.klaudia.csilla@semmelweis.hu\">barsony.klaudia.csilla@semmelweis.hu<\/a> Frittmann Anik\u00f3 459-1500\/56592 <a href=\"mailto:frittmann.aniko@semmelweis.hu\">frittmann.aniko@semmelweis.hu<\/a> F\u00fclekin\u00e9 M\u00e9sz\u00e1ros Zita 459-1500\/56591 <a href=\"mailto:fulekine.meszaros.zita@semmelweis.hu\">fulekine.meszaros.zita@semmelweis.hu<\/a> Bert\u00f3k Nikolett 459-1500\/56587 <a href=\"mailto:bertok.nikolett@semmelweis.hu\">bertok.nikolett@semmelweis.hu<\/a> Izs\u00f3 Ildik\u00f3 459-1500\/56590 <a href=\"mailto:izso.ildiko@semmelweis.hu\">izso.ildiko@semmelweis.hu<\/a> P\u00e1zm\u00e1ny Katalin 459-1500\/56590 <a href=\"mailto:pazmany.katalin@semmelweis.hu\">pazmany.katalin@semmelweis.hu<\/a> Borsosn\u00e9 Mitru Margit 459-1500\/56598 <a href=\"mailto:borsosne.mitru.margit@semmelweis.hu\">borsosne.mitru.margit@semmelweis.hu<\/a> T\u00f3thn\u00e9 Varga Melitta 459-1500\/56557 <a href=\"mailto:tothne-varga.melitta@semmelweis.hu\">tothne-varga.melitta@semmelweis.hu<\/a> Simonn\u00e9 S\u00e1rk\u00f6zi Val\u00e9ria 459-1500\/56594 <a href=\"mailto:sarkozi.valeria@semmelweis.hu\">sarkozi.valeria@semmelweis.hu<\/a> Eg\u00e9szs\u00e9gtudom\u00e1nyi Kar Pet\u0151-Szab\u00f3 Zsuzsanna 486-5942 <a href=\"mailto:szabo.zsuzsanna@semmelweis.hu\">szabo.zsuzsanna@semmelweis.hu<\/a> B\u00e1nki Andrea 486-5948 <a href=\"mailto:banki.andrea@semmelweis.hu\">banki.andrea@semmelweis.hu<\/a> N\u00e1gel J\u00f3zsefn\u00e9 486-5930 <a href=\"mailto:nagel.jozsefne@semmelweis.hu\">nagel.jozsefne@semmelweis.hu<\/a> Bagi Krist\u00f3f 486-5916 <a href=\"mailto:bagi.kristof@semmelweis.hu\">bagi.kristof@semmelweis.hu<\/a> Bosk\u00f3-N\u00e9meth &hellip;<\/p>\n","protected":false},"author":158,"featured_media":0,"parent":33,"menu_order":0,"comment_status":"closed","ping_status":"closed","template":"","meta":{"_acf_changed":false,"footnotes":""},"categories":[],"tags":[],"class_list":["post-34","page","type-page","status-publish","hentry"],"acf":[],"_links":{"self":[{"href":"https:\/\/semmelweis.hu\/neptun\/wp-json\/wp\/v2\/pages\/34","targetHints":{"allow":["GET"]}}],"collection":[{"href":"https:\/\/semmelweis.hu\/neptun\/wp-json\/wp\/v2\/pages"}],"about":[{"href":"https:\/\/semmelweis.hu\/neptun\/wp-json\/wp\/v2\/types\/page"}],"author":[{"embeddable":true,"href":"https:\/\/semmelweis.hu\/neptun\/wp-json\/wp\/v2\/users\/158"}],"replies":[{"embeddable":true,"href":"https:\/\/semmelweis.hu\/neptun\/wp-json\/wp\/v2\/comments?post=34"}],"version-history":[{"count":11,"href":"https:\/\/semmelweis.hu\/neptun\/wp-json\/wp\/v2\/pages\/34\/revisions"}],"predecessor-version":[{"id":1281,"href":"https:\/\/semmelweis.hu\/neptun\/wp-json\/wp\/v2\/pages\/34\/revisions\/1281"}],"up":[{"embeddable":true,"href":"https:\/\/semmelweis.hu\/neptun\/wp-json\/wp\/v2\/pages\/33"}],"wp:attachment":[{"href":"https:\/\/semmelweis.hu\/neptun\/wp-json\/wp\/v2\/media?parent=34"}],"wp:term":[{"taxonomy":"category","embeddable":true,"href":"https:\/\/semmelweis.hu\/neptun\/wp-json\/wp\/v2\/categories?post=34"},{"taxonomy":"post_tag","embeddable":true,"href":"https:\/\/semmelweis.hu\/neptun\/wp-json\/wp\/v2\/tags?post=34"}],"curies":[{"name":"wp","href":"https:\/\/api.w.org\/{rel}","templated":true}]}}