{"id":33,"date":"2016-03-31T00:00:00","date_gmt":"2016-03-30T22:00:00","guid":{"rendered":"http:\/\/semmelweis.hu\/neptun\/a-neptun-csoport-elerhetosegei\/"},"modified":"2025-05-16T14:30:10","modified_gmt":"2025-05-16T12:30:10","slug":"a-neptun-csoport-elerhetosegei","status":"publish","type":"page","link":"https:\/\/semmelweis.hu\/neptun\/hu\/a-neptun-csoport-elerhetosegei\/","title":{"rendered":"El\u00e9rhet\u0151s\u00e9gek"},"content":{"rendered":"<h3><strong>A Neptun Csoport el\u00e9rhet\u0151s\u00e9gei<\/strong><\/h3>\n<table style=\"border-color: #b5b3b3;height: 370px;width: 43.861%\" border=\"1\" cellspacing=\"5\" cellpadding=\"5\">\n<tbody>\n<tr style=\"background-color: #ccff99;height: 35px\">\n<td style=\"text-align: center;background-color: #77b9f2;width: 15.576%;height: 35px\"><strong>Feladatk\u00f6r<\/strong><\/td>\n<td style=\"text-align: center;background-color: #77b9f2;width: 27.5157%;height: 35px\"><strong>N\u00e9v<\/strong><\/td>\n<td style=\"text-align: center;background-color: #77b9f2;width: 46.2898%;height: 35px\"><strong>El\u00e9r\u00e9s<\/strong><\/td>\n<\/tr>\n<tr style=\"height: 67px\">\n<td style=\"width: 15.576%;height: 67px\">\n<p><em><strong>Csoportvezet\u0151<\/strong><\/em><\/p>\n<p>Kiemelt tanulm\u00e1nyi szak\u00e9rt\u0151\/ Tanulm\u00e1nyi rendszer-felel\u0151s<\/p>\n<\/td>\n<td style=\"width: 27.5157%;height: 67px\"><a href=\"mailto:\">Horv\u00e1th Ildik\u00f3<\/a><\/td>\n<td style=\"width: 46.2898%;height: 67px\">\n<p>\nmell\u00e9k: 61519<\/p>\n<\/td>\n<\/tr>\n<tr style=\"height: 67px\">\n<td style=\"width: 15.576%;height: 67px\">\n<p>Oktat\u00e1sszervez\u0151\/Tanulm\u00e1nyi rendszer-felel\u0151s<\/p>\n<\/td>\n<td style=\"width: 27.5157%;height: 67px\"><a href=\"mailto:\">P\u00e9kli Andrea<\/a><\/td>\n<td style=\"width: 46.2898%;height: 67px\">\nmell\u00e9k: 61518<\/td>\n<\/tr>\n<tr style=\"height: 67px\">\n<td style=\"width: 15.576%;height: 67px\">\n<p>Oktat\u00e1sszervez\u0151\/Tanulm\u00e1nyi rendszer-felel\u0151s<\/p>\n<p>(tart\u00f3san t\u00e1vol)<\/p>\n<\/td>\n<td style=\"width: 27.5157%;height: 67px\">Scheicher Judit<\/td>\n<td style=\"width: 46.2898%;height: 67px\">\nmell\u00e9k:\u00a0<\/td>\n<\/tr>\n<\/tbody>\n<\/table>\n<p>&nbsp;<\/p>\n<p><em><strong>Felh\u00edvjuk a tisztelt Hallgat\u00f3k figyelm\u00e9t arra, hogy els\u0151sorban a kari tanulm\u00e1nyi el\u0151ad\u00f3k tudnak felvil\u00e1gos\u00edt\u00e1st adni tanulm\u00e1nyi \u00fcgyekkel kapcsolatban.<\/strong><\/em><\/p>\n<p>Meg\u00e9rt\u00e9s\u00fcket k\u00f6sz\u00f6nj\u00fck!<\/p>\n<p>&nbsp;<\/p>\n<p><strong><u><span style=\"color: #c00000\">Neptun \u00dczemeletet\u00e9s\u00e9vel kapcsolatos probl\u00e9m\u00e1kat a Neptun Csoport fel\u00e9 k\u00e9rj\u00fck <a href=\"mailto:pekli.andrea@semmelweis.hu;horvath.ildiko@semmelweis.hu\">e-mailben<\/a> jelezni!<\/span><\/u><\/strong><\/p>\n","protected":false},"excerpt":{"rendered":"<p>A Neptun Csoport el\u00e9rhet\u0151s\u00e9gei Feladatk\u00f6r N\u00e9v El\u00e9r\u00e9s Csoportvezet\u0151 Kiemelt tanulm\u00e1nyi szak\u00e9rt\u0151\/ Tanulm\u00e1nyi rendszer-felel\u0151s <a href=\"mailto:\">Horv\u00e1th Ildik\u00f3<\/a> mell\u00e9k: 61519 Oktat\u00e1sszervez\u0151\/Tanulm\u00e1nyi rendszer-felel\u0151s <a href=\"mailto:\">P\u00e9kli Andrea<\/a> mell\u00e9k: 61518 Oktat\u00e1sszervez\u0151\/Tanulm\u00e1nyi rendszer-felel\u0151s (tart\u00f3san t\u00e1vol) Scheicher Judit mell\u00e9k:\u00a0 &nbsp; Felh\u00edvjuk a tisztelt Hallgat\u00f3k figyelm\u00e9t arra, hogy els\u0151sorban a kari tanulm\u00e1nyi el\u0151ad\u00f3k tudnak felvil\u00e1gos\u00edt\u00e1st adni tanulm\u00e1nyi \u00fcgyekkel kapcsolatban. Meg\u00e9rt\u00e9s\u00fcket k\u00f6sz\u00f6nj\u00fck! &nbsp; Neptun \u00dczemeletet\u00e9s\u00e9vel kapcsolatos probl\u00e9m\u00e1kat a Neptun Csoport &hellip;<\/p>\n","protected":false},"author":158,"featured_media":0,"parent":0,"menu_order":0,"comment_status":"closed","ping_status":"closed","template":"","meta":{"_acf_changed":false,"footnotes":""},"categories":[],"tags":[],"class_list":["post-33","page","type-page","status-publish","hentry"],"acf":[],"_links":{"self":[{"href":"https:\/\/semmelweis.hu\/neptun\/wp-json\/wp\/v2\/pages\/33","targetHints":{"allow":["GET"]}}],"collection":[{"href":"https:\/\/semmelweis.hu\/neptun\/wp-json\/wp\/v2\/pages"}],"about":[{"href":"https:\/\/semmelweis.hu\/neptun\/wp-json\/wp\/v2\/types\/page"}],"author":[{"embeddable":true,"href":"https:\/\/semmelweis.hu\/neptun\/wp-json\/wp\/v2\/users\/158"}],"replies":[{"embeddable":true,"href":"https:\/\/semmelweis.hu\/neptun\/wp-json\/wp\/v2\/comments?post=33"}],"version-history":[{"count":13,"href":"https:\/\/semmelweis.hu\/neptun\/wp-json\/wp\/v2\/pages\/33\/revisions"}],"predecessor-version":[{"id":1237,"href":"https:\/\/semmelweis.hu\/neptun\/wp-json\/wp\/v2\/pages\/33\/revisions\/1237"}],"wp:attachment":[{"href":"https:\/\/semmelweis.hu\/neptun\/wp-json\/wp\/v2\/media?parent=33"}],"wp:term":[{"taxonomy":"category","embeddable":true,"href":"https:\/\/semmelweis.hu\/neptun\/wp-json\/wp\/v2\/categories?post=33"},{"taxonomy":"post_tag","embeddable":true,"href":"https:\/\/semmelweis.hu\/neptun\/wp-json\/wp\/v2\/tags?post=33"}],"curies":[{"name":"wp","href":"https:\/\/api.w.org\/{rel}","templated":true}]}}