{"id":32,"date":"2016-03-31T00:00:00","date_gmt":"2016-03-30T22:00:00","guid":{"rendered":"http:\/\/semmelweis.hu\/neptun\/leirasok\/"},"modified":"2025-11-20T15:30:14","modified_gmt":"2025-11-20T14:30:14","slug":"leirasok","status":"publish","type":"page","link":"https:\/\/semmelweis.hu\/neptun\/hu\/leirasok\/","title":{"rendered":"Le\u00edr\u00e1sok"},"content":{"rendered":"<h4><strong>Hallgat\u00f3knak<\/strong><\/h4>\n<ul>\n<li><a href=\"https:\/\/semmelweis.hu\/neptun\/files\/2025\/11\/N-e-p-t-u-n-h-a-l-l-g-a-t-o-i-u-t-m-u-t-a-t-o-uj-hallgato-web-leiras-2025.pdf\">\u00daj Hallgat\u00f3i webhez seg\u00e9dlet &#8211; \u00f6sszefoglal\u00f3<\/a><\/li>\n<li><a href=\"https:\/\/semmelweis.hu\/neptun\/files\/2025\/11\/Neptun-uj-HWEB-eddig-es-most.pdf\">R\u00e9gi \u00e9s \u00faj hallgat\u00f3i web \u00f6sszehasonl\u00edt\u00f3 seg\u00e9dlet<\/a><\/li>\n<li><a href=\"https:\/\/semmelweis.hu\/neptun\/files\/2022\/09\/Feladatokkal-kiirt-targy-kurzus-leiras-1.docx\">Feladatokkal ki\u00edrt t\u00e1rgy-kurzus le\u00edr\u00e1s<\/a><\/li>\n<\/ul>\n<h4><strong>Oktat\u00f3knak<\/strong><\/h4>\n<ul>\n<li><a href=\"https:\/\/semmelweis.hu\/neptun\/files\/2016\/03\/Oktatoi_WEB_jegybeiras.doc\">Oktat\u00f3i WEB &#8211; Oktatott t\u00e1rgyak\/kurzusok \u00e9s jegybe\u00edr\u00e1s (Doktori) dokumentuma<\/a><\/li>\n<li><a href=\"https:\/\/semmelweis.hu\/neptun\/files\/2016\/08\/Oktat\u00f3i-felhaszn\u00e1l\u00f3i-seg\u00e9dlet-Konzult\u00e1ci\u00f3-ki\u00edr\u00e1sa.docx\">Oktat\u00f3i felhaszn\u00e1l\u00f3i seg\u00e9dlet &#8211; Konzult\u00e1ci\u00f3 ki\u00edr\u00e1s\u00e1nak le\u00edr\u00e1sa<\/a><\/li>\n<li><a href=\"https:\/\/semmelweis.hu\/neptun\/files\/2022\/06\/Oranyilvantartas-rogzitese-2022.docx\">\u00d3ranyilv\u00e1ntart\u00e1s r\u00f6gz\u00edt\u00e9s\u00e9nek le\u00edr\u00e1sa<\/a><\/li>\n<li><a href=\"https:\/\/semmelweis.hu\/neptun\/files\/2020\/05\/Oktat\u00f3i-webes-fel\u00fclet-Feladatki\u00edr\u00e1s-\u00e9s-kezel\u00e9s.docx\">Feladatki\u00edr\u00e1s \u00e9s kezel\u00e9s<\/a><\/li>\n<\/ul>\n<h4><strong>\u00dcgyint\u00e9z\u0151knek<\/strong><\/h4>\n<ul>\n<li><a href=\"https:\/\/semmelweis.hu\/neptun\/files\/2016\/05\/\u00d3rarendszerkeszt\u00e9s-folyamat\u00e1nak-oktat\u00e1si-seg\u00e9dlete-\u00e9s-a-kurzusmeghirdet\u00e9si-seg\u00e9dlet.docx\">\u00d3rarendszerkeszt\u00e9s folyamat\u00e1nak oktat\u00e1si seg\u00e9dlete \u00e9s a kurzusmeghirdet\u00e9si seg\u00e9dlet<\/a><\/li>\n<li><a href=\"https:\/\/semmelweis.hu\/neptun\/files\/2016\/07\/L\u00e9tes\u00edtm\u00e9nygazd\u00e1lkod\u00e1s-r\u00f6vid.docx\">L\u00e9tes\u00edtm\u00e9nygazd\u00e1lkod\u00e1s dokumentum<\/a><\/li>\n<li><a href=\"https:\/\/semmelweis.hu\/neptun\/files\/2016\/07\/Az-\u00f3rarendi-\u00f3r\u00e1khoz-termeket-NEM-KELL-IG\u00c9NYELNI-a-Neptun.docx\">\u00datmutat\u00f3 teremfoglal\u00e1shoz a Neptun-rendszerben<\/a><\/li>\n<li><a href=\"https:\/\/semmelweis.hu\/neptun\/files\/2021\/02\/Neptun-rendszerben-haszn\u00e1lt-k\u00f3dol\u00e1sok.docx\">Neptun rendszerben haszn\u00e1lt k\u00f3dol\u00e1sok<\/a><\/li>\n<li><a href=\"https:\/\/semmelweis.hu\/neptun\/files\/2024\/07\/FIR3_Hallgatoi_hibakodok_es_javitasuk_v_2.0.pdf\">FIR Hallgat\u00f3i hibak\u00f3dok \u00e9s jav\u00edt\u00e1suknak a dokument\u00e1ci\u00f3ja<\/a><\/li>\n<li><a href=\"https:\/\/semmelweis.hu\/neptun\/files\/2023\/12\/Kepzes-inditas-admin-feladatok-202312.pdf\">\u00daj k\u00e9pz\u00e9s l\u00e9trehoz\u00e1s\u00e1nal elj\u00e1r\u00e1srendje<\/a><\/li>\n<\/ul>\n<h4><strong>TO \u00dcgyint\u00e9z\u0151knek<\/strong><\/h4>\n<ul>\n<li><a href=\"https:\/\/semmelweis.hu\/neptun\/files\/2016\/03\/Zarovizsgaztatas.pdf\" target=\"_blank\" rel=\"noopener noreferrer\">Z\u00e1r\u00f3vizsg\u00e1ztat\u00e1s dokumentum<\/a><\/li>\n<li><a href=\"https:\/\/semmelweis.hu\/neptun\/files\/2021\/12\/Uj-es-regi-doktori-feluletek-kezelese_leiras_DI-nak_210611.pdf\">\u00daj \u00e9s r\u00e9gi doktori fel\u00fcletek kezel\u00e9s\u00e9nek le\u00edr\u00e1sa<\/a><\/li>\n<\/ul>\n<h4><strong>Tansz\u00e9ki adminisztr\u00e1toroknak<\/strong><\/h4>\n<ul>\n<li><a href=\"https:\/\/semmelweis.hu\/neptun\/files\/2017\/11\/TanszekiAdmin_Oktatashoz-anyag_160318.doc\">Tansz\u00e9ki adminisztr\u00e1ci\u00f3s seg\u00e9dlet &#8211; kurzus ki\u00edr\u00e1s, szakdolgozat, szakmai gyakorlat, tematika r\u00f6gz\u00edt\u00e9s\u00e9nek le\u00edr\u00e1sa <\/a><\/li>\n<li><a href=\"https:\/\/semmelweis.hu\/neptun\/files\/2024\/04\/Tantargytematikaval-kapcsolatos-folyamata-importalassal-20240424.docx\">Tant\u00e1rgytematika r\u00f6gz\u00edt\u00e9se import\u00e1l\u00e1ssal<\/a> \u00e9s <a href=\"https:\/\/semmelweis.hu\/neptun\/files\/2024\/10\/Targytematika-fejlec.xlsx\">t\u00e1rgytematik\u00e1hoz importfejl\u00e9c dokumentuma<\/a><\/li>\n<\/ul>\n<p>&nbsp;<\/p>\n","protected":false},"excerpt":{"rendered":"<p>Hallgat\u00f3knak<\/p>\n<p><a href=\"https:\/\/semmelweis.hu\/neptun\/files\/2025\/11\/N-e-p-t-u-n-h-a-l-l-g-a-t-o-i-u-t-m-u-t-a-t-o-uj-hallgato-web-leiras-2025.pdf\">\u00daj Hallgat\u00f3i webhez seg\u00e9dlet &#8211; \u00f6sszefoglal\u00f3<\/a><br \/>\n<a href=\"https:\/\/semmelweis.hu\/neptun\/files\/2025\/11\/Neptun-uj-HWEB-eddig-es-most.pdf\">R\u00e9gi \u00e9s \u00faj hallgat\u00f3i web \u00f6sszehasonl\u00edt\u00f3 seg\u00e9dlet<\/a><br \/>\n<a href=\"https:\/\/semmelweis.hu\/neptun\/files\/2022\/09\/Feladatokkal-kiirt-targy-kurzus-leiras-1.docx\">Feladatokkal ki\u00edrt t\u00e1rgy-kurzus le\u00edr\u00e1s<\/a><\/p>\n<p>Oktat\u00f3knak<\/p>\n<p><a href=\"https:\/\/semmelweis.hu\/neptun\/files\/2016\/03\/Oktatoi_WEB_jegybeiras.doc\">Oktat\u00f3i WEB &#8211; Oktatott t\u00e1rgyak\/kurzusok \u00e9s jegybe\u00edr\u00e1s (Doktori) dokumentuma<\/a><br \/>\n<a href=\"https:\/\/semmelweis.hu\/neptun\/files\/2016\/08\/Oktat\u00f3i-felhaszn\u00e1l\u00f3i-seg\u00e9dlet-Konzult\u00e1ci\u00f3-ki\u00edr\u00e1sa.docx\">Oktat\u00f3i felhaszn\u00e1l\u00f3i seg\u00e9dlet &#8211; Konzult\u00e1ci\u00f3 ki\u00edr\u00e1s\u00e1nak le\u00edr\u00e1sa<\/a><br \/>\n<a href=\"https:\/\/semmelweis.hu\/neptun\/files\/2022\/06\/Oranyilvantartas-rogzitese-2022.docx\">\u00d3ranyilv\u00e1ntart\u00e1s r\u00f6gz\u00edt\u00e9s\u00e9nek le\u00edr\u00e1sa<\/a><br \/>\n<a href=\"https:\/\/semmelweis.hu\/neptun\/files\/2020\/05\/Oktat\u00f3i-webes-fel\u00fclet-Feladatki\u00edr\u00e1s-\u00e9s-kezel\u00e9s.docx\">Feladatki\u00edr\u00e1s \u00e9s kezel\u00e9s<\/a><\/p>\n<p>\u00dcgyint\u00e9z\u0151knek<\/p>\n<p><a href=\"https:\/\/semmelweis.hu\/neptun\/files\/2016\/05\/\u00d3rarendszerkeszt\u00e9s-folyamat\u00e1nak-oktat\u00e1si-seg\u00e9dlete-\u00e9s-a-kurzusmeghirdet\u00e9si-seg\u00e9dlet.docx\">\u00d3rarendszerkeszt\u00e9s folyamat\u00e1nak oktat\u00e1si seg\u00e9dlete \u00e9s a kurzusmeghirdet\u00e9si seg\u00e9dlet<\/a><br \/>\n<a href=\"https:\/\/semmelweis.hu\/neptun\/files\/2016\/07\/L\u00e9tes\u00edtm\u00e9nygazd\u00e1lkod\u00e1s-r\u00f6vid.docx\">L\u00e9tes\u00edtm\u00e9nygazd\u00e1lkod\u00e1s dokumentum<\/a><br \/>\n<a href=\"https:\/\/semmelweis.hu\/neptun\/files\/2016\/07\/Az-\u00f3rarendi-\u00f3r\u00e1khoz-termeket-NEM-KELL-IG\u00c9NYELNI-a-Neptun.docx\">\u00datmutat\u00f3 teremfoglal\u00e1shoz a Neptun-rendszerben<\/a><br \/>\n<a href=\"https:\/\/semmelweis.hu\/neptun\/files\/2021\/02\/Neptun-rendszerben-haszn\u00e1lt-k\u00f3dol\u00e1sok.docx\">Neptun rendszerben haszn\u00e1lt k\u00f3dol\u00e1sok<\/a><br \/>\n<a href=\"https:\/\/semmelweis.hu\/neptun\/files\/2024\/07\/FIR3_Hallgatoi_hibakodok_es_javitasuk_v_2.0.pdf\">FIR Hallgat\u00f3i hibak\u00f3dok \u00e9s jav\u00edt\u00e1suknak a dokument\u00e1ci\u00f3ja<\/a><br \/>\n<a href=\"https:\/\/semmelweis.hu\/neptun\/files\/2023\/12\/Kepzes-inditas-admin-feladatok-202312.pdf\">\u00daj k\u00e9pz\u00e9s l\u00e9trehoz\u00e1s\u00e1nal elj\u00e1r\u00e1srendje<\/a><\/p>\n<p>TO \u00dcgyint\u00e9z\u0151knek<\/p>\n<p><a href=\"https:\/\/semmelweis.hu\/neptun\/files\/2016\/03\/Zarovizsgaztatas.pdf\" target=\"_blank\" rel=\"noopener noreferrer\">Z\u00e1r\u00f3vizsg\u00e1ztat\u00e1s dokumentum<\/a><br \/>\n<a href=\"https:\/\/semmelweis.hu\/neptun\/files\/2021\/12\/Uj-es-regi-doktori-feluletek-kezelese_leiras_DI-nak_210611.pdf\">\u00daj \u00e9s r\u00e9gi doktori fel\u00fcletek kezel\u00e9s\u00e9nek le\u00edr\u00e1sa<\/a><\/p>\n<p>Tansz\u00e9ki adminisztr\u00e1toroknak<\/p>\n<p><a href=\"https:\/\/semmelweis.hu\/neptun\/files\/2017\/11\/TanszekiAdmin_Oktatashoz-anyag_160318.doc\">Tansz\u00e9ki adminisztr\u00e1ci\u00f3s seg\u00e9dlet &#8211; kurzus ki\u00edr\u00e1s, szakdolgozat, szakmai gyakorlat, tematika r\u00f6gz\u00edt\u00e9s\u00e9nek le\u00edr\u00e1sa <\/a><br \/>\n<a href=\"https:\/\/semmelweis.hu\/neptun\/files\/2024\/04\/Tantargytematikaval-kapcsolatos-folyamata-importalassal-20240424.docx\">Tant\u00e1rgytematika r\u00f6gz\u00edt\u00e9se import\u00e1l\u00e1ssal<\/a> \u00e9s <a href=\"https:\/\/semmelweis.hu\/neptun\/files\/2024\/10\/Targytematika-fejlec.xlsx\">t\u00e1rgytematik\u00e1hoz importfejl\u00e9c dokumentuma<\/a><\/p>\n<p>&nbsp;<\/p>\n","protected":false},"author":158,"featured_media":0,"parent":0,"menu_order":0,"comment_status":"closed","ping_status":"closed","template":"","meta":{"_acf_changed":false,"footnotes":""},"categories":[],"tags":[],"class_list":["post-32","page","type-page","status-publish","hentry"],"acf":[],"_links":{"self":[{"href":"https:\/\/semmelweis.hu\/neptun\/wp-json\/wp\/v2\/pages\/32","targetHints":{"allow":["GET"]}}],"collection":[{"href":"https:\/\/semmelweis.hu\/neptun\/wp-json\/wp\/v2\/pages"}],"about":[{"href":"https:\/\/semmelweis.hu\/neptun\/wp-json\/wp\/v2\/types\/page"}],"author":[{"embeddable":true,"href":"https:\/\/semmelweis.hu\/neptun\/wp-json\/wp\/v2\/users\/158"}],"replies":[{"embeddable":true,"href":"https:\/\/semmelweis.hu\/neptun\/wp-json\/wp\/v2\/comments?post=32"}],"version-history":[{"count":12,"href":"https:\/\/semmelweis.hu\/neptun\/wp-json\/wp\/v2\/pages\/32\/revisions"}],"predecessor-version":[{"id":1266,"href":"https:\/\/semmelweis.hu\/neptun\/wp-json\/wp\/v2\/pages\/32\/revisions\/1266"}],"wp:attachment":[{"href":"https:\/\/semmelweis.hu\/neptun\/wp-json\/wp\/v2\/media?parent=32"}],"wp:term":[{"taxonomy":"category","embeddable":true,"href":"https:\/\/semmelweis.hu\/neptun\/wp-json\/wp\/v2\/categories?post=32"},{"taxonomy":"post_tag","embeddable":true,"href":"https:\/\/semmelweis.hu\/neptun\/wp-json\/wp\/v2\/tags?post=32"}],"curies":[{"name":"wp","href":"https:\/\/api.w.org\/{rel}","templated":true}]}}