{"id":31,"date":"2016-03-31T00:00:00","date_gmt":"2016-03-30T22:00:00","guid":{"rendered":"http:\/\/semmelweis.hu\/neptun\/gyakran-ismetlodo-kerdesek\/"},"modified":"2023-07-26T10:39:54","modified_gmt":"2023-07-26T08:39:54","slug":"gyakran-ismetlodo-kerdesek","status":"publish","type":"page","link":"https:\/\/semmelweis.hu\/neptun\/hu\/gyakran-ismetlodo-kerdesek\/","title":{"rendered":"Gyakran ism\u00e9tl\u0151d\u0151 k\u00e9rd\u00e9sek (GYIK)"},"content":{"rendered":"            <div class=\"qae-faqs-container qae-faqs-toggle-container\">\n\t\t\t\t\t\t<div id=\"qaef-450\" class=\"qe-faq-toggle \">\n\t\t\t<div class=\"qe-toggle-title\">\n\t\t\t\t<h4>\n\t\t\t\t\t<i class=\"fa fa-minus-circle\"><\/i> A men\u00fc nehezen \u00e1tl\u00e1that\u00f3, a funkci\u00f3k t\u00f6bbs\u00e9g\u00e9t nem is haszn\u00e1lom, lehet ezen jav\u00edtani?\t\t\t\t<\/h4>\n\t\t\t<\/div>\n\t\t\t<div class=\"qe-toggle-content\">\n\t\t\t\t<p>A programban a Neptun log\u00f3ra kattintva jobb eg\u00e9rgombbal v\u00e1lassza a \u201cMen\u00fcszerkeszt\u0151\u201d men\u00fcpontot, itt be\u00e1ll\u00edthatja az egyes funkci\u00f3k l\u00e1that\u00f3s\u00e1g\u00e1t, sorrendj\u00e9t illetve sz\u00edneket \u00e9s ikonokat is hozz\u00e1rendelhet a men\u00fcpontokhoz.<\/p>\n\t\t\t<\/div>\n\t\t<\/div>\n\t\t\t\t<div id=\"qaef-449\" class=\"qe-faq-toggle \">\n\t\t\t<div class=\"qe-toggle-title\">\n\t\t\t\t<h4>\n\t\t\t\t\t<i class=\"fa fa-minus-circle\"><\/i> A list\u00e1k rendezetlen\u00fcl jelennek meg, minden alkalommal meg kell adnom, mely oszlop szerint legyen rendezve, lehet a be\u00e1ll\u00edt\u00e1st menteni?\t\t\t\t<\/h4>\n\t\t\t<\/div>\n\t\t\t<div class=\"qe-toggle-content\">\n\t\t\t\t<p>A lista fejl\u00e9c\u00e9nek adott oszlop\u00e1ra kattintva le lehet rendezni a list\u00e1t, majd a fejl\u00e9c feletti sz\u00fcrke r\u00e9szre kattintva jobb eg\u00e9rgombbal az \u201cOszlopbe\u00e1ll\u00edt\u00e1sok ment\u00e9se saj\u00e1t r\u00e9szre\u201d men\u00fcpontot v\u00e1lassza ki.<\/p>\n\t\t\t<\/div>\n\t\t<\/div>\n\t\t\t\t<div id=\"qaef-447\" class=\"qe-faq-toggle \">\n\t\t\t<div class=\"qe-toggle-title\">\n\t\t\t\t<h4>\n\t\t\t\t\t<i class=\"fa fa-minus-circle\"><\/i> Honnan tudhatom meg, milyen id\u0151szakok vannak be\u00e1ll\u00edtva a Neptunban?\t\t\t\t<\/h4>\n\t\t\t<\/div>\n\t\t\t<div class=\"qe-toggle-content\">\n\t\t\t\t<p>Inform\u00e1ci\u00f3\/Id\u0151szakok men\u00fcponton kereszt\u00fcl, vagy a Neptun Port\u00e1l Inform\u00e1ci\u00f3k\/Tanulm\u00e1nyi inform\u00e1ci\u00f3k\/Id\u0151szakok men\u00fcponton kereszt\u00fcl<\/p>\n\t\t\t<\/div>\n\t\t<\/div>\n\t\t\t\t<div id=\"qaef-446\" class=\"qe-faq-toggle \">\n\t\t\t<div class=\"qe-toggle-title\">\n\t\t\t\t<h4>\n\t\t\t\t\t<i class=\"fa fa-minus-circle\"><\/i> Hogyan lehet rendezni a t\u00e1rgyak list\u00e1j\u00e1t?\t\t\t\t<\/h4>\n\t\t\t<\/div>\n\t\t\t<div class=\"qe-toggle-content\">\n\t\t\t\t<p>Kattintson a rendezend\u0151 oszlop fejl\u00e9c\u00e9re.<\/p>\n\t\t\t<\/div>\n\t\t<\/div>\n\t\t\t\t<div id=\"qaef-445\" class=\"qe-faq-toggle \">\n\t\t\t<div class=\"qe-toggle-title\">\n\t\t\t\t<h4>\n\t\t\t\t\t<i class=\"fa fa-minus-circle\"><\/i> Vizsgajelentkez\u00e9si id\u0151szakban nem jelennek meg a vizsgaalkalmak.\t\t\t\t<\/h4>\n\t\t\t<\/div>\n\t\t\t<div class=\"qe-toggle-content\">\n\t\t\t\t<p>Ennek t\u00f6bb oka lehet, de leggyakrabban a probl\u00e9ma az, hogy t\u00f6bb kurzus l\u00e9tezik a t\u00e1rgyb\u00f3l, \u00e9s nem arra a kurzusra van ki\u00edrva a vizsga, amit \u00d6n felvett vagy a tansz\u00e9k m\u00e9g nem r\u00f6gz\u00edtette a Neptun Rendszerben az adott vizsgaalkalmat.<\/p>\n\t\t\t<\/div>\n\t\t<\/div>\n\t\t\t\t<div id=\"qaef-444\" class=\"qe-faq-toggle \">\n\t\t\t<div class=\"qe-toggle-title\">\n\t\t\t\t<h4>\n\t\t\t\t\t<i class=\"fa fa-minus-circle\"><\/i> A men\u00fcpontok \u00f6ssze-vissza jelennek meg, mit tegyek?\t\t\t\t<\/h4>\n\t\t\t<\/div>\n\t\t\t<div class=\"qe-toggle-content\">\n\t\t\t\t<p>Sajnos n\u00e9mely sz\u00edns\u00e9ma (t\u00e9ma) alkalmaz\u00e1sakor egy-egy verzi\u00f3ban a men\u00fc \u201csz\u00e9teshet\u201d. Ilyenkor keress\u00fck meg a sz\u00f6vegben a \u201cSaj\u00e1t adatok\u201d, majd a \u201cBe\u00e1ll\u00edt\u00e1sok\u201d linket, s a \u201cT\u00e9m\u00e1k\u201d r\u00e9szben \u00e1ll\u00edtsa \u00e1t \u201cK\u00e9k\u201d-re.<\/p>\n\t\t\t<\/div>\n\t\t<\/div>\n\t\t\t\t<div id=\"qaef-443\" class=\"qe-faq-toggle \">\n\t\t\t<div class=\"qe-toggle-title\">\n\t\t\t\t<h4>\n\t\t\t\t\t<i class=\"fa fa-minus-circle\"><\/i> Orvosl\u00e1togat\u00e1s alkalm\u00e1val \u201cpiros jelz\u00e9st\u201d kaptam, hallgat\u00f3k\u00e9nt azonban biztos\u00edtott vagyok!\t\t\t\t<\/h4>\n\t\t\t<\/div>\n\t\t\t<div class=\"qe-toggle-content\">\n\t\t\t\t<p>Els\u0151sorban ellen\u0151rizze le szem\u00e9lyes adatait a Neptun Rendszerben, k\u00fcl\u00f6n\u00f6s tekintettel a TAJ sz\u00e1m\u00e1ra. Amennyiben az adatok helyesek voltak, val\u00f3sz\u00edn\u0171leg a Fels\u0151oktat\u00e1si Inform\u00e1ci\u00f3s Rendszer (FIR) fel\u00e9 lejelentett adatai valamilyen okn\u00e1l fogva nem jelennek meg az OEP rendszer\u00e9ben. Ilyen esetben azt javasoljuk, k\u00e9rjen hallgat\u00f3i jogviszony igazol\u00e1st a tanulm\u00e1nyi oszt\u00e1lyon, majd ezzel keresse fel az OEP-et ahol \u00e1t\u00e1ll\u00edtj\u00e1k a st\u00e1tusz\u00e1t.<\/p>\n\t\t\t<\/div>\n\t\t<\/div>\n\t\t\t\t<div id=\"qaef-441\" class=\"qe-faq-toggle \">\n\t\t\t<div class=\"qe-toggle-title\">\n\t\t\t\t<h4>\n\t\t\t\t\t<i class=\"fa fa-minus-circle\"><\/i> Kihez kell fordulnom, ha probl\u00e9m\u00e1ba \u00fctk\u00f6z\u00f6k a Neptun haszn\u00e1lata k\u00f6zben?\t\t\t\t<\/h4>\n\t\t\t<\/div>\n\t\t\t<div class=\"qe-toggle-content\">\n\t\t\t\t<ul>\n<li>Amennyiben egy adott t\u00e1rgygyal van gond az oktat\u00f3 tansz\u00e9ket keresse fel,<\/li>\n<li>Amennyiben a Neptun haszn\u00e1lat\u00e1val kapcsolatosan \u00e1ltal\u00e1nos k\u00e9rd\u00e9se van, a tanulm\u00e1nyi el\u0151ad\u00f3j\u00e1t,<\/li>\n<li>Amennyiben a rendszer nem el\u00e9rhet\u0151 vagy \u201cServer Error\u201d hiba\u00fczenetet kap, a Informatikai Igazgat\u00f3s\u00e1g Szolg\u00e1ltat\u00e1sfejleszt\u00e9si Oszt\u00e1ly munkat\u00e1rs\u00e1t keresse,<\/li>\n<li>Amennyiben jelsz\u00f3 probl\u00e9m\u00e1ja van, akkor a Neptun port\u00e1lon le\u00edrtak szerint j\u00e1rjon el.<\/li>\n<\/ul>\n\t\t\t<\/div>\n\t\t<\/div>\n\t\t            <\/div>\n\t\t\n","protected":false},"excerpt":{"rendered":"<p>Amennyiben egy adott t\u00e1rgygyal van gond az oktat\u00f3 tansz\u00e9ket keresse fel,<br \/>\nAmennyiben a Neptun haszn\u00e1lat\u00e1val kapcsolatosan \u00e1ltal\u00e1nos k\u00e9rd\u00e9se van, a tanulm\u00e1nyi el\u0151ad\u00f3j\u00e1t,<br \/>\nAmennyiben a rendszer nem el\u00e9rhet\u0151 vagy \u201cServer Error\u201d hiba\u00fczenetet kap, a Informatikai Igazgat\u00f3s\u00e1g Szolg\u00e1ltat\u00e1sfejleszt\u00e9si Oszt\u00e1ly munkat\u00e1rs\u00e1t keresse,<br \/>\nAmennyiben jelsz\u00f3 probl\u00e9m\u00e1ja van, akkor a Neptun port\u00e1lon le\u00edrtak szerint j\u00e1rjon el.<\/p>\n","protected":false},"author":158,"featured_media":0,"parent":0,"menu_order":0,"comment_status":"closed","ping_status":"closed","template":"template-fullwidth.php","meta":{"_acf_changed":false,"footnotes":""},"categories":[],"tags":[],"class_list":["post-31","page","type-page","status-publish","hentry"],"acf":[],"_links":{"self":[{"href":"https:\/\/semmelweis.hu\/neptun\/wp-json\/wp\/v2\/pages\/31","targetHints":{"allow":["GET"]}}],"collection":[{"href":"https:\/\/semmelweis.hu\/neptun\/wp-json\/wp\/v2\/pages"}],"about":[{"href":"https:\/\/semmelweis.hu\/neptun\/wp-json\/wp\/v2\/types\/page"}],"author":[{"embeddable":true,"href":"https:\/\/semmelweis.hu\/neptun\/wp-json\/wp\/v2\/users\/158"}],"replies":[{"embeddable":true,"href":"https:\/\/semmelweis.hu\/neptun\/wp-json\/wp\/v2\/comments?post=31"}],"version-history":[{"count":10,"href":"https:\/\/semmelweis.hu\/neptun\/wp-json\/wp\/v2\/pages\/31\/revisions"}],"predecessor-version":[{"id":885,"href":"https:\/\/semmelweis.hu\/neptun\/wp-json\/wp\/v2\/pages\/31\/revisions\/885"}],"wp:attachment":[{"href":"https:\/\/semmelweis.hu\/neptun\/wp-json\/wp\/v2\/media?parent=31"}],"wp:term":[{"taxonomy":"category","embeddable":true,"href":"https:\/\/semmelweis.hu\/neptun\/wp-json\/wp\/v2\/categories?post=31"},{"taxonomy":"post_tag","embeddable":true,"href":"https:\/\/semmelweis.hu\/neptun\/wp-json\/wp\/v2\/tags?post=31"}],"curies":[{"name":"wp","href":"https:\/\/api.w.org\/{rel}","templated":true}]}}