{"id":29,"date":"2016-03-31T00:00:00","date_gmt":"2016-03-30T22:00:00","guid":{"rendered":"http:\/\/semmelweis.hu\/neptun\/penzugyi-informaciok\/"},"modified":"2018-06-01T13:19:21","modified_gmt":"2018-06-01T11:19:21","slug":"penzugyi-informaciok","status":"publish","type":"page","link":"https:\/\/semmelweis.hu\/neptun\/hu\/informaciok\/penzugyi-informaciok\/","title":{"rendered":"P\u00e9nz\u00fcgyi inform\u00e1ci\u00f3k"},"content":{"rendered":"<h3><\/h3>\n<p>T\u00e1j\u00e9koztat\u00f3 a Neptun.Net rendszer p\u00e9nz\u00fcgyi modulj\u00e1r\u00f3l A hallgat\u00f3k \u00e1ltal fizetett \u00f6sszegek befizet\u00e9si m\u00f3dja t\u00f6bbf\u00e9le lehet, ezen bel\u00fcl a hallgat\u00f3 \u00e1ltal szabadon megv\u00e1laszthat\u00f3. Egyetem\u00fcnk befizet\u00e9si megold\u00e1sk\u00e9nt a \u00e1tutal\u00e1sos \u00e9s a bankk\u00e1rty\u00e1s befizet\u00e9st v\u00e1lasztotta.<\/p>\n<p><strong>A befizet\u00e9si k\u00f6telezetts\u00e9gek meg\u00e1llap\u00edt\u00e1sa, kirov\u00e1sa<\/strong><\/p>\n<p>A d\u00edjfizet\u00e9si k\u00f6telezetts\u00e9geket a hallgat\u00f3 sz\u00e1m\u00e1ra a tanulm\u00e1nyi oszt\u00e1ly \u00e1llap\u00edtja meg. A tand\u00edjakat \u00e9s a kar \u00e1ltal meghat\u00e1rozott egy\u00e9b befizet\u00e9seket a NEPTUN rendszeren kereszt\u00fcl r\u00f3ja ki a hallgat\u00f3nak, aki a p\u00e9nz\u00fcgyi fel\u00fcleten a ki\u00edrt t\u00e9telek alatt tal\u00e1lja ezeket.<\/p>\n<p><strong>A befizetend\u0151 d\u00edjak megoszt\u00e1si szab\u00e1ly\u00e1nak meghat\u00e1roz\u00e1sa<\/strong><\/p>\n<p>A megoszt\u00e1si szab\u00e1lyok haszn\u00e1lat\u00e1val a hallgat\u00f3knak lehet\u0151s\u00e9g\u00fck ny\u00edlik arra, hogy el\u0151re megadj\u00e1k, hogy az \u00e1ltaluk fizetend\u0151 k\u00fcl\u00f6nb\u00f6z\u0151 d\u00edjakat milyen ar\u00e1nyban szeretn\u00e9k majd megosztani a k\u00fcl\u00f6nb\u00f6z\u0151 befizet\u0151k k\u00f6zt (pl. fel\u00e9r\u0151l ad\u00f3igazol\u00e1st k\u00e9r az apja nev\u00e9re, a m\u00e1sik fel\u00e9r\u0151l pedig egy sz\u00e1ml\u00e1t a munkahelye sz\u00e1m\u00e1ra). Mindez a &#8216;Megoszt\u00e1si szab\u00e1lyok&#8217; gomb megnyom\u00e1s\u00e1val \u00e9rhet\u0151 el. A t\u00e9telki\u00edr\u00e1s sor\u00e1n a program r\u00e1k\u00e9rdez arra, hogy alkalmazza-e ezeket a szab\u00e1lyokat, hiszen ennek nem minden esetben van \u00e9rtelme (tand\u00edjn\u00e1l van, de egy elvesztett index p\u00f3tl\u00e1s\u00e1\u00e9rt befizetend\u0151 \u00f6sszegn\u00e9l val\u00f3sz\u00edn\u0171leg nincs). A hallgat\u00f3 a befizet\u0151 adatainak megad\u00e1s\u00e1n\u00e1l, ha \u00e1tutal\u00e1ssal fog fizetni, a befizet\u0151 adatait, a banksz\u00e1mlasz\u00e1mot \u00e9s az ad\u00f3sz\u00e1mot k\u00f6telez\u0151en ki kell, hogy t\u00f6ltse.<\/p>\n<h3><strong>Igazol\u00e1sok<\/strong><\/h3>\n<h4><strong>1. Kifizet\u00e9sekr\u0151l sz\u00f3l\u00f3 igazol\u00e1sok<\/strong><\/h4>\n<p>A NEPTUN rendszerben t\u00f6rt\u00e9nt regisztr\u00e1ci\u00f3 alapj\u00e1n, az ad\u00f3\u00e9v v\u00e9g\u00e9n az ad\u00f3igazol\u00e1sokat, a t\u00e1rgy\u00e9vet k\u00f6vet\u0151 \u00e9v janu\u00e1r 31-ig, illetve hallgat\u00f3i jogviszony megsz\u0171n\u00e9se eset\u00e9n a hallgat\u00f3 k\u00e9r\u00e9s\u00e9re, t\u00e1rgy\u00e9v k\u00f6zben a tanulm\u00e1nyi oszt\u00e1ly adja ki. Az igazol\u00e1sok \u00e1tv\u00e9tele t\u00e1rgy\u00e9v janu\u00e1r 30-ig t\u00f6rt\u00e9nik.<\/p>\n<h4><strong>2. Befizet\u00e9sekr\u0151l sz\u00f3l\u00f3 igazol\u00e1sok<\/strong><\/h4>\n<p>A tand\u00edj \u00e9s a k\u00f6lts\u00e9gt\u00e9r\u00edt\u00e9s befizet\u00e9s\u00e9r\u0151l a NEPTUN rendszer sz\u00e1ml\u00e1t k\u00e9sz\u00edt. Ha a hallgat\u00f3 a befizet\u00e9sr\u0151l sz\u00e1ml\u00e1t k\u00e9rt, mivel a sz\u00e1mla adatai nem m\u00f3dos\u00edthat\u00f3ak, az igazol\u00e1s is ezeket az adatokat fogja tartalmazni.<\/p>\n<h3><strong>A befizet\u00e9sek v\u00e9grehajt\u00e1sa<\/strong><\/h3>\n<p>A hallgat\u00f3i befizet\u00e9s banki \u00e1tutal\u00e1ssal vagy bankk\u00e1rty\u00e1val t\u00f6rt\u00e9nhet.<\/p>\n<h4><strong>1. Bankk\u00e1rty\u00e1s fizet\u00e9si m\u00f3d<\/strong><\/h4>\n<p>A bankk\u00e1rty\u00e1s teljes\u00edt\u00e9s bejel\u00f6l\u00e9se ut\u00e1n lehet\u0151s\u00e9g van ki\u00edrt t\u00e9tel, IV d\u00edj, szolg\u00e1ltat\u00e1sok, k\u00fcl\u00f6nelj\u00e1r\u00e1si d\u00edj befizet\u00e9s\u00e9re. A bankk\u00e1rty\u00e1s teljes\u00edt\u00e9s, a hallgat\u00f3 szempontj\u00e1b\u00f3l \u00fagy jelenik meg, mintha egy internetes \u00e1ruh\u00e1zban v\u00e1s\u00e1rolna k\u00e1rty\u00e1j\u00e1nak felhaszn\u00e1l\u00e1s\u00e1val. Ebben az esetben a program egyfajta virtu\u00e1lis POS termin\u00e1lk\u00e9nt m\u0171k\u00f6dik. Els\u0151 l\u00e9p\u00e9sben \u00f6sszegy\u0171jti a hallgat\u00f3 \u00e1ltal elv\u00e9gezni k\u00edv\u00e1nt p\u00e9nz\u00fcgyi m\u0171veletek adatait, majd ezek alapj\u00e1n felveszi az OTP bankk\u00e1rty\u00e1s rendszer\u00e9vel a kapcsolatot, \u00e9s \u00edgy lehet\u0151v\u00e9 teszi a hallgat\u00f3 sz\u00e1m\u00e1ra a k\u00e1rtya adatainak megad\u00e1s\u00e1t, s ezzel a p\u00e9nz befizet\u00e9s\u00e9t.<br \/>\nA szolg\u00e1ltat\u00e1s a hallgat\u00f3k sz\u00e1m\u00e1ra ingyenes. A k\u00e1rtyaelfogad\u00f3 rendszer VISA, VISA Electron \u00e9s MasterCard \u00e9s az OTP Bank \u00e1ltal kibocs\u00e1tott Maestro k\u00e1rty\u00e1kat fogadja el. Akinek nincs ilyen, annak a sz\u00e1ml\u00e1j\u00e1hoz ig\u00e9nyelnie kell ilyen k\u00e1rty\u00e1t.<\/p>\n<p>Amennyiben a befizet\u00e9si k\u00f6telezetts\u00e9get nem mag\u00e1nszem\u00e9ly, hanem c\u00e9g teljes\u00edti, \u00fagy a befizet\u00e9s csak banki \u00e1tutal\u00e1ssal t\u00f6rt\u00e9nhet.<\/p>\n<p>&nbsp;<\/p>\n","protected":false},"excerpt":{"rendered":"<p>T\u00e1j\u00e9koztat\u00f3 a Neptun.Net rendszer p\u00e9nz\u00fcgyi modulj\u00e1r\u00f3l A hallgat\u00f3k \u00e1ltal fizetett \u00f6sszegek befizet\u00e9si m\u00f3dja t\u00f6bbf\u00e9le lehet, ezen bel\u00fcl a hallgat\u00f3 \u00e1ltal szabadon megv\u00e1laszthat\u00f3. Egyetem\u00fcnk befizet\u00e9si megold\u00e1sk\u00e9nt a \u00e1tutal\u00e1sos \u00e9s a bankk\u00e1rty\u00e1s befizet\u00e9st v\u00e1lasztotta. A befizet\u00e9si k\u00f6telezetts\u00e9gek meg\u00e1llap\u00edt\u00e1sa, kirov\u00e1sa A d\u00edjfizet\u00e9si k\u00f6telezetts\u00e9geket a hallgat\u00f3 sz\u00e1m\u00e1ra a tanulm\u00e1nyi oszt\u00e1ly \u00e1llap\u00edtja meg. A tand\u00edjakat \u00e9s a kar \u00e1ltal meghat\u00e1rozott &hellip;<\/p>\n","protected":false},"author":158,"featured_media":0,"parent":275,"menu_order":0,"comment_status":"closed","ping_status":"closed","template":"","meta":{"_acf_changed":false,"footnotes":""},"categories":[],"tags":[],"class_list":["post-29","page","type-page","status-publish","hentry"],"acf":[],"_links":{"self":[{"href":"https:\/\/semmelweis.hu\/neptun\/wp-json\/wp\/v2\/pages\/29","targetHints":{"allow":["GET"]}}],"collection":[{"href":"https:\/\/semmelweis.hu\/neptun\/wp-json\/wp\/v2\/pages"}],"about":[{"href":"https:\/\/semmelweis.hu\/neptun\/wp-json\/wp\/v2\/types\/page"}],"author":[{"embeddable":true,"href":"https:\/\/semmelweis.hu\/neptun\/wp-json\/wp\/v2\/users\/158"}],"replies":[{"embeddable":true,"href":"https:\/\/semmelweis.hu\/neptun\/wp-json\/wp\/v2\/comments?post=29"}],"version-history":[{"count":6,"href":"https:\/\/semmelweis.hu\/neptun\/wp-json\/wp\/v2\/pages\/29\/revisions"}],"predecessor-version":[{"id":1193,"href":"https:\/\/semmelweis.hu\/neptun\/wp-json\/wp\/v2\/pages\/29\/revisions\/1193"}],"up":[{"embeddable":true,"href":"https:\/\/semmelweis.hu\/neptun\/wp-json\/wp\/v2\/pages\/275"}],"wp:attachment":[{"href":"https:\/\/semmelweis.hu\/neptun\/wp-json\/wp\/v2\/media?parent=29"}],"wp:term":[{"taxonomy":"category","embeddable":true,"href":"https:\/\/semmelweis.hu\/neptun\/wp-json\/wp\/v2\/categories?post=29"},{"taxonomy":"post_tag","embeddable":true,"href":"https:\/\/semmelweis.hu\/neptun\/wp-json\/wp\/v2\/tags?post=29"}],"curies":[{"name":"wp","href":"https:\/\/api.w.org\/{rel}","templated":true}]}}