{"id":28,"date":"2016-03-31T00:00:00","date_gmt":"2016-03-30T22:00:00","guid":{"rendered":"http:\/\/semmelweis.hu\/neptun\/neptunhoz-kapcsolodo-programok\/"},"modified":"2016-03-31T16:47:57","modified_gmt":"2016-03-31T14:47:57","slug":"neptunhoz-kapcsolodo-programok","status":"publish","type":"page","link":"https:\/\/semmelweis.hu\/neptun\/hu\/neptunhoz-kapcsolodo-programok\/","title":{"rendered":"Neptunhoz kapcsol\u00f3d\u00f3 programok"},"content":{"rendered":"<br \/>\n<tr>\n<td valign=\"top\" style=\"padding-left:30px;text-align:justify\">\n<h3>Neptunhoz kapcsol\u00f3d\u00f3 programok<\/h3>\n<p><a href=\"Letoltesek\/neptun_setup.exe\"> Neptun kliensprogram telep\u00edt\u0151 <\/a><\/p>\n<p>  <a href=\"Letoltesek\/neptun.zip\"> Neptun kliensprogram (t\u00f6m\u00f6r\u00edtett) <\/a><\/p>\n<p>  <a href=\"Letoltesek\/dom2_setup.exe\"> DOM (Diploma \u00e9s Oklev\u00e9l nyilv\u00e1ntart\u00f3) alkalmaz\u00e1s let\u00f6lt\u00e9se <\/a><\/p>\n<p>  <a href=\"Letoltesek\/tk_setup.exe\"> TK (T\u00f6rzsk\u00f6nyv nyilv\u00e1ntart\u00f3) alkalmaz\u00e1s let\u00f6lt\u00e9se <\/a><\/p>\n<p>  <a href=\"Letoltesek\/OracleClient.zip\"> Oracle kliens<\/a><\/p>\n<p>    Riportk\u00e9sz\u00edt\u0151 beregisztr\u00e1l\u00e1sa:<br \/>  <a href=\"files\/dotNetFx40_Full_setup.exe\">.NET 4<\/a><br \/>  C:WINDOWSMicrosoft.NETFrameworkv4.0.30319regasm.exe FastReportCOM.dll \/tlb:FastReportCOM.tlb                                <\/td>\n<\/tr>\n","protected":false},"excerpt":{"rendered":"<p>Neptunhoz kapcsol\u00f3d\u00f3 programok<br \/>\n<a href=\"Letoltesek\/neptun_setup.exe\"> Neptun kliensprogram telep\u00edt\u0151 <\/a><br \/>\n  <a href=\"Letoltesek\/neptun.zip\"> Neptun kliensprogram (t\u00f6m\u00f6r\u00edtett) <\/a><br \/>\n  <a href=\"Letoltesek\/dom2_setup.exe\"> DOM (Diploma \u00e9s Oklev\u00e9l nyilv\u00e1ntart\u00f3) alkalmaz\u00e1s let\u00f6lt\u00e9se <\/a><br \/>\n  <a href=\"Letoltesek\/tk_setup.exe\"> TK (T\u00f6rzsk\u00f6nyv nyilv\u00e1ntart\u00f3) alkalmaz\u00e1s let\u00f6lt\u00e9se <\/a><br \/>\n  <a href=\"Letoltesek\/OracleClient.zip\"> Oracle kliens<\/a><br \/>\n    Riportk\u00e9sz\u00edt\u0151 beregisztr\u00e1l\u00e1sa:  <a href=\"files\/dotNetFx40_Full_setup.exe\">.NET 4<\/a>  C:WINDOWSMicrosoft.NETFrameworkv4.0.30319regasm.exe FastReportCOM.dll \/tlb:FastReportCOM.tlb                                <\/p>\n","protected":false},"author":158,"featured_media":0,"parent":0,"menu_order":0,"comment_status":"closed","ping_status":"closed","template":"","meta":{"_acf_changed":false,"footnotes":""},"categories":[],"tags":[],"class_list":["post-28","page","type-page","status-publish","hentry"],"acf":[],"_links":{"self":[{"href":"https:\/\/semmelweis.hu\/neptun\/wp-json\/wp\/v2\/pages\/28","targetHints":{"allow":["GET"]}}],"collection":[{"href":"https:\/\/semmelweis.hu\/neptun\/wp-json\/wp\/v2\/pages"}],"about":[{"href":"https:\/\/semmelweis.hu\/neptun\/wp-json\/wp\/v2\/types\/page"}],"author":[{"embeddable":true,"href":"https:\/\/semmelweis.hu\/neptun\/wp-json\/wp\/v2\/users\/158"}],"replies":[{"embeddable":true,"href":"https:\/\/semmelweis.hu\/neptun\/wp-json\/wp\/v2\/comments?post=28"}],"version-history":[{"count":1,"href":"https:\/\/semmelweis.hu\/neptun\/wp-json\/wp\/v2\/pages\/28\/revisions"}],"predecessor-version":[{"id":96,"href":"https:\/\/semmelweis.hu\/neptun\/wp-json\/wp\/v2\/pages\/28\/revisions\/96"}],"wp:attachment":[{"href":"https:\/\/semmelweis.hu\/neptun\/wp-json\/wp\/v2\/media?parent=28"}],"wp:term":[{"taxonomy":"category","embeddable":true,"href":"https:\/\/semmelweis.hu\/neptun\/wp-json\/wp\/v2\/categories?post=28"},{"taxonomy":"post_tag","embeddable":true,"href":"https:\/\/semmelweis.hu\/neptun\/wp-json\/wp\/v2\/tags?post=28"}],"curies":[{"name":"wp","href":"https:\/\/api.w.org\/{rel}","templated":true}]}}