{"id":275,"date":"2016-04-13T14:11:16","date_gmt":"2016-04-13T12:11:16","guid":{"rendered":"http:\/\/semmelweis.hu\/neptun\/?page_id=275"},"modified":"2016-05-15T09:28:07","modified_gmt":"2016-05-15T07:28:07","slug":"informaciok","status":"publish","type":"page","link":"https:\/\/semmelweis.hu\/neptun\/hu\/informaciok\/","title":{"rendered":"Inform\u00e1ci\u00f3k"},"content":{"rendered":"<p style=\"text-align: left\"><a class=\"button-big\" href=\"https:\/\/semmelweis.hu\/neptun\/hu\/esemeny-naptar\/\">Esem\u00e9nynapt\u00e1r<\/a><\/p>\n<p style=\"text-align: left\"><a class=\"button-big\" href=\"https:\/\/semmelweis.hu\/neptun\/hu\/tanulmanyi-informaciok\/\">Tanulm\u00e1nyi inform\u00e1ci\u00f3k<\/a><\/p>\n<p style=\"text-align: left\"><a class=\"button-big\" href=\"https:\/\/semmelweis.hu\/neptun\/hu\/technikai-informaciok\/\">Technikai inform\u00e1ci\u00f3k<\/a><\/p>\n<p style=\"text-align: left\"><a class=\"button-big\" href=\"https:\/\/semmelweis.hu\/neptun\/hu\/penzugyi-informaciok\/\">P\u00e9nz\u00fcgyi inform\u00e1ci\u00f3k<\/a><\/p>\n<p style=\"text-align: left\"><a class=\"button-big\" href=\"https:\/\/semmelweis.hu\/neptun\/hu\/letoltesek\/\">Let\u00f6lt\u00e9sek<\/a><\/p>\n<p style=\"text-align: left\"><a class=\"button-big\" href=\"https:\/\/semmelweis.hu\/neptun\/hu\/neptun-oktatas\/\">Neptun oktat\u00e1s<\/a><\/p>\n","protected":false},"excerpt":{"rendered":"<p><a class=\"button-big\" href=\"https:\/\/semmelweis.hu\/neptun\/hu\/esemeny-naptar\/\">Esem\u00e9nynapt\u00e1r<\/a><br \/>\n<a class=\"button-big\" href=\"https:\/\/semmelweis.hu\/neptun\/hu\/tanulmanyi-informaciok\/\">Tanulm\u00e1nyi inform\u00e1ci\u00f3k<\/a><br \/>\n<a class=\"button-big\" href=\"https:\/\/semmelweis.hu\/neptun\/hu\/technikai-informaciok\/\">Technikai inform\u00e1ci\u00f3k<\/a><br \/>\n<a class=\"button-big\" href=\"https:\/\/semmelweis.hu\/neptun\/hu\/penzugyi-informaciok\/\">P\u00e9nz\u00fcgyi inform\u00e1ci\u00f3k<\/a><br \/>\n<a class=\"button-big\" href=\"https:\/\/semmelweis.hu\/neptun\/hu\/letoltesek\/\">Let\u00f6lt\u00e9sek<\/a><br \/>\n<a class=\"button-big\" href=\"https:\/\/semmelweis.hu\/neptun\/hu\/neptun-oktatas\/\">Neptun oktat\u00e1s<\/a><\/p>\n","protected":false},"author":101118,"featured_media":0,"parent":0,"menu_order":0,"comment_status":"closed","ping_status":"closed","template":"","meta":{"_acf_changed":false,"footnotes":""},"categories":[],"tags":[],"class_list":["post-275","page","type-page","status-publish","hentry"],"acf":[],"_links":{"self":[{"href":"https:\/\/semmelweis.hu\/neptun\/wp-json\/wp\/v2\/pages\/275","targetHints":{"allow":["GET"]}}],"collection":[{"href":"https:\/\/semmelweis.hu\/neptun\/wp-json\/wp\/v2\/pages"}],"about":[{"href":"https:\/\/semmelweis.hu\/neptun\/wp-json\/wp\/v2\/types\/page"}],"author":[{"embeddable":true,"href":"https:\/\/semmelweis.hu\/neptun\/wp-json\/wp\/v2\/users\/101118"}],"replies":[{"embeddable":true,"href":"https:\/\/semmelweis.hu\/neptun\/wp-json\/wp\/v2\/comments?post=275"}],"version-history":[{"count":7,"href":"https:\/\/semmelweis.hu\/neptun\/wp-json\/wp\/v2\/pages\/275\/revisions"}],"predecessor-version":[{"id":437,"href":"https:\/\/semmelweis.hu\/neptun\/wp-json\/wp\/v2\/pages\/275\/revisions\/437"}],"wp:attachment":[{"href":"https:\/\/semmelweis.hu\/neptun\/wp-json\/wp\/v2\/media?parent=275"}],"wp:term":[{"taxonomy":"category","embeddable":true,"href":"https:\/\/semmelweis.hu\/neptun\/wp-json\/wp\/v2\/categories?post=275"},{"taxonomy":"post_tag","embeddable":true,"href":"https:\/\/semmelweis.hu\/neptun\/wp-json\/wp\/v2\/tags?post=275"}],"curies":[{"name":"wp","href":"https:\/\/api.w.org\/{rel}","templated":true}]}}