{"id":27,"date":"2016-03-31T00:00:00","date_gmt":"2016-03-30T22:00:00","guid":{"rendered":"http:\/\/semmelweis.hu\/neptun\/technikai-informaciok\/"},"modified":"2016-07-13T15:16:06","modified_gmt":"2016-07-13T13:16:06","slug":"technikai-informaciok","status":"publish","type":"page","link":"https:\/\/semmelweis.hu\/neptun\/hu\/informaciok\/technikai-informaciok\/","title":{"rendered":"Technikai inform\u00e1ci\u00f3k"},"content":{"rendered":"<h3>Rendszerk\u00f6vetelm\u00e9nyek<\/h3>\n<p>A NEPTUN rendszer el\u00e9r\u00e9s\u00e9hez haszn\u00e1lni k\u00edv\u00e1nt sz\u00e1mt\u00f3g\u00e9ppel szemben t\u00e1masztott minimum k\u00f6vetelm\u00e9nyek:<\/p>\n<h4>Neptun.Net klienshez<\/h4>\n<table>\n<tbody>\n<tr>\n<td>Hardver:<\/td>\n<td>P4 CPU vagy Celeron 1.8 GHz<br \/>\n512MB RAM<br \/>\n1024*768 k\u00e9perny\u0151felbont\u00e1s<br \/>\n(minimum: CPU P3 800 MHz, RAM 256 MB)<\/td>\n<\/tr>\n<tr>\n<td>T\u00e1mogatott oper\u00e1ci\u00f3s rendszerek<\/td>\n<td>Windows XP, Vista, Windows 7, 8, 10<\/td>\n<\/tr>\n<tr>\n<td>Internetkapcsolat<\/td>\n<td>LAN, VPN<\/td>\n<\/tr>\n<\/tbody>\n<\/table>\n<p>Amennyiben az egyetemi h\u00e1l\u00f3zaton k\u00edv\u00fcli g\u00e9pr\u0151l k\u00edv\u00e1nja a Neptun Rendszert el\u00e9rni, VPN kapcsolatot kell l\u00e9trehoznia. <a href=\"https:\/\/semmelweis.hu\/informatika\/szolgaltatasaink\/eroforrasok-tavoli-elerese\/\" target=\"_blank\">Err\u0151l b\u0151vebben itt olvashat, s itt t\u00f6ltheti le a sz\u00fcks\u00e9ges ig\u00e9nyl\u0151lapot<\/a><\/p>\n<h4>Felhaszn\u00e1l\u00f3i hardver \u00e9s szoftver k\u00f6vetelm\u00e9nyek oktat\u00f3i, hallgat\u00f3i webes fel\u00fclethez<\/h4>\n<table>\n<tbody>\n<tr>\n<td>Hardver<\/td>\n<td>Sz\u00e1m\u00edt\u00f3g\u00e9p 233 MHz-es vagy ann\u00e1l gyorsabb processzorral<br \/>\n64MB RAM<\/td>\n<\/tr>\n<tr>\n<td>T\u00e1mogatott oper\u00e1ci\u00f3s rendszerek<\/td>\n<td>Windows 2000, XP, Vista, 7, 8, 10, Windows Server 2003, SUSE Linux 10<\/td>\n<\/tr>\n<tr>\n<td>B\u00f6ng\u00e9sz\u0151<\/td>\n<td>Microsoft Internet Explorer 10.0+ ; Mozilla Firefox ; Google Chrome<\/td>\n<\/tr>\n<tr>\n<td>Egy\u00e9b<\/td>\n<td>800&#215;600-as felbont\u00e1s<br \/>\nInternetkapcsolat<\/td>\n<\/tr>\n<\/tbody>\n<\/table>\n<h4>Informatikai h\u00e1tt\u00e9r<\/h4>\n<p>A Neptun.Net g\u00f6rd\u00fcl\u00e9keny m\u0171k\u00f6d\u00e9s\u00e9t egy IBM Blade Centerben elhelyezett 2 darab LS42 illetve 2 darab HS21 g\u00e9p biztos\u00edtja. A g\u00e9pek t\u00f6bbsz\u00f6r\u00f6s bet\u00e1pl\u00e1l\u00e1s\u00fa, sz\u00fcnetmentes t\u00e1pegys\u00e9ggel ell\u00e1tott szerverteremben lettek elhelyezve.<\/p>\n<p>Az adatb\u00e1zisban t\u00e1rolt adatok biztons\u00e1g\u00e1r\u00f3l folyamatos redund\u00e1ns (szalagos + merevlemezre t\u00f6rt\u00e9n\u0151) ment\u00e9s gondoskodik. Ezzel biztos\u00edthatjuk, hogy a legrosszabb esetben visszamen\u0151legesen maximum 20 percnyi adat veszhet el.<\/p>\n","protected":false},"excerpt":{"rendered":"<p>Rendszerk\u00f6vetelm\u00e9nyek A NEPTUN rendszer el\u00e9r\u00e9s\u00e9hez haszn\u00e1lni k\u00edv\u00e1nt sz\u00e1mt\u00f3g\u00e9ppel szemben t\u00e1masztott minimum k\u00f6vetelm\u00e9nyek: Neptun.Net klienshez Hardver: P4 CPU vagy Celeron 1.8 GHz 512MB RAM 1024*768 k\u00e9perny\u0151felbont\u00e1s (minimum: CPU P3 800 MHz, RAM 256 MB) T\u00e1mogatott oper\u00e1ci\u00f3s rendszerek Windows XP, Vista, Windows 7, 8, 10 Internetkapcsolat LAN, VPN Amennyiben az egyetemi h\u00e1l\u00f3zaton k\u00edv\u00fcli g\u00e9pr\u0151l k\u00edv\u00e1nja a Neptun &hellip;<\/p>\n","protected":false},"author":158,"featured_media":0,"parent":275,"menu_order":0,"comment_status":"closed","ping_status":"closed","template":"","meta":{"_acf_changed":false,"footnotes":""},"categories":[],"tags":[],"class_list":["post-27","page","type-page","status-publish","hentry"],"acf":[],"_links":{"self":[{"href":"https:\/\/semmelweis.hu\/neptun\/wp-json\/wp\/v2\/pages\/27","targetHints":{"allow":["GET"]}}],"collection":[{"href":"https:\/\/semmelweis.hu\/neptun\/wp-json\/wp\/v2\/pages"}],"about":[{"href":"https:\/\/semmelweis.hu\/neptun\/wp-json\/wp\/v2\/types\/page"}],"author":[{"embeddable":true,"href":"https:\/\/semmelweis.hu\/neptun\/wp-json\/wp\/v2\/users\/158"}],"replies":[{"embeddable":true,"href":"https:\/\/semmelweis.hu\/neptun\/wp-json\/wp\/v2\/comments?post=27"}],"version-history":[{"count":8,"href":"https:\/\/semmelweis.hu\/neptun\/wp-json\/wp\/v2\/pages\/27\/revisions"}],"predecessor-version":[{"id":356,"href":"https:\/\/semmelweis.hu\/neptun\/wp-json\/wp\/v2\/pages\/27\/revisions\/356"}],"up":[{"embeddable":true,"href":"https:\/\/semmelweis.hu\/neptun\/wp-json\/wp\/v2\/pages\/275"}],"wp:attachment":[{"href":"https:\/\/semmelweis.hu\/neptun\/wp-json\/wp\/v2\/media?parent=27"}],"wp:term":[{"taxonomy":"category","embeddable":true,"href":"https:\/\/semmelweis.hu\/neptun\/wp-json\/wp\/v2\/categories?post=27"},{"taxonomy":"post_tag","embeddable":true,"href":"https:\/\/semmelweis.hu\/neptun\/wp-json\/wp\/v2\/tags?post=27"}],"curies":[{"name":"wp","href":"https:\/\/api.w.org\/{rel}","templated":true}]}}