{"id":25,"date":"2016-03-31T00:00:00","date_gmt":"2016-03-30T22:00:00","guid":{"rendered":"http:\/\/semmelweis.hu\/neptun\/jogszabalyok\/"},"modified":"2023-03-22T14:46:43","modified_gmt":"2023-03-22T13:46:43","slug":"tanulmanyi-informaciokjogszabalyok","status":"publish","type":"page","link":"https:\/\/semmelweis.hu\/neptun\/hu\/tanulmanyi-informaciokjogszabalyok\/","title":{"rendered":"Jogszab\u00e1lyok"},"content":{"rendered":"<h3>Jogszab\u00e1lyok<\/h3>\n<p><b>Az oktat\u00e1shoz kapcsol\u00f3d\u00f3 jogszab\u00e1lyok, szab\u00e1lyzatok gy\u0171jtem\u00e9nye<\/b><\/p>\n<p>T\u00f6rv\u00e9nyek, korm\u00e1nyrendeletek<\/p>\n<ul>\n<li><a href=\"https:\/\/semmelweis.hu\/neptun\/files\/2016\/05\/87-2015-IV9-Korm-rendelet.docx\">87\/2015 (IV.9.) Korm. rendelet a nemzeti fels\u0151oktat\u00e1sr\u00f3l sz\u00f3l\u00f3 2011. \u00e9vi CCIV. t\u00f6rv\u00e9ny egyes rendelkez\u00e9seinek v\u00e9grehajt\u00e1s\u00e1r\u00f3l<\/a><\/li>\n<\/ul>\n<p>&nbsp;<\/p>\n<ul>\n<li><a href=\"https:\/\/semmelweis.hu\/jogigfoig\/files\/2022\/09\/Neptun_szabalyzat_hataly_2022.IX_.10-tol.pdf\" target=\"_blank\" rel=\"noopener noreferrer\">Semmelweis Egyetem Neptun Szab\u00e1lyzata<\/a><\/li>\n<\/ul>\n","protected":false},"excerpt":{"rendered":"<p>Jogszab\u00e1lyok<br \/>\nAz oktat\u00e1shoz kapcsol\u00f3d\u00f3 jogszab\u00e1lyok, szab\u00e1lyzatok gy\u0171jtem\u00e9nye<br \/>\nT\u00f6rv\u00e9nyek, korm\u00e1nyrendeletek<\/p>\n<p><a href=\"https:\/\/semmelweis.hu\/neptun\/files\/2016\/05\/87-2015-IV9-Korm-rendelet.docx\">87\/2015 (IV.9.) Korm. rendelet a nemzeti fels\u0151oktat\u00e1sr\u00f3l sz\u00f3l\u00f3 2011. \u00e9vi CCIV. t\u00f6rv\u00e9ny egyes rendelkez\u00e9seinek v\u00e9grehajt\u00e1s\u00e1r\u00f3l<\/a><\/p>\n<p>&nbsp;<\/p>\n<p><a href=\"https:\/\/semmelweis.hu\/jogigfoig\/files\/2022\/09\/Neptun_szabalyzat_hataly_2022.IX_.10-tol.pdf\" target=\"_blank\" rel=\"noopener noreferrer\">Semmelweis Egyetem Neptun Szab\u00e1lyzata<\/a><\/p>\n","protected":false},"author":158,"featured_media":0,"parent":0,"menu_order":0,"comment_status":"closed","ping_status":"closed","template":"","meta":{"_acf_changed":false,"footnotes":""},"categories":[],"tags":[],"class_list":["post-25","page","type-page","status-publish","hentry"],"acf":[],"_links":{"self":[{"href":"https:\/\/semmelweis.hu\/neptun\/wp-json\/wp\/v2\/pages\/25","targetHints":{"allow":["GET"]}}],"collection":[{"href":"https:\/\/semmelweis.hu\/neptun\/wp-json\/wp\/v2\/pages"}],"about":[{"href":"https:\/\/semmelweis.hu\/neptun\/wp-json\/wp\/v2\/types\/page"}],"author":[{"embeddable":true,"href":"https:\/\/semmelweis.hu\/neptun\/wp-json\/wp\/v2\/users\/158"}],"replies":[{"embeddable":true,"href":"https:\/\/semmelweis.hu\/neptun\/wp-json\/wp\/v2\/comments?post=25"}],"version-history":[{"count":10,"href":"https:\/\/semmelweis.hu\/neptun\/wp-json\/wp\/v2\/pages\/25\/revisions"}],"predecessor-version":[{"id":1083,"href":"https:\/\/semmelweis.hu\/neptun\/wp-json\/wp\/v2\/pages\/25\/revisions\/1083"}],"wp:attachment":[{"href":"https:\/\/semmelweis.hu\/neptun\/wp-json\/wp\/v2\/media?parent=25"}],"wp:term":[{"taxonomy":"category","embeddable":true,"href":"https:\/\/semmelweis.hu\/neptun\/wp-json\/wp\/v2\/categories?post=25"},{"taxonomy":"post_tag","embeddable":true,"href":"https:\/\/semmelweis.hu\/neptun\/wp-json\/wp\/v2\/tags?post=25"}],"curies":[{"name":"wp","href":"https:\/\/api.w.org\/{rel}","templated":true}]}}