{"id":215,"date":"2016-04-06T11:12:00","date_gmt":"2016-04-06T09:12:00","guid":{"rendered":"http:\/\/semmelweis.hu\/neptun\/?page_id=215"},"modified":"2025-10-10T14:19:29","modified_gmt":"2025-10-10T12:19:29","slug":"letoltesek","status":"publish","type":"page","link":"https:\/\/semmelweis.hu\/neptun\/hu\/informaciok\/letoltesek\/","title":{"rendered":"Let\u00f6lt\u00e9sek"},"content":{"rendered":"<h2>Neptunhoz kapcsol\u00f3d\u00f3 programok<\/h2>\n<p>&nbsp;<\/p>\n<p>&nbsp;<\/p>\n<table>\n<tbody>\n<tr style=\"height: 24px;background-color: #77b9f2\">\n<td style=\"text-align: center;height: 24px\">N\u00e9v<\/td>\n<td style=\"text-align: center;height: 24px\">Utolj\u00e1ra friss\u00edtve<\/td>\n<\/tr>\n<tr style=\"height: 24px\">\n<td style=\"height: 24px\">\u00a0<\/td>\n<td style=\"height: 24px\">\u00a0<\/td>\n<\/tr>\n<tr style=\"height: 24px\">\n<td style=\"height: 24px\"><a class=\"button-big\" href=\"http:\/\/campus.sote.hu\/?path=Neptun%2F\">Neptun kliensprogram telep\u00edt\u0151<\/a><\/td>\n<td style=\"height: 24px\">\u00a0<\/td>\n<\/tr>\n<tr style=\"height: 24px\">\n<td style=\"height: 24px\">\u00a0<\/td>\n<td style=\"height: 24px\">\u00a0<\/td>\n<\/tr>\n<tr style=\"height: 24px\">\n<td style=\"height: 24px\"><a class=\"button-big\" href=\"http:\/\/campus.sote.hu\/?path=Neptun%2F\">Neptun kliensprogram (t\u00f6m\u00f6r\u00edtett)<\/a><\/td>\n<td style=\"height: 24px\">\u00a0\u00a02024.07.26<\/td>\n<\/tr>\n<tr style=\"height: 24px\">\n<td style=\"height: 24px\">\u00a0<\/td>\n<td style=\"height: 24px\">\u00a0<\/td>\n<\/tr>\n<tr style=\"height: 24px\">\n<td style=\"height: 24px\"><a class=\"button-big\" href=\"http:\/\/campus.sote.hu\/?path=Neptun%2F\">DOM (Diploma \u00e9s Oklev\u00e9l nyilv\u00e1ntart\u00f3)<\/a><\/td>\n<td style=\"height: 24px\">\u00a0\u00a02021.12.02<\/td>\n<\/tr>\n<tr style=\"height: 24px\">\n<td style=\"height: 24px\">\u00a0<\/td>\n<\/tr>\n<tr style=\"height: 24px\">\n<td style=\"height: 24px\">\u00a0<\/td>\n<td style=\"height: 24px\">\u00a0<\/td>\n<\/tr>\n<tr style=\"height: 24px\">\n<td style=\"height: 24px\"><a class=\"button-big\" href=\"http:\/\/campus.sote.hu\/?path=Neptun%2F\">TK (T\u00d6RZSK\u00d6NYV NYILV\u00c1NTART\u00d3)<\/a><\/td>\n<\/tr>\n<tr style=\"height: 24px\">\n<td style=\"height: 24px\">\u00a0<\/td>\n<\/tr>\n<\/tbody>\n<\/table>\n<h3>Riportk\u00e9sz\u00edt\u0151 beregisztr\u00e1l\u00e1sa:<\/h3>\n<p><a class=\"button-big\" href=\"https:\/\/semmelweis.hu\/neptun\/files\/2016\/03\/dotNetFx40_Full_setup.exe\">.NET 4<\/a><\/p>\n","protected":false},"excerpt":{"rendered":"<p>Neptunhoz kapcsol\u00f3d\u00f3 programok<br \/>\n&nbsp;<br \/>\n&nbsp;<\/p>\n<p>N\u00e9v<br \/>\nUtolj\u00e1ra friss\u00edtve<\/p>\n<p>\u00a0<br \/>\n\u00a0<\/p>\n<p><a class=\"button-big\" href=\"http:\/\/campus.sote.hu\/?path=Neptun%2F\">Neptun kliensprogram telep\u00edt\u0151<\/a><br \/>\n\u00a0<\/p>\n<p>\u00a0<br \/>\n\u00a0<\/p>\n<p><a class=\"button-big\" href=\"http:\/\/campus.sote.hu\/?path=Neptun%2F\">Neptun kliensprogram (t\u00f6m\u00f6r\u00edtett)<\/a><br \/>\n\u00a0\u00a02024.07.26<\/p>\n<p>\u00a0<br \/>\n\u00a0<\/p>\n<p><a class=\"button-big\" href=\"http:\/\/campus.sote.hu\/?path=Neptun%2F\">DOM (Diploma \u00e9s Oklev\u00e9l nyilv\u00e1ntart\u00f3)<\/a><br \/>\n\u00a0\u00a02021.12.02<\/p>\n<p>\u00a0<\/p>\n<p>\u00a0<br \/>\n\u00a0<\/p>\n<p><a class=\"button-big\" href=\"http:\/\/campus.sote.hu\/?path=Neptun%2F\">TK (T\u00d6RZSK\u00d6NYV NYILV\u00c1NTART\u00d3)<\/a><\/p>\n<p>\u00a0<\/p>\n<p>Riportk\u00e9sz\u00edt\u0151 beregisztr\u00e1l\u00e1sa:<br \/>\n<a class=\"button-big\" href=\"https:\/\/semmelweis.hu\/neptun\/files\/2016\/03\/dotNetFx40_Full_setup.exe\">.NET 4<\/a><\/p>\n","protected":false},"author":101118,"featured_media":0,"parent":275,"menu_order":0,"comment_status":"closed","ping_status":"closed","template":"","meta":{"_acf_changed":false,"footnotes":""},"categories":[],"tags":[],"class_list":["post-215","page","type-page","status-publish","hentry"],"acf":[],"_links":{"self":[{"href":"https:\/\/semmelweis.hu\/neptun\/wp-json\/wp\/v2\/pages\/215","targetHints":{"allow":["GET"]}}],"collection":[{"href":"https:\/\/semmelweis.hu\/neptun\/wp-json\/wp\/v2\/pages"}],"about":[{"href":"https:\/\/semmelweis.hu\/neptun\/wp-json\/wp\/v2\/types\/page"}],"author":[{"embeddable":true,"href":"https:\/\/semmelweis.hu\/neptun\/wp-json\/wp\/v2\/users\/101118"}],"replies":[{"embeddable":true,"href":"https:\/\/semmelweis.hu\/neptun\/wp-json\/wp\/v2\/comments?post=215"}],"version-history":[{"count":11,"href":"https:\/\/semmelweis.hu\/neptun\/wp-json\/wp\/v2\/pages\/215\/revisions"}],"predecessor-version":[{"id":1242,"href":"https:\/\/semmelweis.hu\/neptun\/wp-json\/wp\/v2\/pages\/215\/revisions\/1242"}],"up":[{"embeddable":true,"href":"https:\/\/semmelweis.hu\/neptun\/wp-json\/wp\/v2\/pages\/275"}],"wp:attachment":[{"href":"https:\/\/semmelweis.hu\/neptun\/wp-json\/wp\/v2\/media?parent=215"}],"wp:term":[{"taxonomy":"category","embeddable":true,"href":"https:\/\/semmelweis.hu\/neptun\/wp-json\/wp\/v2\/categories?post=215"},{"taxonomy":"post_tag","embeddable":true,"href":"https:\/\/semmelweis.hu\/neptun\/wp-json\/wp\/v2\/tags?post=215"}],"curies":[{"name":"wp","href":"https:\/\/api.w.org\/{rel}","templated":true}]}}