{"id":21,"date":"2016-03-31T00:00:00","date_gmt":"2016-03-30T22:00:00","guid":{"rendered":"http:\/\/semmelweis.hu\/neptun\/neptun-inditasa\/"},"modified":"2026-04-13T13:04:59","modified_gmt":"2026-04-13T11:04:59","slug":"neptun-inditasa","status":"publish","type":"page","link":"https:\/\/semmelweis.hu\/neptun\/hu\/neptun-inditasa\/","title":{"rendered":"Neptun ind\u00edt\u00e1sa"},"content":{"rendered":"<div class=\"keretes\" style=\"float: left !important; border: 1px solid #fff !important; background-color: #ffff !important;\"><a href=\"https:\/\/neptunweb.semmelweis.hu\/oktato\" target=\"_blank\" rel=\"noopener noreferrer\"><img decoding=\"async\" class=\"aligncenter wp-image-262 \" src=\"https:\/\/semmelweis.hu\/neptun\/files\/2016\/03\/oktatoi_kep.jpg\" alt=\"Oktat\u00f3i bel\u00e9p\u00e9s\" width=\"350\" srcset=\"https:\/\/semmelweis.hu\/neptun\/files\/2016\/03\/oktatoi_kep.jpg 445w, https:\/\/semmelweis.hu\/neptun\/files\/2016\/03\/oktatoi_kep-300x171.jpg 300w\" sizes=\"(max-width: 445px) 100vw, 445px\" \/><\/a><\/p>\n<p style=\"text-align: center;\"><a class=\"button\" href=\"https:\/\/neptunweb.semmelweis.hu\/oktato\" target=\"_blank\" rel=\"noopener\">Oktat\u00f3i bel\u00e9p\u00e9s<\/a><\/p>\n<\/div>\n<div class=\"keretes\" style=\"float: left !important; border: 1px solid #fff !important; background-color: #ffff !important;\"><a href=\"https:\/\/neptunweb.semmelweis.hu\/hallgato\" target=\"_blank\" rel=\"noopener noreferrer\"><img decoding=\"async\" class=\"aligncenter wp-image-261 \" src=\"https:\/\/semmelweis.hu\/neptun\/files\/2016\/03\/hallgat\u00f3i_k\u00e9p.jpg\" alt=\"Hallgat\u00f3i bel\u00e9p\u00e9s\" width=\"350\" srcset=\"https:\/\/semmelweis.hu\/neptun\/files\/2016\/03\/hallgat\u00f3i_k\u00e9p.jpg 451w, https:\/\/semmelweis.hu\/neptun\/files\/2016\/03\/hallgat\u00f3i_k\u00e9p-300x171.jpg 300w\" sizes=\"(max-width: 451px) 100vw, 451px\" \/><\/a><\/p>\n<p style=\"text-align: center;\"><a class=\"button\" href=\"https:\/\/neptunweb.semmelweis.hu\/hallgato\" target=\"_blank\" rel=\"noopener\">Hallgat\u00f3i bel\u00e9p\u00e9s<\/a><\/p>\n<\/div>\n<hr \/>\n<h2>Neptun ind\u00edt\u00e1sa<\/h2>\n<p>A Neptun azonos\u00edt\u00f3 a rendszerben egyedileg azonos\u00edtja a rendszer haszn\u00e1l\u00f3j\u00e1t. Az azonos\u00edt\u00f3t a rendszer gener\u00e1lja a felhaszn\u00e1l\u00f3 nev\u00e9t, anyja nev\u00e9t, sz\u00fclet\u00e9si idej\u00e9t felhaszn\u00e1lva. Megv\u00e1ltoztatni \u00e9s egyedi azonos\u00edtot ig\u00e9nyelni nem lehet. A kapott azonos\u00edt\u00f3hoz tartoz\u00f3 &#8211; a bel\u00e9p\u00e9shez sz\u00fcks\u00e9ges &#8211; jelsz\u00f3 alap\u00e9rtelmez\u00e9sben a Ne sz\u00f3, illetve a felhaszn\u00e1l\u00f3 sz\u00fclet\u00e9si ideje \u00c9\u00c9\u00c9\u00c9HHNN form\u00e1tumban megadva, ahol az \u00c9\u00c9\u00c9\u00c9 az \u00e9vsz\u00e1m n\u00e9gy karaktere, a HH a h\u00f3napot, a NN pedig a napot jel\u00f6li k\u00e9t-k\u00e9t karakteren (Ne\u00c9\u00c9\u00c9\u00c9HHNN).<\/p>\n<p>Az els\u0151 bel\u00e9p\u00e9st k\u00f6vet\u0151en az adatok v\u00e9delme \u00e9rdek\u00e9ben k\u00f6telez\u0151 ezen jelsz\u00f3 megv\u00e1ltoztat\u00e1sa.<\/p>\n<p>A <strong>hallgat\u00f3k<\/strong> Neptun azonos\u00edt\u00f3jukat a D\u00e9k\u00e1ni Hivatalt\u00f3l\/Tanulm\u00e1nyi Oszt\u00e1lyt\u00f3l kapj\u00e1k meg.<\/p>\n<p>Az <strong>alkalmazottak<\/strong> (Tansz\u00e9ki Adminisztr\u00e1torok, TO \u00dcgyint\u00e9z\u0151k, Oktat\u00f3k, stb. &#8211; ld. a Neptun szab\u00e1lyzatban) Neptun azonos\u00edt\u00f3jukat, illetve a jogosults\u00e1gokat<strong> a Neptun Csoportt\u00f3l csakis e-mail-ben ig\u00e9nyelhetik<\/strong> <strong><a href=\"https:\/\/semmelweis.hu\/neptun\/files\/2019\/10\/Jogosults\u00e1g-ig\u00e9nyl\u0151-adatlap-a-Neptun-rendszerhez-\u00faj.docx\">ezen az ig\u00e9nyl\u0151lapon<\/a>.<\/strong><\/p>\n<h2>Neptun &#8211; Elfelejtett jelsz\u00f3<\/h2>\n<p>Amennyiben elfelejtette jelszav\u00e1t, k\u00fcldj\u00f6n <a href=\"mailto:pekli.andrea@semmelweis.hu;horvath.ildiko@semmelweis.hu\">e-mailt<\/a> a Neptun Csoport sz\u00e1m\u00e1ra, melyben megk\u00fcldi nev\u00e9t (hivatalos okm\u00e1nya alapj\u00e1n), Neptun k\u00f3dj\u00e1t, sz\u00fclet\u00e9si idej\u00e9t, \u00e9desanyja nev\u00e9t illetve a k\u00e9pz\u00e9st ahova j\u00e1r, alkalmazottnak a Szervezeti egys\u00e9g nev\u00e9t ahol, alkalmaz\u00e1sban van. Ezek az adatok az azonos\u00edt\u00e1shoz sz\u00fcks\u00e9gesek. \u00cdgy el tudjuk ker\u00fclni, hogy m\u00e1s k\u00e9rje a jelsz\u00f3 m\u00f3dos\u00edt\u00e1s\u00e1t. K\u00e9rj\u00fck az egyetemi email c\u00edm\u00e9r\u0151l k\u00fcldje meg k\u00e9r\u00e9s\u00e9t!\u00a0<\/p>\n<p>A jelz\u00e9st\u0151l sz\u00e1m\u00edtott 1 munkanapon bel\u00fcl \u00e9rtes\u00edtj\u00fck a megv\u00e1ltozott bel\u00e9p\u00e9si lehet\u0151s\u00e9gr\u0151l.<\/p>\n<h2>Neptun &#8211; K\u00e9tfaktoros hiteles\u00edt\u00e9s<\/h2>\n<p>Amennyiben az alkalmaz\u00e1st let\u00f6r\u00f6lte, vagy k\u00e9sz\u00fcl\u00e9kcsere t\u00f6rt\u00e9nt, illetve elrontotta vagy kikapcsolta a K\u00e9tfaktoros hiteles\u00edt\u00e9st, k\u00fcldj\u00f6n az egyetemi email c\u00edm\u00e9r\u0151l <a href=\"mailto:neptun@semmelweis.hu\">e-mailt<\/a> a Neptun Csoport sz\u00e1m\u00e1ra, melyben megk\u00fcldi nev\u00e9t (hivatalos okm\u00e1nya alapj\u00e1n), Neptun k\u00f3dj\u00e1t, a k\u00e9pz\u00e9st ahova j\u00e1r, hogy t\u00f6r\u00f6lni tudjuk a regisztr\u00e1ci\u00f3j\u00e1t. Ezek az adatok az azonos\u00edt\u00e1shoz sz\u00fcks\u00e9gesek.\u00a0<\/p>\n","protected":false},"excerpt":{"rendered":"<p><a href=\"https:\/\/neptunweb.semmelweis.hu\/oktato\" target=\"_blank\" rel=\"noopener noreferrer\"><\/a> <a class=\"button\" href=\"https:\/\/neptunweb.semmelweis.hu\/oktato\" target=\"_blank\" rel=\"noopener\">Oktat\u00f3i bel\u00e9p\u00e9s<\/a> <a href=\"https:\/\/neptunweb.semmelweis.hu\/hallgato\" target=\"_blank\" rel=\"noopener noreferrer\"><\/a> <a class=\"button\" href=\"https:\/\/neptunweb.semmelweis.hu\/hallgato\" target=\"_blank\" rel=\"noopener\">Hallgat\u00f3i bel\u00e9p\u00e9s<\/a> Neptun ind\u00edt\u00e1sa A Neptun azonos\u00edt\u00f3 a rendszerben egyedileg azonos\u00edtja a rendszer haszn\u00e1l\u00f3j\u00e1t. Az azonos\u00edt\u00f3t a rendszer gener\u00e1lja a felhaszn\u00e1l\u00f3 nev\u00e9t, anyja nev\u00e9t, sz\u00fclet\u00e9si idej\u00e9t felhaszn\u00e1lva. Megv\u00e1ltoztatni \u00e9s egyedi azonos\u00edtot ig\u00e9nyelni nem lehet. A kapott azonos\u00edt\u00f3hoz tartoz\u00f3 &#8211; a bel\u00e9p\u00e9shez sz\u00fcks\u00e9ges &#8211; jelsz\u00f3 alap\u00e9rtelmez\u00e9sben a Ne sz\u00f3, illetve a felhaszn\u00e1l\u00f3 sz\u00fclet\u00e9si ideje \u00c9\u00c9\u00c9\u00c9HHNN form\u00e1tumban megadva, ahol &hellip;<\/p>\n","protected":false},"author":158,"featured_media":0,"parent":0,"menu_order":0,"comment_status":"closed","ping_status":"closed","template":"template-fullwidth.php","meta":{"_acf_changed":false,"footnotes":""},"categories":[],"tags":[],"class_list":["post-21","page","type-page","status-publish","hentry"],"acf":[],"_links":{"self":[{"href":"https:\/\/semmelweis.hu\/neptun\/wp-json\/wp\/v2\/pages\/21","targetHints":{"allow":["GET"]}}],"collection":[{"href":"https:\/\/semmelweis.hu\/neptun\/wp-json\/wp\/v2\/pages"}],"about":[{"href":"https:\/\/semmelweis.hu\/neptun\/wp-json\/wp\/v2\/types\/page"}],"author":[{"embeddable":true,"href":"https:\/\/semmelweis.hu\/neptun\/wp-json\/wp\/v2\/users\/158"}],"replies":[{"embeddable":true,"href":"https:\/\/semmelweis.hu\/neptun\/wp-json\/wp\/v2\/comments?post=21"}],"version-history":[{"count":12,"href":"https:\/\/semmelweis.hu\/neptun\/wp-json\/wp\/v2\/pages\/21\/revisions"}],"predecessor-version":[{"id":1290,"href":"https:\/\/semmelweis.hu\/neptun\/wp-json\/wp\/v2\/pages\/21\/revisions\/1290"}],"wp:attachment":[{"href":"https:\/\/semmelweis.hu\/neptun\/wp-json\/wp\/v2\/media?parent=21"}],"wp:term":[{"taxonomy":"category","embeddable":true,"href":"https:\/\/semmelweis.hu\/neptun\/wp-json\/wp\/v2\/categories?post=21"},{"taxonomy":"post_tag","embeddable":true,"href":"https:\/\/semmelweis.hu\/neptun\/wp-json\/wp\/v2\/tags?post=21"}],"curies":[{"name":"wp","href":"https:\/\/api.w.org\/{rel}","templated":true}]}}