{"id":20,"date":"2016-03-31T00:00:00","date_gmt":"2016-03-30T22:00:00","guid":{"rendered":"http:\/\/semmelweis.hu\/neptun\/teszt-feluletek-gyakorlashoz\/"},"modified":"2022-08-04T11:55:10","modified_gmt":"2022-08-04T09:55:10","slug":"teszt-feluletek-gyakorlashoz","status":"publish","type":"page","link":"https:\/\/semmelweis.hu\/neptun\/hu\/neptun-inditasa\/teszt-feluletek-gyakorlashoz\/","title":{"rendered":"Teszt fel\u00fcletek gyakorl\u00e1shoz"},"content":{"rendered":"<p><span style=\"font-size: 20pt\">A Neptun.Net rendszer TESZT webes fel\u00fclet\u00e9t az al\u00e1bbi el\u00e9rhet\u0151s\u00e9geken kereszt\u00fcl \u00e9rheti el. A bel\u00e9p\u00e9shez itt is haszn\u00e1lja a neptun azonos\u00edt\u00f3j\u00e1t \u00e9s k\u00f3dj\u00e1t.<\/span><\/p>\n<p><a class=\"button-big\" href=\"https:\/\/193.224.49.134\/hallgatoi_teszt\" target=\"_blank\" rel=\"noopener noreferrer\">Hallgat\u00f3i teszt ind\u00edt\u00e1sa<\/a> \u00a0<a class=\"button-big\" href=\"https:\/\/193.224.49.134\/oktatoi_teszt\" target=\"_blank\" rel=\"noopener noreferrer\">Oktat\u00f3i teszt ind\u00edt\u00e1sa<\/a><\/p>\n","protected":false},"excerpt":{"rendered":"<p>A Neptun.Net rendszer TESZT webes fel\u00fclet\u00e9t az al\u00e1bbi el\u00e9rhet\u0151s\u00e9geken kereszt\u00fcl \u00e9rheti el. A bel\u00e9p\u00e9shez itt is haszn\u00e1lja a neptun azonos\u00edt\u00f3j\u00e1t \u00e9s k\u00f3dj\u00e1t.<br \/>\n<a class=\"button-big\" href=\"https:\/\/193.224.49.134\/hallgatoi_teszt\" target=\"_blank\" rel=\"noopener noreferrer\">Hallgat\u00f3i teszt ind\u00edt\u00e1sa<\/a> \u00a0<a class=\"button-big\" href=\"https:\/\/193.224.49.134\/oktatoi_teszt\" target=\"_blank\" rel=\"noopener noreferrer\">Oktat\u00f3i teszt ind\u00edt\u00e1sa<\/a><\/p>\n","protected":false},"author":158,"featured_media":0,"parent":21,"menu_order":0,"comment_status":"closed","ping_status":"closed","template":"","meta":{"_acf_changed":false,"footnotes":""},"categories":[],"tags":[],"class_list":["post-20","page","type-page","status-publish","hentry"],"acf":[],"_links":{"self":[{"href":"https:\/\/semmelweis.hu\/neptun\/wp-json\/wp\/v2\/pages\/20","targetHints":{"allow":["GET"]}}],"collection":[{"href":"https:\/\/semmelweis.hu\/neptun\/wp-json\/wp\/v2\/pages"}],"about":[{"href":"https:\/\/semmelweis.hu\/neptun\/wp-json\/wp\/v2\/types\/page"}],"author":[{"embeddable":true,"href":"https:\/\/semmelweis.hu\/neptun\/wp-json\/wp\/v2\/users\/158"}],"replies":[{"embeddable":true,"href":"https:\/\/semmelweis.hu\/neptun\/wp-json\/wp\/v2\/comments?post=20"}],"version-history":[{"count":11,"href":"https:\/\/semmelweis.hu\/neptun\/wp-json\/wp\/v2\/pages\/20\/revisions"}],"predecessor-version":[{"id":1049,"href":"https:\/\/semmelweis.hu\/neptun\/wp-json\/wp\/v2\/pages\/20\/revisions\/1049"}],"up":[{"embeddable":true,"href":"https:\/\/semmelweis.hu\/neptun\/wp-json\/wp\/v2\/pages\/21"}],"wp:attachment":[{"href":"https:\/\/semmelweis.hu\/neptun\/wp-json\/wp\/v2\/media?parent=20"}],"wp:term":[{"taxonomy":"category","embeddable":true,"href":"https:\/\/semmelweis.hu\/neptun\/wp-json\/wp\/v2\/categories?post=20"},{"taxonomy":"post_tag","embeddable":true,"href":"https:\/\/semmelweis.hu\/neptun\/wp-json\/wp\/v2\/tags?post=20"}],"curies":[{"name":"wp","href":"https:\/\/api.w.org\/{rel}","templated":true}]}}