{"id":1114,"date":"2023-11-07T12:57:55","date_gmt":"2023-11-07T11:57:55","guid":{"rendered":"https:\/\/semmelweis.hu\/neptun\/?page_id=1114"},"modified":"2025-11-25T10:43:06","modified_gmt":"2025-11-25T09:43:06","slug":"start-der-neptun","status":"publish","type":"page","link":"https:\/\/semmelweis.hu\/neptun\/de\/start-der-neptun\/","title":{"rendered":"Start der Neptun"},"content":{"rendered":"<div class=\"keretes\" style=\"float: left !important;border: 1px solid #fff !important;background-color: #ffff !important\"><a href=\"https:\/\/neptunweb.semmelweis.hu\/hallgato\" target=\"_blank\" rel=\"noopener noreferrer\"><img decoding=\"async\" class=\"aligncenter wp-image-261 \" src=\"https:\/\/semmelweis.hu\/neptun\/files\/2016\/03\/hallgat\u00f3i_k\u00e9p.jpg\" alt=\"Hallgat\u00f3i bel\u00e9p\u00e9s\" width=\"350\" srcset=\"https:\/\/semmelweis.hu\/neptun\/files\/2016\/03\/hallgat\u00f3i_k\u00e9p.jpg 451w, https:\/\/semmelweis.hu\/neptun\/files\/2016\/03\/hallgat\u00f3i_k\u00e9p-300x171.jpg 300w\" sizes=\"(max-width: 451px) 100vw, 451px\" \/><\/a><\/p>\n<p style=\"text-align: center\"><a class=\"button\" href=\"https:\/\/neptunweb.semmelweis.hu\/hallgato\" target=\"null\" rel=\"noopener\">Einloggen f\u00fcr Students<\/a><\/p>\n<\/div>\n<div class=\"keretes\" style=\"float: left !important;border: 1px solid #fff !important;background-color: #ffff !important\"><a href=\"https:\/\/neptunweb.semmelweis.hu\/oktato\" target=\"_blank\" rel=\"noopener noreferrer\"><img decoding=\"async\" class=\"aligncenter wp-image-262 \" src=\"https:\/\/semmelweis.hu\/neptun\/files\/2016\/03\/oktatoi_kep.jpg\" alt=\"Oktat\u00f3i bel\u00e9p\u00e9s\" width=\"350\" srcset=\"https:\/\/semmelweis.hu\/neptun\/files\/2016\/03\/oktatoi_kep.jpg 445w, https:\/\/semmelweis.hu\/neptun\/files\/2016\/03\/oktatoi_kep-300x171.jpg 300w\" sizes=\"(max-width: 445px) 100vw, 445px\" \/><\/a><\/p>\n<p style=\"text-align: center\"><a class=\"button\" href=\"https:\/\/neptunweb.semmelweis.hu\/oktato\" target=\"null\" rel=\"noopener\">Einloggen f\u00fcr Lehrkraft<\/a><\/p>\n<\/div>\n<hr \/>\n<h2>Neptun starten<\/h2>\n<p>Der Neptun-Identifikationscode identifiziert den Benutzer\/ die Benutzerin individuell. Der Identifikationscode wird vom System aufgrund des Namens des Benutzers\/ der Benutzerin, des Namens seiner\/ ihrer Mutter und seines\/ ihres Geburtsdatums generiert. Der generierte Identifikationscode kann nicht ge\u00e4ndert werden und es ist nicht m\u00f6glich, einen individuellen Identifikationscode zu beantragen. Das zum zugewiesenen Identifikationscode geh\u00f6rende \u2013 f\u00fcr das Einloggen erforderliche \u2013 voreingestellte Passwort ist das Wort Ne, gefolgt vom Geburtsdatum des Benutzers\/ der Benutzerin, das in Form von JJJJ (Jahr) MM (Monat) und TT (Tag) \u00a0&#8211; letztere in zwei Charakterzeichen &#8211; angegeben werden muss, also insgesamt: NeJJJJMMTT.<br \/>\nF\u00fcr einen besseren Datenschutz ist nach dem ersten Einloggen die \u00c4nderung dieses Passworts obligatorisch.<\/p>\n<p>Studierende erhalten ihre Neptun-Identifikationscodes vom Dekanat oder vom Studierendensekretariat. <br \/>\nAngestellte (das administrative Personal von Lehrst\u00fchlen und Instituten, Sachbearbeiter\/Innen des Studierendensekretariates, Dozent\/Innen usw.) k\u00f6nnen Ihre Identifikationscodes und ihre Zugangsberechtigung bei der Neptun-Gruppe ausschlie\u00dflich per E-Mail mit dem folgendem <a href=\"https:\/\/semmelweis.hu\/neptun\/files\/2019\/10\/Jogosults\u00e1g-ig\u00e9nyl\u0151-adatlap-a-Neptun-rendszerhez-\u00faj.docx\"> Formular beantragen<\/a>.<\/p>\n<h3>Neptun &#8211; Vergessenes Passwort<\/h3>\n<p>Falls Sie Ihr Passwort vergessen haben, schicken Sie an die Neptun-Gruppe <a href=\"mailto:pekli.andrea@semmelweis.hu;horvath.ildiko@semmelweis.hu\">bitte eine E-Mail<\/a>, in der Sie Ihren Name (basierend auf Ihrem offiziellen Dokument), Neptuns Code, in der Sie Ihre pers\u00f6nlichen Daten (Geburtsdatum, Name der Mutter, den Namen Ihrer Ausbildung \/ im Falle von Angestellten Ihre Organisationseinheit) angeben. Diese Daten sind f\u00fcr die Identifizierung erforderlich. Auf diesem Wege k\u00f6nnen wir vermeiden, dass jemand anderes die \u00c4nderung Ihres Passwortes beantragt. Bitte senden Sie Ihre Anfrage \u00fcber die E-Mail-Adresse der Universit\u00e4t!<\/p>\n<p>Sie erhalten innerhalb eines Tages nach der Meldung Informationen \u00fcber die ge\u00e4nderten Zugangsdaten.<\/p>\n<h2>Neptun &#8211; Zwei-Faktor-Authentifizierung<\/h2>\n<p>Wenn Sie die Anwendung gel\u00f6scht oder das Ger\u00e4t gewechselt haben oder wenn Sie die Zwei-Faktor-Authentifizierung besch\u00e4digt oder deaktiviert haben, senden Sie bitte eine E-Mail von Ihrer Universit\u00e4ts-E-Mail-Adresse an <a href=\"mailto:neptun@semmelweis.hu\">E-Mail<\/a> an die Neptun-Gruppe, in der Sie Ihren Sie Ihren Name (basierend auf Ihrem offiziellen Dokument), Neptuns Code, die Schulung, an der Sie teilnehmen, senden , damit wir Ihre Anmeldung stornieren k\u00f6nnen. Diese Daten sind zur Identifizierung erforderlich.<\/p>\n","protected":false},"excerpt":{"rendered":"<p><a href=\"https:\/\/neptunweb.semmelweis.hu\/hallgato\" target=\"_blank\" rel=\"noopener noreferrer\"><\/a> <a class=\"button\" href=\"https:\/\/neptunweb.semmelweis.hu\/hallgato\" target=\"null\" rel=\"noopener\">Einloggen f\u00fcr Students<\/a> <a href=\"https:\/\/neptunweb.semmelweis.hu\/oktato\" target=\"_blank\" rel=\"noopener noreferrer\"><\/a> <a class=\"button\" href=\"https:\/\/neptunweb.semmelweis.hu\/oktato\" target=\"null\" rel=\"noopener\">Einloggen f\u00fcr Lehrkraft<\/a> Neptun starten Der Neptun-Identifikationscode identifiziert den Benutzer\/ die Benutzerin individuell. Der Identifikationscode wird vom System aufgrund des Namens des Benutzers\/ der Benutzerin, des Namens seiner\/ ihrer Mutter und seines\/ ihres Geburtsdatums generiert. Der generierte Identifikationscode kann nicht ge\u00e4ndert werden und es ist nicht m\u00f6glich, einen individuellen Identifikationscode zu beantragen. Das zum zugewiesenen Identifikationscode geh\u00f6rende \u2013 &hellip;<\/p>\n","protected":false},"author":101614,"featured_media":0,"parent":0,"menu_order":0,"comment_status":"closed","ping_status":"closed","template":"","meta":{"_acf_changed":false,"footnotes":""},"categories":[],"tags":[],"class_list":["post-1114","page","type-page","status-publish","hentry"],"acf":[],"_links":{"self":[{"href":"https:\/\/semmelweis.hu\/neptun\/wp-json\/wp\/v2\/pages\/1114","targetHints":{"allow":["GET"]}}],"collection":[{"href":"https:\/\/semmelweis.hu\/neptun\/wp-json\/wp\/v2\/pages"}],"about":[{"href":"https:\/\/semmelweis.hu\/neptun\/wp-json\/wp\/v2\/types\/page"}],"author":[{"embeddable":true,"href":"https:\/\/semmelweis.hu\/neptun\/wp-json\/wp\/v2\/users\/101614"}],"replies":[{"embeddable":true,"href":"https:\/\/semmelweis.hu\/neptun\/wp-json\/wp\/v2\/comments?post=1114"}],"version-history":[{"count":10,"href":"https:\/\/semmelweis.hu\/neptun\/wp-json\/wp\/v2\/pages\/1114\/revisions"}],"predecessor-version":[{"id":1273,"href":"https:\/\/semmelweis.hu\/neptun\/wp-json\/wp\/v2\/pages\/1114\/revisions\/1273"}],"wp:attachment":[{"href":"https:\/\/semmelweis.hu\/neptun\/wp-json\/wp\/v2\/media?parent=1114"}],"wp:term":[{"taxonomy":"category","embeddable":true,"href":"https:\/\/semmelweis.hu\/neptun\/wp-json\/wp\/v2\/categories?post=1114"},{"taxonomy":"post_tag","embeddable":true,"href":"https:\/\/semmelweis.hu\/neptun\/wp-json\/wp\/v2\/tags?post=1114"}],"curies":[{"name":"wp","href":"https:\/\/api.w.org\/{rel}","templated":true}]}}