{"id":7,"date":"2012-02-07T12:59:05","date_gmt":"2012-02-07T11:59:05","guid":{"rendered":"http:\/\/semmelweis-egyetem.hu\/nepegeszsegtan\/?page_id=7"},"modified":"2021-10-14T17:16:24","modified_gmt":"2021-10-14T15:16:24","slug":"oktatas","status":"publish","type":"page","link":"https:\/\/semmelweis.hu\/nepegeszsegtan\/oktatas\/","title":{"rendered":"Oktat\u00e1s"},"content":{"rendered":"<p>A N\u00e9peg\u00e9szs\u00e9gtani Int\u00e9zet r\u00e9szt vesz egyr\u00e9szt a Semmelweis Egyetem hallgat\u00f3inak gradu\u00e1lis \u00e9s posztgradu\u00e1lis k\u00e9pz\u00e9s\u00e9ben is.<\/p>\n<p>A gradu\u00e1lis oktat\u00e1sban egyr\u00e9szt a n\u00e9peg\u00e9szs\u00e9gtant mint k\u00f6telez\u0151 tant\u00e1rgyat oktatja az \u00e1ltal\u00e1nos orvos-, fogorvos- \u00e9s gy\u00f3gyszer\u00e9sztudom\u00e1nyi k\u00e9pz\u00e9sben, valamint az eg\u00e9szs\u00e9gtudom\u00e1nyi kar eg\u00e9szs\u00e9g\u00fcgyi \u00fcgyvitelszervez\u0151 szak\u00e1n, hasonl\u00f3k\u00e9ppen az orvost\u00f6rt\u00e9net tant\u00e1rgy\u00e1hoz a fogorvos karon. A k\u00f6telez\u0151 t\u00e1rgyakon fel\u00fcl t\u00f6bb, k\u00fcl\u00f6nb\u00f6z\u0151 k\u00f6telez\u0151en \u00e9s szabadon v\u00e1laszthat\u00f3 tant\u00e1rgy is megjelenik a k\u00e9pz\u00e9si palett\u00e1j\u00e1n, amelyek seg\u00edtik a hallgat\u00f3knak megismerni a n\u00e9peg\u00e9szs\u00e9gtan mint multidiszciplin\u00e1ris ter\u00fclet k\u00fcl\u00f6nb\u00f6z\u0151 \u00e1gait. Az int\u00e9zet oktat\u00f3i mindezeken t\u00fal t\u00e9mavezet\u00e9st v\u00e1llalnak mind szakdolgozat-\u00edr\u00e1s mind TDK munka keret\u00e9ben a n\u00e9peg\u00e9szs\u00e9gtan, n\u00e9peg\u00e9szs\u00e9g\u00fcgy ter\u00fclet\u00e9be es\u0151 t\u00e9m\u00e1k eset\u00e9n.<\/p>\n<p>A posztgradu\u00e1lis k\u00e9pz\u00e9sben az int\u00e9zet h\u00e1rom szakter\u00fcleten \u00e9rintett: a megel\u0151z\u0151 orvostan \u00e9s n\u00e9peg\u00e9szs\u00e9gtan, a iskola-eg\u00e9szs\u00e9gtan \u00e9s ifj\u00fas\u00e1gv\u00e9delem \u00e9s a foglalkoz\u00e1s-eg\u00e9szs\u00e9gtan szakorvosk\u00e9pz\u00e9sek ter\u00fclet\u00e9n.<\/p>\n","protected":false},"excerpt":{"rendered":"<p>A N\u00e9peg\u00e9szs\u00e9gtani Int\u00e9zet r\u00e9szt vesz egyr\u00e9szt a Semmelweis Egyetem hallgat\u00f3inak gradu\u00e1lis \u00e9s posztgradu\u00e1lis k\u00e9pz\u00e9s\u00e9ben is. A gradu\u00e1lis oktat\u00e1sban egyr\u00e9szt a n\u00e9peg\u00e9szs\u00e9gtant mint k\u00f6telez\u0151 tant\u00e1rgyat oktatja az \u00e1ltal\u00e1nos orvos-, fogorvos- \u00e9s gy\u00f3gyszer\u00e9sztudom\u00e1nyi k\u00e9pz\u00e9sben, valamint az eg\u00e9szs\u00e9gtudom\u00e1nyi kar eg\u00e9szs\u00e9g\u00fcgyi \u00fcgyvitelszervez\u0151 szak\u00e1n, hasonl\u00f3k\u00e9ppen az orvost\u00f6rt\u00e9net tant\u00e1rgy\u00e1hoz a fogorvos karon. A k\u00f6telez\u0151 t\u00e1rgyakon fel\u00fcl t\u00f6bb, k\u00fcl\u00f6nb\u00f6z\u0151 k\u00f6telez\u0151en \u00e9s szabadon &hellip;<\/p>\n","protected":false},"author":8,"featured_media":0,"parent":0,"menu_order":2,"comment_status":"closed","ping_status":"closed","template":"","meta":{"_acf_changed":false,"footnotes":""},"categories":[],"tags":[],"class_list":["post-7","page","type-page","status-publish","hentry"],"acf":[],"_links":{"self":[{"href":"https:\/\/semmelweis.hu\/nepegeszsegtan\/wp-json\/wp\/v2\/pages\/7","targetHints":{"allow":["GET"]}}],"collection":[{"href":"https:\/\/semmelweis.hu\/nepegeszsegtan\/wp-json\/wp\/v2\/pages"}],"about":[{"href":"https:\/\/semmelweis.hu\/nepegeszsegtan\/wp-json\/wp\/v2\/types\/page"}],"author":[{"embeddable":true,"href":"https:\/\/semmelweis.hu\/nepegeszsegtan\/wp-json\/wp\/v2\/users\/8"}],"replies":[{"embeddable":true,"href":"https:\/\/semmelweis.hu\/nepegeszsegtan\/wp-json\/wp\/v2\/comments?post=7"}],"version-history":[{"count":6,"href":"https:\/\/semmelweis.hu\/nepegeszsegtan\/wp-json\/wp\/v2\/pages\/7\/revisions"}],"predecessor-version":[{"id":3190,"href":"https:\/\/semmelweis.hu\/nepegeszsegtan\/wp-json\/wp\/v2\/pages\/7\/revisions\/3190"}],"wp:attachment":[{"href":"https:\/\/semmelweis.hu\/nepegeszsegtan\/wp-json\/wp\/v2\/media?parent=7"}],"wp:term":[{"taxonomy":"category","embeddable":true,"href":"https:\/\/semmelweis.hu\/nepegeszsegtan\/wp-json\/wp\/v2\/categories?post=7"},{"taxonomy":"post_tag","embeddable":true,"href":"https:\/\/semmelweis.hu\/nepegeszsegtan\/wp-json\/wp\/v2\/tags?post=7"}],"curies":[{"name":"wp","href":"https:\/\/api.w.org\/{rel}","templated":true}]}}