{"id":3519,"date":"2024-09-24T13:21:18","date_gmt":"2024-09-24T11:21:18","guid":{"rendered":"https:\/\/semmelweis.hu\/nepegeszsegtan\/?page_id=3519"},"modified":"2024-09-26T17:38:02","modified_gmt":"2024-09-26T15:38:02","slug":"helo-konzorcium","status":"publish","type":"page","link":"https:\/\/semmelweis.hu\/nepegeszsegtan\/kutatas\/helo-konzorcium\/","title":{"rendered":"HeLo Konzorcium"},"content":{"rendered":"<p>HEalthy LOngevity (HELO) k\u00e9rd\u0151\u00edves felm\u00e9r\u00e9s<\/p>\n<p>A National University of Singapore \u00e1ltal vezetett <a href=\"https:\/\/helo-nus.com\/\" target=\"_blank\" rel=\"noopener\">nemzetk\u00f6zi konzorcium<\/a> c\u00e9lja, hogy felm\u00e9rje a lakoss\u00e1g ismereteit, motiv\u00e1ci\u00f3it \u00e9s attit\u0171dj\u00e9t az eg\u00e9szs\u00e9ggel, \u00e9lettartammal, j\u00f3ll\u00e9ttartammal, valamint az eg\u00e9szs\u00e9ges \u00f6reged\u00e9s tudom\u00e1ny\u00e1val (Healthy Longevity Medicine) kapcsolatban. A kutat\u00e1s t\u00f6bb orsz\u00e1gban zajlik, t\u00f6bbet k\u00f6z\u00f6tt Szingap\u00farban, Indon\u00e9zi\u00e1ban, Hollandi\u00e1ban, Sv\u00e1jcban, az Egyes\u00fclt \u00c1llamokban, az Egyes\u00fclt Arab Em\u00edrs\u00e9gekben, Thaif\u00f6ld\u00f6n valamint haz\u00e1nkban.<\/p>\n<p>&nbsp;<\/p>\n<p>Magyarorsz\u00e1gi alcsoportelemz\u00e9s<\/p>\n<p>A lakoss\u00e1gi felm\u00e9r\u00e9s haz\u00e1nkban kieg\u00e9sz\u00fcl a Semmelweis Egyetem hallgat\u00f3i \u00e9s dolgoz\u00f3i k\u00f6r\u00e9ben v\u00e9gzett kutat\u00e1ssal. C\u00e9lunk, hogy a laikus n\u00e9z\u0151pontokat p\u00e1rhuzamba \u00e1ll\u00edthassuk az eg\u00e9szs\u00e9g\u00fcgyben j\u00e1rtas szakemberek megl\u00e1t\u00e1saival, melyek seg\u00edthetnek azonos\u00edtani az eg\u00e9szs\u00e9ges \u00f6reged\u00e9st t\u00e1mogat\u00f3 szolg\u00e1ltat\u00e1sok bevezet\u00e9s\u00e9nek lehet\u0151s\u00e9geit a magyar eg\u00e9szs\u00e9g\u00fcgyi rendszerbe. Emellett a hallgat\u00f3k szempontjai seg\u00edtenek azonos\u00edtani azokat a pontokat a kurrikulumban, melyek fejleszt\u00e9s\u00e9vel az eg\u00e9szs\u00e9ges \u00f6reged\u00e9s tudom\u00e1nya integr\u00e1lhat\u00f3 a k\u00e9pz\u00e9sbe.<\/p>\n<p>&nbsp;<\/p>\n<p>El\u00e9rhet\u0151s\u00e9g: <a href=\"mailto:longevity.nepegeszsegtan@semmelweis.hu\">longevity.nepegeszsegtan@semmelweis.hu<\/a><\/p>\n<p>&nbsp;<\/p>\n<p>Dokumentumok:<\/p>\n<ul>\n<li><a href=\"https:\/\/semmelweis.hu\/nepegeszsegtan\/files\/2024\/09\/Tajekoztato-level.pdf\">T\u00e1j\u00e9koztat\u00f3<\/a><\/li>\n<li><a href=\"https:\/\/semmelweis.hu\/nepegeszsegtan\/files\/2024\/09\/Adatkezelesi-Tajekoztato.pdf\">Adatkezel\u00e9si t\u00e1j\u00e9koztat\u00f3<\/a><\/li>\n<\/ul>\n","protected":false},"excerpt":{"rendered":"<p>HEalthy LOngevity (HELO) k\u00e9rd\u0151\u00edves felm\u00e9r\u00e9s A National University of Singapore \u00e1ltal vezetett <a href=\"https:\/\/helo-nus.com\/\" target=\"_blank\" rel=\"noopener\">nemzetk\u00f6zi konzorcium<\/a> c\u00e9lja, hogy felm\u00e9rje a lakoss\u00e1g ismereteit, motiv\u00e1ci\u00f3it \u00e9s attit\u0171dj\u00e9t az eg\u00e9szs\u00e9ggel, \u00e9lettartammal, j\u00f3ll\u00e9ttartammal, valamint az eg\u00e9szs\u00e9ges \u00f6reged\u00e9s tudom\u00e1ny\u00e1val (Healthy Longevity Medicine) kapcsolatban. A kutat\u00e1s t\u00f6bb orsz\u00e1gban zajlik, t\u00f6bbet k\u00f6z\u00f6tt Szingap\u00farban, Indon\u00e9zi\u00e1ban, Hollandi\u00e1ban, Sv\u00e1jcban, az Egyes\u00fclt \u00c1llamokban, az Egyes\u00fclt Arab Em\u00edrs\u00e9gekben, Thaif\u00f6ld\u00f6n valamint haz\u00e1nkban. &hellip;<\/p>\n","protected":false},"author":52,"featured_media":0,"parent":2559,"menu_order":1,"comment_status":"closed","ping_status":"closed","template":"","meta":{"_acf_changed":false,"footnotes":""},"categories":[],"tags":[],"class_list":["post-3519","page","type-page","status-publish","hentry"],"acf":[],"_links":{"self":[{"href":"https:\/\/semmelweis.hu\/nepegeszsegtan\/wp-json\/wp\/v2\/pages\/3519","targetHints":{"allow":["GET"]}}],"collection":[{"href":"https:\/\/semmelweis.hu\/nepegeszsegtan\/wp-json\/wp\/v2\/pages"}],"about":[{"href":"https:\/\/semmelweis.hu\/nepegeszsegtan\/wp-json\/wp\/v2\/types\/page"}],"author":[{"embeddable":true,"href":"https:\/\/semmelweis.hu\/nepegeszsegtan\/wp-json\/wp\/v2\/users\/52"}],"replies":[{"embeddable":true,"href":"https:\/\/semmelweis.hu\/nepegeszsegtan\/wp-json\/wp\/v2\/comments?post=3519"}],"version-history":[{"count":6,"href":"https:\/\/semmelweis.hu\/nepegeszsegtan\/wp-json\/wp\/v2\/pages\/3519\/revisions"}],"predecessor-version":[{"id":3527,"href":"https:\/\/semmelweis.hu\/nepegeszsegtan\/wp-json\/wp\/v2\/pages\/3519\/revisions\/3527"}],"up":[{"embeddable":true,"href":"https:\/\/semmelweis.hu\/nepegeszsegtan\/wp-json\/wp\/v2\/pages\/2559"}],"wp:attachment":[{"href":"https:\/\/semmelweis.hu\/nepegeszsegtan\/wp-json\/wp\/v2\/media?parent=3519"}],"wp:term":[{"taxonomy":"category","embeddable":true,"href":"https:\/\/semmelweis.hu\/nepegeszsegtan\/wp-json\/wp\/v2\/categories?post=3519"},{"taxonomy":"post_tag","embeddable":true,"href":"https:\/\/semmelweis.hu\/nepegeszsegtan\/wp-json\/wp\/v2\/tags?post=3519"}],"curies":[{"name":"wp","href":"https:\/\/api.w.org\/{rel}","templated":true}]}}