{"id":3515,"date":"2024-05-15T14:28:35","date_gmt":"2024-05-15T12:28:35","guid":{"rendered":"https:\/\/semmelweis.hu\/nepegeszsegtan\/?page_id=3515"},"modified":"2026-03-11T12:59:57","modified_gmt":"2026-03-11T11:59:57","slug":"prevencios-rendeles","status":"publish","type":"page","link":"https:\/\/semmelweis.hu\/nepegeszsegtan\/prevencios-rendeles\/","title":{"rendered":"Prevenci\u00f3s rendel\u00e9s"},"content":{"rendered":"<div class=\"responsive-tabs\">\n<h2 class=\"tabtitle\">Prevenci\u00f3s szakrendel\u00e9s<\/h2>\n<div class=\"tabcontent\">\n\n<p><strong>Prevenci\u00f3s szakrendel\u00e9s<\/strong><\/p>\n<p><strong>A rendel\u00e9s c\u00e9lja<\/strong><\/p>\n<p>A prevenci\u00f3s szakrendel\u00e9s c\u00e9lja, hogy seg\u00edtse a Semmelweis Egyetem hallgat\u00f3it \u00e9s munkav\u00e1llal\u00f3it egy <strong>eg\u00e9szs\u00e9gesebb \u00e9letm\u00f3d <\/strong>el\u00e9r\u00e9s\u00e9ben, amivel megel\u0151zhet\u0151k az olyan nem-fert\u0151z\u0151 betegs\u00e9gek kialakul\u00e1sa, mint a sz\u00edv- \u00e9s \u00e9rrendszeri, daganatos, anyagcsere (pl. 2-es t\u00edpus\u00fa cukorbetegs\u00e9g) vagy l\u00e9gz\u0151szervi megbeteged\u00e9sek. A prevenci\u00f3s szakrendel\u00e9s orvosai azonban az olyan szem\u00e9lyeknek is tudnak seg\u00edteni, akikn\u00e9l m\u00e1r kialakult egy adott nem-fert\u0151z\u0151 megbeteged\u00e9s, hisz az esetleges sz\u00f6v\u0151dm\u00e9nyek kialakul\u00e1sa is megel\u0151zhet\u0151 az \u00e9letm\u00f3d jav\u00edt\u00e1s\u00e1val.<\/p>\n<p>A szakrendel\u00e9s egy m\u00e1sik c\u00e9lja, hogy v\u00e9dje a jelentkez\u0151ket a k\u00fcl\u00f6nb\u00f6z\u0151 fert\u0151z\u0151 betegs\u00e9gek kialakul\u00e1s\u00e1t\u00f3l (pl. influenza vagy COVID-19), m\u00e9gpedig <strong>v\u00e9d\u0151olt\u00e1sok<\/strong> bead\u00e1sa \u00e1ltal.<\/p>\n<p>A szakrendel\u0151 emellett <strong>utaz\u00e1sok el\u0151tti\/ut\u00e1ni tan\u00e1csad\u00e1st<\/strong> is ny\u00fajt, \u00e9s amennyiben sz\u00fcks\u00e9ges utaz\u00e1shoz kapcsol\u00f3d\u00f3 olt\u00e1sokban, valamint mal\u00e1ria ellenes gy\u00f3gyszerek fel\u00edr\u00e1s\u00e1ban is k\u00f6zrem\u0171k\u00f6dik (ld. m\u00e9g fent az Utaz\u00e1sorvostani tan\u00e1csad\u00e1s f\u00fcl alatt).<\/p>\n<p><strong>A szakrendel\u00e9s \u00e1ltal ny\u00fajtott szolg\u00e1ltat\u00e1sok:<\/strong><\/p>\n<ul>\n<li>\u00c9letm\u00f3d-orvosl\u00e1s, m\u00e9gpedig a k\u00f6vetkez\u0151 t\u00e9mak\u00f6r\u00f6kben:\n<ul>\n<li>T\u00e1pl\u00e1lkoz\u00e1s<\/li>\n<li>Testmozg\u00e1s<\/li>\n<li>Doh\u00e1nyz\u00e1s<\/li>\n<li>Alkoholfogyaszt\u00e1s<\/li>\n<li>Stressz<\/li>\n<li>Alv\u00e1s<\/li>\n<\/ul>\n<\/li>\n<li>Olt\u00e1sokkal kapcsolatos tan\u00e1csad\u00e1s, olt\u00e1sok bead\u00e1sa<\/li>\n<li>Utaz\u00e1sok el\u0151tti\/ut\u00e1ni tan\u00e1csad\u00e1s<\/li>\n<\/ul>\n<p><strong>A jelentkez\u00e9s m\u00f3dja<\/strong><\/p>\n<p>A rendel\u00e9s el\u0151jegyz\u00e9s alapj\u00e1n m\u0171k\u00f6dik, ez\u00e9rt el\u0151zetes id\u0151pont-egyeztet\u00e9sre sz\u00fcks\u00e9ges, m\u00e9gpedig a k\u00f6vetkez\u0151 e-mail c\u00edmen (Az e-mailben r\u00f6viden \u00edrja le, hogy melyik szolg\u00e1ltat\u00e1s miatt jelentkezett!):<\/p>\n<p><a href=\"mailto:prevenciosrendelo.nepegeszsegtan@semmelweis.hu\">prevenciosrendelo.nepegeszsegtan@semmelweis.hu<\/a><\/p>\n<p><strong>A szakrendel\u00e9s helysz\u00edne<\/strong><\/p>\n<ul>\n<li>Elm\u00e9leti T\u00f6mb (1089 Budapest, Nagyv\u00e1rad t\u00e9r 4. 21. emelet),<\/li>\n<li>Szent R\u00f3kus Klinikai T\u00f6mbben (1085 Budapest, St\u00e1hly utca 7.)<\/li>\n<li>A tan\u00e1csad\u00e1s t\u00f6rt\u00e9nhet ak\u00e1r online, t\u00e1vkonzult\u00e1ci\u00f3 form\u00e1j\u00e1ban is.<\/li>\n<\/ul>\n<p><strong>A csapat tagjai<\/strong><\/p>\n<p>A prevenci\u00f3s szakrendel\u0151ben megel\u0151z\u0151 orvostan \u00e9s n\u00e9peg\u00e9szs\u00e9gtan szakorvosok \u00e9s szakorvosjel\u00f6ltek dolgoznak. A rendel\u0151 munkat\u00e1rsai szoros egy\u00fcttm\u0171k\u00f6d\u00e9sben dolgoznak dietetikusokkal, gy\u00f3gytorn\u00e1szokkal, ment\u00e1lhigi\u00e9n\u00e9s szakemberekkel, a \u201eCsal\u00e1dbar\u00e1t\u201d rendel\u00e9s csal\u00e1dorvosaival, illetve a Foglalkoz\u00e1s-Eg\u00e9szs\u00e9g\u00fcgyi Szolg\u00e1lattal is annak \u00e9rdek\u00e9ben, hogy a lehet\u0151 legteljesk\u00f6r\u0171bb ell\u00e1t\u00e1st tudj\u00e1k biztos\u00edtani a jelentkez\u0151knek. Ezen szak\u00e9rt\u0151i csapat egyenrang\u00fa tagja maga a jelentkez\u0151 is, akivel k\u00f6z\u00f6s egyet\u00e9rt\u00e9sben ker\u00fcl kialak\u00edt\u00e1sra a szem\u00e9lyre szabott eg\u00e9szs\u00e9gterv, illetve sz\u00fcks\u00e9g szerint a gy\u00f3gyszeres ter\u00e1pia.<\/p>\n<p><strong>Az \u00e9letm\u00f3d-orvosl\u00e1s tan\u00e1csad\u00e1s\u00e1nak menete<\/strong><\/p>\n<p>A prevenci\u00f3s szakrendel\u00e9sben zajl\u00f3 tan\u00e1csad\u00e1s az \u00fagynevezett motiv\u00e1ci\u00f3s interj\u00fa szellemis\u00e9g\u00e9ben zajlik, vagyis a rendel\u00e9s sor\u00e1n a jelentkez\u0151 \u00e9s az orvos egyenrang\u00fa partnerekk\u00e9nt \u00fclnek egym\u00e1ssal szemben. Ennek sor\u00e1n k\u00f6z\u00f6sen t\u00e1rj\u00e1k fel, hogy mi\u00e9rt fontos a r\u00e9sztvev\u0151nek a v\u00e1ltoz\u00e1s, \u00e9s k\u00f6z\u00f6sen \u00e1ll\u00edtj\u00e1k fel az el\u00e9rend\u0151 c\u00e9lokat, illetve k\u00f6z\u00f6sen dolgozz\u00e1k ki, hogy az adott c\u00e9lt hogyan fogj\u00e1k el\u00e9rni.<\/p>\n<p>A tan\u00e1csad\u00e1si folyamat egy \u00e1llapotfelm\u00e9r\u00e9ssel kezd\u0151dik, mely k\u00e9rd\u0151\u00edvek kit\u00f6lt\u00e9s\u00e9b\u0151l, r\u00e9szletes anamn\u00e9zis felv\u00e9tel\u00e9b\u0151l \u00e9s fizik\u00e1lis vizsg\u00e1latb\u00f3l \u00e1ll (pl. test\u00f6sszet\u00e9tel m\u00e9r\u00e9se, n\u00e9gyv\u00e9gtagi v\u00e9rnyom\u00e1sm\u00e9r\u00e9s, laborvizsg\u00e1lat). Az \u00e1llapotfelm\u00e9r\u00e9st egy egy- vagy t\u00f6bb\u00fcl\u00e9ses tan\u00e1csad\u00e1si folyamat k\u00f6veti az \u00e9rintett t\u00e9m\u00e1t\u00f3l f\u00fcgg\u0151n heti, k\u00e9theti vagy havi rendszeress\u00e9ggel, \u00f6sszesen 6-12 alkalommal, amelyek egyenk\u00e9nt kb. 15-45 perc id\u0151tartam\u00faak.<\/p>\n\n<\/div><h2 class=\"tabtitle\">Utaz\u00e1sorvostani tan\u00e1csad\u00e1s<\/h2>\n<div class=\"tabcontent\">\n\n<p><strong>Utaz\u00e1sorvostani <\/strong><strong>t<\/strong><strong>an\u00e1csad\u00e1s<\/strong><\/p>\n<p>Ha \u00e9ppen nyaralni k\u00e9sz\u00fcl, fontos, hogy ne csak a rep\u00fcl\u0151jegyr\u0151l \u00e9s a sz\u00e1ll\u00e1sr\u00f3l gondoskodjon id\u0151ben. Sokan ugyanis megfeledkeznek arr\u00f3l, hogy bizonyos orsz\u00e1gokba val\u00f3 beutaz\u00e1s sor\u00e1n olt\u00e1sokkal, illetve mal\u00e1riaellenes szerekkel megel\u0151zhet\u0151k az olyan fert\u0151z\u0151 betegs\u00e9gek, amelyek nemcsak az utaz\u00e1st tehetik t\u00f6nkre, hanem hossz\u00fat\u00e1v\u00fa k\u00f6vetkezm\u00e9nyekkel is b\u00edrhatnak.<\/p>\n<p>Az utaz\u00e1s el\u0151tti olt\u00e1sok, illetve mal\u00e1ria ellenes gy\u00f3gyszerek sz\u00fcks\u00e9gess\u00e9ge t\u00f6bb t\u00e9nyez\u0151t\u0151l f\u00fcgghet:<\/p>\n<ul>\n<li>az \u00fati c\u00e9lt\u00f3l,<\/li>\n<li>az utaz\u00e1s id\u0151tartam\u00e1t\u00f3l,<\/li>\n<li>az utaz\u00f3 eg\u00e9szs\u00e9gi \u00e1llapot\u00e1t\u00f3l,<\/li>\n<li>valamint att\u00f3l, hogy milyen tev\u00e9kenys\u00e9geket tervez az adott orsz\u00e1gban.<\/li>\n<\/ul>\n<p><strong>Mikor \u00e9s hova forduljon?<\/strong><\/p>\n<p>Az utaz\u00e1s el\u0151tt javasolt legal\u00e1bb 2 h\u00f3nappal bejelentkezni a Semmelweis Egyetem Utaz\u00e1sorvosi Rendel\u00e9s\u00e9re \u00e9s Nemzetk\u00f6zi Olt\u00f3pontj\u00e1ra! Itt szakorvosaink szem\u00e9lyre szabott tan\u00e1csokkal l\u00e1tj\u00e1k el \u00d6nt az \u00fati c\u00e9l alapj\u00e1n, \u00e9s javaslatot tesznek a sz\u00fcks\u00e9ges vagy aj\u00e1nlott v\u00e9d\u0151olt\u00e1sokr\u00f3l, gy\u00f3gyszerekr\u0151l. A rendel\u00e9sre csak nagykor\u00fa utaz\u00f3kat tudunk fogadni.<\/p>\n<p>A konzult\u00e1ci\u00f3 sor\u00e1n orvosaink:<\/p>\n<ul>\n<li>fel\u00edrj\u00e1k az olt\u00f3anyagokat, amelyeket gy\u00f3gyszert\u00e1rban tud kiv\u00e1ltani,<\/li>\n<li>id\u0151pontot egyeztetnek az olt\u00e1sok bead\u00e1s\u00e1ra,<\/li>\n<li>\u00e9s \u00e1ltal\u00e1nos eg\u00e9szs\u00e9g\u00fcgyi tan\u00e1csokat is adnak az utaz\u00e1s biztons\u00e1gosabb\u00e1 t\u00e9tele \u00e9rdek\u00e9ben.<\/li>\n<\/ul>\n<p><strong>Bejelentkez\u00e9s e-mailben:<\/strong><\/p>\n<p><a href=\"mailto:prevenciosrendelo.nepegeszsegtan@semmelweis.hu\">prevenciosrendelo.nepegeszsegtan@semmelweis.hu<\/a><\/p>\n<p style=\"margin-top: 0cm;background: white\"><b><span style=\"font-size: 15.0pt;font-family: 'PT Serif',serif;color: #1e2326\">FONTOS! Ez a szolg\u00e1ltat\u00e1s kiz\u00e1r\u00f3lag a Semmelweis Egyetem munkav\u00e1llal\u00f3i \u00e9s hallgat\u00f3i sz\u00e1m\u00e1ra \u00e9rhet\u0151 el.<\/span><\/b><\/p>\n<p>V\u00e1rjuk szeretettel!<\/p>\n<p>A Megel\u0151z\u0151 Orvostani \u00e9s N\u00e9peg\u00e9szs\u00e9gtani Int\u00e9zet<\/p>\n<p>\u00e9s Semmelweis Egyetem Szakrendel\u0151 Int\u00e9zet munkat\u00e1rsai<\/p>\n<\/div><\/div>\n","protected":false},"excerpt":{"rendered":"<p>Prevenci\u00f3s szakrendel\u00e9s A rendel\u00e9s c\u00e9lja A prevenci\u00f3s szakrendel\u00e9s c\u00e9lja, hogy seg\u00edtse a Semmelweis Egyetem hallgat\u00f3it \u00e9s munkav\u00e1llal\u00f3it egy eg\u00e9szs\u00e9gesebb \u00e9letm\u00f3d el\u00e9r\u00e9s\u00e9ben, amivel megel\u0151zhet\u0151k az olyan nem-fert\u0151z\u0151 betegs\u00e9gek kialakul\u00e1sa, mint a sz\u00edv- \u00e9s \u00e9rrendszeri, daganatos, anyagcsere (pl. 2-es t\u00edpus\u00fa cukorbetegs\u00e9g) vagy l\u00e9gz\u0151szervi megbeteged\u00e9sek. A prevenci\u00f3s szakrendel\u00e9s orvosai azonban az olyan szem\u00e9lyeknek is tudnak seg\u00edteni, akikn\u00e9l m\u00e1r &hellip;<\/p>\n","protected":false},"author":52,"featured_media":0,"parent":0,"menu_order":0,"comment_status":"closed","ping_status":"closed","template":"","meta":{"_acf_changed":false,"footnotes":""},"categories":[],"tags":[],"class_list":["post-3515","page","type-page","status-publish","hentry"],"acf":[],"_links":{"self":[{"href":"https:\/\/semmelweis.hu\/nepegeszsegtan\/wp-json\/wp\/v2\/pages\/3515","targetHints":{"allow":["GET"]}}],"collection":[{"href":"https:\/\/semmelweis.hu\/nepegeszsegtan\/wp-json\/wp\/v2\/pages"}],"about":[{"href":"https:\/\/semmelweis.hu\/nepegeszsegtan\/wp-json\/wp\/v2\/types\/page"}],"author":[{"embeddable":true,"href":"https:\/\/semmelweis.hu\/nepegeszsegtan\/wp-json\/wp\/v2\/users\/52"}],"replies":[{"embeddable":true,"href":"https:\/\/semmelweis.hu\/nepegeszsegtan\/wp-json\/wp\/v2\/comments?post=3515"}],"version-history":[{"count":11,"href":"https:\/\/semmelweis.hu\/nepegeszsegtan\/wp-json\/wp\/v2\/pages\/3515\/revisions"}],"predecessor-version":[{"id":3588,"href":"https:\/\/semmelweis.hu\/nepegeszsegtan\/wp-json\/wp\/v2\/pages\/3515\/revisions\/3588"}],"wp:attachment":[{"href":"https:\/\/semmelweis.hu\/nepegeszsegtan\/wp-json\/wp\/v2\/media?parent=3515"}],"wp:term":[{"taxonomy":"category","embeddable":true,"href":"https:\/\/semmelweis.hu\/nepegeszsegtan\/wp-json\/wp\/v2\/categories?post=3515"},{"taxonomy":"post_tag","embeddable":true,"href":"https:\/\/semmelweis.hu\/nepegeszsegtan\/wp-json\/wp\/v2\/tags?post=3515"}],"curies":[{"name":"wp","href":"https:\/\/api.w.org\/{rel}","templated":true}]}}