{"id":3409,"date":"2022-05-10T14:55:39","date_gmt":"2022-05-10T12:55:39","guid":{"rendered":"https:\/\/semmelweis.hu\/nepegeszsegtan\/?page_id=3409"},"modified":"2024-05-15T14:26:04","modified_gmt":"2024-05-15T12:26:04","slug":"megelozo-rendeles-5","status":"publish","type":"page","link":"https:\/\/semmelweis.hu\/nepegeszsegtan\/megelozo-rendeles-5\/","title":{"rendered":"Megel\u0151z\u0151 rendel\u00e9s"},"content":{"rendered":"<p>Megel\u0151z\u0151 orvostani rendel\u00e9s a Semmelweis Egyetemen<\/p>\n<p>Az al\u00e1bbi oldalakon a N\u00e9peg\u00e9szs\u00e9gtani Int\u00e9zet innovat\u00edv megel\u0151z\u0151 orvostani rendel\u00e9s\u00e9t mutatjuk be.<\/p>\n","protected":false},"excerpt":{"rendered":"<p>Megel\u0151z\u0151 orvostani rendel\u00e9s a Semmelweis Egyetemen<br \/>\nAz al\u00e1bbi oldalakon a N\u00e9peg\u00e9szs\u00e9gtani Int\u00e9zet innovat\u00edv megel\u0151z\u0151 orvostani rendel\u00e9s\u00e9t mutatjuk be.<\/p>\n","protected":false},"author":52,"featured_media":0,"parent":0,"menu_order":9,"comment_status":"closed","ping_status":"closed","template":"","meta":{"_acf_changed":false,"footnotes":""},"categories":[],"tags":[],"class_list":["post-3409","page","type-page","status-publish","hentry"],"acf":[],"_links":{"self":[{"href":"https:\/\/semmelweis.hu\/nepegeszsegtan\/wp-json\/wp\/v2\/pages\/3409","targetHints":{"allow":["GET"]}}],"collection":[{"href":"https:\/\/semmelweis.hu\/nepegeszsegtan\/wp-json\/wp\/v2\/pages"}],"about":[{"href":"https:\/\/semmelweis.hu\/nepegeszsegtan\/wp-json\/wp\/v2\/types\/page"}],"author":[{"embeddable":true,"href":"https:\/\/semmelweis.hu\/nepegeszsegtan\/wp-json\/wp\/v2\/users\/52"}],"replies":[{"embeddable":true,"href":"https:\/\/semmelweis.hu\/nepegeszsegtan\/wp-json\/wp\/v2\/comments?post=3409"}],"version-history":[{"count":2,"href":"https:\/\/semmelweis.hu\/nepegeszsegtan\/wp-json\/wp\/v2\/pages\/3409\/revisions"}],"predecessor-version":[{"id":3413,"href":"https:\/\/semmelweis.hu\/nepegeszsegtan\/wp-json\/wp\/v2\/pages\/3409\/revisions\/3413"}],"wp:attachment":[{"href":"https:\/\/semmelweis.hu\/nepegeszsegtan\/wp-json\/wp\/v2\/media?parent=3409"}],"wp:term":[{"taxonomy":"category","embeddable":true,"href":"https:\/\/semmelweis.hu\/nepegeszsegtan\/wp-json\/wp\/v2\/categories?post=3409"},{"taxonomy":"post_tag","embeddable":true,"href":"https:\/\/semmelweis.hu\/nepegeszsegtan\/wp-json\/wp\/v2\/tags?post=3409"}],"curies":[{"name":"wp","href":"https:\/\/api.w.org\/{rel}","templated":true}]}}